{"id":103362,"date":"2026-03-20T13:39:44","date_gmt":"2026-03-20T13:39:44","guid":{"rendered":"https:\/\/soydeaqui.ddns.net\/pachuca\/index.php\/producto\/camara-unifi-protect-wifi-2k-hd-30-fps-audio-de-dos-vias-montaje-en-pared-led-infrarojo-para-vision-nocturna-ipx5-para-intemperie\/"},"modified":"2026-03-20T13:40:02","modified_gmt":"2026-03-20T13:40:02","slug":"camara-unifi-protect-wifi-2k-hd-30-fps-audio-de-dos-vias-montaje-en-pared-led-infrarojo-para-vision-nocturna-ipx5-para-intemperie","status":"publish","type":"product","link":"https:\/\/soydeaqui.ddns.net\/pachuca\/index.php\/producto\/camara-unifi-protect-wifi-2k-hd-30-fps-audio-de-dos-vias-montaje-en-pared-led-infrarojo-para-vision-nocturna-ipx5-para-intemperie\/","title":{"rendered":"C\u00e1mara UniFi Protect WiFi 2K HD 30 FPS, Audio de Dos V\u00edas, Montaje en Pared, LED Infrarojo para Visi\u00f3n Nocturna, IPX5 para intemperie"},"content":{"rendered":"<div style='width: 100%; max-width: 1200px; margin: 0 auto; font-family: sans-serif; line-height: 1.6; color: inherit; background-color: transparent;'><!-- Secci\u00f3n de descripci\u00f3n --><\/p>\n<div style='display: flex; flex-direction: column; gap: 15px; margin-bottom: 30px;'>\n<div style='font-size: 18px; font-weight: bold; color: inherit; opacity: 0.8;'>C\u00e1mara compacta&comma; gran angular&comma; conectada a WiFi con audio bidireccional.<\/div>\n<\/div>\n<p><!-- Secci\u00f3n de caracter\u00edsticas con \u00edconos --><\/p>\n<div style='display: flex; flex-wrap: wrap; gap: 20px; margin-bottom: 30px;'>\n<div style='flex: 1 1 200px; min-width: 180px; display: flex; align-items: flex-start; gap: 10px;'><img style='width: 20px; height: 20px; flex-shrink: 0; border: 1px solid rgba(150&comma;150&comma;150&comma;0.3); border-radius: 4px;' src='https:\/\/assets.ecomm.ui.com\/static\/key-features\/lens.svg' alt=''><span style='font-size: 15px; color: inherit;'>Resoluci\u00f3n de 5MP (2K)<\/span><\/div>\n<div style='flex: 1 1 200px; min-width: 180px; display: flex; align-items: flex-start; gap: 10px;'><img style='width: 20px; height: 20px; flex-shrink: 0; border: 1px solid rgba(150&comma;150&comma;150&comma;0.3); border-radius: 4px;' src='https:\/\/assets.ecomm.ui.com\/static\/key-features\/wide_angle.svg' alt=''><span style='font-size: 15px; color: inherit;'>\u00c1ngulo de visi\u00f3n ultra amplio (102.4\u00b0)<\/span><\/div>\n<div style='flex: 1 1 200px; min-width: 180px; display: flex; align-items: flex-start; gap: 10px;'><img style='width: 20px; height: 20px; flex-shrink: 0; border: 1px solid rgba(150&comma;150&comma;150&comma;0.3); border-radius: 4px;' src='https:\/\/assets.ecomm.ui.com\/static\/key-features\/night.svg' alt=''><span style='font-size: 15px; color: inherit;'>6 m (20 pies) IR visi\u00f3n nocturna<\/span><\/div>\n<div style='flex: 1 1 200px; min-width: 180px; display: flex; align-items: flex-start; gap: 10px;'><img style='width: 20px; height: 20px; flex-shrink: 0; border: 1px solid rgba(150&comma;150&comma;150&comma;0.3); border-radius: 4px;' src='https:\/\/assets.ecomm.ui.com\/static\/key-features\/wifi.svg' alt=''><span style='font-size: 15px; color: inherit;'>Conectado de forma inal\u00e1mbrica con UniFi WiFi Auto-Link*<\/span><\/div>\n<div style='flex: 1 1 200px; min-width: 180px; display: flex; align-items: flex-start; gap: 10px;'><img style='width: 20px; height: 20px; flex-shrink: 0; border: 1px solid rgba(150&comma;150&comma;150&comma;0.3); border-radius: 4px;' src='https:\/\/assets.ecomm.ui.com\/static\/key-features\/mount.svg' alt=''><span style='font-size: 15px; color: inherit;'>Mesa vers\u00e1til o montaje en pared<\/span><\/div>\n<div style='flex: 1 1 200px; min-width: 180px; display: flex; align-items: flex-start; gap: 10px;'><img style='width: 20px; height: 20px; flex-shrink: 0; border: 1px solid rgba(150&comma;150&comma;150&comma;0.3); border-radius: 4px;' src='https:\/\/assets.ecomm.ui.com\/static\/key-features\/range.svg' alt=''><span style='font-size: 15px; color: inherit;'>detecciones de eventos de IA<\/span><\/div>\n<div style='flex: 1 1 200px; min-width: 180px; display: flex; align-items: flex-start; gap: 10px;'><img style='width: 20px; height: 20px; flex-shrink: 0; border: 1px solid rgba(150&comma;150&comma;150&comma;0.3); border-radius: 4px;' src='https:\/\/assets.ecomm.ui.com\/static\/key-features\/sound.svg' alt=''><span style='font-size: 15px; color: inherit;'>Audio integrado de 2 v\u00edas<\/span><\/div>\n<div style='flex: 1 1 200px; min-width: 180px; display: flex; align-items: flex-start; gap: 10px;'><img style='width: 20px; height: 20px; flex-shrink: 0; border: 1px solid rgba(150&comma;150&comma;150&comma;0.3); border-radius: 4px;' src='https:\/\/assets.ecomm.ui.com\/static\/key-features\/waterdrop.svg' alt=''><span style='font-size: 15px; color: inherit;'>Impermeable<\/span><\/div>\n<\/div>\n<div style='font-size: 12px; color: inherit; opacity: 0.8; margin-bottom: 20px;'>*Configuraci\u00f3n WiFi de terceros disponible durante la configuraci\u00f3n con la aplicaci\u00f3n m\u00f3vil UniFi Protect.<\/div>\n<p><!-- Im\u00e1genes del producto --><\/p>\n<div style='display: flex; flex-wrap: wrap; gap: 20px; margin-bottom: 30px; justify-content: center;'><img style='width: 100%; max-width: 700px; height: auto; border: 1px solid rgba(150&comma;150&comma;150&comma;0.3); border-radius: 8px;' src='https:\/\/images.svc.ui.com\/?u=https%3A%2F%2Fcdn.ecomm.ui.com%2Fproducts%2F45dbdf62-8b0c-4283-aeb9-34d8597e0154%2Ff45684c2-426c-4643-833d-ddafc2b8d341.png&#038;q=75&#038;w=1000' alt=''><img style='width: 100%; max-width: 700px; height: auto; border: 1px solid rgba(150&comma;150&comma;150&comma;0.3); border-radius: 8px;' src='https:\/\/images.svc.ui.com\/?u=https%3A%2F%2Fcdn.ecomm.ui.com%2Fproducts%2F45dbdf62-8b0c-4283-aeb9-34d8597e0154%2F269e5b8e-e868-4d00-a29d-866c2cea0deb.png&#038;q=75&#038;w=1000' alt=''><\/div>\n<p><!-- Video del producto --><\/p>\n<div style='position: relative; padding-bottom: 56.25%; height: 0; overflow: hidden; margin-bottom: 30px;'> <\/div>\n<p><!-- Imagen de especificaciones --><img style='width: 100%; max-width: 700px; height: auto; border: 1px solid rgba(150&comma;150&comma;150&comma;0.3); border-radius: 8px; margin-bottom: 30px;' src='https:\/\/images.svc.ui.com\/?u=https%3A%2F%2Fcdn.ecomm.ui.com%2Fproducts%2F45dbdf62-8b0c-4283-aeb9-34d8597e0154%2F4da643cc-1570-4949-a77c-a503b75baefb.png&#038;q=75&#038;w=1920' alt=''><\/p>\n<div style='display: grid; grid-template-columns: repeat(auto-fit&comma; minmax(250px&comma; 1fr)); gap: 20px; margin-bottom: 30px;'>\n<div style='border: 1px solid rgba(150&comma;150&comma;150&comma;0.4); border-radius: 8px; overflow: hidden;'>\n<div style='padding: 15px; font-weight: bold; font-size: 18px; color: inherit; border-bottom: 1px solid rgba(150&comma;150&comma;150&comma;0.2);'>Caracter\u00edsticas F\u00edsicas<\/div>\n<div style='padding: 15px; color: inherit;'>\n<ul style='margin: 0; padding-left: 20px; font-size: 14px; list-style-type: disc;'>\n<li style='margin-bottom: 5px;'><strong>Dimensiones:<\/strong> 81&comma;6 x 50 x 47&comma;2 mm (3&comma;2 x 2 x 1&comma;9&#8242;)<\/li>\n<li style='margin-bottom: 5px;'><strong>Peso:<\/strong> Sin montaje: 125 g (4.4 oz) Con montaje: 163 g (5.8 oz)<\/li>\n<p><material style='margin-bottom: 5px;'><strong>Material del Recinto:<\/strong> Policarbonato<\/li>\n<li style='margin-bottom: 5px;'><strong>Material de Montaje:<\/strong> Policarbonato<\/li>\n<li style='margin-bottom: 5px;'><strong>Protecci\u00f3n:<\/strong> IPX5<\/li>\n<li style='margin-bottom: 5px;'><strong>Resistencia a la Manipulaci\u00f3n:<\/strong> IK04<\/li>\n<\/ul>\n<\/div>\n<\/div>\n<div style='border: 1px solid rgba(150&comma;150&comma;150&comma;0.4); border-radius: 8px; overflow: hidden;'>\n<div style='padding: 15px; font-weight: bold; font-size: 18px; color: inherit; border-bottom: 1px solid rgba(150&comma;150&comma;150&comma;0.2);'>Caracter\u00edsticas \u00d3pticas<\/div>\n<div style='padding: 15px; color: inherit;'>\n<ul style='margin: 0; padding-left: 20px; font-size: 14px; list-style-type: disc;'>\n<li style='margin-bottom: 5px;'><strong>Resoluci\u00f3n:<\/strong> 2K<\/li>\n<li style='margin-bottom: 5px;'><strong>Resoluci\u00f3n M\u00e1xima:<\/strong> 4MP 2688 x 1512 (16:9)<\/li>\n<li style='margin-bottom: 5px;'><strong>Campo de Vista:<\/strong> H: 102.4\u00b0&comma; V: 54.9\u00b0&comma; D: 120.6\u00b0<\/li>\n<li style='margin-bottom: 5px;'><strong>Sensor:<\/strong> CMOS 5MP<\/li>\n<li style='margin-bottom: 5px;'><strong>Lente:<\/strong> Distancia focal fija EFL 2.8 mm&comma; 1.6<\/li>\n<li style='margin-bottom: 5px;'><strong>Modo Nocturno:<\/strong> Iluminaci\u00f3n LED IR incorporada y corte IR lter<\/li>\n<li style='margin-bottom: 5px;'><strong>Visi\u00f3n Nocturna:<\/strong> 6 m (20 pies)<\/li>\n<\/ul>\n<\/div>\n<\/div>\n<div style='border: 1px solid rgba(150&comma;150&comma;150&comma;0.4); border-radius: 8px; overflow: hidden;'>\n<div style='padding: 15px; font-weight: bold; font-size: 18px; color: inherit; border-bottom: 1px solid rgba(150&comma;150&comma;150&comma;0.2);'>Caracter\u00edsticas de Video<\/div>\n<div style='padding: 15px; color: inherit;'>\n<ul style='margin: 0; padding-left: 20px; font-size: 14px; list-style-type: disc;'>\n<li style='margin-bottom: 5px;'><strong>Configuraci\u00f3n de Imagen:<\/strong> Color&comma; brillo&comma; nitidez&comma; contraste&comma; balance de blancos&comma; control de exposici\u00f3n&comma; 2DNR&comma; 3DNR&comma; NR por movimiento&comma; enmascaramiento&comma; superposici\u00f3n de texto<\/li>\n<li style='margin-bottom: 5px;'><strong>Tasa de Marco M\u00e1xima:<\/strong> 30 FPS<\/li>\n<li style='margin-bottom: 5px;'><strong>Compresi\u00f3n de Video:<\/strong> H.264<\/li>\n<\/ul>\n<\/div>\n<\/div>\n<div style='border: 1px solid rgba(150&comma;150&comma;150&comma;0.4); border-radius: 8px; overflow: hidden;'>\n<div style='padding: 15px; font-weight: bold; font-size: 18px; color: inherit; border-bottom: 1px solid rgba(150&comma;150&comma;150&comma;0.2);'>Conectividad<\/div>\n<div style='padding: 15px; color: inherit;'>\n<ul style='margin: 0; padding-left: 20px; font-size: 14px; list-style-type: disc;'>\n<li style='margin-bottom: 5px;'><strong>Interfaz de Redes:<\/strong> WiFi 802.11 a\/b\/g\/n\/ac Bluetooth<\/li>\n<\/ul>\n<\/div>\n<\/div>\n<div style='border: 1px solid rgba(150&comma;150&comma;150&comma;0.4); border-radius: 8px; overflow: hidden;'>\n<div style='padding: 15px; font-weight: bold; font-size: 18px; color: inherit; border-bottom: 1px solid rgba(150&comma;150&comma;150&comma;0.2);'>Energ\u00eda<\/div>\n<div style='padding: 15px; color: inherit;'>\n<ul style='margin: 0; padding-left: 20px; font-size: 14px; list-style-type: disc;'>\n<li style='margin-bottom: 5px;'><strong>Consumo M\u00e1ximo:<\/strong> 6W<\/li>\n<li style='margin-bottom: 5px;'><strong>Rango de Voltaje:<\/strong> 5V DC&comma; 2A<\/li>\n<li style='margin-bottom: 5px;'><strong>M\u00e9todo de Potencia:<\/strong> Adaptador de corriente USB 5V&comma; 2A (Incluido) Adaptador PoE a USB instant\u00e1neo (Opcional)<\/li>\n<\/ul>\n<\/div>\n<\/div>\n<div style='border: 1px solid rgba(150&comma;150&comma;150&comma;0.4); border-radius: 8px; overflow: hidden;'>\n<div style='padding: 15px; font-weight: bold; font-size: 18px; color: inherit; border-bottom: 1px solid rgba(150&comma;150&comma;150&comma;0.2);'>Caracter\u00edsticas del Hardware<\/div>\n<div style='padding: 15px; color: inherit;'>\n<ul style='margin: 0; padding-left: 20px; font-size: 14px; list-style-type: disc;'>\n<li style='margin-bottom: 5px;'><strong>Procesador:<\/strong> Chip basado en Arm\u00ae Cortex\u00ae-A7 de doble n\u00facleo<\/li>\n<\/ul>\n<\/div>\n<\/div>\n<div style='border: 1px solid rgba(150&comma;150&comma;150&comma;0.4); border-radius: 8px; overflow: hidden;'>\n<div style='padding: 15px; font-weight: bold; font-size: 18px; color: inherit; border-bottom: 1px solid rgba(150&comma;150&comma;150&comma;0.2);'>Ambientales<\/div>\n<div style='padding: 15px; color: inherit;'>\n<ul style='margin: 0; padding-left: 20px; font-size: 14px; list-style-type: disc;'>\n<li style='margin-bottom: 5px;'><strong>Temperatura de Operaci\u00f3n:<\/strong> -20 a 40\u00b0 C (-4 a 104\u00b0 F)<\/li>\n<li style='margin-bottom: 5px;'><strong>Humedad de Operaci\u00f3n:<\/strong> 0 A 90% sin condensaci\u00f3n<\/li>\n<\/ul>\n<\/div>\n<\/div>\n<div style='border: 1px solid rgba(150&comma;150&comma;150&comma;0.4); border-radius: 8px; overflow: hidden;'>\n<div style='padding: 15px; font-weight: bold; font-size: 18px; color: inherit; border-bottom: 1px solid rgba(150&comma;150&comma;150&comma;0.2);'>Caracter\u00edsticas de Detecci\u00f3n<\/div>\n<div style='padding: 15px; color: inherit;'>\n<ul style='margin: 0; padding-left: 20px; font-size: 14px; list-style-type: disc;'>\n<li style='margin-bottom: 5px;'><strong>Detecciones Inteligentes:<\/strong> Personas&comma; Veh\u00edculos&comma; Animales<\/li>\n<\/ul>\n<\/div>\n<\/div>\n<div style='border: 1px solid rgba(150&comma;150&comma;150&comma;0.4); border-radius: 8px; overflow: hidden;'>\n<div style='padding: 15px; font-weight: bold; font-size: 18px; color: inherit; border-bottom: 1px solid rgba(150&comma;150&comma;150&comma;0.2);'>Certificaciones<\/div>\n<div style='padding: 15px; color: inherit;'>\n<ul style='margin: 0; padding-left: 20px; font-size: 14px; list-style-type: disc;'>\n<li style='margin-bottom: 5px;'><strong>NDAA Cumple:<\/strong> S\u00ed<\/li>\n<li style='margin-bottom: 5px;'><strong>Certificaciones:<\/strong> CE&comma; FCC&comma; IC<\/li>\n<\/ul>\n<\/div>\n<\/div>\n<div style='border: 1px solid rgba(150&comma;150&comma;150&comma;0.4); border-radius: 8px; overflow: hidden;'>\n<div style='padding: 15px; font-weight: bold; font-size: 18px; color: inherit; border-bottom: 1px solid rgba(150&comma;150&comma;150&comma;0.2);'>Contenido del Paquete<\/div>\n<div style='padding: 15px; color: inherit;'>\n<ul style='margin: 0; padding-left: 20px; font-size: 14px; list-style-type: disc;'>\n<li style='margin-bottom: 5px;'>C\u00e1mara UniFi G4 Instant<\/li>\n<li style='margin-bottom: 5px;'>Adaptador de corriente USB 5V&comma; 2A<\/li>\n<li style='margin-bottom: 5px;'>Soporte de montaje en pared<\/li>\n<li style='margin-bottom: 5px;'>Kit de tornillos<\/li>\n<li style='margin-bottom: 5px;'>Gu\u00eda de inicio r\u00e1pido<\/li>\n<\/ul>\n<\/div>\n<\/div>\n<\/div>\n","protected":false},"excerpt":{"rendered":"<p>C\u00e1mara UniFi Protect WiFi 2K HD 30 FPS, Audio de Dos V\u00edas, Montaje en Pared, LED Infrarojo para Visi\u00f3n Nocturna, IPX5 para intemperie<\/p>\n","protected":false},"featured_media":103361,"comment_status":"open","ping_status":"closed","template":"","meta":[],"product_brand":[],"product_cat":[121],"product_tag":[122,166,123],"class_list":{"0":"post-103362","1":"product","2":"type-product","3":"status-publish","4":"has-post-thumbnail","6":"product_cat-wifi-4g-inalambricas","7":"product_tag-camaras-ip-y-nvrs","8":"product_tag-ubiquiti","9":"product_tag-wifi-4g-inalambricas","11":"first","12":"outofstock","13":"sale","14":"shipping-taxable","15":"purchasable","16":"product-type-simple"},"_links":{"self":[{"href":"https:\/\/soydeaqui.ddns.net\/pachuca\/index.php\/wp-json\/wp\/v2\/product\/103362","targetHints":{"allow":["GET"]}}],"collection":[{"href":"https:\/\/soydeaqui.ddns.net\/pachuca\/index.php\/wp-json\/wp\/v2\/product"}],"about":[{"href":"https:\/\/soydeaqui.ddns.net\/pachuca\/index.php\/wp-json\/wp\/v2\/types\/product"}],"replies":[{"embeddable":true,"href":"https:\/\/soydeaqui.ddns.net\/pachuca\/index.php\/wp-json\/wp\/v2\/comments?post=103362"}],"wp:featuredmedia":[{"embeddable":true,"href":"https:\/\/soydeaqui.ddns.net\/pachuca\/index.php\/wp-json\/wp\/v2\/media\/103361"}],"wp:attachment":[{"href":"https:\/\/soydeaqui.ddns.net\/pachuca\/index.php\/wp-json\/wp\/v2\/media?parent=103362"}],"wp:term":[{"taxonomy":"product_brand","embeddable":true,"href":"https:\/\/soydeaqui.ddns.net\/pachuca\/index.php\/wp-json\/wp\/v2\/product_brand?post=103362"},{"taxonomy":"product_cat","embeddable":true,"href":"https:\/\/soydeaqui.ddns.net\/pachuca\/index.php\/wp-json\/wp\/v2\/product_cat?post=103362"},{"taxonomy":"product_tag","embeddable":true,"href":"https:\/\/soydeaqui.ddns.net\/pachuca\/index.php\/wp-json\/wp\/v2\/product_tag?post=103362"}],"curies":[{"name":"wp","href":"https:\/\/api.w.org\/{rel}","templated":true}]}}