{"id":103360,"date":"2026-03-20T13:39:40","date_gmt":"2026-03-20T13:39:40","guid":{"rendered":"https:\/\/soydeaqui.ddns.net\/pachuca\/index.php\/producto\/nvr-8-megapixel-4k-compatible-con-camaras-acusense-8-canales-ip-8-puertos-poe-1-bahia-de-disco-duro-salida-de-video-en-4k-300-metros-poe-modo-extendido-2\/"},"modified":"2026-03-20T13:39:41","modified_gmt":"2026-03-20T13:39:41","slug":"nvr-8-megapixel-4k-compatible-con-camaras-acusense-8-canales-ip-8-puertos-poe-1-bahia-de-disco-duro-salida-de-video-en-4k-300-metros-poe-modo-extendido-2","status":"publish","type":"product","link":"https:\/\/soydeaqui.ddns.net\/pachuca\/index.php\/producto\/nvr-8-megapixel-4k-compatible-con-camaras-acusense-8-canales-ip-8-puertos-poe-1-bahia-de-disco-duro-salida-de-video-en-4k-300-metros-poe-modo-extendido-2\/","title":{"rendered":"NVR 8 Megapixel (4K) (Compatible con C\u00e1maras ACUSENSE) \/ 8 canales IP \/ 8 Puertos PoE+ \/ 1 Bah\u00eda de Disco Duro \/ Salida de V\u00eddeo en 4K \/ 300 Metros PoE Modo Extendido"},"content":{"rendered":"<div style='width: 100%; max-width: 1200px; margin: 0 auto; font-family: sans-serif; line-height: 1.6; color: inherit; background-color: transparent;'> <!-- Banner Inicial --> <\/p>\n<p style='text-align: center; margin: 0; padding: 0;'> <img style='width: 50%; height: auto; max-width: 400px; border: 1px solid rgba(150&comma;150&comma;150&comma;0.3); border-radius: 8px;' src='https:\/\/ftp3.syscom.mx\/usuarios\/jsosa\/HIKVISION\/imagenes\/logo\/hikvision%20see%20far.png' alt='Logo Hikvision'> <\/p>\n<div style='display: flex; flex-wrap: wrap; gap: 30px; margin: 30px 0;'> <!-- Columna 1 --> <\/p>\n<div style='flex: 1 1 300px; min-width: 280px;'>\n<div style='border: 1px solid rgba(150&comma; 150&comma; 150&comma; 0.4); border-radius: 8px; overflow: hidden; margin-bottom: 20px;'>\n<div style='padding: 15px; border-bottom: 1px solid rgba(150&comma; 150&comma; 150&comma; 0.2); font-weight: bold; font-size: 18px; color: inherit; background-color: #df001e; color: white;'>Caracter\u00edsticas Principales<\/div>\n<div style='padding: 15px; color: inherit;'>\n<ul style='padding-left: 20px; margin: 0; font-size: 14px; list-style-type: disc;'>\n<li style='margin-bottom: 5px;'><span style='color: inherit;'>Compresi\u00f3n de video: H.265+ \/ H.265 \/ H.264+ \/ H.264<\/span><\/li>\n<li style='margin-bottom: 5px;'><span style='color: inherit;'>8 Puertos PoE (soporta est\u00e1ndar af \/ at)<\/span><\/li>\n<li style='margin-bottom: 5px;'><span style='color: inherit;'>75 watts total en sus puertos PoE+<\/span><\/li>\n<li style='margin-bottom: 5px;'><span style='color: inherit;'>Soporta mouse USB para operar (incluido)<\/span><\/li>\n<li style='margin-bottom: 5px;'><span style='color: inherit;'>Soporta 1 disco duro de hasta 8 TB (no incluido)<\/span><\/li>\n<li style='margin-bottom: 5px;'><span style='color: inherit;'>Soporta DDNS (Hik-Connect&comma; DynDNS&comma; No-IP&comma; etc)<\/span><\/li>\n<li style='margin-bottom: 5px;'><span style='color: inherit;'>Soporta Hik-Connect (P2P) <a style='color: #0d6efd; text-decoration: none;' href='https:\/\/appstore.hikvision.com\/' target='_blank' rel='noopener'>https:\/\/appstore.hikvision.com\/<\/a><\/span><\/li>\n<li style='margin-bottom: 5px;'><span style='color: inherit;'>Compatible con el software iVMS-4200 (gratuito)<\/span><\/li>\n<li style='margin-bottom: 5px;'><span style='color: inherit;'>Soporta m\u00faltiples marcas usando el protocolo ONVIF<\/span><\/li>\n<\/ul><\/div>\n<\/p><\/div>\n<div style='border: 1px solid rgba(150&comma; 150&comma; 150&comma; 0.4); border-radius: 8px; overflow: hidden; margin-bottom: 20px;'>\n<div style='padding: 15px; border-bottom: 1px solid rgba(150&comma; 150&comma; 150&comma; 0.2); font-weight: bold; font-size: 18px; color: inherit; background-color: #df001e; color: white;'>Interfaces Entradas y Salidas<\/div>\n<div style='padding: 15px; color: inherit;'>\n<ul style='padding-left: 20px; margin: 0; font-size: 14px; list-style-type: disc;'>\n<li style='margin-bottom: 5px;'><span style='color: inherit; font-weight: bold;'>Salida simult\u00e1nea HDMI y VGA<\/span><\/li>\n<li style='margin-bottom: 5px;'><span style='color: inherit;'>Resoluci\u00f3n HDMI: 4K \/ 1080p \/ 720p<\/span><\/li>\n<li style='margin-bottom: 5px;'><span style='color: inherit;'>Resoluci\u00f3n VGA: 1080p \/ 720p<\/span><\/li>\n<li style='margin-bottom: 5px;'><span style='color: inherit;'>Entrada de Audio: 1 Canal<\/span><\/li>\n<li style='margin-bottom: 5px;'><span style='color: inherit;'>Salida de Audio: 1 Canal<\/span><\/li>\n<li style='margin-bottom: 5px;'><span style='color: inherit;'>Entrada de Alarma: No aplica<\/span><\/li>\n<li style='margin-bottom: 5px;'><span style='color: inherit;'>Salida de Alarma: No aplica<\/span><\/li>\n<li style='margin-bottom: 5px;'><span style='color: inherit;'>Soporta audio bidireccional (audio de dos v\u00edas)<\/span><\/li>\n<\/ul><\/div>\n<\/p><\/div>\n<div style='border: 1px solid rgba(150&comma; 150&comma; 150&comma; 0.4); border-radius: 8px; overflow: hidden; margin-bottom: 20px;'>\n<div style='padding: 15px; border-bottom: 1px solid rgba(150&comma; 150&comma; 150&comma; 0.2); font-weight: bold; font-size: 18px; color: inherit; background-color: #df001e; color: white;'>Capacidad de procesamiento y funciones de red<\/div>\n<div style='padding: 15px; color: inherit;'>\n<ul style='padding-left: 20px; margin: 0; font-size: 14px; list-style-type: disc;'>\n<li style='margin-bottom: 5px;'><span style='color: inherit;'>Procesamiento entrada (Throughput entrada): 80 Mbps<\/span><\/li>\n<li style='margin-bottom: 5px;'><span style='color: inherit;'>Procesamiento salida (Throughput salida): 80 Mbps<\/span><\/li>\n<li style='margin-bottom: 5px;'><span style='color: inherit;'>1 puerto red LAN 100 Mbps<\/span><\/li>\n<\/ul><\/div>\n<\/p><\/div>\n<\/p><\/div>\n<p> <!-- Columna 2 --> <\/p>\n<div style='flex: 1 1 300px; min-width: 280px;'>\n<div style='border: 1px solid rgba(150&comma; 150&comma; 150&comma; 0.4); border-radius: 8px; overflow: hidden; margin-bottom: 20px;'>\n<div style='padding: 15px; border-bottom: 1px solid rgba(150&comma; 150&comma; 150&comma; 0.2); font-weight: bold; font-size: 18px; color: inherit; background-color: #df001e; color: white;'>Caracter\u00edsticas F\u00edsicas y El\u00e9ctricas<\/div>\n<div style='padding: 15px; color: inherit;'>\n<ul style='padding-left: 20px; margin: 0; font-size: 14px; list-style-type: disc;'>\n<li style='margin-bottom: 5px;'><span style='color: inherit;'>Dimensiones 320 \u00d7 240 \u00d7 48 mm<\/span><\/li>\n<li style='margin-bottom: 5px;'><span style='color: inherit;'>Alimentaci\u00f3n \/ consumo: 48 Vcc \/ 1.88 A \/ 10 W<\/span><\/li>\n<li style='margin-bottom: 5px;'><span style='color: inherit;'>Temperatura de operaci\u00f3n: -10\u00b0C a 55\u00b0C<\/span><\/li>\n<li style='margin-bottom: 5px;'><span style='color: inherit;'>Peso: 1 Kg<\/span><\/li>\n<\/ul><\/div>\n<\/p><\/div>\n<div style='border: 1px solid rgba(150&comma; 150&comma; 150&comma; 0.4); border-radius: 8px; overflow: hidden; margin-bottom: 20px;'>\n<div style='padding: 15px; border-bottom: 1px solid rgba(150&comma; 150&comma; 150&comma; 0.2); font-weight: bold; font-size: 18px; color: inherit; background-color: #df001e; color: white;'>Funci\u00f3n de Grabaci\u00f3n y Visualizaci\u00f3n<\/div>\n<div style='padding: 15px; color: inherit;'>\n<ul style='padding-left: 20px; margin: 0; font-size: 14px; list-style-type: disc;'>\n<li style='margin-bottom: 5px;'><span style='color: inherit;'>Detecci\u00f3n de movimiento multizona<\/span><\/li>\n<li style='margin-bottom: 5px;'><span style='color: inherit;'>Zoom digital en visualizaci\u00f3n y grabaci\u00f3n<\/span><\/li>\n<li style='margin-bottom: 5px;'><span style='color: inherit;'>Dual stream (main stream y sub stream)<\/span><\/li>\n<li style='margin-bottom: 5px;'><span style='color: inherit;'>Soporta avance r\u00e1pido&comma; lento&comma; cuadro a cuadro&comma; etc<\/span><\/li>\n<li style='margin-bottom: 5px;'><span style='color: inherit;'>Soporta tecnolog\u00eda de discos duros S.M.A.R.T<\/span><\/li>\n<li style='margin-bottom: 5px;'><span style='color: inherit;'>Soporta m\u00faltiples tipos de grabaci\u00f3n&comma; incluyendo tiempo real&comma; grabaci\u00f3n manual&comma; videosensor&comma; videosensor y alarma&comma; videosensor o alarma<\/span><\/li>\n<li style='margin-bottom: 5px;'><span style='color: inherit;'>Soporta grabaci\u00f3n c\u00edclica (sobreescritura) y no c\u00edclica<\/span><\/li>\n<\/ul><\/div>\n<\/p><\/div>\n<div style='border: 1px solid rgba(150&comma; 150&comma; 150&comma; 0.4); border-radius: 8px; overflow: hidden; margin-bottom: 20px;'>\n<div style='padding: 15px; border-bottom: 1px solid rgba(150&comma; 150&comma; 150&comma; 0.2); font-weight: bold; font-size: 18px; color: inherit; background-color: #df001e; color: white;'>Resoluci\u00f3n de Grabaci\u00f3n por Canal (recomendado con H.265)<\/div>\n<div style='padding: 15px; color: inherit;'>\n<ul style='padding-left: 20px; margin: 0; font-size: 14px; list-style-type: disc;'>\n<li style='margin-bottom: 5px;'><span style='color: inherit;'>2 MP (1080P): 8 Canales &#8211; 30 IPS<\/span><\/li>\n<li style='margin-bottom: 5px;'><span style='color: inherit;'>4 MP: 8 Canales &#8211; 30 IPS<\/span><\/li>\n<li style='margin-bottom: 5px;'><span style='color: inherit;'>5 MP: 8 Canales &#8211; 30 IPS<\/span><\/li>\n<li style='margin-bottom: 5px;'><span style='color: inherit;'>6 MP: 8 Canales &#8211; 30 IPS<\/span><\/li>\n<li style='margin-bottom: 5px;'><span style='color: inherit;'>4K (8 MP): 8 Canales &#8211; 30 IPS<\/span><\/li>\n<li style='margin-bottom: 5px;'><span style='color: inherit;'>Reproducci\u00f3n s\u00edncrona en canales: 8 Canales<\/span><\/li>\n<\/ul><\/div>\n<\/p><\/div>\n<\/p><\/div>\n<\/p><\/div>\n<p> <!-- Secci\u00f3n de Caracter\u00edsticas Destacadas --> <\/p>\n<div style='border: 1px solid rgba(150&comma; 150&comma; 150&comma; 0.4); border-radius: 8px; overflow: hidden; margin: 30px 0;'>\n<div style='padding: 15px; border-bottom: 1px solid rgba(150&comma; 150&comma; 150&comma; 0.2); font-weight: bold; font-size: 18px; color: inherit; background-color: #df001e; color: white;'>Caracter\u00edsticas Destacadas<\/div>\n<div style='padding: 15px; color: inherit;'>\n<h4 style='margin-top: 0; font-size: 16px; font-weight: bold; color: inherit;'><span style='color: inherit;'>ACUSENSE (Filtro de falsas alarmas)<\/span><\/h4>\n<ul style='padding-left: 20px; margin: 15px 0; font-size: 14px; list-style-type: square;'>\n<li style='margin-bottom: 5px;'><span style='color: inherit;'>Soporta hasta 8 canales con la tecnolog\u00eda ACUSENSE realizado por c\u00e1maras: <a style='color: #0d6efd; text-decoration: none;' title='C\u00e1maras Acusense Serie 3' href='https:\/\/www.syscom.mx\/principal\/consultarproductosazul?global_search=ds2cd3&#038;ordenar=Relevancia&#038;pag=1' target='_blank' rel='noopener'>DS-2CD3XX<\/a> \/ <a style='color: #0d6efd; text-decoration: none;' title='C\u00e1maras Acusense Serie 2' href='https:\/\/www.syscom.mx\/principal\/consultarproductosazul?global_search=ds2cd2xx3g2&#038;ordenar=Modelo_A-Z&#038;pag=1' target='_blank' rel='noopener'>DS-2CD2XX3G2<\/a> \/ <a style='color: #0d6efd; text-decoration: none;' href='https:\/\/www.syscom.mx\/principal\/consultarproductosazul?global_search=DS-2CD2XX7G2&#038;ordenar=Relevancia&#038;pag=1' target='_blank' rel='noopener'>DS-2CD2XX7G2<\/a> (que soporte ACUSENSE)<\/span><\/li>\n<li style='margin-bottom: 5px;'><span style='color: inherit;'>Soporta hasta 8 canales con la tecnolog\u00eda ACUSENSE Lite (humano y veh\u00edculo pero con detecci\u00f3n de movimiento&comma; no anal\u00edticos) realizado por c\u00e1maras DS-2CD1XX3G2 y DS-2CD1XX3G7G2 (que soporte ACUSENSE Lite)<\/span><\/li>\n<\/ul>\n<h4 style='margin-top: 20px; margin-bottom: 10px; font-size: 16px; font-weight: bold; color: inherit;'>PoE con modo extendido<\/h4>\n<ul style='padding-left: 20px; margin: 15px 0; font-size: 14px; list-style-type: square;'>\n<li style='margin-bottom: 5px;'><span style='color: inherit;'>200 metros: serie 1 (DS-2CD1XX3G0&comma; DS-2CD1XX3G2&comma; DS-2CD1XX7G2)<\/span><\/li>\n<li style='margin-bottom: 5px;'><span style='color: inherit;'>250 metros: serie 2 en 2 Megapixel (DS-2CD2X23G2)<\/span><\/li>\n<li style='margin-bottom: 5px;'><span style='color: inherit;'>300 metros: serie 2&comma; serie 3 y serie 7 (DS-2CD2XX3G2&comma; DS-2CD2XX7G2&comma; DS-2CD3XX3G2&comma; DS-2CD3XX7G2&comma; IDS-7XX7&comma; IDS-2CD7XX5&comma; IDS-2CD7XX6)<\/span><\/li>\n<\/ul><\/div>\n<\/p><\/div>\n<p> <!-- Banner Final --> <\/p>\n<div style='margin: 30px 0;'> <img style='width: 100%; height: auto; border: 1px solid rgba(150&comma;150&comma;150&comma;0.3); border-radius: 8px;' src='https:\/\/ftp3.syscom.mx\/usuarios\/jsosa\/HIKVISION\/imagenes\/banners\/solution%20complete.png' alt='Soluci\u00f3n Completa Hikvision'> <\/div>\n<\/p><\/div>\n","protected":false},"excerpt":{"rendered":"<p>NVR 8 Megapixel (4K) (Compatible con C\u00e1maras ACUSENSE) \/ 8 canales IP \/ 8 Puertos PoE+ \/ 1 Bah\u00eda de Disco Duro \/ Salida de V\u00eddeo en 4K \/ 300 Metros PoE Modo Extendido<\/p>\n","protected":false},"featured_media":103359,"comment_status":"open","ping_status":"closed","template":"","meta":[],"product_brand":[],"product_cat":[2234],"product_tag":[122,54,2235],"class_list":{"0":"post-103360","1":"product","2":"type-product","3":"status-publish","4":"has-post-thumbnail","6":"product_cat-nvrs-network-video-recorders","7":"product_tag-camaras-ip-y-nvrs","8":"product_tag-hikvision","9":"product_tag-nvrs-network-video-recorders","11":"first","12":"instock","13":"sale","14":"shipping-taxable","15":"purchasable","16":"product-type-simple"},"_links":{"self":[{"href":"https:\/\/soydeaqui.ddns.net\/pachuca\/index.php\/wp-json\/wp\/v2\/product\/103360","targetHints":{"allow":["GET"]}}],"collection":[{"href":"https:\/\/soydeaqui.ddns.net\/pachuca\/index.php\/wp-json\/wp\/v2\/product"}],"about":[{"href":"https:\/\/soydeaqui.ddns.net\/pachuca\/index.php\/wp-json\/wp\/v2\/types\/product"}],"replies":[{"embeddable":true,"href":"https:\/\/soydeaqui.ddns.net\/pachuca\/index.php\/wp-json\/wp\/v2\/comments?post=103360"}],"wp:featuredmedia":[{"embeddable":true,"href":"https:\/\/soydeaqui.ddns.net\/pachuca\/index.php\/wp-json\/wp\/v2\/media\/103359"}],"wp:attachment":[{"href":"https:\/\/soydeaqui.ddns.net\/pachuca\/index.php\/wp-json\/wp\/v2\/media?parent=103360"}],"wp:term":[{"taxonomy":"product_brand","embeddable":true,"href":"https:\/\/soydeaqui.ddns.net\/pachuca\/index.php\/wp-json\/wp\/v2\/product_brand?post=103360"},{"taxonomy":"product_cat","embeddable":true,"href":"https:\/\/soydeaqui.ddns.net\/pachuca\/index.php\/wp-json\/wp\/v2\/product_cat?post=103360"},{"taxonomy":"product_tag","embeddable":true,"href":"https:\/\/soydeaqui.ddns.net\/pachuca\/index.php\/wp-json\/wp\/v2\/product_tag?post=103360"}],"curies":[{"name":"wp","href":"https:\/\/api.w.org\/{rel}","templated":true}]}}