{"id":103354,"date":"2026-03-20T13:39:21","date_gmt":"2026-03-20T13:39:21","guid":{"rendered":"https:\/\/soydeaqui.ddns.net\/pachuca\/index.php\/producto\/nvr-8-megapixel-4k-compatible-con-camaras-acusense-4-canales-ip-4-puertos-poe-1-bahia-de-disco-duro-salida-de-video-en-4k-300-metros-poe-modo-extendido-2\/"},"modified":"2026-03-20T13:39:35","modified_gmt":"2026-03-20T13:39:35","slug":"nvr-8-megapixel-4k-compatible-con-camaras-acusense-4-canales-ip-4-puertos-poe-1-bahia-de-disco-duro-salida-de-video-en-4k-300-metros-poe-modo-extendido-2","status":"publish","type":"product","link":"https:\/\/soydeaqui.ddns.net\/pachuca\/index.php\/producto\/nvr-8-megapixel-4k-compatible-con-camaras-acusense-4-canales-ip-4-puertos-poe-1-bahia-de-disco-duro-salida-de-video-en-4k-300-metros-poe-modo-extendido-2\/","title":{"rendered":"NVR 8 Megapixel (4K) (Compatible con C\u00e1maras ACUSENSE) \/ 4 canales IP \/ 4 Puertos PoE+ \/ 1 Bah\u00eda de Disco Duro \/ Salida de V\u00eddeo en 4K \/ 300 Metros PoE Modo Extendido"},"content":{"rendered":"<div style='width: 100%; max-width: 1200px; margin: 0 auto; font-family: sans-serif; line-height: 1.6; color: inherit; background-color: transparent;'> <!-- Banner inicial --> <\/p>\n<p style='text-align: center; margin: 0; padding: 0;'> <span> <img style='width: 45%; height: auto; border: 1px solid rgba(150&comma;150&comma;150&comma;0.3); border-radius: 8px;' src='https:\/\/ftp3.syscom.mx\/usuarios\/jsosa\/HIKVISION\/imagenes\/logo\/hikvision%20see%20far.png' alt='Banner Inicial'> <\/span> <\/p>\n<p> <!-- Contenido principal con grid --> <\/p>\n<div style='display: grid; grid-template-columns: repeat(auto-fit&comma; minmax(280px&comma; 1fr)); gap: 30px; margin-top: 30px;'> <!-- Columna izquierda --> <\/p>\n<div style='display: flex; flex-direction: column; gap: 20px;'> <!-- Caracter\u00edsticas Principales --> <\/p>\n<div style='border: 1px solid rgba(150&comma; 150&comma; 150&comma; 0.4); border-radius: 8px; overflow: hidden;'>\n<div style='padding: 15px; background-color: #df001e; color: #ffffff; font-weight: bold; font-size: 18px; border-bottom: 1px solid #a80000;'>Caracter\u00edsticas Principales<\/div>\n<div style='padding: 15px;'>\n<ul style='padding-left: 20px; margin: 0; font-size: 14px; list-style-type: disc; color: inherit;'>\n<li style='margin-bottom: 5px;'>Compresi\u00f3n de video: H.265+ \/ H.265 \/ H.264+ \/ H.264<\/li>\n<li style='margin-bottom: 5px;'>4 Puertos PoE (soporta est\u00e1ndar af \/ at)<\/li>\n<li style='margin-bottom: 5px;'>50 watts total en sus puertos PoE+<\/li>\n<li style='margin-bottom: 5px;'>Soporta mouse USB para operar (incluido)<\/li>\n<li style='margin-bottom: 5px;'>Soporta 1 disco duro de hasta 8 TB (no incluido)<\/li>\n<li style='margin-bottom: 5px;'>Soporta DDNS (Hik-Connect&comma; DynDNS&comma; No-IP&comma; etc)<\/li>\n<li style='margin-bottom: 5px;'>Soporta Hik-Connect (P2P) <a style='color: inherit; text-decoration: none;' href='https:\/\/appstore.hikvision.com\/' target='_blank' rel='noopener'>https:\/\/appstore.hikvision.com\/<\/a><\/li>\n<li style='margin-bottom: 5px;'>Acceso remoto v\u00eda tel\u00e9fono: Android&comma; iPhone&comma; iPad (Hik-Connect)<\/li>\n<li style='margin-bottom: 5px;'>Compatible con el software iVMS-4200 (gratuito)<\/li>\n<\/ul><\/div>\n<\/p><\/div>\n<p> <!-- Interfaces Entradas y Salidas --> <\/p>\n<div style='border: 1px solid rgba(150&comma; 150&comma; 150&comma; 0.4); border-radius: 8px; overflow: hidden;'>\n<div style='padding: 15px; background-color: #df001e; color: #ffffff; font-weight: bold; font-size: 18px; border-bottom: 1px solid #a80000;'>Interfaces Entradas y Salidas<\/div>\n<div style='padding: 15px;'>\n<ul style='padding-left: 20px; margin: 0; font-size: 14px; list-style-type: disc; color: inherit;'>\n<li style='margin-bottom: 5px;'><strong>Salida simult\u00e1nea HDMI y VGA<\/strong><\/li>\n<li style='margin-bottom: 5px;'>Resoluci\u00f3n HDMI : 4K \/ 1080p \/ 720p<\/li>\n<li style='margin-bottom: 5px;'>Resoluci\u00f3n VGA: 1080p \/ 720p<\/li>\n<li style='margin-bottom: 5px;'>Entrada de Audio: 1<\/li>\n<li style='margin-bottom: 5px;'>Salida de Audio: 1<\/li>\n<li style='margin-bottom: 5px;'>Entrada de Alarma: N\/A<\/li>\n<li style='margin-bottom: 5px;'>Salida de Alarma: N\/A<\/li>\n<li style='margin-bottom: 5px;'>Soporta audio bidireccional (audio de dos v\u00edas)<\/li>\n<\/ul><\/div>\n<\/p><\/div>\n<p> <!-- Capacidad de procesamiento y funciones de red --> <\/p>\n<div style='border: 1px solid rgba(150&comma; 150&comma; 150&comma; 0.4); border-radius: 8px; overflow: hidden;'>\n<div style='padding: 15px; background-color: #df001e; color: #ffffff; font-weight: bold; font-size: 18px; border-bottom: 1px solid #a80000;'>Capacidad de procesamiento y funciones de red<\/div>\n<div style='padding: 15px;'>\n<ul style='padding-left: 20px; margin: 0; font-size: 14px; list-style-type: disc; color: inherit;'>\n<li style='margin-bottom: 5px;'>Procesamiento entrada (Throughput entrada): 40 Mbps<\/li>\n<li style='margin-bottom: 5px;'>Procesamiento salida (Throughput salida): 80 Mbps<\/li>\n<li style='margin-bottom: 5px;'>1 puerto red LAN 100 Mbps<\/li>\n<\/ul><\/div>\n<\/p><\/div>\n<\/p><\/div>\n<p> <!-- Columna derecha --> <\/p>\n<div style='display: flex; flex-direction: column; gap: 20px;'> <!-- Caracter\u00edsticas F\u00edsicas y El\u00e9ctricas --> <\/p>\n<div style='border: 1px solid rgba(150&comma; 150&comma; 150&comma; 0.4); border-radius: 8px; overflow: hidden;'>\n<div style='padding: 15px; background-color: #df001e; color: #ffffff; font-weight: bold; font-size: 18px; border-bottom: 1px solid #a80000;'>Caracter\u00edsticas F\u00edsicas y El\u00e9ctricas<\/div>\n<div style='padding: 15px;'>\n<ul style='padding-left: 20px; margin: 0; font-size: 14px; list-style-type: disc; color: inherit;'>\n<li style='margin-bottom: 5px;'>Dimensiones 320 \u00d7 240 \u00d7 48 mm<\/li>\n<li style='margin-bottom: 5px;'>Alimentaci\u00f3n \/ consumo :48 Vcc \/ 1.35 A \/ 10 W<\/li>\n<li style='margin-bottom: 5px;'>Temperatura de operaci\u00f3n: -10\u00b0C a 55\u00b0C<\/li>\n<li style='margin-bottom: 5px;'>Peso: 1.18 Kg<\/li>\n<\/ul><\/div>\n<\/p><\/div>\n<p> <!-- Funci\u00f3n de Grabaci\u00f3n y Visualizaci\u00f3n --> <\/p>\n<div style='border: 1px solid rgba(150&comma; 150&comma; 150&comma; 0.4); border-radius: 8px; overflow: hidden;'>\n<div style='padding: 15px; background-color: #df001e; color: #ffffff; font-weight: bold; font-size: 18px; border-bottom: 1px solid #a80000;'>Funci\u00f3n de Grabaci\u00f3n y Visualizaci\u00f3n<\/div>\n<div style='padding: 15px;'>\n<ul style='padding-left: 20px; margin: 0; font-size: 14px; list-style-type: disc; color: inherit;'>\n<li style='margin-bottom: 5px;'>Detecci\u00f3n de movimiento multizona<\/li>\n<li style='margin-bottom: 5px;'>Zoom digital en visualizaci\u00f3n y grabaci\u00f3n<\/li>\n<li style='margin-bottom: 5px;'>Dual stream (main stream y sub stream)<\/li>\n<li style='margin-bottom: 5px;'>Soporta avance r\u00e1pido&comma; lento&comma; cuadro a cuadro&comma; etc<\/li>\n<li style='margin-bottom: 5px;'>Soporta tecnolog\u00eda de discos duros S.M.A.R.T<\/li>\n<li style='margin-bottom: 5px;'>Soporta m\u00faltiples tipos de grabaci\u00f3n&comma; incluyendo tiempo real&comma; grabaci\u00f3n manual&comma; videosensor&comma; videosensor y alarma&comma; videosensor o alarma<\/li>\n<li style='margin-bottom: 5px;'>Soporta grabaci\u00f3n c\u00edclica (sobreescritura) y no c\u00edclica<\/li>\n<\/ul><\/div>\n<\/p><\/div>\n<p> <!-- Resoluci\u00f3n de Grabaci\u00f3n por Canal --> <\/p>\n<div style='border: 1px solid rgba(150&comma; 150&comma; 150&comma; 0.4); border-radius: 8px; overflow: hidden;'>\n<div style='padding: 15px; background-color: #df001e; color: #ffffff; font-weight: bold; font-size: 18px; border-bottom: 1px solid #a80000;'>Resoluci\u00f3n de Grabaci\u00f3n por Canal (recomendado con H.265)<\/div>\n<div style='padding: 15px;'>\n<ul style='padding-left: 20px; margin: 0; font-size: 14px; list-style-type: disc; color: inherit;'>\n<li style='margin-bottom: 5px;'>2 MP (1080P): 4 Canales &#8211; 30 IPS<\/li>\n<li style='margin-bottom: 5px;'>4 MP: 4 Canales &#8211; 30 IPS<\/li>\n<li style='margin-bottom: 5px;'>5 MP: 4 Canales &#8211; 30 IPS<\/li>\n<li style='margin-bottom: 5px;'>6 MP: 4 Canales &#8211; 30 IPS<\/li>\n<li style='margin-bottom: 5px;'>4K (8 MP): 4 Canales &#8211; 30 IPS<\/li>\n<li style='margin-bottom: 5px;'>Reproducci\u00f3n s\u00edncrona en canales: 4 Canales<\/li>\n<\/ul><\/div>\n<\/p><\/div>\n<\/p><\/div>\n<\/p><\/div>\n<p> <!-- Caracter\u00edsticas destacadas --> <\/p>\n<div style='border: 1px solid rgba(150&comma; 150&comma; 150&comma; 0.4); border-radius: 8px; overflow: hidden; margin-top: 30px;'>\n<div style='padding: 15px; background-color: #df001e; color: #ffffff; font-weight: bold; font-size: 18px; border-bottom: 1px solid #a80000;'>Caracter\u00edsticas destacadas<\/div>\n<div style='padding: 15px;'>\n<p style='margin-top: 0; margin-bottom: 15px; font-size: 16px; color: inherit;'> <strong>ACUSENSE (Filtro de Falsas Alarmas):<\/strong> <\/p>\n<ul style='padding-left: 20px; margin: 0 0 15px; font-size: 14px; list-style-type: disc; color: inherit;'>\n<li style='margin-bottom: 5px;'>Soporta 1 canal con tecnolog\u00eda ACUSENSE Lite&comma; podemos evitar falsas alarmas como movimiento de \u00e1rboles&comma; animales&comma; etc en detecci\u00f3n de movimiento<\/li>\n<li style='margin-bottom: 5px;'>Al activar la tecnolog\u00eda ACUSENSE solo detecta cuerpo humano y veh\u00edculos para detectar realmente eventos importantes y as\u00ed eliminar falsas alarmas<\/li>\n<li style='margin-bottom: 5px;'>Soporta hasta 4 canales con la tecnolog\u00eda ACUSENSE realizado por c\u00e1maras: <a style='color: inherit; text-decoration: none;' title='C\u00e1maras Acusense Serie 3' href='https:\/\/www.syscom.mx\/principal\/consultarproductosazul?global_search=ds2cd3&#038;ordenar=Relevancia&#038;pag=1' target='_blank' rel='noopener'>DS-2CD3XX<\/a> \/ <a style='color: inherit; text-decoration: none;' title='C\u00e1maras Acusense Serie2' href='https:\/\/www.syscom.mx\/principal\/consultarproductosazul?global_search=ds2cd2xx3g2&#038;ordenar=Modelo_A-Z&#038;pag=1' target='_blank' rel='noopener'>DS-2CD2XX3G2<\/a> \/ <a style='color: inherit; text-decoration: none;' href='https:\/\/www.syscom.mx\/principal\/consultarproductosazul?global_search=DS-2CD2XX7G2&#038;ordenar=Relevancia&#038;pag=1' target='_blank' rel='noopener'>DS-2CD2XX7G2<\/a> (que soporte ACUSENSE) <\/li>\n<li style='margin-bottom: 5px;'>Soporta hasta 4 canales con la tecnolog\u00eda ACUSENSE Lite (humano y veh\u00edculo pero con detecci\u00f3n de movimiento&comma; no anal\u00edticos) realizado por c\u00e1maras DS-2CD1XX3G2 y DS-2CD1XX3G7G2 (que soporte ACUSENSE Lite)<\/li>\n<\/ul>\n<p style='margin-top: 15px; margin-bottom: 15px; font-size: 16px; color: inherit;'> <strong>PoE con modo Extendido:<\/strong> <\/p>\n<ul style='padding-left: 20px; margin: 0; font-size: 14px; list-style-type: disc; color: inherit;'>\n<li style='margin-bottom: 5px;'>200 metros: serie 1 (DS-2CD1XX3G0&comma; DS-2CD1XX3G2&comma; DS-2CD1XX7G2)<\/li>\n<li style='margin-bottom: 5px;'>250 metros: serie 2 en 2 Megapixel (DS-2CD2X23G2)<\/li>\n<li style='margin-bottom: 5px;'>300 metros: serie 2&comma; serie 3 y serie 7 (DS-2CD2XX3G2&comma; DS-2CD2XX7G2&comma; DS-2CD3XX3G2&comma; DS-2CD3XX7G2&comma; IDS-7XX7&comma; IDS-2CD7XX5&comma; IDS-2CD7XX6)<\/li>\n<\/ul><\/div>\n<\/p><\/div>\n<p> <!-- Banner final --> <\/p>\n<div style='margin-top: 30px;'> <img style='width: 100%; height: auto; border: 1px solid rgba(150&comma;150&comma;150&comma;0.3); border-radius: 8px;' src='https:\/\/ftp3.syscom.mx\/usuarios\/jsosa\/HIKVISION\/imagenes\/banners\/solution%20complete.png' alt='Banner Final'> <\/div>\n<\/p><\/div>\n","protected":false},"excerpt":{"rendered":"<p>NVR 8 Megapixel (4K) (Compatible con C\u00e1maras ACUSENSE) \/ 4 canales IP \/ 4 Puertos PoE+ \/ 1 Bah\u00eda de Disco Duro \/ Salida de V\u00eddeo en 4K \/ 300 Metros PoE Modo Extendido<\/p>\n","protected":false},"featured_media":103353,"comment_status":"open","ping_status":"closed","template":"","meta":[],"product_brand":[],"product_cat":[2234],"product_tag":[122,54,2235],"class_list":{"0":"post-103354","1":"product","2":"type-product","3":"status-publish","4":"has-post-thumbnail","6":"product_cat-nvrs-network-video-recorders","7":"product_tag-camaras-ip-y-nvrs","8":"product_tag-hikvision","9":"product_tag-nvrs-network-video-recorders","11":"first","12":"instock","13":"sale","14":"shipping-taxable","15":"purchasable","16":"product-type-simple"},"_links":{"self":[{"href":"https:\/\/soydeaqui.ddns.net\/pachuca\/index.php\/wp-json\/wp\/v2\/product\/103354","targetHints":{"allow":["GET"]}}],"collection":[{"href":"https:\/\/soydeaqui.ddns.net\/pachuca\/index.php\/wp-json\/wp\/v2\/product"}],"about":[{"href":"https:\/\/soydeaqui.ddns.net\/pachuca\/index.php\/wp-json\/wp\/v2\/types\/product"}],"replies":[{"embeddable":true,"href":"https:\/\/soydeaqui.ddns.net\/pachuca\/index.php\/wp-json\/wp\/v2\/comments?post=103354"}],"wp:featuredmedia":[{"embeddable":true,"href":"https:\/\/soydeaqui.ddns.net\/pachuca\/index.php\/wp-json\/wp\/v2\/media\/103353"}],"wp:attachment":[{"href":"https:\/\/soydeaqui.ddns.net\/pachuca\/index.php\/wp-json\/wp\/v2\/media?parent=103354"}],"wp:term":[{"taxonomy":"product_brand","embeddable":true,"href":"https:\/\/soydeaqui.ddns.net\/pachuca\/index.php\/wp-json\/wp\/v2\/product_brand?post=103354"},{"taxonomy":"product_cat","embeddable":true,"href":"https:\/\/soydeaqui.ddns.net\/pachuca\/index.php\/wp-json\/wp\/v2\/product_cat?post=103354"},{"taxonomy":"product_tag","embeddable":true,"href":"https:\/\/soydeaqui.ddns.net\/pachuca\/index.php\/wp-json\/wp\/v2\/product_tag?post=103354"}],"curies":[{"name":"wp","href":"https:\/\/api.w.org\/{rel}","templated":true}]}}