{"id":103343,"date":"2026-03-20T13:38:45","date_gmt":"2026-03-20T13:38:45","guid":{"rendered":"https:\/\/soydeaqui.ddns.net\/pachuca\/index.php\/producto\/nvr-4-megapixel-compatible-con-camaras-acusense-8-canales-ip-8-puertos-poe-1-bahia-de-disco-duro-salida-de-video-full-hd-2\/"},"modified":"2026-03-20T13:38:45","modified_gmt":"2026-03-20T13:38:45","slug":"nvr-4-megapixel-compatible-con-camaras-acusense-8-canales-ip-8-puertos-poe-1-bahia-de-disco-duro-salida-de-video-full-hd-2","status":"publish","type":"product","link":"https:\/\/soydeaqui.ddns.net\/pachuca\/index.php\/producto\/nvr-4-megapixel-compatible-con-camaras-acusense-8-canales-ip-8-puertos-poe-1-bahia-de-disco-duro-salida-de-video-full-hd-2\/","title":{"rendered":"NVR 4 Megapixel (Compatible con C\u00e1maras ACUSENSE) \/ 8 canales IP \/ 8 Puertos PoE \/1 Bah\u00eda de Disco Duro \/ Salida de V\u00eddeo Full HD"},"content":{"rendered":"<div style='width: 100%; max-width: 1200px; margin: 0 auto; font-family: sans-serif; line-height: 1.6; color: inherit; background-color: transparent;'> <!-- Banner inicial --> <\/p>\n<div style='text-align: center; margin: 30px 0;'> <img style='width: 45%; height: auto; border: 1px solid rgba(150&comma;150&comma;150&comma;0.3); border-radius: 8px;' src='https:\/\/ftp3.syscom.mx\/usuarios\/jsosa\/HIKVISION\/imagenes\/logo\/hikvision%20see%20far.png' alt='Banner Inicial'> <\/div>\n<p> <!-- Secci\u00f3n de especificaciones --> <\/p>\n<div style='display: flex; flex-wrap: wrap; gap: 30px; margin-bottom: 30px;'>\n<div style='flex: 1 1 300px; min-width: 280px;'>\n<h3 style='font-size: 22px; border-bottom: 2px solid currentColor; padding-bottom: 5px; margin-top: 0; color: inherit; opacity: 0.8;'>Caracter\u00edsticas principales<\/h3>\n<ul style='padding-left: 20px; font-size: 15px; color: inherit;'>\n<li style='margin-bottom: 5px;'><strong>Compresi\u00f3n de video:<\/strong> H.265+ \/ H.265 \/ H.264+ \/ H.264<\/li>\n<li style='margin-bottom: 5px;'><strong>Puertos PoE:<\/strong> 8 Puertos (soporta est\u00e1ndar af \/ at)<\/li>\n<li style='margin-bottom: 5px;'><strong>Potencia PoE+:<\/strong> 75 watts total<\/li>\n<li style='margin-bottom: 5px;'><strong>Operaci\u00f3n:<\/strong> Soporta mouse USB (incluido)<\/li>\n<li style='margin-bottom: 5px;'><strong>Almacenamiento:<\/strong> 1 disco duro de hasta 6 TB (no incluido)<\/li>\n<li style='margin-bottom: 5px;'><strong>DDNS:<\/strong> Soporta Hik-Connect&comma; DynDNS&comma; No-IP&comma; etc<\/li>\n<li style='margin-bottom: 5px;'><strong>Conectividad:<\/strong> Soporta Hik-Connect (P2P) <a style='color: inherit; text-decoration: underline;' href='https:\/\/appstore.hikvision.com\/' target='_blank' rel='noopener'>https:\/\/appstore.hikvision.com\/<\/a><\/li>\n<li style='margin-bottom: 5px;'><strong>Acceso remoto:<\/strong> Android&comma; iPhone&comma; iPad (Hik-Connect)<\/li>\n<li style='margin-bottom: 5px;'><strong>Navegadores:<\/strong> Compatible con EDGE (ietab)&comma; Chrome<\/li>\n<li style='margin-bottom: 5px;'><strong>Software:<\/strong> Compatible con iVMS-4200 (gratuito)<\/li>\n<li style='margin-bottom: 5px;'><strong>Protocolo:<\/strong> Soporta m\u00faltiples marcas usando ONVIF<\/li>\n<\/ul><\/div>\n<div style='flex: 1 1 300px; min-width: 280px;'>\n<h3 style='font-size: 22px; border-bottom: 2px solid currentColor; padding-bottom: 5px; margin-top: 0; color: inherit; opacity: 0.8;'>Caracter\u00edsticas F\u00edsicas y El\u00e9ctricas<\/h3>\n<ul style='padding-left: 20px; font-size: 15px; color: inherit;'>\n<li style='margin-bottom: 5px;'><strong>Dimensiones:<\/strong> 285 \u00d7 210 \u00d7 48 mm<\/li>\n<li style='margin-bottom: 5px;'><strong>Alimentaci\u00f3n \/ consumo:<\/strong> 48 Vcc \/ 1.8 A \/ 10 W<\/li>\n<li style='margin-bottom: 5px;'><strong>Temperatura de operaci\u00f3n:<\/strong> -10\u00b0C a 55\u00b0C<\/li>\n<li style='margin-bottom: 5px;'><strong>Peso:<\/strong> 1 Kg<\/li>\n<\/ul>\n<h3 style='font-size: 22px; border-bottom: 2px solid currentColor; padding-bottom: 5px; margin-top: 25px; color: inherit; opacity: 0.8;'>Resoluci\u00f3n de grabaci\u00f3n por canal<\/h3>\n<ul style='padding-left: 20px; font-size: 15px; color: inherit;'>\n<li style='margin-bottom: 5px;'><strong>1 MP (720P):<\/strong> 8 Canales &#8211; 30 IPS<\/li>\n<li style='margin-bottom: 5px;'><strong>2 MP (1080P):<\/strong> 8 Canales &#8211; 30 IPS<\/li>\n<li style='margin-bottom: 5px;'><strong>4 MP:<\/strong> 8 Canales &#8211; 30 IPS<\/li>\n<li style='margin-bottom: 5px;'><strong>Reproducci\u00f3n s\u00edncrona:<\/strong> 4 Canales<\/li>\n<\/ul><\/div>\n<div style='flex: 1 1 300px; min-width: 280px;'>\n<h3 style='font-size: 22px; border-bottom: 2px solid currentColor; padding-bottom: 5px; margin-top: 0; color: inherit; opacity: 0.8;'>Capacidad de procesamiento y funciones de red<\/h3>\n<ul style='padding-left: 20px; font-size: 15px; color: inherit;'>\n<li style='margin-bottom: 5px;'><strong>Throughput entrada:<\/strong> 60 Mbps<\/li>\n<li style='margin-bottom: 5px;'><strong>Throughput salida:<\/strong> 60 Mbps<\/li>\n<li style='margin-bottom: 5px;'><strong>Puerto LAN:<\/strong> 100 Mbps<\/li>\n<\/ul>\n<h3 style='font-size: 22px; border-bottom: 2px solid currentColor; padding-bottom: 5px; margin-top: 25px; color: inherit; opacity: 0.8;'>Funciones de Grabaci\u00f3n y Visualizaci\u00f3n<\/h3>\n<ul style='padding-left: 20px; font-size: 15px; color: inherit;'>\n<li style='margin-bottom: 5px;'>Detecci\u00f3n de movimiento multizona<\/li>\n<li style='margin-bottom: 5px;'>Zoom digital en visualizaci\u00f3n y grabaci\u00f3n<\/li>\n<li style='margin-bottom: 5px;'>Dual stream (main stream y sub stream)<\/li>\n<li style='margin-bottom: 5px;'>Soporta avance r\u00e1pido&comma; lento&comma; cuadro a cuadro&comma; etc<\/li>\n<li style='margin-bottom: 5px;'>Soporta tecnolog\u00eda de discos duros S.M.A.R.T.<\/li>\n<li style='margin-bottom: 5px;'>Soporta m\u00faltiples tipos de grabaci\u00f3n: tiempo real&comma; manual&comma; videosensor&comma; videosensor y alarma&comma; videosensor o alarma<\/li>\n<li style='margin-bottom: 5px;'>Soporta grabaci\u00f3n c\u00edclica (sobreescritura) y no c\u00edclica<\/li>\n<\/ul><\/div>\n<div style='flex: 1 1 300px; min-width: 280px;'>\n<h3 style='font-size: 22px; border-bottom: 2px solid currentColor; padding-bottom: 5px; margin-top: 0; color: inherit; opacity: 0.8;'>Interfaces Entradas \/ Salidas<\/h3>\n<ul style='padding-left: 20px; font-size: 15px; color: inherit;'>\n<li style='margin-bottom: 5px;'><strong>Salida de video:<\/strong> HDMI y VGA simult\u00e1neas<\/li>\n<li style='margin-bottom: 5px;'><strong>Resoluci\u00f3n HDMI:<\/strong> 1080p \/ 720p<\/li>\n<li style='margin-bottom: 5px;'><strong>Resoluci\u00f3n VGA:<\/strong> 1080p \/ 720p<\/li>\n<li style='margin-bottom: 5px;'><strong>Entrada de Audio:<\/strong> No aplica<\/li>\n<li style='margin-bottom: 5px;'><strong>Salida de Audio:<\/strong> No aplica<\/li>\n<li style='margin-bottom: 5px;'><strong>Entrada de Alarma:<\/strong> No aplica<\/li>\n<li style='margin-bottom: 5px;'><strong>Salida de Alarma:<\/strong> No aplica<\/li>\n<\/ul><\/div>\n<\/p><\/div>\n<p> <!-- Secci\u00f3n de caracter\u00edsticas destacadas --> <\/p>\n<div style='margin-bottom: 30px;'>\n<h3 style='font-size: 22px; border-bottom: 2px solid currentColor; padding-bottom: 5px; margin-top: 0; color: inherit; opacity: 0.8;'>Caracter\u00edsticas Destacadas<\/h3>\n<h4 style='font-size: 18px; margin-top: 20px; margin-bottom: 10px; color: inherit;'>ACUSENSE (Filtro de Falsas Alarmas):<\/h4>\n<ul style='padding-left: 20px; font-size: 15px; color: inherit;'>\n<li style='margin-bottom: 5px;'>Con tecnolog\u00eda ACUSENSE podemos evitar falsas alarmas como movimiento de \u00e1rboles&comma; animales&comma; etc<\/li>\n<li style='margin-bottom: 5px;'>Al activar la tecnolog\u00eda ACUSENSE solo detecta cuerpo humano y veh\u00edculos para detectar realmente eventos importantes y as\u00ed eliminar falsas alarmas<\/li>\n<li style='margin-bottom: 5px;'>Soporta hasta 8 canales con la tecnolog\u00eda ACUSENSE utilizando c\u00e1maras: <a style='color: inherit; text-decoration: underline;' title='C\u00e1maras Acusense Serie 3' href='https:\/\/www.syscom.mx\/principal\/consultarproductosazul?global_search=ds2cd3&#038;ordenar=Relevancia&#038;pag=1' target='_blank' rel='noopener'>DS-2CD3XX<\/a> \/ <a style='color: inherit; text-decoration: underline;' title='C\u00e1maras Acusense Serie2' href='https:\/\/www.syscom.mx\/principal\/consultarproductosazul?global_search=ds2cd2xx3g2&#038;ordenar=Modelo_A-Z&#038;pag=1' target='_blank' rel='noopener'>DS-2CD2XX3G2<\/a> \/ <a style='color: inherit; text-decoration: underline;' href='https:\/\/www.syscom.mx\/principal\/consultarproductosazul?global_search=DS-2CD2XX7G2&#038;ordenar=Relevancia&#038;pag=1' target='_blank' rel='noopener'>DS-2CD2XX7G2<\/a> (que soporte ACUSENSE)<\/li>\n<li style='margin-bottom: 5px;'>Soporta hasta 8 canales con la tecnolog\u00eda ACUSENSE Lite (humano y veh\u00edculo pero con detecci\u00f3n de movimiento&comma; no anal\u00edticos) usando c\u00e1maras DS-2CD1XX3G2 y DS-2CD1XX3G7G2 (que soporte ACUSENSE Lite)<\/li>\n<\/ul><\/div>\n<p> <!-- Banner final --> <\/p>\n<div style='margin: 30px 0;'> <img style='width: 100%; height: auto; border: 1px solid rgba(150&comma;150&comma;150&comma;0.3); border-radius: 8px;' src='https:\/\/ftp3.syscom.mx\/usuarios\/jsosa\/HIKVISION\/imagenes\/banners\/solution%20complete.png' alt='Banner Final'> <\/div>\n<\/p><\/div>\n","protected":false},"excerpt":{"rendered":"<p>NVR 4 Megapixel (Compatible con C\u00e1maras ACUSENSE) \/ 8 canales IP \/ 8 Puertos PoE \/1 Bah\u00eda de Disco Duro \/ Salida de V\u00eddeo Full HD<\/p>\n","protected":false},"featured_media":103342,"comment_status":"open","ping_status":"closed","template":"","meta":[],"product_brand":[],"product_cat":[2234],"product_tag":[122,54,2235],"class_list":{"0":"post-103343","1":"product","2":"type-product","3":"status-publish","4":"has-post-thumbnail","6":"product_cat-nvrs-network-video-recorders","7":"product_tag-camaras-ip-y-nvrs","8":"product_tag-hikvision","9":"product_tag-nvrs-network-video-recorders","11":"first","12":"outofstock","13":"sale","14":"shipping-taxable","15":"purchasable","16":"product-type-simple"},"_links":{"self":[{"href":"https:\/\/soydeaqui.ddns.net\/pachuca\/index.php\/wp-json\/wp\/v2\/product\/103343","targetHints":{"allow":["GET"]}}],"collection":[{"href":"https:\/\/soydeaqui.ddns.net\/pachuca\/index.php\/wp-json\/wp\/v2\/product"}],"about":[{"href":"https:\/\/soydeaqui.ddns.net\/pachuca\/index.php\/wp-json\/wp\/v2\/types\/product"}],"replies":[{"embeddable":true,"href":"https:\/\/soydeaqui.ddns.net\/pachuca\/index.php\/wp-json\/wp\/v2\/comments?post=103343"}],"wp:featuredmedia":[{"embeddable":true,"href":"https:\/\/soydeaqui.ddns.net\/pachuca\/index.php\/wp-json\/wp\/v2\/media\/103342"}],"wp:attachment":[{"href":"https:\/\/soydeaqui.ddns.net\/pachuca\/index.php\/wp-json\/wp\/v2\/media?parent=103343"}],"wp:term":[{"taxonomy":"product_brand","embeddable":true,"href":"https:\/\/soydeaqui.ddns.net\/pachuca\/index.php\/wp-json\/wp\/v2\/product_brand?post=103343"},{"taxonomy":"product_cat","embeddable":true,"href":"https:\/\/soydeaqui.ddns.net\/pachuca\/index.php\/wp-json\/wp\/v2\/product_cat?post=103343"},{"taxonomy":"product_tag","embeddable":true,"href":"https:\/\/soydeaqui.ddns.net\/pachuca\/index.php\/wp-json\/wp\/v2\/product_tag?post=103343"}],"curies":[{"name":"wp","href":"https:\/\/api.w.org\/{rel}","templated":true}]}}