{"id":103334,"date":"2026-03-20T13:38:18","date_gmt":"2026-03-20T13:38:18","guid":{"rendered":"https:\/\/soydeaqui.ddns.net\/pachuca\/index.php\/producto\/domo-ip-4-megapixel-imagen-a-color-24-7-lente-2-8-12-mm-luz-blanca-40-mts-wdr-130-db-exterior-ip67-ik10-captura-facial-videoanaliticos-acusense\/"},"modified":"2026-03-20T13:38:31","modified_gmt":"2026-03-20T13:38:31","slug":"domo-ip-4-megapixel-imagen-a-color-24-7-lente-2-8-12-mm-luz-blanca-40-mts-wdr-130-db-exterior-ip67-ik10-captura-facial-videoanaliticos-acusense","status":"publish","type":"product","link":"https:\/\/soydeaqui.ddns.net\/pachuca\/index.php\/producto\/domo-ip-4-megapixel-imagen-a-color-24-7-lente-2-8-12-mm-luz-blanca-40-mts-wdr-130-db-exterior-ip67-ik10-captura-facial-videoanaliticos-acusense\/","title":{"rendered":"Domo IP 4 Megapixel \/ Imagen a Color 24\/7 \/ Lente 2.8 &#8211; 12 mm \/ Luz Blanca 40 mts \/ WDR 130 dB \/ Exterior IP67 \/ IK10 \/ Captura Facial \/ Videoanaliticos \/ AcuSense"},"content":{"rendered":"<div style='width: 100%; max-width: 1200px; margin: 0 auto; font-family: sans-serif; line-height: 1.6; color: inherit; background-color: transparent;'> <!-- Imagen principal --> <\/p>\n<div style='width: 100%; margin-bottom: 30px;'> <img style='width: 100%; height: auto; border: 1px solid rgba(150&comma;150&comma;150&comma;0.3); border-radius: 8px;' src='https:\/\/ftp3.syscom.mx\/usuarios\/xguereque\/Imagenes\/hikvision\/colorvu-2.jpg' alt=''> <\/div>\n<p> <!-- Galer\u00eda de im\u00e1genes --> <\/p>\n<div style='display: flex; flex-wrap: wrap; gap: 20px; margin-bottom: 30px;'>\n<div style='flex: 1 1 300px; min-width: 280px;'> <img style='width: 100%; height: auto; border: 1px solid rgba(150&comma;150&comma;150&comma;0.3); border-radius: 8px;' src='https:\/\/ftp3.syscom.mx\/usuarios\/jsosa\/HIKVISION\/imagenes\/colorvu\/1.png' alt=''> <\/div>\n<div style='flex: 1 1 300px; min-width: 280px;'> <img style='width: 100%; height: auto; border: 1px solid rgba(150&comma;150&comma;150&comma;0.3); border-radius: 8px;' src='https:\/\/ftp3.syscom.mx\/usuarios\/jsosa\/HIKVISION\/imagenes\/colorvu\/4.png' alt=''> <\/div>\n<div style='flex: 1 1 300px; min-width: 280px;'> <img style='width: 100%; height: auto; border: 1px solid rgba(150&comma;150&comma;150&comma;0.3); border-radius: 8px;' src='https:\/\/ftp3.syscom.mx\/usuarios\/jsosa\/HIKVISION\/imagenes\/colorvu\/3.png' alt=''> <\/div>\n<div style='flex: 1 1 300px; min-width: 280px;'> <img style='width: 100%; height: auto; border: 1px solid rgba(150&comma;150&comma;150&comma;0.3); border-radius: 8px;' src='https:\/\/ftp3.syscom.mx\/usuarios\/jsosa\/HIKVISION\/imagenes\/colorvu\/2.png' alt=''> <\/div>\n<div style='flex: 1 1 300px; min-width: 280px;'> <img style='width: 100%; height: auto; border: 1px solid rgba(150&comma;150&comma;150&comma;0.3); border-radius: 8px;' src='https:\/\/ftp3.syscom.mx\/usuarios\/jsosa\/HIKVISION\/imagenes\/colorvu\/5.png' alt=''> <\/div>\n<div style='flex: 1 1 300px; min-width: 280px;'> <img style='width: 100%; height: auto; border: 1px solid rgba(150&comma;150&comma;150&comma;0.3); border-radius: 8px;' src='https:\/\/ftp3.syscom.mx\/usuarios\/jsosa\/HIKVISION\/imagenes\/colorvu\/6.png' alt=''> <\/div>\n<\/p><\/div>\n<p> <!-- Video principal --> <\/p>\n<div style='margin-bottom: 30px;'>\n<h3 style='font-size: 20px; margin-bottom: 15px; text-align: center; color: inherit; opacity: 0.8;'>Instalaci\u00f3n y Configuraci\u00f3n de c\u00e1maras AcuSense<\/h3>\n<div style='position: relative; padding-bottom: 56.25%; height: 0; overflow: hidden; margin-bottom: 30px;'>   <\/div>\n<\/p><\/div>\n<p> <!-- Secci\u00f3n de caracter\u00edsticas --> <\/p>\n<div style='display: flex; flex-wrap: wrap; gap: 20px; margin-bottom: 30px;'>\n<div style='flex: 1 1 300px; min-width: 280px;'>\n<div style='border: 1px solid rgba(150&comma; 150&comma; 150&comma; 0.4); border-radius: 8px; overflow: hidden; display: flex; flex-direction: column;'>\n<div style='padding: 15px; border-bottom: 1px solid rgba(150&comma; 150&comma; 150&comma; 0.2); font-weight: bold; font-size: 18px; color: inherit;'>Caracter\u00edsticas principales<\/div>\n<div style='padding: 15px; color: inherit;'>\n<ul style='padding-left: 20px; margin: 0; font-size: 14px; list-style-type: disc;'>\n<li style='margin-bottom: 5px;'>Resoluci\u00f3n m\u00e1xima: 4 Megapixel (2688x 1520)<\/li>\n<li style='margin-bottom: 5px;'>Iluminaci\u00f3n m\u00ednima: 0.0005 Lux @ (F1.0&comma; AGC ON)<\/li>\n<li style='margin-bottom: 5px;'>Lente fijo: 2.8 a 12 mm (\u00e1ngulo de apertura 105.4\u00b0 a 56.4\u00b0)<\/li>\n<li style='margin-bottom: 5px;'>40 Metros de luz blanca (ayuda a iluminar el sitio para mantener la imagen siempre a color)<\/li>\n<li style='margin-bottom: 5px;'>WDR de 130 dB<\/li>\n<li style='margin-bottom: 5px;'>Soporta memoria microSD 256 GB (no incluida)<\/li>\n<li style='margin-bottom: 5px;'>Detecci\u00f3n de movimiento \/ Cruce de l\u00ednea \/ Detecci\u00f3n de instrusi\u00f3n<\/li>\n<li style='margin-bottom: 5px;'>1 Entrada \/ Salida de alarma y audio<\/li>\n<\/ul><\/div>\n<\/p><\/div>\n<\/p><\/div>\n<div style='flex: 1 1 300px; min-width: 280px;'>\n<div style='border: 1px solid rgba(150&comma; 150&comma; 150&comma; 0.4); border-radius: 8px; overflow: hidden; display: flex; flex-direction: column;'>\n<div style='padding: 15px; border-bottom: 1px solid rgba(150&comma; 150&comma; 150&comma; 0.2); font-weight: bold; font-size: 18px; color: inherit;'>Caracter\u00edsticas F\u00edsicas y El\u00e9ctricas<\/div>\n<div style='padding: 15px; color: inherit;'>\n<ul style='padding-left: 20px; margin: 0; font-size: 14px; list-style-type: disc;'>\n<li style='margin-bottom: 5px;'>Temperatura de Operaci\u00f3n: &#8211; 30\u00b0C a 60\u00b0C<\/li>\n<li style='margin-bottom: 5px;'>Alimentaci\u00f3n: 12 Vcc \/ 10.8 Watts<\/li>\n<li style='margin-bottom: 5px;'>Soporta PoE: 802.3af \/ 12.9 Watts<\/li>\n<li style='margin-bottom: 5px;'>Protecci\u00f3n: Interior \/ Exterior IP67<\/li>\n<li style='margin-bottom: 5px;'>Antivand\u00e1lico IK10<\/li>\n<li style='margin-bottom: 5px;'>Fabricado en material de aluminio<\/li>\n<li style='margin-bottom: 5px;'>Dimensiones: \u00d8 155 mm \u00d7 152 mm<\/li>\n<li style='margin-bottom: 5px;'>Peso: 1600 gramos<\/li>\n<\/ul><\/div>\n<\/p><\/div>\n<\/p><\/div>\n<div style='flex: 1 1 300px; min-width: 280px;'>\n<div style='border: 1px solid rgba(150&comma; 150&comma; 150&comma; 0.4); border-radius: 8px; overflow: hidden; display: flex; flex-direction: column;'>\n<div style='padding: 15px; border-bottom: 1px solid rgba(150&comma; 150&comma; 150&comma; 0.2); font-weight: bold; font-size: 18px; color: inherit;'>Caracter\u00edsticas Destacadas<\/div>\n<div style='padding: 15px; color: inherit;'>\n<p style='margin-bottom: 15px;'>Las c\u00e1maras ColorVu cuentan con F stop ajustando a 1.0&comma; lo que le permite una mayor captaci\u00f3n y aprovechamiento de la luz&comma; su luz blanca permite iluminar los ambientes muy oscuros para brindar una imagen a color 24\/7&comma; es por ello que ColorVu se encuentra entre las m\u00e1s seleccionadas por los clientes en ambientes como bares&comma; tiendas&comma; hogar&comma; oficina&comma; hospitales&comma; perimetrales.<\/p>\n<\/p><\/div>\n<\/p><\/div>\n<\/p><\/div>\n<\/p><\/div>\n<p> <!-- Secci\u00f3n de tecnolog\u00eda AcuSense --> <\/p>\n<div style='margin-bottom: 30px;'>\n<div style='border: 1px solid rgba(150&comma; 150&comma; 150&comma; 0.4); border-radius: 8px; overflow: hidden;'>\n<div style='padding: 15px; border-bottom: 1px solid rgba(150&comma; 150&comma; 150&comma; 0.2); font-weight: bold; font-size: 18px; color: inherit;'>Tecnolog\u00eda AcuSense<\/div>\n<div style='padding: 15px; color: inherit;'>\n<p><strong>Soporta tecnolog\u00eda ACUSENSE para evitar esas falsas alarmas ocasionadas por los movimientos de pixeles como son las ramas de \u00e1rboles&comma; movimiento de cortinas&comma; lluvias&comma; etc.<\/strong><\/p>\n<p><strong>Con la tecnolog\u00eda ACUSENSE haremos de una detecci\u00f3n efectiva ya que solo se activar\u00e1 el evento cuando detecte cuerpos humanos o veh\u00edculos para poder evitar las falsas alarmas.<\/strong><\/p>\n<\/p><\/div>\n<\/p><\/div>\n<\/p><\/div>\n<p> <!-- Videos de AcuSense --> <\/p>\n<div style='display: flex; flex-wrap: wrap; gap: 20px; margin-bottom: 30px;'>\n<div style='flex: 1 1 400px; min-width: 300px;'>\n<h3 style='font-size: 20px; margin-bottom: 15px; text-align: center; color: inherit; opacity: 0.8;'>AcuSense \u00c1reas Restringidas<\/h3>\n<div style='position: relative; padding-bottom: 56.25%; height: 0; overflow: hidden; margin-bottom: 30px;'>   <\/div>\n<\/p><\/div>\n<div style='flex: 1 1 400px; min-width: 300px;'>\n<h3 style='font-size: 20px; margin-bottom: 15px; text-align: center; color: inherit; opacity: 0.8;'>AcuSense Almacenes<\/h3>\n<div style='position: relative; padding-bottom: 56.25%; height: 0; overflow: hidden; margin-bottom: 30px;'>   <\/div>\n<\/p><\/div>\n<\/p><\/div>\n<p> <!-- Imagen final --> <\/p>\n<div style='width: 100%; margin-bottom: 30px;'> <img style='width: 100%; height: auto; border: 1px solid rgba(150&comma;150&comma;150&comma;0.3); border-radius: 8px;' src='https:\/\/ftp3.syscom.mx\/usuarios\/fcarrillo\/Hikvision\/Imagenes\/solution-banner-2021.png' alt=''> <\/div>\n<\/p><\/div>\n","protected":false},"excerpt":{"rendered":"<p>Domo IP 4 Megapixel \/ Imagen a Color 24\/7 \/ Lente 2.8 &#8211; 12 mm \/ Luz Blanca 40 mts \/ WDR 130 dB \/ Exterior IP67 \/ IK10 \/ Captura Facial \/ Videoanaliticos \/ AcuSense<\/p>\n","protected":false},"featured_media":103333,"comment_status":"open","ping_status":"closed","template":"","meta":[],"product_brand":[],"product_cat":[2056],"product_tag":[122,2057,54],"class_list":{"0":"post-103334","1":"product","2":"type-product","3":"status-publish","4":"has-post-thumbnail","6":"product_cat-domo-eyeball-turret","7":"product_tag-camaras-ip-y-nvrs","8":"product_tag-domo-eyeball-turret","9":"product_tag-hikvision","11":"first","12":"instock","13":"sale","14":"shipping-taxable","15":"purchasable","16":"product-type-simple"},"_links":{"self":[{"href":"https:\/\/soydeaqui.ddns.net\/pachuca\/index.php\/wp-json\/wp\/v2\/product\/103334","targetHints":{"allow":["GET"]}}],"collection":[{"href":"https:\/\/soydeaqui.ddns.net\/pachuca\/index.php\/wp-json\/wp\/v2\/product"}],"about":[{"href":"https:\/\/soydeaqui.ddns.net\/pachuca\/index.php\/wp-json\/wp\/v2\/types\/product"}],"replies":[{"embeddable":true,"href":"https:\/\/soydeaqui.ddns.net\/pachuca\/index.php\/wp-json\/wp\/v2\/comments?post=103334"}],"wp:featuredmedia":[{"embeddable":true,"href":"https:\/\/soydeaqui.ddns.net\/pachuca\/index.php\/wp-json\/wp\/v2\/media\/103333"}],"wp:attachment":[{"href":"https:\/\/soydeaqui.ddns.net\/pachuca\/index.php\/wp-json\/wp\/v2\/media?parent=103334"}],"wp:term":[{"taxonomy":"product_brand","embeddable":true,"href":"https:\/\/soydeaqui.ddns.net\/pachuca\/index.php\/wp-json\/wp\/v2\/product_brand?post=103334"},{"taxonomy":"product_cat","embeddable":true,"href":"https:\/\/soydeaqui.ddns.net\/pachuca\/index.php\/wp-json\/wp\/v2\/product_cat?post=103334"},{"taxonomy":"product_tag","embeddable":true,"href":"https:\/\/soydeaqui.ddns.net\/pachuca\/index.php\/wp-json\/wp\/v2\/product_tag?post=103334"}],"curies":[{"name":"wp","href":"https:\/\/api.w.org\/{rel}","templated":true}]}}