{"id":103303,"date":"2026-03-20T13:36:40","date_gmt":"2026-03-20T13:36:40","guid":{"rendered":"https:\/\/soydeaqui.ddns.net\/pachuca\/index.php\/producto\/camara-para-trafico-fusion-radar-onda-milimetrica-y-camara-de-baja-iluminacion-seguimiento-de-128-objetos-datos-de-trafico-y-evaluacion-carcasa-robusta\/"},"modified":"2026-03-20T13:36:41","modified_gmt":"2026-03-20T13:36:41","slug":"camara-para-trafico-fusion-radar-onda-milimetrica-y-camara-de-baja-iluminacion-seguimiento-de-128-objetos-datos-de-trafico-y-evaluacion-carcasa-robusta","status":"publish","type":"product","link":"https:\/\/soydeaqui.ddns.net\/pachuca\/index.php\/producto\/camara-para-trafico-fusion-radar-onda-milimetrica-y-camara-de-baja-iluminacion-seguimiento-de-128-objetos-datos-de-trafico-y-evaluacion-carcasa-robusta\/","title":{"rendered":"C\u00e1mara para Tr\u00e1fico \/ Fusi\u00f3n Radar-Onda Milim\u00e9trica y C\u00e1mara de Baja Iluminaci\u00f3n \/ Seguimiento de 128 Objetos \/ Datos de Tr\u00e1fico y Evaluaci\u00f3n \/ Carcasa Robusta"},"content":{"rendered":"<div style=\"width: 100%; max-width: 1200px; margin: 0 auto; font-family: sans-serif; line-height: 1.6; color: inherit; background-color: transparent;\"><!-- Banner de inicio --><\/p>\n<p style=\"text-align: center;\"><img decoding=\"async\" style=\"width: 100%; max-width: 45%; height: auto; border: 1px solid rgba(150&comma; 150&comma; 150&comma; 0.3); border-radius: 8px;\" src=\"https:\/\/ftp3.syscom.mx\/usuarios\/jsosa\/HIKVISION\/imagenes\/logo\/hikvision%20see%20far.png\" alt=\"Logo Hikvision\" class=\"fr-fic fr-dii\"><\/p>\n<p><!-- Descripci\u00f3n principal del producto --><\/p>\n<div style=\"display: flex; flex-wrap: wrap; gap: 30px; margin-bottom: 30px;\">\n<div style=\"flex: 1 1 100%; min-width: 300px;\">\n<div style=\"border: 1px solid rgba(150&comma; 150&comma; 150&comma; 0.4); border-radius: 8px; overflow: hidden; display: flex; flex-direction: column;\">\n<div style=\"padding: 15px; background: #df001e; border-bottom: 1px solid #a80000; font-weight: bold; font-size: 18px; color: white; opacity: 0.95;\">RADAR DE TRAFICO CON C&Aacute;MARA<\/div>\n<div style=\"padding: 15px; color: inherit;\">\n<p style=\"font-size: 15px; margin: 0 0 10px 0;\">Integrado con radar de onda milim&eacute;trica y c&aacute;mara de baja iluminaci&oacute;n de 4 MP. Aplicable a sistemas de control de se&ntilde;ales&comma; servicios de informaci&oacute;n de tr&aacute;fico&comma; vigilancia de carreteras&comma; etc.<\/p>\n<p style=\"font-size: 15px; margin: 0;\">Funciona en cualquier condici&oacute;n clim&aacute;tica&comma; sin influencia de lluvia&comma; nieve&comma; niebla&comma; viento&comma; polvo&comma; iluminaci&oacute;n&comma; etc.<\/p>\n<\/div>\n<\/div>\n<\/div>\n<\/div>\n<p><!-- Caracter\u00edsticas Principales y Detalles de C\u00e1mara --><\/p>\n<div style=\"display: flex; flex-wrap: wrap; gap: 30px; margin-bottom: 30px;\"><!-- Caracter\u00edsticas Principales --><\/p>\n<div style=\"flex: 1 1 45%; min-width: 300px;\">\n<div style=\"border: 1px solid rgba(150&comma; 150&comma; 150&comma; 0.4); border-radius: 8px; overflow: hidden; display: flex; flex-direction: column;\">\n<div style=\"padding: 15px; background: #df001e; border-bottom: 1px solid #a80000; font-weight: bold; font-size: 18px; color: white; opacity: 0.95;\">CARACTER&Iacute;STICAS PRINCIPALES<\/div>\n<div style=\"padding: 15px; color: inherit;\">\n<ul style=\"padding-left: 20px; margin: 0; font-size: 14px; list-style-type: disc;\">\n<li style=\"margin-bottom: 5px;\">Integraci&oacute;n de radar mmWave y c&aacute;mara 4 MP baja iluminaci&oacute;n<\/li>\n<li style=\"margin-bottom: 5px;\">Detecci&oacute;n y visualizaci&oacute;n de m&uacute;ltiples objetivos en 4 carriles bidireccionales<\/li>\n<li style=\"margin-bottom: 5px;\">Cobertura vertical de 200 m<\/li>\n<li style=\"margin-bottom: 5px;\">Algoritmo deep learning para reconocimiento de matr&iacute;culas y estructuraci&oacute;n de objetivos<\/li>\n<li style=\"margin-bottom: 5px;\">Detecci&oacute;n de posici&oacute;n&comma; carril&comma; velocidad&comma; direcci&oacute;n de m&uacute;ltiples objetivos<\/li>\n<li style=\"margin-bottom: 5px;\">Recolecci&oacute;n de datos de tr&aacute;fico: flujo&comma; velocidad&comma; estado&comma; cola&comma; headway&comma; ocupaci&oacute;n&comma; etc.<\/li>\n<li style=\"margin-bottom: 5px;\">Dos bobinas virtuales por carril&comma; posici&oacute;n ajustable<\/li>\n<li style=\"margin-bottom: 5px;\">Funciones: Defog&comma; HLC&comma; WDR&comma; m&uacute;ltiples modos de balance de blancos<\/li>\n<\/ul>\n<\/div>\n<\/div>\n<\/div>\n<p><!-- Especificaciones de C\u00e1mara --><\/p>\n<div style=\"flex: 1 1 45%; min-width: 300px;\">\n<div style=\"border: 1px solid rgba(150&comma; 150&comma; 150&comma; 0.4); border-radius: 8px; overflow: hidden; display: flex; flex-direction: column;\">\n<div style=\"padding: 15px; background: #df001e; border-bottom: 1px solid #a80000; font-weight: bold; font-size: 18px; color: white; opacity: 0.95;\">ESPECIFICACIONES DE C&Aacute;MARA<\/div>\n<div style=\"padding: 15px; color: inherit;\">\n<ul style=\"padding-left: 20px; margin: 0; font-size: 14px; list-style-type: disc;\">\n<li style=\"margin-bottom: 5px;\"><strong>Resoluci&oacute;n m&aacute;x.:<\/strong> 2688 &times; 1520<\/li>\n<li style=\"margin-bottom: 5px;\"><strong>Iluminaci&oacute;n m&iacute;nima:<\/strong> Color: 0.01 Lux @ F1.2&comma; B\/N: 0.001 Lux @ F1.2<\/li>\n<li style=\"margin-bottom: 5px;\"><strong>Lente:<\/strong> 12 mm fijo<\/li>\n<li style=\"margin-bottom: 5px;\"><strong>Obturaci&oacute;n:<\/strong> 1\/25 s a 1\/100&comma;000 s<\/li>\n<li style=\"margin-bottom: 5px;\"><strong>Iluminador externo:<\/strong> LED continuo<\/li>\n<li style=\"margin-bottom: 5px;\"><strong>Compresi&oacute;n:<\/strong> H.265\/H.264<\/li>\n<li style=\"margin-bottom: 5px;\"><strong>Bitrate:<\/strong> 32 Kbps a 16 Mbps<\/li>\n<li style=\"margin-bottom: 5px;\"><strong>Frame rate:<\/strong> 25\/30 fps seg&uacute;n frecuencia<\/li>\n<\/ul>\n<\/div>\n<\/div>\n<\/div>\n<\/div>\n<p><!-- Especificaciones de Radar e Interfaces --><\/p>\n<div style=\"display: flex; flex-wrap: wrap; gap: 30px; margin-bottom: 30px;\"><!-- Radar --><\/p>\n<div style=\"flex: 1 1 45%; min-width: 300px;\">\n<div style=\"border: 1px solid rgba(150&comma; 150&comma; 150&comma; 0.4); border-radius: 8px; overflow: hidden; display: flex; flex-direction: column;\">\n<div style=\"padding: 15px; background: #df001e; border-bottom: 1px solid #a80000; font-weight: bold; font-size: 18px; color: white; opacity: 0.95;\">ESPECIFICACIONES DE RADAR<\/div>\n<div style=\"padding: 15px; color: inherit;\">\n<ul style=\"padding-left: 20px; margin: 0; font-size: 14px; list-style-type: disc;\">\n<li style=\"margin-bottom: 5px;\"><strong>Detecci&oacute;n:<\/strong> 200 m de cobertura<\/li>\n<li style=\"margin-bottom: 5px;\"><strong>Rango velocidad:<\/strong> 0 a 200 km\/h<\/li>\n<li style=\"margin-bottom: 5px;\"><strong>Objetos detectables:<\/strong> Hasta 128 objetivos<\/li>\n<li style=\"margin-bottom: 5px;\"><strong>Cobertura:<\/strong> 4 carriles<\/li>\n<\/ul>\n<\/div>\n<\/div>\n<\/div>\n<p><!-- Interfaces y Conectividad --><\/p>\n<div style=\"flex: 1 1 45%; min-width: 300px;\">\n<div style=\"border: 1px solid rgba(150&comma; 150&comma; 150&comma; 0.4); border-radius: 8px; overflow: hidden; display: flex; flex-direction: column;\">\n<div style=\"padding: 15px; background: #df001e; border-bottom: 1px solid #a80000; font-weight: bold; font-size: 18px; color: white; opacity: 0.95;\">INTERFACES Y CONECTIVIDAD<\/div>\n<div style=\"padding: 15px; color: inherit;\">\n<ul style=\"padding-left: 20px; margin: 0; font-size: 14px; list-style-type: disc;\">\n<li style=\"margin-bottom: 5px;\"><strong>Ethernet:<\/strong> 2 puertos RJ45 100M\/1000M<\/li>\n<li style=\"margin-bottom: 5px;\"><strong>Almacenamiento:<\/strong> Ranura para tarjeta TF<\/li>\n<li style=\"margin-bottom: 5px;\"><strong>RS-485:<\/strong> 1 puerto<\/li>\n<li style=\"margin-bottom: 5px;\"><strong>RS-232:<\/strong> 1 puerto<\/li>\n<li style=\"margin-bottom: 5px;\"><strong>Protocolos:<\/strong> TCP\/IP&comma; HTTP&comma; DNS&comma; RTP&comma; RTSP<\/li>\n<\/ul>\n<\/div>\n<\/div>\n<\/div>\n<\/div>\n<p><!-- Datos de Tr\u00e1fico y Reconocimiento --><\/p>\n<div style=\"display: flex; flex-wrap: wrap; gap: 30px; margin-bottom: 30px;\">\n<div style=\"flex: 1 1 45%; min-width: 300px;\">\n<div style=\"border: 1px solid rgba(150&comma; 150&comma; 150&comma; 0.4); border-radius: 8px; overflow: hidden; display: flex; flex-direction: column;\">\n<div style=\"padding: 15px; background: #df001e; border-bottom: 1px solid #a80000; font-weight: bold; font-size: 18px; color: white; opacity: 0.95;\">DATOS DE TR&Aacute;FICO<\/div>\n<div style=\"padding: 15px; color: inherit;\">\n<ul style=\"padding-left: 20px; margin: 0; font-size: 14px; list-style-type: disc;\">\n<li style=\"margin-bottom: 5px;\">Flujo de tr&aacute;fico&comma; velocidad&comma; estado<\/li>\n<li style=\"margin-bottom: 5px;\">Longitud de cola&comma; headway&comma; espacio headway<\/li>\n<li style=\"margin-bottom: 5px;\">Ocupaci&oacute;n de espacio y tiempo<\/li>\n<li style=\"margin-bottom: 5px;\">N&uacute;mero de veh&iacute;culos estacionados en &aacute;rea<\/li>\n<li style=\"margin-bottom: 5px;\">Retardo promedio&comma; duraci&oacute;n de estacionamiento<\/li>\n<li style=\"margin-bottom: 5px;\">Veces de estacionamiento<\/li>\n<\/ul>\n<\/div>\n<\/div>\n<\/div>\n<p><!-- Reconocimiento y Precisi\u00f3n --><\/p>\n<div style=\"flex: 1 1 45%; min-width: 300px;\">\n<div style=\"border: 1px solid rgba(150&comma; 150&comma; 150&comma; 0.4); border-radius: 8px; overflow: hidden; display: flex; flex-direction: column;\">\n<div style=\"padding: 15px; background: #df001e; border-bottom: 1px solid #a80000; font-weight: bold; font-size: 18px; color: white; opacity: 0.95;\">RECONOCIMIENTO Y PRECISI&Oacute;N<\/div>\n<div style=\"padding: 15px; color: inherit;\">\n<ul style=\"padding-left: 20px; margin: 0; font-size: 14px; list-style-type: disc;\">\n<li style=\"margin-bottom: 5px;\"><strong>Tasa captura:<\/strong> &gt; 98%<\/li>\n<li style=\"margin-bottom: 5px;\"><strong>Precisi&oacute;n direcci&oacute;n movimiento:<\/strong> &gt; 98.5%<\/li>\n<li style=\"margin-bottom: 5px;\"><strong>Precisi&oacute;n LPR:<\/strong> &gt; 98%<\/li>\n<li style=\"margin-bottom: 5px;\"><strong>Tasa captura err&oacute;nea:<\/strong> &lt; 2%<\/li>\n<li style=\"margin-bottom: 5px;\"><strong>Tipo veh&iacute;culo:<\/strong> Auto&comma; Van&comma; Bus&comma; Cami&oacute;n&comma; SUV&comma; Pickup&comma; Peat&oacute;n&comma; Moto&comma; Triciclo<\/li>\n<li style=\"margin-bottom: 5px;\"><strong>Color veh&iacute;culo:<\/strong> Rojo&comma; amarillo&comma; verde&comma; azul&comma; rosa&comma; morado&comma; cyan&comma; marr&oacute;n&comma; blanco&comma; gris&comma; negro (solo d&iacute;a)<\/li>\n<li style=\"margin-bottom: 5px;\"><strong>Marca veh&iacute;culo:<\/strong> 84 fabricantes (Hyundai&comma; Toyota&comma; KIA&comma; Honda&comma; VW&comma; Benz&comma; Nissan&comma; Ford&comma; BMW&comma; etc.)<\/li>\n<\/ul>\n<\/div>\n<\/div>\n<\/div>\n<\/div>\n<p><!-- Pa\u00edses Soportados y Especificaciones Generales --><!-- Especificaciones Generales --><\/p>\n<div style=\"flex: 1 1 45%; min-width: 300px;\">\n<div style=\"border: 1px solid rgba(150&comma; 150&comma; 150&comma; 0.4); border-radius: 8px; overflow: hidden; display: flex; flex-direction: column;\">\n<div style=\"padding: 15px; background: #df001e; border-bottom: 1px solid #a80000; font-weight: bold; font-size: 18px; color: white; opacity: 0.95;\">ESPECIFICACIONES GENERALES<\/div>\n<div style=\"padding: 15px; color: inherit;\">\n<ul style=\"padding-left: 20px; margin: 0; font-size: 14px; list-style-type: disc;\">\n<li style=\"margin-bottom: 5px;\"><strong>Alimentaci&oacute;n:<\/strong> 24 VAC &plusmn; 10%&comma; m&aacute;x. 15 W<\/li>\n<li style=\"margin-bottom: 5px;\"><strong>Dimensiones:<\/strong> 226 &times; 206.4 &times; 375.3 mm<\/li>\n<li style=\"margin-bottom: 5px;\"><strong>Peso:<\/strong> 3 kg<\/li>\n<li style=\"margin-bottom: 5px;\"><strong>Temperatura operaci&oacute;n:<\/strong> -30&deg;C a 70&deg;C<\/li>\n<li style=\"margin-bottom: 5px;\"><strong>Humedad:<\/strong> 95% o menos (sin condensaci&oacute;n)<\/li>\n<li style=\"margin-bottom: 5px;\"><strong>Funciones:<\/strong> Heartbeat&comma; protecci&oacute;n contrase&ntilde;a&comma; sincronizaci&oacute;n NTP<\/li>\n<\/ul>\n<\/div>\n<\/div>\n<\/div>\n<p><!-- Banner final --><\/p>\n<hr style=\"border: 0; border-top: 1px solid rgba(150&comma; 150&comma; 150&comma; 0.3); margin: 30px 0;\">\n<div style=\"display: flex; flex-wrap: wrap; gap: 30px; margin-bottom: 30px;\">\n<div style=\"flex: 1 1 100%; min-width: 300px; text-align: center;\"><img decoding=\"async\" style=\"width: 100%; max-width: 100%; height: auto; border: 1px solid rgba(150&comma; 150&comma; 150&comma; 0.3); border-radius: 8px;\" src=\"https:\/\/ftp3.syscom.mx\/usuarios\/jsosa\/HIKVISION\/imagenes\/banners\/solution%20complete.png\" alt=\"Soluci\u00f3n completa\" class=\"fr-fic fr-dii\"><\/div>\n<\/div>\n<\/div>\n","protected":false},"excerpt":{"rendered":"<p>C\u00e1mara para Tr\u00e1fico \/ Fusi\u00f3n Radar-Onda Milim\u00e9trica y C\u00e1mara de Baja Iluminaci\u00f3n \/ Seguimiento de 128 Objetos \/ Datos de Tr\u00e1fico y Evaluaci\u00f3n \/ Carcasa Robusta<\/p>\n","protected":false},"featured_media":103302,"comment_status":"open","ping_status":"closed","template":"","meta":[],"product_brand":[],"product_cat":[438],"product_tag":[439,122,54],"class_list":{"0":"post-103303","1":"product","2":"type-product","3":"status-publish","4":"has-post-thumbnail","6":"product_cat-bala","7":"product_tag-bala","8":"product_tag-camaras-ip-y-nvrs","9":"product_tag-hikvision","11":"first","12":"instock","13":"sale","14":"shipping-taxable","15":"purchasable","16":"product-type-simple"},"_links":{"self":[{"href":"https:\/\/soydeaqui.ddns.net\/pachuca\/index.php\/wp-json\/wp\/v2\/product\/103303","targetHints":{"allow":["GET"]}}],"collection":[{"href":"https:\/\/soydeaqui.ddns.net\/pachuca\/index.php\/wp-json\/wp\/v2\/product"}],"about":[{"href":"https:\/\/soydeaqui.ddns.net\/pachuca\/index.php\/wp-json\/wp\/v2\/types\/product"}],"replies":[{"embeddable":true,"href":"https:\/\/soydeaqui.ddns.net\/pachuca\/index.php\/wp-json\/wp\/v2\/comments?post=103303"}],"wp:featuredmedia":[{"embeddable":true,"href":"https:\/\/soydeaqui.ddns.net\/pachuca\/index.php\/wp-json\/wp\/v2\/media\/103302"}],"wp:attachment":[{"href":"https:\/\/soydeaqui.ddns.net\/pachuca\/index.php\/wp-json\/wp\/v2\/media?parent=103303"}],"wp:term":[{"taxonomy":"product_brand","embeddable":true,"href":"https:\/\/soydeaqui.ddns.net\/pachuca\/index.php\/wp-json\/wp\/v2\/product_brand?post=103303"},{"taxonomy":"product_cat","embeddable":true,"href":"https:\/\/soydeaqui.ddns.net\/pachuca\/index.php\/wp-json\/wp\/v2\/product_cat?post=103303"},{"taxonomy":"product_tag","embeddable":true,"href":"https:\/\/soydeaqui.ddns.net\/pachuca\/index.php\/wp-json\/wp\/v2\/product_tag?post=103303"}],"curies":[{"name":"wp","href":"https:\/\/api.w.org\/{rel}","templated":true}]}}