{"id":103281,"date":"2026-03-20T13:35:35","date_gmt":"2026-03-20T13:35:35","guid":{"rendered":"https:\/\/soydeaqui.ddns.net\/pachuca\/index.php\/producto\/nvr-8-megapixel-4k-32-canales-ip-16-puertos-poe-soporta-camaras-con-acusense-4-bahias-de-disco-duro-switch-poe-300-mts-hdmi-en-4k-videoanaliticos\/"},"modified":"2026-03-20T13:35:49","modified_gmt":"2026-03-20T13:35:49","slug":"nvr-8-megapixel-4k-32-canales-ip-16-puertos-poe-soporta-camaras-con-acusense-4-bahias-de-disco-duro-switch-poe-300-mts-hdmi-en-4k-videoanaliticos","status":"publish","type":"product","link":"https:\/\/soydeaqui.ddns.net\/pachuca\/index.php\/producto\/nvr-8-megapixel-4k-32-canales-ip-16-puertos-poe-soporta-camaras-con-acusense-4-bahias-de-disco-duro-switch-poe-300-mts-hdmi-en-4k-videoanaliticos\/","title":{"rendered":"NVR 8 Megapixel (4K) \/ 32 canales IP \/ 16 Puertos PoE+ \/ Soporta C\u00e1maras con AcuSense \/ 4 Bah\u00edas de Disco Duro \/ Switch PoE 300 mts \/ HDMI en 4K \/ Videoanaliticos"},"content":{"rendered":"<div style='width: 100%; max-width: 1200px; margin: 0 auto; font-family: sans-serif; line-height: 1.6; color: inherit; background-color: transparent;'>\n<p style='text-align: center;'><img style='width: 45%; height: auto; border: 1px solid rgba(150&comma;150&comma;150&comma;0.3); border-radius: 8px;' src='https:\/\/ftp3.syscom.mx\/usuarios\/jsosa\/HIKVISION\/imagenes\/logo\/hikvision%20see%20far.png' alt='Logo Hikvision'><\/p>\n<p> <!-- Secciones principales --> <\/p>\n<div style='display: flex; flex-wrap: wrap; gap: 30px; margin: 30px 0;'>\n<div style='flex: 1 1 300px; min-width: 280px;'>\n<h3 style='font-size: 22px; border-bottom: 2px solid currentColor; padding-bottom: 5px; margin-top: 0; color: inherit; opacity: 0.8;'>Caracter\u00edsticas principales<\/h3>\n<ul style='padding-left: 20px; font-size: 15px; color: inherit;'>\n<li style='margin-bottom: 5px;'><strong>Compresi\u00f3n de v\u00eddeo:<\/strong> H.265+ \/ H.265 \/ H.264+ \/ H.264<\/li>\n<li style='margin-bottom: 5px;'>Soporta mouse USB para operar (incluido)<\/li>\n<li style='margin-bottom: 5px;'>Soporta 4 HDD\u00b4s de hasta 10 TB (no incluido)<\/li>\n<li style='margin-bottom: 5px;'>Soporta b\u00fasqueda de agenda en forma local \u00f3 remota<\/li>\n<li style='margin-bottom: 5px;'>Soporta tecnolog\u00eda ANR con c\u00e1mara IP HIKVISION cuando la red est\u00e1 desconectada<\/li>\n<li style='margin-bottom: 5px;'>Soporta DDNS (Hik-Connect&comma; DynDNS&comma; No-IP&comma; etc)<\/li>\n<li style='margin-bottom: 5px;'>Soporta Hik-Connect P2P<\/li>\n<li style='margin-bottom: 5px;'>Acceso remoto v\u00eda tel\u00e9fono: Android&comma; iPhone&comma; iPad (IVMS-4500 \/ Hik-Connect)<\/li>\n<li style='margin-bottom: 5px;'>Compatibilidad con navegadores IE&comma; Safari&comma; Chrome (ietab)<\/li>\n<li style='margin-bottom: 5px;'>Software cliente IVMS-4200 (gratuito)<\/li>\n<li style='margin-bottom: 5px;'>Soporta m\u00faltiples marcas: AXIS&comma; ONVIF&comma; PANASONIC&comma; PSIA&comma; SAMSUNG&comma; ACTi&comma; SANYO&comma; ZAVIO&comma; VIVOTEK entre otros<\/li>\n<li style='margin-bottom: 5px;'>Compatible con gabinete met\u00e1lico GAB-VID2-R2<\/li>\n<\/ul><\/div>\n<div style='flex: 1 1 300px; min-width: 280px;'>\n<h3 style='font-size: 22px; border-bottom: 2px solid currentColor; padding-bottom: 5px; margin-top: 0; color: inherit; opacity: 0.8;'>Funciones de Grabaci\u00f3n y Visualizaci\u00f3n<\/h3>\n<ul style='padding-left: 20px; font-size: 15px; color: inherit;'>\n<li style='margin-bottom: 5px;'>Detecci\u00f3n de movimiento multizona<\/li>\n<li style='margin-bottom: 5px;'>Zoom digital en visualizaci\u00f3n y grabaci\u00f3n<\/li>\n<li style='margin-bottom: 5px;'>Dual stream (main stream y sub stream)<\/li>\n<li style='margin-bottom: 5px;'>Soporta avance r\u00e1pido&comma; lento&comma; cuadro a cuadro&comma; etc<\/li>\n<li style='margin-bottom: 5px;'>Soporta tecnolog\u00eda de discos duros S.M.A.R.T.<\/li>\n<li style='margin-bottom: 5px;'>Soporta m\u00faltiples tipos de grabaci\u00f3n: tiempo real&comma; manual&comma; videosensor&comma; videosensor y alarma&comma; videosensor o alarma<\/li>\n<li style='margin-bottom: 5px;'>Soporta grabaci\u00f3n c\u00edclica (sobreescritura) y no c\u00edclica<\/li>\n<\/ul>\n<h4 style='font-size: 18px; margin-top: 20px; margin-bottom: 10px; color: inherit; opacity: 0.8;'>Resoluci\u00f3n de Grabaci\u00f3n por Canal (recomendado con H.265)<\/h4>\n<ul style='padding-left: 20px; font-size: 15px; color: inherit;'>\n<li style='margin-bottom: 5px;'>2 Megapixel: 32 Canales \/ 30 IPS<\/li>\n<li style='margin-bottom: 5px;'>5 Megapixel: 32 Canales \/ 15 IPS<\/li>\n<li style='margin-bottom: 5px;'>8 Megapixel (4K): 32 Canales \/ 12 IPS<\/li>\n<li style='margin-bottom: 5px;'>Reproducci\u00f3n s\u00edncrona en canales: 16 Canales<\/li>\n<\/ul><\/div>\n<div style='flex: 1 1 300px; min-width: 280px;'>\n<h3 style='font-size: 22px; border-bottom: 2px solid currentColor; padding-bottom: 5px; margin-top: 0; color: inherit; opacity: 0.8;'>Interfaces Entradas \/ Salidas<\/h3>\n<ul style='padding-left: 20px; font-size: 15px; color: inherit;'>\n<li style='margin-bottom: 5px;'><strong>Salida HDMI:<\/strong> 4K \/ 1080p (Full HD) \/ HD (720p)<\/li>\n<li style='margin-bottom: 5px;'><strong>Salida VGA:<\/strong> 1080p (Full HD) \/ HD (720p)<\/li>\n<li style='margin-bottom: 5px;'>Salida independiente HDMI y VGA<\/li>\n<li style='margin-bottom: 5px;'><strong>Entrada de Audio:<\/strong> 1 Canal<\/li>\n<li style='margin-bottom: 5px;'><strong>Salida de Audio:<\/strong> 1 Canal<\/li>\n<li style='margin-bottom: 5px;'><strong>Entrada de Alarma:<\/strong> 16<\/li>\n<li style='margin-bottom: 5px;'><strong>Salida de Alarma:<\/strong> 4<\/li>\n<li style='margin-bottom: 5px;'>Soporta audio bidireccional (audio de dos v\u00edas)<\/li>\n<li style='margin-bottom: 5px;'><strong>Grabaci\u00f3n externa:<\/strong> iSCSI y NFS (SYNOLOGY) \/ hasta 16TB (2 LUN 8TB)<\/li>\n<li style='margin-bottom: 5px;'><strong>Capacidad de discos SATA:<\/strong> 4 HDD\u00b4s de hasta 10 TB<\/li>\n<li style='margin-bottom: 5px;'><strong>Soporte para e-SATA:<\/strong> N\/A<\/li>\n<li style='margin-bottom: 5px;'><strong>Arreglo de discos:<\/strong> N\/A<\/li>\n<\/ul>\n<h3 style='font-size: 22px; border-bottom: 2px solid currentColor; padding-bottom: 5px; margin-top: 25px; color: inherit; opacity: 0.8;'>Caracter\u00edsticas f\u00edsicas y el\u00e9ctricas<\/h3>\n<ul style='padding-left: 20px; font-size: 15px; color: inherit;'>\n<li style='margin-bottom: 5px;'><strong>Dimensiones:<\/strong> 445 \u00d7 390 \u00d7 75mm<\/li>\n<li style='margin-bottom: 5px;'><strong>Alimentaci\u00f3n:<\/strong> 100 a 240 Vca \/ 20 W<\/li>\n<li style='margin-bottom: 5px;'><strong>Temperatura de operaci\u00f3n:<\/strong> -10\u00b0C a 55\u00b0C<\/li>\n<li style='margin-bottom: 5px;'><strong>Peso:<\/strong> 3 Kg sin HDD<\/li>\n<\/ul><\/div>\n<\/p><\/div>\n<p> <!-- Secci\u00f3n de capacidad de procesamiento y funciones de red --> <\/p>\n<div style='margin: 30px 0;'>\n<h3 style='font-size: 22px; border-bottom: 2px solid currentColor; padding-bottom: 5px; margin-top: 0; color: inherit; opacity: 0.8;'>Capacidad de procesamiento y funciones de red<\/h3>\n<ul style='padding-left: 20px; font-size: 15px; color: inherit;'>\n<li style='margin-bottom: 5px;'><strong>Throughput entrada:<\/strong> 256 Mbps<\/li>\n<li style='margin-bottom: 5px;'><strong>Throughput salida:<\/strong> 160 Mbps<\/li>\n<li style='margin-bottom: 5px;'>El Modo Extendido solo puede alimentar c\u00e1maras IP fijas (NO PTZ 802.3at)<\/li>\n<li style='margin-bottom: 5px;'><strong>Puerto de red:<\/strong> 1 puerto 10 \/ 100 \/ 1000 Mbps (LAN)<\/li>\n<li style='margin-bottom: 5px;'><strong>Puertos PoE:<\/strong> 16 Puertos Interconstruidos 802.3 af\/at (30 W max por puerto)<\/li>\n<li style='margin-bottom: 5px;'><strong>M\u00e1xima capacidad de suministros en puertos PoE:<\/strong> 200W<\/li>\n<li style='margin-bottom: 5px;'>Configuraci\u00f3n remota de par\u00e1metros<\/li>\n<li style='margin-bottom: 5px;'>Descarga y reproducci\u00f3n por red de los archivos grabados en la NVR<\/li>\n<li style='margin-bottom: 5px;'>Soporta la descarga de bit\u00e1cora de alarmas del NVR en forma remota<\/li>\n<li style='margin-bottom: 5px;'>Configuraci\u00f3n remota de par\u00e1metros<\/li>\n<\/ul><\/div>\n<p> <!-- Caracter\u00edsticas destacadas con AcuSense --> <\/p>\n<div style='margin: 30px 0;'>\n<h3 style='font-size: 22px; border-bottom: 2px solid currentColor; padding-bottom: 5px; margin-top: 0; color: inherit; opacity: 0.8;'>Caracter\u00edsticas Destacadas<\/h3>\n<h4 style='font-size: 18px; margin-top: 20px; margin-bottom: 10px; color: inherit; opacity: 0.8;'>Soporta c\u00e1maras con ACUSENSE (Filtro de Falsas Alarmas)<\/h4>\n<ul style='padding-left: 20px; font-size: 15px; color: inherit;'>\n<li style='margin-bottom: 5px;'>Con tecnolog\u00eda ACUSENSE podemos evitar falsas alarmas como movimiento de \u00e1rboles&comma; animales&comma; etc.<\/li>\n<li style='margin-bottom: 5px;'>Al activar la tecnolog\u00eda ACUSENSE en las c\u00e1maras solo detectar\u00e1 cuerpo humano y veh\u00edculos para identificar eventos realmente importantes y as\u00ed eliminar falsas alarmas.<\/li>\n<li style='margin-bottom: 5px;'>Soporta hasta 32 canales con la tecnolog\u00eda ACUSENSE utilizando c\u00e1maras: <a style='color: inherit; text-decoration: underline;' href='https:\/\/www.syscom.mx\/principal\/consultarproductosazul?global_search=ds2cd3&#038;ordenar=Relevancia&#038;pag=1' target='_blank' rel='noopener'>DS-2CD3XX<\/a> \/ <a style='color: inherit; text-decoration: underline;' href='https:\/\/www.syscom.mx\/principal\/consultarproductosazul?global_search=ds2cd2xx3g2&#038;ordenar=Modelo_A-Z&#038;pag=1' target='_blank' rel='noopener'>DS-2CD2XX3G2<\/a> \/ <a style='color: inherit; text-decoration: underline;' href='https:\/\/www.syscom.mx\/principal\/consultarproductosazul?global_search=DS-2CD2XX7G2&#038;ordenar=Relevancia&#038;pag=1' target='_blank' rel='noopener'>DS-2CD2XX7G2<\/a> (que soporte ACUSENSE)<\/li>\n<\/ul><\/div>\n<p> <!-- Consideraciones --> <\/p>\n<div style='margin: 30px 0;'>\n<h3 style='font-size: 22px; border-bottom: 2px solid currentColor; padding-bottom: 5px; margin-top: 0; color: inherit; opacity: 0.8;'>Consideraciones<\/h3>\n<p style='font-size: 15px; color: inherit;'>No hay consideraciones espec\u00edficas para este producto.<\/p>\n<\/p><\/div>\n<p> <!-- Recursos --> <\/p>\n<div style='margin: 30px 0;'>\n<h2 style='font-size: 20px; text-align: center; margin-bottom: 20px; color: inherit; opacity: 0.8;'>Recursos<\/h2>\n<div style='display: flex; flex-wrap: wrap; gap: 20px; justify-content: center;'>\n<div style='flex: 1 1 250px; min-width: 200px;'> <a style='display: block; text-align: center;' href='https:\/\/www.hikvision.com\/es-la\/support\/download\/software\/ivms4200-series\/?q=serie%20ivms4200&#038;position=1' target='_blank' rel='noopener'> <img style='width: 100%; height: auto; border: 1px solid rgba(150&comma;150&comma;150&comma;0.3); border-radius: 8px;' src='https:\/\/ftp3.syscom.mx\/usuarios\/gmagos\/HIK\/IP\/IPC\/Imagenes%20pagina\/Descargas%20IVMS4200.jpg' alt='IVMS4200 Software'> <\/a> <\/div>\n<div style='flex: 1 1 250px; min-width: 200px;'> <a style='display: block; text-align: center;' href='https:\/\/appstore.hikvision.com\/' target='_blank' rel='noopener'> <img style='width: 100%; height: auto; border: 1px solid rgba(150&comma;150&comma;150&comma;0.3); border-radius: 8px;' src='https:\/\/ftp3.syscom.mx\/usuarios\/gmagos\/HIK\/IP\/IPC\/Imagenes%20pagina\/Descargas%20de%20app.jpg' alt='Aplicaci\u00f3n Hikvision'> <\/a> <\/div>\n<div style='flex: 1 1 250px; min-width: 200px;'> <a style='display: block; text-align: center;' href='https:\/\/ftp3.syscom.mx\/usuarios\/gmagos\/HIK\/IP\/NVR\/DS-77000NI-K\/Especificaciones%20Tecnicas%20DS-7700NI-K4_P.pdf' target='_blank' rel='noopener'> <img style='width: 100%; height: auto; border: 1px solid rgba(150&comma;150&comma;150&comma;0.3); border-radius: 8px;' src='https:\/\/ftp3.syscom.mx\/usuarios\/gmagos\/HIK\/IP\/IPC\/Imagenes%20pagina\/Descarga%20de%20PDF.jpg' alt='Especificaciones t\u00e9cnicas'> <\/a> <\/div>\n<\/p><\/div>\n<\/p><\/div>\n<p> <!-- H.265+ Info --> <\/p>\n<div style='display: flex; flex-wrap: wrap; gap: 30px; align-items: center; margin: 30px 0;'>\n<div style='flex: 1 1 300px; min-width: 280px;'> <img style='width: 100%; height: auto; border: 1px solid rgba(150&comma;150&comma;150&comma;0.3); border-radius: 8px;' src='https:\/\/ftp3.syscom.mx\/usuarios\/jsosa\/josesosa\/Imagenes\/menosconsumoh.jpg' alt='Menor consumo H.265+'> <\/div>\n<div style='flex: 1 1 300px; min-width: 280px;'>\n<h2 style='font-size: 20px; margin-top: 0; color: inherit; opacity: 0.8;'>\u00bfQu\u00e9 es H.265+?<\/h2>\n<p style='font-size: 15px; color: inherit;'><strong>H.265+ es el m\u00e9todo de compresi\u00f3n patentado por Hikvision&comma; permite ahorrar hasta 80% de almacenamiento y ancho de banda.<\/strong><\/p>\n<ul style='padding-left: 20px; font-size: 15px; color: inherit;'>\n<li style='margin-bottom: 5px;'><strong>M\u00e1s c\u00e1maras (3MP \/ 5MP \/ 4K) con menor consumo de ancho de banda<\/strong><\/li>\n<li style='margin-bottom: 5px;'><strong>M\u00e1s tiempo de grabaci\u00f3n con menos cantidad de discos duros<\/strong><\/li>\n<\/ul><\/div>\n<\/p><\/div>\n<p> <!-- Im\u00e1genes adicionales --> <\/p>\n<div style='display: flex; flex-wrap: wrap; gap: 20px; margin: 30px 0;'>\n<div style='flex: 1 1 400px; min-width: 300px;'> <img style='width: 100%; height: auto; border: 1px solid rgba(150&comma;150&comma;150&comma;0.3); border-radius: 8px;' src='https:\/\/ftp3.syscom.mx\/usuarios\/emendoza\/elesbanmch\/HIKVISON\/IMAGENES\/NVR-POE-CONVENCIONAL%20(1).jpg' alt='NVR PoE Convencional'> <\/div>\n<div style='flex: 1 1 400px; min-width: 300px;'> <img style='width: 100%; height: auto; border: 1px solid rgba(150&comma;150&comma;150&comma;0.3); border-radius: 8px;' src='http:\/\/ftp3.syscom.mx\/usuarios\/jsosa\/GIF\/softwarecompatible.jpg' alt='Software Compatible'> <\/div>\n<\/p><\/div>\n<div style='margin: 30px 0;'> <img style='width: 100%; height: auto; border: 1px solid rgba(150&comma;150&comma;150&comma;0.3); border-radius: 8px;' src='https:\/\/lh3.googleusercontent.com\/-d7yrSVr6mXA\/WPTj2vNrj1I\/AAAAAAAAFGY\/DMSDvbBqROEzDNNOQrgFi5jawSrit8mmQCL0B\/h476\/2017-04-17.jpg' alt='Hikvision Tecnolog\u00eda'> <\/div>\n<div style='margin: 30px 0;'> <img style='width: 100%; height: auto; border: 1px solid rgba(150&comma;150&comma;150&comma;0.3); border-radius: 8px;' src='https:\/\/ftp3.syscom.mx\/usuarios\/jsosa\/HIKVISION\/imagenes\/banners\/solution%20complete.png' alt='Soluci\u00f3n Completa Hikvision'> <\/div>\n<\/p><\/div>\n","protected":false},"excerpt":{"rendered":"<p>NVR 8 Megapixel (4K) \/ 32 canales IP \/ 16 Puertos PoE+ \/ Soporta C\u00e1maras con AcuSense \/ 4 Bah\u00edas de Disco Duro \/ Switch PoE 300 mts \/ HDMI en 4K \/ Videoanaliticos<\/p>\n","protected":false},"featured_media":103280,"comment_status":"open","ping_status":"closed","template":"","meta":[],"product_brand":[],"product_cat":[2234],"product_tag":[122,54,2235],"class_list":{"0":"post-103281","1":"product","2":"type-product","3":"status-publish","4":"has-post-thumbnail","6":"product_cat-nvrs-network-video-recorders","7":"product_tag-camaras-ip-y-nvrs","8":"product_tag-hikvision","9":"product_tag-nvrs-network-video-recorders","11":"first","12":"outofstock","13":"sale","14":"shipping-taxable","15":"purchasable","16":"product-type-simple"},"_links":{"self":[{"href":"https:\/\/soydeaqui.ddns.net\/pachuca\/index.php\/wp-json\/wp\/v2\/product\/103281","targetHints":{"allow":["GET"]}}],"collection":[{"href":"https:\/\/soydeaqui.ddns.net\/pachuca\/index.php\/wp-json\/wp\/v2\/product"}],"about":[{"href":"https:\/\/soydeaqui.ddns.net\/pachuca\/index.php\/wp-json\/wp\/v2\/types\/product"}],"replies":[{"embeddable":true,"href":"https:\/\/soydeaqui.ddns.net\/pachuca\/index.php\/wp-json\/wp\/v2\/comments?post=103281"}],"wp:featuredmedia":[{"embeddable":true,"href":"https:\/\/soydeaqui.ddns.net\/pachuca\/index.php\/wp-json\/wp\/v2\/media\/103280"}],"wp:attachment":[{"href":"https:\/\/soydeaqui.ddns.net\/pachuca\/index.php\/wp-json\/wp\/v2\/media?parent=103281"}],"wp:term":[{"taxonomy":"product_brand","embeddable":true,"href":"https:\/\/soydeaqui.ddns.net\/pachuca\/index.php\/wp-json\/wp\/v2\/product_brand?post=103281"},{"taxonomy":"product_cat","embeddable":true,"href":"https:\/\/soydeaqui.ddns.net\/pachuca\/index.php\/wp-json\/wp\/v2\/product_cat?post=103281"},{"taxonomy":"product_tag","embeddable":true,"href":"https:\/\/soydeaqui.ddns.net\/pachuca\/index.php\/wp-json\/wp\/v2\/product_tag?post=103281"}],"curies":[{"name":"wp","href":"https:\/\/api.w.org\/{rel}","templated":true}]}}