{"id":103237,"date":"2026-03-20T13:33:20","date_gmt":"2026-03-20T13:33:20","guid":{"rendered":"https:\/\/soydeaqui.ddns.net\/pachuca\/index.php\/producto\/camara-para-deteccion-de-espacios-de-estacionamiento-4-mp-anpr-1-lente-ia-avanzada-led-integrado-ibeacon-3-espacio-ocupados-o-libres-alimentacion-poe\/"},"modified":"2026-03-20T13:33:22","modified_gmt":"2026-03-20T13:33:22","slug":"camara-para-deteccion-de-espacios-de-estacionamiento-4-mp-anpr-1-lente-ia-avanzada-led-integrado-ibeacon-3-espacio-ocupados-o-libres-alimentacion-poe","status":"publish","type":"product","link":"https:\/\/soydeaqui.ddns.net\/pachuca\/index.php\/producto\/camara-para-deteccion-de-espacios-de-estacionamiento-4-mp-anpr-1-lente-ia-avanzada-led-integrado-ibeacon-3-espacio-ocupados-o-libres-alimentacion-poe\/","title":{"rendered":"C\u00e1mara Para Detecci\u00f3n de Espacios de Estacionamiento\/ 4 MP \/ ANPR \/ 1 Lente \/ IA Avanzada \/ LED Integrado \/ iBeacon \/ 3 Espacio Ocupados o Libres \/ Alimentaci\u00f3n PoE"},"content":{"rendered":"<div style=\"width: 100%; max-width: 1200px; margin: 0 auto; font-family: sans-serif; line-height: 1.6; color: inherit; background-color: transparent;\"><!-- Banner inicio - Logo Hikvision --><\/p>\n<p style=\"text-align: center; margin: 0; padding: 20px 0;\"><img decoding=\"async\" style=\"width: 45%; height: auto; border: 1px solid rgba(150&comma; 150&comma; 150&comma; 0.3); border-radius: 8px;\" src=\"https:\/\/ftp3.syscom.mx\/usuarios\/jsosa\/HIKVISION\/imagenes\/logo\/hikvision%20see%20far.png\" alt=\"Logo Hikvision\" class=\"fr-fic fr-dii\"><\/p>\n<p><!-- T\u00edtulo del producto --><\/p>\n<h3 style=\"font-size: 22px; border-bottom: 2px solid currentColor; padding-bottom: 5px; margin-top: 0; margin-bottom: 20px; color: inherit; opacity: 0.8; text-align: center;\"><strong>C&Aacute;MARA PARA GU&Iacute;A DE ESTACIONAMIENTO 4 MP iBeacon DS-TCP440-B<\/strong><\/h3>\n<p><!-- Video YouTube --><\/p>\n<div style=\"position: relative; padding-bottom: 56.25%; height: 0; overflow: hidden; margin: 30px 0;\"> <\/div>\n<p><!-- Secci\u00f3n de caracter\u00edsticas en cajas rojas --><\/p>\n<div style=\"display: flex; flex-wrap: wrap; gap: 30px; margin: 30px 0;\"><!-- Caracter\u00edsticas Generales --><\/p>\n<div style=\"flex: 1 1 30%; min-width: 280px;\">\n<div style=\"border: 1px solid rgba(150&comma;150&comma;150&comma;0.4); border-radius: 8px; overflow: hidden;\">\n<div style=\"background: #df001e; color: #ffffff; padding: 15px; font-weight: bold; font-size: 18px; border-bottom: 2px solid #a80000;\">CARACTER&Iacute;STICAS GENERALES<\/div>\n<div style=\"padding: 15px; background-color: #f9f9f9;\">\n<ul style=\"padding-left: 20px; margin: 0; font-size: 14px; list-style-type: disc;\">\n<li style=\"margin-bottom: 8px;\">C&aacute;mara con lente &uacute;nico para detecci&oacute;n de 3 espacios de estacionamiento<\/li>\n<li style=\"margin-bottom: 8px;\"><strong>Reconocimiento ANPR:<\/strong> Precisi&oacute;n &ge; 99.5%<\/li>\n<li style=\"margin-bottom: 8px;\"><strong>Detecci&oacute;n de estado del espacio:<\/strong> Precisi&oacute;n &ge; 99.99%<\/li>\n<li style=\"margin-bottom: 8px;\"><strong>Resoluci&oacute;n m&aacute;xima:<\/strong> 4 MP (2560 &times; 1440)<\/li>\n<li style=\"margin-bottom: 8px;\"><strong>Sensor:<\/strong> CMOS 1\/3&quot; Progressive Scan<\/li>\n<li style=\"margin-bottom: 8px;\"><strong>Chip AI:<\/strong> Algoritmo de deep learning integrado<\/li>\n<li style=\"margin-bottom: 8px;\"><strong>iBeacon integrado:<\/strong> Soporta posicionamiento indoor y navegaci&oacute;n con APP<\/li>\n<li style=\"margin-bottom: 8px;\"><strong>Reducci&oacute;n de ruido 3D:<\/strong> Para im&aacute;genes limpias y n&iacute;tidas<\/li>\n<li style=\"margin-bottom: 8px;\"><strong>ROI encoding:<\/strong> Codificaci&oacute;n por regiones de inter&eacute;s<\/li>\n<\/ul>\n<\/div>\n<\/div>\n<\/div>\n<p><!-- Caracter\u00edsticas de Imagen y Lente --><\/p>\n<div style=\"flex: 1 1 30%; min-width: 280px;\">\n<div style=\"border: 1px solid rgba(150&comma;150&comma;150&comma;0.4); border-radius: 8px; overflow: hidden;\">\n<div style=\"background: #df001e; color: #ffffff; padding: 15px; font-weight: bold; font-size: 18px; border-bottom: 2px solid #a80000;\">IMAGEN Y LENTE<\/div>\n<div style=\"padding: 15px; background-color: #f9f9f9;\">\n<ul style=\"padding-left: 20px; margin: 0; font-size: 14px; list-style-type: disc;\">\n<li style=\"margin-bottom: 8px;\"><strong>Iluminaci&oacute;n m&iacute;nima color:<\/strong> 0.019 Lux @ (F1.9&comma; AGC OFF)<\/li>\n<li style=\"margin-bottom: 8px;\"><strong>Iluminaci&oacute;n m&iacute;nima B\/N:<\/strong> 0.011 Lux @ (F1.9&comma; AGC OFF)<\/li>\n<li style=\"margin-bottom: 8px;\"><strong>Obturador:<\/strong> 1 a 1\/100&comma;000 s<\/li>\n<li style=\"margin-bottom: 8px;\"><strong>WDR:<\/strong> 140 dB<\/li>\n<li style=\"margin-bottom: 8px;\"><strong>Defog:<\/strong> Compatible<\/li>\n<li style=\"margin-bottom: 8px;\"><strong>Lente disponible:<\/strong> 2.8 mm&nbsp;<\/li>\n<li style=\"margin-bottom: 8px;\"><strong>Apertura:<\/strong> F2.0<\/li>\n<li style=\"margin-bottom: 8px;\"><strong>Campo de visi&oacute;n (2.8mm):<\/strong> Horizontal 103.7&deg;&comma; Vertical 56.1&deg;<\/li>\n<li style=\"margin-bottom: 8px;\"><strong>Enfoque:<\/strong> Fijo<\/li>\n<\/ul>\n<\/div>\n<\/div>\n<\/div>\n<p><!-- Video y Compresi\u00f3n --><\/p>\n<div style=\"flex: 1 1 30%; min-width: 280px;\">\n<div style=\"border: 1px solid rgba(150&comma;150&comma;150&comma;0.4); border-radius: 8px; overflow: hidden;\">\n<div style=\"background: #df001e; color: #ffffff; padding: 15px; font-weight: bold; font-size: 18px; border-bottom: 2px solid #a80000;\">VIDEO Y COMPRESI&Oacute;N<\/div>\n<div style=\"padding: 15px; background-color: #f9f9f9;\">\n<ul style=\"padding-left: 20px; margin: 0; font-size: 14px; list-style-type: disc;\">\n<li style=\"margin-bottom: 8px;\"><strong>Compresi&oacute;n de video:<\/strong> H.265\/H.264\/MJPEG<\/li>\n<li style=\"margin-bottom: 8px;\"><strong>Main Stream:<\/strong> 25 fps (2688 &times; 1520&comma; 1920 &times; 1080&comma; 1280 &times; 720)<\/li>\n<li style=\"margin-bottom: 8px;\"><strong>Sub-Stream:<\/strong> 25 fps (1920 &times; 1080&comma; 1280 &times; 720&comma; 704 &times; 576&comma; 640 &times; 480)<\/li>\n<li style=\"margin-bottom: 8px;\"><strong>Bitrate de video:<\/strong> 32 Kbps a 16 Mbps<\/li>\n<li style=\"margin-bottom: 8px;\"><strong>Tipo de bitrate:<\/strong> Constante \/ Variable<\/li>\n<li style=\"margin-bottom: 8px;\"><strong>ROI:<\/strong> 8 regiones con 6 niveles de calidad<\/li>\n<li style=\"margin-bottom: 8px;\"><strong>SVC:<\/strong> Escalable para H.265 y H.264<\/li>\n<\/ul>\n<\/div>\n<\/div>\n<\/div>\n<\/div>\n<p><!-- Segunda fila de caracter\u00edsticas --><\/p>\n<div style=\"display: flex; flex-wrap: wrap; gap: 30px; margin: 30px 0;\"><!-- Detecci\u00f3n y Smart Functions --><\/p>\n<div style=\"flex: 1 1 45%; min-width: 300px;\">\n<div style=\"border: 1px solid rgba(150&comma;150&comma;150&comma;0.4); border-radius: 8px; overflow: hidden;\">\n<div style=\"background: #df001e; color: #ffffff; padding: 15px; font-weight: bold; font-size: 18px; border-bottom: 2px solid #a80000;\">DETECCI&Oacute;N Y FUNCIONES INTELIGENTES<\/div>\n<div style=\"padding: 15px; background-color: #f9f9f9;\">\n<ul style=\"padding-left: 20px; margin: 0; font-size: 14px; list-style-type: disc;\">\n<li style=\"margin-bottom: 8px;\"><strong>N&uacute;mero m&aacute;ximo de espacios:<\/strong> 3 espacios por c&aacute;mara<\/li>\n<li style=\"margin-bottom: 8px;\"><strong>Detecci&oacute;n inteligente:<\/strong> Estado del espacio (ocupado\/libre)<\/li>\n<li style=\"margin-bottom: 8px;\"><strong>An&aacute;lisis inteligente:<\/strong> Cruce de l&iacute;nea&comma; detecci&oacute;n de movimiento<\/li>\n<li style=\"margin-bottom: 8px;\"><strong>Indicador LED:<\/strong> 3 interfaces para l&aacute;mparas LED<\/li>\n<li style=\"margin-bottom: 8px;\"><strong>Colores de indicaci&oacute;n:<\/strong> Rojo&comma; Verde&comma; Amarillo&comma; Azul&comma; Cian&comma; Magenta<\/li>\n<li style=\"margin-bottom: 8px;\"><strong>Tecnolog&iacute;a LED:<\/strong> Alto brillo&comma; bajo consumo<\/li>\n<li style=\"margin-bottom: 8px;\"><strong>&nbsp;ANPR<\/strong><\/li>\n<\/ul>\n<\/div>\n<\/div>\n<\/div>\n<p><!-- Interfaces y Red --><\/p>\n<div style=\"flex: 1 1 45%; min-width: 300px;\">\n<div style=\"border: 1px solid rgba(150&comma;150&comma;150&comma;0.4); border-radius: 8px; overflow: hidden;\">\n<div style=\"background: #df001e; color: #ffffff; padding: 15px; font-weight: bold; font-size: 18px; border-bottom: 2px solid #a80000;\">INTERFACES Y RED<\/div>\n<div style=\"padding: 15px; background-color: #f9f9f9;\">\n<ul style=\"padding-left: 20px; margin: 0; font-size: 14px; list-style-type: disc;\">\n<li style=\"margin-bottom: 8px;\"><strong>Interfaz de red:<\/strong> 2 RJ45 10\/100\/1000 M self-adaptive<\/li>\n<li style=\"margin-bottom: 8px;\"><strong>Conexi&oacute;n en serie:<\/strong> Soporta conexi&oacute;n de c&aacute;maras en cadena<\/li>\n<li style=\"margin-bottom: 8px;\"><strong>Protocolos:<\/strong> TCP\/IP&comma; HTTP&comma; HTTPS&comma; FTP&comma; DHCP&comma; DNS&comma; DDNS&comma; RTSP&comma; NTP&comma; SNMP&comma; OTAP<\/li>\n<li style=\"margin-bottom: 8px;\"><strong>API:<\/strong> ONVIF (Profile S&comma; G)&comma; ISAPI&comma; SDK<\/li>\n<li style=\"margin-bottom: 8px;\"><strong>Almacenamiento en red:<\/strong> NAS (NFS&comma; SMB\/CIFS)&comma; ANR<\/li>\n<li style=\"margin-bottom: 8px;\"><strong>Seguridad:<\/strong> Restauraci&oacute;n con un bot&oacute;n&comma; protecci&oacute;n por contrase&ntilde;a&comma; watermark<\/li>\n<li style=\"margin-bottom: 8px;\"><strong>Clientes compatibles:<\/strong> HikCentral&comma; SDKdemo&comma; DS-TPM400<\/li>\n<\/ul>\n<\/div>\n<\/div>\n<\/div>\n<\/div>\n<p><!-- Caracter\u00edsticas F\u00edsicas y El\u00e9ctricas --><\/p>\n<div style=\"display: flex; flex-wrap: wrap; gap: 30px; margin: 30px 0;\">\n<div style=\"flex: 1 1 45%; min-width: 300px;\">\n<div style=\"border: 1px solid rgba(150&comma;150&comma;150&comma;0.4); border-radius: 8px; overflow: hidden;\">\n<div style=\"background: #df001e; color: #ffffff; padding: 15px; font-weight: bold; font-size: 18px; border-bottom: 2px solid #a80000;\">CARACTER&Iacute;STICAS F&Iacute;SICAS Y EL&Eacute;CTRICAS<\/div>\n<div style=\"padding: 15px; background-color: #f9f9f9;\">\n<ul style=\"padding-left: 20px; margin: 0; font-size: 14px; list-style-type: disc;\">\n<li style=\"margin-bottom: 8px;\"><strong>Consumo:<\/strong> M&aacute;x. 6.5 W<\/li>\n<li style=\"margin-bottom: 8px;\"><strong>Alimentaci&oacute;n:<\/strong> PoE Hikvision o 12 a 24 VDC<\/li>\n<li style=\"margin-bottom: 8px;\"><strong>Temperatura de operaci&oacute;n:<\/strong> -20&deg;C a 70&deg;C (-4&deg;F a 158&deg;F)<\/li>\n<li style=\"margin-bottom: 8px;\"><strong>Humedad:<\/strong> 5% a 95% @ 40&deg;C (sin condensaci&oacute;n)<\/li>\n<li style=\"margin-bottom: 8px;\"><strong>Nivel de protecci&oacute;n:<\/strong> IP54<\/li>\n<li style=\"margin-bottom: 8px;\"><strong>Dimensiones (c&aacute;mara):<\/strong> 170 &times; 121 &times; 105 mm<\/li>\n<li style=\"margin-bottom: 8px;\"><strong>Dimensiones (con empaque):<\/strong> 275 &times; 205 &times; 175 mm<\/li>\n<li style=\"margin-bottom: 8px;\"><strong>Peso:<\/strong> 0.525 kg (1.1 lb)<\/li>\n<li style=\"margin-bottom: 8px;\"><strong>Peso con empaque:<\/strong> 1 kg (2.2 lb)<\/li>\n<li style=\"margin-bottom: 8px;\"><strong>Idiomas:<\/strong> 33 idiomas (espa&ntilde;ol incluido)<\/li>\n<\/ul>\n<\/div>\n<\/div>\n<\/div>\n<p><!-- Modelos y Accesorios --><\/p>\n<div style=\"flex: 1 1 45%; min-width: 300px;\">\n<div style=\"border: 1px solid rgba(150&comma;150&comma;150&comma;0.4); border-radius: 8px; overflow: hidden;\">\n<div style=\"background: #df001e; color: #ffffff; padding: 15px; font-weight: bold; font-size: 18px; border-bottom: 2px solid #a80000;\">MODELOS Y ACCESORIOS<\/div>\n<div style=\"padding: 15px; background-color: #f9f9f9;\">\n<ul style=\"padding-left: 20px; margin: 0; font-size: 14px; list-style-type: disc;\">\n<li style=\"margin-bottom: 8px;\"><strong>Modelos disponibles:<\/strong><\/li>\n<li style=\"margin-bottom: 8px; margin-left: 20px;\">DS-TCP440-B(E)(2.8mm)<\/li>\n<li style=\"margin-bottom: 8px; margin-left: 20px;\">DS-TCP440-B(E)(4mm)<\/li>\n<li style=\"margin-bottom: 8px;\"><strong>Accesorios opcionales:<\/strong><\/li>\n<li style=\"margin-bottom: 8px; margin-left: 20px;\">L800-R35 (barra de extensi&oacute;n)<\/li>\n<li style=\"margin-bottom: 8px; margin-left: 20px;\">L300-R35 (barra de extensi&oacute;n)<\/li>\n<li style=\"margin-bottom: 8px; margin-left: 20px;\">DS-2270ZYZ-WC (protecci&oacute;n contra agua)<\/li>\n<\/ul>\n<\/div>\n<\/div>\n<\/div>\n<\/div>\n<p><!-- Recomendaciones de Instalaci\u00f3n --><\/p>\n<div style=\"display: flex; flex-wrap: wrap; gap: 30px; margin: 30px 0;\">\n<div style=\"flex: 1 1 100%; min-width: 300px;\">\n<div style=\"border: 1px solid rgba(150&comma;150&comma;150&comma;0.4); border-radius: 8px; overflow: hidden;\">\n<div style=\"background: #df001e; color: #ffffff; padding: 15px; font-weight: bold; font-size: 18px; border-bottom: 2px solid #a80000;\">RECOMENDACIONES DE INSTALACI&Oacute;N<\/div>\n<div style=\"padding: 15px; background-color: #f9f9f9;\">\n<table style=\"width: 100%; border-collapse: collapse; font-size: 14px;\">\n<thead>\n<tr style=\"background-color: #f0f0f0;\">\n<th style=\"padding: 10px; border: 1px solid #ddd;\">Lente<\/th>\n<th style=\"padding: 10px; border: 1px solid #ddd;\">Distancia<\/th>\n<th style=\"padding: 10px; border: 1px solid #ddd;\">Altura<\/th>\n<th style=\"padding: 10px; border: 1px solid #ddd;\">Cobertura<\/th>\n<\/tr>\n<\/thead>\n<tbody>\n<tr>\n<td style=\"padding: 10px; border: 1px solid #ddd;\">2.8mm<\/td>\n<td style=\"padding: 10px; border: 1px solid #ddd;\">2.5-6.0m<\/td>\n<td style=\"padding: 10px; border: 1px solid #ddd;\">2.3m-2.8m<\/td>\n<td style=\"padding: 10px; border: 1px solid #ddd;\">1-3 espacios<\/td>\n<\/tr>\n<tr>\n<td style=\"padding: 10px; border: 1px solid #ddd;\">4mm<\/td>\n<td style=\"padding: 10px; border: 1px solid #ddd;\">4.0-8.0m<\/td>\n<td style=\"padding: 10px; border: 1px solid #ddd;\">2.3m-2.8m<\/td>\n<td style=\"padding: 10px; border: 1px solid #ddd;\">1-3 espacios<\/td>\n<\/tr>\n<\/tbody>\n<\/table>\n<p style=\"margin-top: 15px; font-size: 13px; font-style: italic;\">Nota: La distancia debe ser mayor que la altura de instalaci&oacute;n.<\/p>\n<\/div>\n<\/div>\n<\/div>\n<\/div>\n<p><!-- Separador --><\/p>\n<hr style=\"border: 0; border-top: 1px solid rgba(150&comma; 150&comma; 150&comma; 0.3); margin: 30px 0;\"><!-- Banner final --><\/p>\n<p style=\"margin: 30px 0 0; padding: 0;\"><img decoding=\"async\" style=\"width: 100%; height: auto; border: 1px solid rgba(150&comma; 150&comma; 150&comma; 0.3); border-radius: 8px;\" src=\"https:\/\/ftp3.syscom.mx\/usuarios\/jsosa\/HIKVISION\/imagenes\/banners\/solution%20complete.png\" alt=\"Soluci\u00f3n completa\" class=\"fr-fic fr-dii\"><\/p>\n<\/div>\n","protected":false},"excerpt":{"rendered":"<p>C\u00e1mara Para Detecci\u00f3n de Espacios de Estacionamiento\/ 4 MP \/ ANPR \/ 1 Lente \/ IA Avanzada \/ LED Integrado \/ iBeacon \/ 3 Espacio Ocupados o Libres \/ Alimentaci\u00f3n PoE<\/p>\n","protected":false},"featured_media":103236,"comment_status":"open","ping_status":"closed","template":"","meta":[],"product_brand":[],"product_cat":[2056],"product_tag":[122,2057,54],"class_list":{"0":"post-103237","1":"product","2":"type-product","3":"status-publish","4":"has-post-thumbnail","6":"product_cat-domo-eyeball-turret","7":"product_tag-camaras-ip-y-nvrs","8":"product_tag-domo-eyeball-turret","9":"product_tag-hikvision","11":"first","12":"outofstock","13":"sale","14":"shipping-taxable","15":"purchasable","16":"product-type-simple"},"_links":{"self":[{"href":"https:\/\/soydeaqui.ddns.net\/pachuca\/index.php\/wp-json\/wp\/v2\/product\/103237","targetHints":{"allow":["GET"]}}],"collection":[{"href":"https:\/\/soydeaqui.ddns.net\/pachuca\/index.php\/wp-json\/wp\/v2\/product"}],"about":[{"href":"https:\/\/soydeaqui.ddns.net\/pachuca\/index.php\/wp-json\/wp\/v2\/types\/product"}],"replies":[{"embeddable":true,"href":"https:\/\/soydeaqui.ddns.net\/pachuca\/index.php\/wp-json\/wp\/v2\/comments?post=103237"}],"wp:featuredmedia":[{"embeddable":true,"href":"https:\/\/soydeaqui.ddns.net\/pachuca\/index.php\/wp-json\/wp\/v2\/media\/103236"}],"wp:attachment":[{"href":"https:\/\/soydeaqui.ddns.net\/pachuca\/index.php\/wp-json\/wp\/v2\/media?parent=103237"}],"wp:term":[{"taxonomy":"product_brand","embeddable":true,"href":"https:\/\/soydeaqui.ddns.net\/pachuca\/index.php\/wp-json\/wp\/v2\/product_brand?post=103237"},{"taxonomy":"product_cat","embeddable":true,"href":"https:\/\/soydeaqui.ddns.net\/pachuca\/index.php\/wp-json\/wp\/v2\/product_cat?post=103237"},{"taxonomy":"product_tag","embeddable":true,"href":"https:\/\/soydeaqui.ddns.net\/pachuca\/index.php\/wp-json\/wp\/v2\/product_tag?post=103237"}],"curies":[{"name":"wp","href":"https:\/\/api.w.org\/{rel}","templated":true}]}}