{"id":103205,"date":"2026-03-20T13:31:50","date_gmt":"2026-03-20T13:31:50","guid":{"rendered":"https:\/\/soydeaqui.ddns.net\/pachuca\/index.php\/producto\/microfono-de-escritorio-alta-fidelidad-con-boton-de-activacion\/"},"modified":"2026-03-20T13:31:52","modified_gmt":"2026-03-20T13:31:52","slug":"microfono-de-escritorio-alta-fidelidad-con-boton-de-activacion","status":"publish","type":"product","link":"https:\/\/soydeaqui.ddns.net\/pachuca\/index.php\/producto\/microfono-de-escritorio-alta-fidelidad-con-boton-de-activacion\/","title":{"rendered":"Micr\u00f3fono de Escritorio | Alta Fidelidad | Con Bot\u00f3n de Activaci\u00f3n"},"content":{"rendered":"<div style='width: 100%; max-width: 1200px; margin: 0 auto; font-family: sans-serif; line-height: 1.6; color: inherit; background-color: transparent;'> <!-- Video YouTube --> <\/p>\n<div style='position: relative; padding-bottom: 56.25%; height: 0; overflow: hidden; margin-bottom: 30px;'>   <\/div>\n<p> <!-- T\u00edtulos --> <\/p>\n<h1 style='text-align: center; margin: 0 0 10px; color: inherit; font-size: 24px;'><strong>Micr\u00f3fono con base para escritorio.<\/strong><\/h1>\n<h3 style='text-align: center; margin: 0 0 20px; color: inherit; font-size: 18px;'>SF-621A<\/h3>\n<p> <!-- Descripci\u00f3n principal --> <\/p>\n<p style='text-align: center; margin: 0 70px 30px; font-size: 15px; color: inherit;'>El micr\u00f3fono tipo condensador&comma; es adecuado para trabajar con los amplificadores de la serie Epcom Proaudio&comma; para aplicaciones de avisos y anuncios. El sistema de tono previo ayudar\u00e1 a llamar la atenci\u00f3n del p\u00fablico antes de hablar&comma; mientras que el sistema de sonido de poca distorsi\u00f3n le brindar\u00e1 una gran comunicaci\u00f3n.<\/p>\n<p> <!-- Secci\u00f3n de caracter\u00edsticas --> <\/p>\n<div style='display: flex; flex-wrap: wrap; gap: 30px;'> <!-- Caracter\u00edsticas Principales --> <\/p>\n<div style='flex: 1 1 300px; min-width: 280px;'>\n<div style='border: 1px solid rgba(150&comma;150&comma;150&comma;0.3); border-radius: 8px; overflow: hidden;'>\n<div style='background-color: #eee; padding: 15px;'> <img style='width: 100%; height: auto; border: 1px solid rgba(150&comma;150&comma;150&comma;0.3); border-radius: 8px;' src='https:\/\/ftp3.syscom.mx\/usuarios\/albamaria\/albamaria\/Epcomproaudio\/SF621A-l.png' alt='...'> <\/div>\n<div style='padding: 20px; color: inherit;'>\n<h3 style='margin-top: 0; margin-bottom: 15px; font-size: 20px; border-bottom: 2px solid currentColor; padding-bottom: 5px; color: inherit; opacity: 0.8;'>Caracter\u00edsticas Principales<\/h3>\n<ul style='padding-left: 20px; margin: 0 0 20px; color: inherit;'>\n<li style='margin-bottom: 8px;'>Dise\u00f1o de mesa o para escritorio.<\/li>\n<li style='margin-bottom: 8px;'>Alta sensibilidad<\/li>\n<li style='margin-bottom: 8px;'>Buena calidad de sonido.<\/li>\n<li style='margin-bottom: 8px;'>2 tonos de timbre incorporados.<\/li>\n<li style='margin-bottom: 8px;'>Micr\u00f3fono tipo condensador de alta sensibilidad.<\/li>\n<li style='margin-bottom: 8px;'>Micr\u00f3fono extra\u00edble tipo cuello de cisne.<\/li>\n<\/ul>\n<h4 style='margin-top: 20px; margin-bottom: 10px; font-size: 16px; color: inherit;'>Compatible con:<\/h4>\n<ul style='padding-left: 20px; margin: 0; color: inherit;'>\n<li style='margin-bottom: 5px;'><strong>Amplificador SF-B120<\/strong><\/li>\n<li style='margin-bottom: 5px;'><strong>Amplificador SF-B240<\/strong><\/li>\n<\/ul><\/div>\n<\/p><\/div>\n<\/p><\/div>\n<p> <!-- Caracter\u00edsticas de audio --> <\/p>\n<div style='flex: 1 1 300px; min-width: 280px;'>\n<div style='border: 1px solid rgba(150&comma;150&comma;150&comma;0.3); border-radius: 8px; overflow: hidden;'>\n<div style='background-color: #eee; padding: 15px;'> <img style='width: 100%; height: auto; border: 1px solid rgba(150&comma;150&comma;150&comma;0.3); border-radius: 8px;' src='https:\/\/ftp3.syscom.mx\/usuarios\/albamaria\/albamaria\/Epcomproaudio\/SF621A-AD-1-l.png' alt='...'> <\/div>\n<div style='padding: 20px; color: inherit;'>\n<h3 style='margin-top: 0; margin-bottom: 15px; font-size: 20px; border-bottom: 2px solid currentColor; padding-bottom: 5px; color: inherit; opacity: 0.8;'>Caracter\u00edsticas de audio<\/h3>\n<ul style='padding-left: 20px; margin: 0; color: inherit;'>\n<li style='margin-bottom: 8px;'>Respuesta de frecuencia: 20-12 kHz.<\/li>\n<li style='margin-bottom: 8px;'>Impedancia: 600 ohms.<\/li>\n<li style='margin-bottom: 8px;'>Sensibilidad: 63dB<\/li>\n<li style='margin-bottom: 8px;'>Presione Talk para cambiar.<\/li>\n<li style='margin-bottom: 8px;'>Campana incorporada.<\/li>\n<li style='margin-bottom: 8px;'>Alta sensibilidad para una trasmisi\u00f3n de voz clara.<\/li>\n<\/ul><\/div>\n<\/p><\/div>\n<\/p><\/div>\n<p> <!-- Caracter\u00edsticas F\u00edsicas y el\u00e9ctricas --> <\/p>\n<div style='flex: 1 1 300px; min-width: 280px;'>\n<div style='border: 1px solid rgba(150&comma;150&comma;150&comma;0.3); border-radius: 8px; overflow: hidden;'>\n<div style='background-color: #eee; padding: 15px;'> <img style='width: 100%; height: auto; border: 1px solid rgba(150&comma;150&comma;150&comma;0.3); border-radius: 8px;' src='https:\/\/ftp3.syscom.mx\/usuarios\/albamaria\/albamaria\/Epcomproaudio\/SF612AC.png' alt='...'> <\/div>\n<div style='padding: 20px; color: inherit;'>\n<h3 style='margin-top: 0; margin-bottom: 15px; font-size: 20px; border-bottom: 2px solid currentColor; padding-bottom: 5px; color: inherit; opacity: 0.8;'>Caracter\u00edsticas F\u00edsicas y el\u00e9ctricas<\/h3>\n<ul style='padding-left: 20px; margin: 0; color: inherit;'>\n<li style='margin-bottom: 8px;'>Alimentaci\u00f3n: Bater\u00eda de 9V o Adaptador de corriente (Incluido)<\/li>\n<li style='margin-bottom: 8px;'>Medidas de base ABS color gris: 125 X 150 mm<\/li>\n<li style='margin-bottom: 8px;'>Altura de micr\u00f3fono: 455 mm<\/li>\n<li style='margin-bottom: 8px;'>Peso: 1.3 kg.<\/li>\n<li style='margin-bottom: 8px;'>Conector XLR y enchufe de tel\u00e9fono hembra.<\/li>\n<li style='margin-bottom: 8px;'>Interruptor de encendido.<\/li>\n<li style='margin-bottom: 8px;'>Indicador de anillo rojo para servicio.<\/li>\n<li style='margin-bottom: 8px;'><strong>Incluye cable XLR a TRS de conexi\u00f3n de 10mts<\/strong>.<\/li>\n<\/ul><\/div>\n<\/p><\/div>\n<\/p><\/div>\n<\/p><\/div>\n<\/p><\/div>\n","protected":false},"excerpt":{"rendered":"<p>Micr\u00f3fono de Escritorio | Alta Fidelidad | Con Bot\u00f3n de Activaci\u00f3n<\/p>\n","protected":false},"featured_media":32,"comment_status":"open","ping_status":"closed","template":"","meta":[],"product_brand":[],"product_cat":[2301],"product_tag":[417,110,2302],"class_list":{"0":"post-103205","1":"product","2":"type-product","3":"status-publish","4":"has-post-thumbnail","6":"product_cat-microfonos","7":"product_tag-accesorios-generales","8":"product_tag-epcom-proaudio","9":"product_tag-microfonos","11":"first","12":"outofstock","13":"sale","14":"shipping-taxable","15":"purchasable","16":"product-type-simple"},"_links":{"self":[{"href":"https:\/\/soydeaqui.ddns.net\/pachuca\/index.php\/wp-json\/wp\/v2\/product\/103205","targetHints":{"allow":["GET"]}}],"collection":[{"href":"https:\/\/soydeaqui.ddns.net\/pachuca\/index.php\/wp-json\/wp\/v2\/product"}],"about":[{"href":"https:\/\/soydeaqui.ddns.net\/pachuca\/index.php\/wp-json\/wp\/v2\/types\/product"}],"replies":[{"embeddable":true,"href":"https:\/\/soydeaqui.ddns.net\/pachuca\/index.php\/wp-json\/wp\/v2\/comments?post=103205"}],"wp:featuredmedia":[{"embeddable":true,"href":"https:\/\/soydeaqui.ddns.net\/pachuca\/index.php\/wp-json\/wp\/v2\/media\/32"}],"wp:attachment":[{"href":"https:\/\/soydeaqui.ddns.net\/pachuca\/index.php\/wp-json\/wp\/v2\/media?parent=103205"}],"wp:term":[{"taxonomy":"product_brand","embeddable":true,"href":"https:\/\/soydeaqui.ddns.net\/pachuca\/index.php\/wp-json\/wp\/v2\/product_brand?post=103205"},{"taxonomy":"product_cat","embeddable":true,"href":"https:\/\/soydeaqui.ddns.net\/pachuca\/index.php\/wp-json\/wp\/v2\/product_cat?post=103205"},{"taxonomy":"product_tag","embeddable":true,"href":"https:\/\/soydeaqui.ddns.net\/pachuca\/index.php\/wp-json\/wp\/v2\/product_tag?post=103205"}],"curies":[{"name":"wp","href":"https:\/\/api.w.org\/{rel}","templated":true}]}}