{"id":103202,"date":"2026-03-20T13:31:41","date_gmt":"2026-03-20T13:31:41","guid":{"rendered":"https:\/\/soydeaqui.ddns.net\/pachuca\/index.php\/producto\/desarmador-ph1-1x100\/"},"modified":"2026-03-20T13:31:43","modified_gmt":"2026-03-20T13:31:43","slug":"desarmador-ph1-1x100","status":"publish","type":"product","link":"https:\/\/soydeaqui.ddns.net\/pachuca\/index.php\/producto\/desarmador-ph1-1x100\/","title":{"rendered":"Desarmador PH1 (#1&#215;100)"},"content":{"rendered":"<div style='width: 100%; max-width: 1200px; margin: 0 auto; font-family: sans-serif; line-height: 1.6; color: inherit; background-color: transparent;'> <!-- Secci\u00f3n de descripci\u00f3n general --> <\/p>\n<div style='margin-bottom: 30px;'>\n<p style='margin: 0 0 15px 0; color: inherit; font-size: 15px;'> Makita ofrece una variedad de desarmadores manuales&comma; dise\u00f1ados para atornillar y desatornillar tornillos sin necesidad de una fuente de energ\u00eda externa. A continuaci\u00f3n&comma; te proporciono una descripci\u00f3n t\u00e9cnica general de los desarmadores manuales de Makita: <\/p>\n<\/p><\/div>\n<p> <!-- Secci\u00f3n de caracter\u00edsticas con grid --> <\/p>\n<div style='display: grid; grid-template-columns: repeat(auto-fill&comma; minmax(280px&comma; 1fr)); gap: 30px; margin-bottom: 30px;'>\n<div style='border: 1px solid rgba(150&comma; 150&comma; 150&comma; 0.3); border-radius: 8px; padding: 20px; background-color: rgba(150&comma; 150&comma; 150&comma; 0.05);'>\n<h3 style='font-size: 18px; border-bottom: 2px solid currentColor; padding-bottom: 5px; margin-top: 0; margin-bottom: 15px; color: inherit; opacity: 0.8;'>Material<\/h3>\n<p style='color: inherit; font-size: 15px; margin: 0;'> Los desarmadores manuales de Makita est\u00e1n fabricados con materiales de alta calidad&comma; como acero cromado vanadio o aleaciones de titanio&comma; que los hacen duraderos y resistentes a la corrosi\u00f3n. <\/p>\n<\/p><\/div>\n<div style='border: 1px solid rgba(150&comma; 150&comma; 150&comma; 0.3); border-radius: 8px; padding: 20px; background-color: rgba(150&comma; 150&comma; 150&comma; 0.05);'>\n<h3 style='font-size: 18px; border-bottom: 2px solid currentColor; padding-bottom: 5px; margin-top: 0; margin-bottom: 15px; color: inherit; opacity: 0.8;'>Mango<\/h3>\n<p style='color: inherit; font-size: 15px; margin: 0;'> El mango de los desarmadores manuales de Makita est\u00e1 dise\u00f1ado ergon\u00f3micamente para proporcionar un agarre c\u00f3modo y seguro durante el uso prolongado. El mango puede estar hecho de materiales como goma&comma; pl\u00e1stico o madera. <\/p>\n<\/p><\/div>\n<div style='border: 1px solid rgba(150&comma; 150&comma; 150&comma; 0.3); border-radius: 8px; padding: 20px; background-color: rgba(150&comma; 150&comma; 150&comma; 0.05);'>\n<h3 style='font-size: 18px; border-bottom: 2px solid currentColor; padding-bottom: 5px; margin-top: 0; margin-bottom: 15px; color: inherit; opacity: 0.8;'>Dise\u00f1o de la punta<\/h3>\n<p style='color: inherit; font-size: 15px; margin: 0;'> Las puntas de los desarmadores manuales de Makita est\u00e1n dise\u00f1adas para ajustarse de forma precisa a los tornillos y evitar el deslizamiento o el desgaste de las cabezas de los tornillos. Las puntas pueden estar hechas de diferentes formas&comma; como planas&comma; Phillips&comma; Pozidriv o Torx&comma; entre otras. <\/p>\n<\/p><\/div>\n<div style='border: 1px solid rgba(150&comma; 150&comma; 150&comma; 0.3); border-radius: 8px; padding: 20px; background-color: rgba(150&comma; 150&comma; 150&comma; 0.05);'>\n<h3 style='font-size: 18px; border-bottom: 2px solid currentColor; padding-bottom: 5px; margin-top: 0; margin-bottom: 15px; color: inherit; opacity: 0.8;'>Tama\u00f1o y peso<\/h3>\n<p style='color: inherit; font-size: 15px; margin: 0;'> Los desarmadores manuales de Makita vienen en diferentes tama\u00f1os y pesos para adaptarse a diferentes tareas y necesidades del usuario. Algunos modelos pueden ser m\u00e1s ligeros y compactos para el uso en espacios reducidos&comma; mientras que otros pueden ser m\u00e1s grandes y pesados para tareas de mayor envergadura. <\/p>\n<\/p><\/div>\n<\/p><\/div>\n<p> <!-- Separador --> <\/p>\n<hr style='border: 0; border-top: 1px solid rgba(150&comma; 150&comma; 150&comma; 0.3); margin: 30px 0;'> <!-- Secci\u00f3n de caracter\u00edsticas espec\u00edficas --> <\/p>\n<div style='margin-bottom: 30px;'>\n<h3 style='font-size: 20px; border-bottom: 2px solid currentColor; padding-bottom: 5px; margin-top: 0; margin-bottom: 15px; color: inherit; opacity: 0.8;'>Caracter\u00edsticas<\/h3>\n<ul style='padding-left: 20px; font-size: 15px; color: inherit; list-style-type: disc;'>\n<li style='margin-bottom: 10px;'><strong>La barra hueca permite apretar tuercas en innumerables longitudes de tornillos.<\/strong><\/li>\n<li style='margin-bottom: 10px;'><strong>Codificaci\u00f3n por color para facilitar la identificaci\u00f3n de los distintos tama\u00f1os.<\/strong><\/li>\n<li style='margin-bottom: 10px;'><strong>Dise\u00f1o apto para colocar una llave que permite aplicar mayor torsi\u00f3n.<\/strong><\/li>\n<li style='margin-bottom: 10px;'><strong>Funci\u00f3n de im\u00e1n que ayuda a retener la tuerca.<\/strong><\/li>\n<li style='margin-bottom: 10px;'><strong>Barra de alta resistencia con mango acojinado cl\u00e1sico.<\/strong><\/li>\n<\/ul><\/div>\n<p> <!-- Imagen del producto --> <\/p>\n<div style='margin-bottom: 30px; text-align: center;'> <img style='width: 100%; max-width: 600px; height: auto; border: 1px solid rgba(150&comma;150&comma;150&comma;0.3); border-radius: 8px;' src='https:\/\/ftp3.syscom.mx\/usuarios\/fotos\/BancoFotografiasSyscom\/MAKITA\/B65903\/B65903-l.PNG' alt=''> <\/div>\n<\/p><\/div>\n","protected":false},"excerpt":{"rendered":"<p>Desarmador PH1 (#1&#215;100)<\/p>\n","protected":false},"featured_media":103201,"comment_status":"open","ping_status":"closed","template":"","meta":[],"product_brand":[],"product_cat":[24],"product_tag":[26,25,252],"class_list":{"0":"post-103202","1":"product","2":"type-product","3":"status-publish","4":"has-post-thumbnail","6":"product_cat-accesorios-de-instalacion","7":"product_tag-accesorios-de-instalacion","8":"product_tag-herramientas","9":"product_tag-makita","11":"first","12":"outofstock","13":"sale","14":"shipping-taxable","15":"purchasable","16":"product-type-simple"},"_links":{"self":[{"href":"https:\/\/soydeaqui.ddns.net\/pachuca\/index.php\/wp-json\/wp\/v2\/product\/103202","targetHints":{"allow":["GET"]}}],"collection":[{"href":"https:\/\/soydeaqui.ddns.net\/pachuca\/index.php\/wp-json\/wp\/v2\/product"}],"about":[{"href":"https:\/\/soydeaqui.ddns.net\/pachuca\/index.php\/wp-json\/wp\/v2\/types\/product"}],"replies":[{"embeddable":true,"href":"https:\/\/soydeaqui.ddns.net\/pachuca\/index.php\/wp-json\/wp\/v2\/comments?post=103202"}],"wp:featuredmedia":[{"embeddable":true,"href":"https:\/\/soydeaqui.ddns.net\/pachuca\/index.php\/wp-json\/wp\/v2\/media\/103201"}],"wp:attachment":[{"href":"https:\/\/soydeaqui.ddns.net\/pachuca\/index.php\/wp-json\/wp\/v2\/media?parent=103202"}],"wp:term":[{"taxonomy":"product_brand","embeddable":true,"href":"https:\/\/soydeaqui.ddns.net\/pachuca\/index.php\/wp-json\/wp\/v2\/product_brand?post=103202"},{"taxonomy":"product_cat","embeddable":true,"href":"https:\/\/soydeaqui.ddns.net\/pachuca\/index.php\/wp-json\/wp\/v2\/product_cat?post=103202"},{"taxonomy":"product_tag","embeddable":true,"href":"https:\/\/soydeaqui.ddns.net\/pachuca\/index.php\/wp-json\/wp\/v2\/product_tag?post=103202"}],"curies":[{"name":"wp","href":"https:\/\/api.w.org\/{rel}","templated":true}]}}