{"id":103183,"date":"2026-03-20T13:30:49","date_gmt":"2026-03-20T13:30:49","guid":{"rendered":"https:\/\/soydeaqui.ddns.net\/pachuca\/index.php\/producto\/dual-light-kit-turbohd-3k-5-megapixel-lite-dvr-4-canales-4-camaras-bala-dual-light-audio-bidireccional-accesorios-de-interconexion-fuente-de-poder\/"},"modified":"2026-03-20T13:30:49","modified_gmt":"2026-03-20T13:30:49","slug":"dual-light-kit-turbohd-3k-5-megapixel-lite-dvr-4-canales-4-camaras-bala-dual-light-audio-bidireccional-accesorios-de-interconexion-fuente-de-poder","status":"publish","type":"product","link":"https:\/\/soydeaqui.ddns.net\/pachuca\/index.php\/producto\/dual-light-kit-turbohd-3k-5-megapixel-lite-dvr-4-canales-4-camaras-bala-dual-light-audio-bidireccional-accesorios-de-interconexion-fuente-de-poder\/","title":{"rendered":"[Dual Light] Kit TurboHD 3K (5 Megapixel Lite) \/ DVR 4 Canales \/ 4 C\u00e1maras bala Dual Light \/ Audio bidireccional \/ Accesorios de Interconexi\u00f3n \/ Fuente de Poder"},"content":{"rendered":"<div style='width: 100%; max-width: 1200px; margin: 0 auto; font-family: sans-serif; line-height: 1.6; color: inherit; background-color: transparent;'>\n<div style='text-align: center; width: 100%;'>\n<h3 style='margin: 0;'><\/h3>\n<\/p><\/div>\n<p style='margin: 0;'>\n<div style='display: flex; flex-wrap: wrap; gap: 30px; margin-bottom: 30px;'>\n<div style='flex: 1 1 300px; min-width: 280px;'>\n<h3 style='font-size: 22px; border-bottom: 2px solid currentColor; padding-bottom: 5px; margin-top: 0; color: inherit; opacity: 0.8;'>El kit incluye:<\/h3>\n<ul style='padding-left: 20px; font-size: 15px; color: inherit; list-style-type: none; padding-left: 0;'>\n<li style='margin-bottom: 5px; list-style: none;'><span style='display: inline-block; width: 20px; height: 20px; background: currentColor; border-radius: 50%; margin-right: 10px; margin-top: 8px;' aria-hidden='true'><\/span>1 x DVR-204Q-M1\/T<\/li>\n<li style='margin-bottom: 5px; list-style: none;'><span style='display: inline-block; width: 20px; height: 20px; background: currentColor; border-radius: 50%; margin-right: 10px; margin-top: 8px;' aria-hidden='true'><\/span>4 x THC-B157-LTS<\/li>\n<li style='margin-bottom: 5px; list-style: none;'><span style='display: inline-block; width: 20px; height: 20px; background: currentColor; border-radius: 50%; margin-right: 10px; margin-top: 8px;' aria-hidden='true'><\/span>1 x Fuente de poder de 4 canales tipo pulpo para el grabador y las c\u00e1maras<\/li>\n<li style='margin-bottom: 5px; list-style: none;'><span style='display: inline-block; width: 20px; height: 20px; background: currentColor; border-radius: 50%; margin-right: 10px; margin-top: 8px;' aria-hidden='true'><\/span>4 x Cables siames para v\u00eddeo y alimentaci\u00f3n (18 metros de longitud)<\/li>\n<\/ul><\/div>\n<\/p><\/div>\n<div style='display: flex; flex-wrap: wrap; gap: 30px; margin-bottom: 30px;'>\n<div style='flex: 1 1 400px; min-width: 300px;'>\n<div style='width: 100%; background-color: rgba(150&comma;150&comma;150&comma;0.1); border-radius: 8px; overflow: hidden; display: flex; flex-direction: column; border: 1px solid rgba(150&comma; 150&comma; 150&comma; 0.3);'>\n<div style='width: 100%; background-color: rgba(238&comma;238&comma;238&comma;1);'> <img style='width: 100%; height: auto; border: none; border-radius: 0;' src='https:\/\/ftp3.syscom.mx\/usuarios\/fotos\/BancoFotografiasSyscom\/HILOOKBYHIKVISION\/DVR204QM1(E)\/DVR204QM1(E)-h.PNG' alt=''> <\/div>\n<div style='padding: 15px; border-top: 5px solid #0091ff;'>\n<h2 style='margin-top: 0; margin-bottom: 10px; font-size: 20px; color: inherit;'>1 x DVR-204Q-M1\/T<\/h2>\n<h4 style='margin-top: 0; margin-bottom: 15px; font-size: 16px; color: inherit; opacity: 0.8;'>Caracter\u00edsticas:<\/h4>\n<ul style='padding-left: 20px; margin: 0; font-size: 14px; list-style-type: disc; color: inherit;'>\n<li style='margin-bottom: 8px;'><span style='color: inherit;'>DVR 4 canales de v\u00eddeo en 3K (5 Megapixel)<\/span><\/li>\n<li style='margin-bottom: 8px;'><span style='color: inherit;'>Soporta AcuSense Lite por detecci\u00f3n de movimiento en todos sus canales<\/span><\/li>\n<li style='margin-bottom: 8px;'><span style='color: inherit;'>Soporta 4 canales de v\u00eddeo anal\u00f3gicos + 2 canales IP (hasta 6 Megapixel) = 6 canales en total<\/span><\/li>\n<li style='margin-bottom: 8px;'><span style='color: inherit;'>Soporta las 5 tecnolog\u00edas del mercado (TVI \/ AHD \/ CVI \/ CVBS \/ IP)<\/span><\/li>\n<li style='margin-bottom: 8px;'><span style='color: inherit;'>Soporta 1 HDD de hasta 6 TB (no incluido)<\/span><\/li>\n<li style='margin-bottom: 8px;'><span style='color: inherit;'>Soporta audio en todos sus canales por coaxitron utilizando c\u00e1maras con audio integrado. Adem\u00e1s el grabador por ser de la l\u00ednea \/T acepta c\u00e1maras turboHD con audio bidireccional (c\u00e1maras con funci\u00f3n de audio bidireccional incluidas en el kit)<\/span><\/li>\n<li style='margin-bottom: 8px;'><span style='color: inherit;'>Salida de v\u00eddeo en Full HD (VGA y HDMI&comma; salida simult\u00e1nea)<\/span><\/li>\n<li style='margin-bottom: 8px;'><span style='color: inherit;'>Alimentaci\u00f3n y consumo: 12 Vcc \/ 8 watts<\/span><\/li>\n<li style='margin-bottom: 8px;'><span style='color: inherit;'>Compatible con Hik-Connect P2P<\/span><\/li>\n<li style='margin-bottom: 8px;'><span style='color: inherit;'>Dimensiones: 260 x 222 x 45 mm<\/span><\/li>\n<li style='margin-bottom: 8px;'><span style='color: inherit;'>Peso: 0.8 kg<\/span><\/li>\n<\/ul><\/div>\n<\/p><\/div>\n<\/p><\/div>\n<div style='flex: 1 1 400px; min-width: 300px;'>\n<div style='width: 100%; background-color: rgba(150&comma;150&comma;150&comma;0.1); border-radius: 8px; overflow: hidden; display: flex; flex-direction: column; border: 1px solid rgba(150&comma; 150&comma; 150&comma; 0.3);'>\n<div style='width: 100%; background-color: rgba(238&comma;238&comma;238&comma;1);'> <img style='width: 100%; height: auto; border: none; border-radius: 0;' src='https:\/\/ftp3.syscom.mx\/usuarios\/fotos\/BancoFotografiasSyscom\/HiLook%20by%20HIKVISION\/THCB157LTS\/portada_0S1000.PNG' alt=''> <\/div>\n<div style='padding: 15px; border-top: 5px solid #0091ff;'>\n<h2 style='margin-top: 0; margin-bottom: 10px; font-size: 20px; color: inherit;'>4 x THC-B157-LTS<\/h2>\n<h4 style='margin-top: 0; margin-bottom: 15px; font-size: 16px; color: inherit; opacity: 0.8;'>Caracter\u00edsticas:<\/h4>\n<ul style='padding-left: 20px; margin: 0; font-size: 14px; list-style-type: disc; color: inherit;'>\n<li style='margin-bottom: 8px;'><span style='color: inherit;'>Resoluci\u00f3n m\u00e1xima: 3K (2960 x 1665)<\/span><\/li>\n<li style='margin-bottom: 8px;'><span style='color: inherit;'>Lente fijo: 2.8 mm (\u00e1ngulo de visi\u00f3n 112 \u00b0)<\/span><\/li>\n<li style='margin-bottom: 8px;'><span style='color: inherit;'>30 mts smart IR (visi\u00f3n nocturna blanco y negro)<\/span><\/li>\n<li style='margin-bottom: 8px;'><span style='color: inherit;'>20 mts Luz Blanca<\/span><\/li>\n<li style='margin-bottom: 8px;'><span style='color: inherit;'>Soporta las 4 tecnolog\u00edas del mercado (TVI \/ AHD \/ CVI \/ CVBS)<\/span><\/li>\n<li style='margin-bottom: 8px;'><span style='color: inherit;'>TVI:3K@20fps&comma; 4MP@25fps&comma; 2MP@30fps<\/span><\/li>\n<li style='margin-bottom: 8px;'><span style='color: inherit;'>AHD: 5MP@20fps&comma; 4MP@30fps<\/span><\/li>\n<li style='margin-bottom: 8px;'><span style='color: inherit;'>CVI: 4MP@30fps<\/span><\/li>\n<li style='margin-bottom: 8px;'><span style='color: inherit;'>CVBS: PAL\/NTSC<\/span><\/li>\n<li style='margin-bottom: 8px;'><span style='color: inherit;'>dWDR<\/span><\/li>\n<li style='margin-bottom: 8px;'><span style='color: inherit;'>Soporta audio por coaxitron<\/span><\/li>\n<li style='margin-bottom: 8px;'><span style='color: inherit;'>Nota: El audio por coaxitron se env\u00eda \u00fanicamente por tecnolog\u00eda TVI<\/span><\/li>\n<li style='margin-bottom: 8px;'><span style='color: inherit;'>Caja de conexi\u00f3n opcional (no incluido): <strong><a style='color: inherit; text-decoration: none; font-weight: bold;' href='https:\/\/www.syscom.mx\/principal\/searchcont?route=DS-1280ZJ-XS-HIKVISION-84491&#038;autodetect=DS-1280ZJ-XS'>DS-1280ZJ-XS \/ <\/a><a style='color: inherit; text-decoration: none;' href='https:\/\/www.syscom.mx\/principal\/searchcont?route=DS-1280ZJ-XS-AX-SYSCOM-VIDEO-155159&#038;autodetect=ds1280zjxs'>DS-1280ZJ-XS-AX.<\/a><\/strong><\/span><\/li>\n<\/ul><\/div>\n<\/p><\/div>\n<\/p><\/div>\n<\/p><\/div>\n<p style='margin: 15px 0;'>\n<p style='margin: 15px 0;'>\n<p style='margin: 15px 0;'>\n<\/p><\/div>\n","protected":false},"excerpt":{"rendered":"<p>[Dual Light] Kit TurboHD 3K (5 Megapixel Lite) \/ DVR 4 Canales \/ 4 C\u00e1maras bala Dual Light \/ Audio bidireccional \/ Accesorios de Interconexi\u00f3n \/ Fuente de Poder<\/p>\n","protected":false},"featured_media":103182,"comment_status":"open","ping_status":"closed","template":"","meta":[],"product_brand":[],"product_cat":[2287],"product_tag":[715,2232,2288],"class_list":{"0":"post-103183","1":"product","2":"type-product","3":"status-publish","4":"has-post-thumbnail","6":"product_cat-turbohd-de-4-canales","7":"product_tag-hilook-by-hikvision","8":"product_tag-kits-sistemas-completos","9":"product_tag-turbohd-de-4-canales","11":"first","12":"instock","13":"sale","14":"shipping-taxable","15":"purchasable","16":"product-type-simple"},"_links":{"self":[{"href":"https:\/\/soydeaqui.ddns.net\/pachuca\/index.php\/wp-json\/wp\/v2\/product\/103183","targetHints":{"allow":["GET"]}}],"collection":[{"href":"https:\/\/soydeaqui.ddns.net\/pachuca\/index.php\/wp-json\/wp\/v2\/product"}],"about":[{"href":"https:\/\/soydeaqui.ddns.net\/pachuca\/index.php\/wp-json\/wp\/v2\/types\/product"}],"replies":[{"embeddable":true,"href":"https:\/\/soydeaqui.ddns.net\/pachuca\/index.php\/wp-json\/wp\/v2\/comments?post=103183"}],"wp:featuredmedia":[{"embeddable":true,"href":"https:\/\/soydeaqui.ddns.net\/pachuca\/index.php\/wp-json\/wp\/v2\/media\/103182"}],"wp:attachment":[{"href":"https:\/\/soydeaqui.ddns.net\/pachuca\/index.php\/wp-json\/wp\/v2\/media?parent=103183"}],"wp:term":[{"taxonomy":"product_brand","embeddable":true,"href":"https:\/\/soydeaqui.ddns.net\/pachuca\/index.php\/wp-json\/wp\/v2\/product_brand?post=103183"},{"taxonomy":"product_cat","embeddable":true,"href":"https:\/\/soydeaqui.ddns.net\/pachuca\/index.php\/wp-json\/wp\/v2\/product_cat?post=103183"},{"taxonomy":"product_tag","embeddable":true,"href":"https:\/\/soydeaqui.ddns.net\/pachuca\/index.php\/wp-json\/wp\/v2\/product_tag?post=103183"}],"curies":[{"name":"wp","href":"https:\/\/api.w.org\/{rel}","templated":true}]}}