{"id":103108,"date":"2026-03-20T13:26:57","date_gmt":"2026-03-20T13:26:57","guid":{"rendered":"https:\/\/soydeaqui.ddns.net\/pachuca\/index.php\/producto\/pantalla-lcd-55-para-videowall-entrada-hdmi-vga-dvi-dp-monitor-robusto-bisel-delgado-3-5-mm-daisy-chain-conexion-en-cadena-sin-software-3\/"},"modified":"2026-03-20T13:26:59","modified_gmt":"2026-03-20T13:26:59","slug":"pantalla-lcd-55-para-videowall-entrada-hdmi-vga-dvi-dp-monitor-robusto-bisel-delgado-3-5-mm-daisy-chain-conexion-en-cadena-sin-software-3","status":"publish","type":"product","link":"https:\/\/soydeaqui.ddns.net\/pachuca\/index.php\/producto\/pantalla-lcd-55-para-videowall-entrada-hdmi-vga-dvi-dp-monitor-robusto-bisel-delgado-3-5-mm-daisy-chain-conexion-en-cadena-sin-software-3\/","title":{"rendered":"Pantalla LCD 55&#8243; para Videowall \/ Entrada HDMI &#8211; VGA &#8211; DVI &#8211; DP \/ Monitor Robusto \/ Bisel Delgado (3.5 mm) \/ Daisy Chain (Conexion en Cadena sin Software)"},"content":{"rendered":"<div style='width: 100%; max-width: 1200px; margin: 0 auto; font-family: sans-serif; line-height: 1.6; color: inherit; background-color: transparent;'>\n<p style='color: inherit; font-size: 14px; margin: 0 0 20px;'> El monitor LCD DS-D2055UL-0A de Hikvision es una soluci\u00f3n de visualizaci\u00f3n profesional dise\u00f1ada para aplicaciones de monitoreo&comma; reuniones y entretenimiento. Con una pantalla IPS de 55 pulgadas y resoluci\u00f3n Full HD (1920&#215;1080)&comma; ofrece una calidad de imagen excepcional con un brillo uniforme de 500 cd\/m\u00b2 y un amplio \u00e1ngulo de visi\u00f3n de 178\u00b0. Su dise\u00f1o de bisel ultra estrecho de 3.5 mm permite una integraci\u00f3n perfecta en configuraciones de video wall. Adem\u00e1s&comma; cuenta con una carcasa met\u00e1lica que protege contra interferencias electromagn\u00e9ticas y permite un funcionamiento continuo las 24 horas. <\/p>\n<div style='text-align: center; margin: 30px 0;'> <img style='width: 100%; max-width: 600px; height: auto; border: 1px solid rgba(150&comma;150&comma;150&comma;0.3); border-radius: 8px;' src='https:\/\/ftp3.syscom.mx\/usuarios\/nortega\/hikvision\/HPD.png' alt=''> <\/div>\n<div style='display: flex; flex-wrap: wrap; gap: 30px; margin-bottom: 40px;'>\n<div style='flex: 1 1 300px; min-width: 280px;'>\n<h3 style='font-size: 22px; border-bottom: 2px solid currentColor; padding-bottom: 5px; margin-top: 0; color: inherit; opacity: 0.8;'>Caracter\u00edsticas principales<\/h3>\n<ul style='padding-left: 20px; font-size: 15px; color: inherit; list-style-type: disc;'>\n<li style='margin-bottom: 5px;'><strong>Tama\u00f1o:<\/strong> 55&#8242; (diagonal)<\/li>\n<li style='margin-bottom: 5px;'><strong>Resoluci\u00f3n:<\/strong> 1920 x 1080 (Full HD) 60Hz<\/li>\n<li style='margin-bottom: 5px;'><strong>\u00c1ngulo de visi\u00f3n:<\/strong> Horizontal: 178\u00b0&comma; vertical: 178\u00b0<\/li>\n<li style='margin-bottom: 5px;'><strong>Entradas de video:<\/strong> 1 puerto HDMI&comma; 1 puerto DVI&comma; 1 puerto VGA&comma; 1 puerto Display Port<\/li>\n<li style='margin-bottom: 5px;'><strong>Salida de video:<\/strong> 1 puerto HDMI (Loop)<\/li>\n<li style='margin-bottom: 5px;'><strong>Puertos de control:<\/strong> 1 puerto RS232-IN&comma; 1 puerto RS232-OUT&comma; 1 puerto IR<\/li>\n<li style='margin-bottom: 5px;'>Antirreflejo&comma; Alta definici\u00f3n&comma; alto brillo&comma; alta gama de colores e im\u00e1genes vividas<\/li>\n<\/ul><\/div>\n<div style='flex: 1 1 300px; min-width: 280px;'>\n<h3 style='font-size: 22px; border-bottom: 2px solid currentColor; padding-bottom: 5px; margin-top: 0; color: inherit; opacity: 0.8;'>Caracter\u00edsticas F\u00edsicas y El\u00e9ctricas<\/h3>\n<ul style='padding-left: 20px; font-size: 15px; color: inherit; list-style-type: disc;'>\n<li style='margin-bottom: 5px;'><strong>Alimentaci\u00f3n:<\/strong> 100 &#8211; 240 Vca<\/li>\n<li style='margin-bottom: 5px;'><strong>Consumo:<\/strong> 187 Watts<\/li>\n<li style='margin-bottom: 5px;'><strong>Temperatura de operaci\u00f3n:<\/strong> 0\u00b0 a 40\u00b0<\/li>\n<li style='margin-bottom: 5px;'><strong>Dimensiones:<\/strong> 1213.7 mm x 684 mm x 71.69 mm<\/li>\n<li style='margin-bottom: 5px;'><strong>\u00c1rea de imagen:<\/strong> 1209.6 mm x 680.4 mm<\/li>\n<li style='margin-bottom: 5px;'><strong>Ancho de bisel:<\/strong> 2.3 mm (superior\/izquierda)&comma; 1.2 mm (inferior\/derecha)<\/li>\n<li style='margin-bottom: 5px;'><strong>Peso:<\/strong> 24.1 kg (\u00b1.5kg)<\/li>\n<li style='margin-bottom: 5px;'>Carcasa de metal para evitar la radiaci\u00f3n e interferencia de campos magn\u00e9ticos y el\u00e9ctricos<\/li>\n<li style='margin-bottom: 5px;'><strong>VESA:<\/strong> 600 x 400<\/li>\n<li style='margin-bottom: 5px;'><strong>Capacidad de trabajo:<\/strong> 24\/7<\/li>\n<li style='margin-bottom: 5px;'><strong>Tiempo de vida:<\/strong> 60&comma;000 horas<\/li>\n<\/ul><\/div>\n<div style='flex: 1 1 300px; min-width: 280px;'>\n<h3 style='font-size: 22px; border-bottom: 2px solid currentColor; padding-bottom: 5px; margin-top: 0; color: inherit; opacity: 0.8;'>Accesorios incluidos (por pantalla)<\/h3>\n<ul style='padding-left: 20px; font-size: 15px; color: inherit; list-style-type: disc;'>\n<li style='margin-bottom: 5px;'>1 x Cable de corriente<\/li>\n<li style='margin-bottom: 5px;'>1 x Cable de red RJ45<\/li>\n<li style='margin-bottom: 5px;'>1 x Cable HDMI 2m<\/li>\n<li style='margin-bottom: 5px;'>1 x Control remoto<\/li>\n<li style='margin-bottom: 5px;'>1 x Receptor IR<\/li>\n<li style='margin-bottom: 5px;'>1 x Convertidor RS-232<\/li>\n<\/ul><\/div>\n<\/p><\/div>\n<div style='text-align: center; margin: 30px 0; font-size: 15px; color: inherit;'> Cree un videowall de manera autonoma de hasta 30 pantallas mediante HDMI (Daisy Chain)&comma; sin necesidad de licencias adicionales&comma; controlador o decodificador. <\/div>\n<div style='display: flex; flex-wrap: wrap; gap: 30px; margin: 30px 0; justify-content: center;'>\n<div style='flex: 1 1 300px; max-width: 500px; text-align: center;'>\n<p style='margin: 5px 0; font-size: 15px; color: inherit;'><strong>Videowall 2&#215;2<\/strong><\/p>\n<p style='margin: 5px 0; font-size: 14px; color: inherit;'>(Vista Frontal)<\/p>\n<p> <img style='width: 100%; height: auto; border: 1px solid rgba(150&comma;150&comma;150&comma;0.3); border-radius: 8px;' src='https:\/\/ftp3.syscom.mx\/usuarios\/nortega\/hikvision\/pantallas%20vw\/2x2.png' alt=''> <\/div>\n<div style='flex: 1 1 300px; max-width: 500px; text-align: center;'>\n<p style='margin: 5px 0; font-size: 15px; color: inherit;'><strong>Videowall 2&#215;2<\/strong><\/p>\n<p style='margin: 5px 0; font-size: 14px; color: inherit;'>(Vista posterior)<\/p>\n<p> <img style='width: 100%; height: auto; border: 1px solid rgba(150&comma;150&comma;150&comma;0.3); border-radius: 8px;' src='https:\/\/ftp3.syscom.mx\/usuarios\/nortega\/hikvision\/pantallas%20vw\/2x2back1.png' alt=''> <\/div>\n<\/p><\/div>\n<div style='text-align: center; margin: 30px 0;'> <img style='width: 100%; max-width: 800px; height: auto; border: 1px solid rgba(150&comma;150&comma;150&comma;0.3); border-radius: 8px;' src='https:\/\/ftp3.syscom.mx\/usuarios\/nortega\/hikvision\/imagenes\/HIKVISION-VW-DS.png' alt=''> <\/div>\n<\/p><\/div>\n","protected":false},"excerpt":{"rendered":"<p>Pantalla LCD 55&#8243; para Videowall \/ Entrada HDMI &#8211; VGA &#8211; DVI &#8211; DP \/ Monitor Robusto \/ Bisel Delgado (3.5 mm) \/ Daisy Chain (Conexion en Cadena sin Software)<\/p>\n","protected":false},"featured_media":32,"comment_status":"open","ping_status":"closed","template":"","meta":[],"product_brand":[],"product_cat":[2088],"product_tag":[54,2089,2090],"class_list":{"0":"post-103108","1":"product","2":"type-product","3":"status-publish","4":"has-post-thumbnail","6":"product_cat-videowall-seguridad","7":"product_tag-hikvision","8":"product_tag-monitores-pantallas-y-mobiliario","9":"product_tag-videowall-seguridad","11":"first","12":"outofstock","13":"sale","14":"shipping-taxable","15":"purchasable","16":"product-type-simple"},"_links":{"self":[{"href":"https:\/\/soydeaqui.ddns.net\/pachuca\/index.php\/wp-json\/wp\/v2\/product\/103108","targetHints":{"allow":["GET"]}}],"collection":[{"href":"https:\/\/soydeaqui.ddns.net\/pachuca\/index.php\/wp-json\/wp\/v2\/product"}],"about":[{"href":"https:\/\/soydeaqui.ddns.net\/pachuca\/index.php\/wp-json\/wp\/v2\/types\/product"}],"replies":[{"embeddable":true,"href":"https:\/\/soydeaqui.ddns.net\/pachuca\/index.php\/wp-json\/wp\/v2\/comments?post=103108"}],"wp:featuredmedia":[{"embeddable":true,"href":"https:\/\/soydeaqui.ddns.net\/pachuca\/index.php\/wp-json\/wp\/v2\/media\/32"}],"wp:attachment":[{"href":"https:\/\/soydeaqui.ddns.net\/pachuca\/index.php\/wp-json\/wp\/v2\/media?parent=103108"}],"wp:term":[{"taxonomy":"product_brand","embeddable":true,"href":"https:\/\/soydeaqui.ddns.net\/pachuca\/index.php\/wp-json\/wp\/v2\/product_brand?post=103108"},{"taxonomy":"product_cat","embeddable":true,"href":"https:\/\/soydeaqui.ddns.net\/pachuca\/index.php\/wp-json\/wp\/v2\/product_cat?post=103108"},{"taxonomy":"product_tag","embeddable":true,"href":"https:\/\/soydeaqui.ddns.net\/pachuca\/index.php\/wp-json\/wp\/v2\/product_tag?post=103108"}],"curies":[{"name":"wp","href":"https:\/\/api.w.org\/{rel}","templated":true}]}}