{"id":103105,"date":"2026-03-20T13:26:48","date_gmt":"2026-03-20T13:26:48","guid":{"rendered":"https:\/\/soydeaqui.ddns.net\/pachuca\/index.php\/producto\/television-para-negocios-de-75-resolucion-uhd-4k-3840x2160p-tizen-entradas-de-video-hdmi-bocinas-integradas-wifi-5-earc\/"},"modified":"2026-03-20T13:26:55","modified_gmt":"2026-03-20T13:26:55","slug":"television-para-negocios-de-75-resolucion-uhd-4k-3840x2160p-tizen-entradas-de-video-hdmi-bocinas-integradas-wifi-5-earc","status":"publish","type":"product","link":"https:\/\/soydeaqui.ddns.net\/pachuca\/index.php\/producto\/television-para-negocios-de-75-resolucion-uhd-4k-3840x2160p-tizen-entradas-de-video-hdmi-bocinas-integradas-wifi-5-earc\/","title":{"rendered":"Television para negocios de 75&#8243; Resolucion UHD 4K (3840x2160p) \/ Tizen \/ Entradas de Video HDMI \/ Bocinas Integradas \/ WIFI 5 \/ eARC."},"content":{"rendered":"<div style='width: 100%; max-width: 1200px; margin: 0 auto; font-family: sans-serif; line-height: 1.6; color: inherit; background-color: transparent;'>\n<div style='display: flex; flex-wrap: wrap; gap: 30px; margin-bottom: 30px;'>\n<div style='flex: 1 1 300px; min-width: 280px;'>\n<h3 style='font-size: 22px; border-bottom: 2px solid currentColor; padding-bottom: 5px; margin-top: 0; color: inherit; opacity: 0.8;'>Dise\u00f1o delgado para maximizar espacios<\/h3>\n<p> <img style='width: 100%; height: auto; border: 1px solid rgba(150&comma;150&comma;150&comma;0.3); border-radius: 8px;' src='https:\/\/images.samsung.com\/is\/image\/samsung\/p6pim\/mx\/feature\/165408029\/mx-feature-sleek-design-that-maximizes-space-542309843?$FB_TYPE_A_JPG$' alt=''> <\/div>\n<div style='flex: 1 1 300px; min-width: 280px;'>\n<h3 style='font-size: 22px; border-bottom: 2px solid currentColor; padding-bottom: 5px; margin-top: 0; color: inherit; opacity: 0.8;'>Mejor contraste con HDR<\/h3>\n<p> <img style='width: 100%; height: auto; border: 1px solid rgba(150&comma;150&comma;150&comma;0.3); border-radius: 8px;' src='https:\/\/images.samsung.com\/is\/image\/samsung\/p6pim\/mx\/feature\/165408030\/mx-feature-better-contrast-with-rich-darks-and-bright-lights-542309847?$FB_TYPE_A_JPG$' alt=''> <\/div>\n<\/p><\/div>\n<div style='display: flex; flex-wrap: wrap; gap: 20px; margin-bottom: 30px;'>\n<div style='flex: 1 1 250px; border: 1px solid rgba(150&comma; 150&comma; 150&comma; 0.4); border-radius: 8px; overflow: hidden; display: flex; flex-direction: column;'>\n<div style='padding: 15px; border-bottom: 1px solid rgba(150&comma; 150&comma; 150&comma; 0.2); font-weight: bold; font-size: 18px; color: inherit;'>Caracter\u00edsticas principales<\/div>\n<div style='padding: 15px; color: inherit;'>\n<ul style='padding-left: 20px; margin: 0; font-size: 14px; list-style-type: disc;'>\n<li style='margin-bottom: 5px;'><strong>Tama\u00f1o diagonal:<\/strong> 75&#8242;<\/li>\n<li style='margin-bottom: 5px;'><strong>Resoluci\u00f3n:<\/strong> 4K (3840 x 2160p)<\/li>\n<li style='margin-bottom: 5px;'><strong>Relaci\u00f3n de aspecto:<\/strong> 16:9<\/li>\n<li style='margin-bottom: 5px;'><strong>Brillo:<\/strong> Hasta 300 nits<\/li>\n<li style='margin-bottom: 5px;'><strong>Relaci\u00f3n de contraste:<\/strong> 4700:1<\/li>\n<li style='margin-bottom: 5px;'><strong>Bocinas integradas:<\/strong> S\u00ed<\/li>\n<li style='margin-bottom: 5px;'><strong>Potencia de salida de audio:<\/strong> 20W<\/li>\n<li style='margin-bottom: 5px;'><strong>Operaci\u00f3n:<\/strong> 16\/7<\/li>\n<\/ul><\/div>\n<\/p><\/div>\n<div style='flex: 1 1 250px; border: 1px solid rgba(150&comma; 150&comma; 150&comma; 0.4); border-radius: 8px; overflow: hidden; display: flex; flex-direction: column;'>\n<div style='padding: 15px; border-bottom: 1px solid rgba(150&comma; 150&comma; 150&comma; 0.2); font-weight: bold; font-size: 18px; color: inherit;'>Conectividad<\/div>\n<div style='padding: 15px; color: inherit;'>\n<ul style='padding-left: 20px; margin: 0; font-size: 14px; list-style-type: disc;'>\n<li style='margin-bottom: 5px;'><strong>Sintonizador de Television:<\/strong> RF IN<\/li>\n<li style='margin-bottom: 5px;'><strong>Entradas de Video HDMI:<\/strong> 3<\/li>\n<li style='margin-bottom: 5px;'><strong>WIFI:<\/strong> 5<\/li>\n<li style='margin-bottom: 5px;'><strong>Puerto USB-A:<\/strong> 1<\/li>\n<li style='margin-bottom: 5px;'><strong>Audio Bluetooth:<\/strong> S\u00ed<\/li>\n<li style='margin-bottom: 5px;'><strong>Puerto LAN RJ45:<\/strong> 10\/100 Mbps<\/li>\n<\/ul>\n<h4 style='margin-top: 15px; margin-bottom: 10px; font-size: 16px; font-weight: bold; color: inherit;'>Accesorios recomendados<\/h4>\n<ul style='padding-left: 20px; margin: 0; font-size: 14px; list-style-type: disc;'>\n<li style='margin-bottom: 5px;'><a href='https:\/\/www.syscom.mx\/producto\/EPB64EW-EPCOM-95121.html' style='color: inherit; text-decoration: underline;'>Montaje de pared telescopico EPB64EW<\/a><\/li>\n<li style='margin-bottom: 5px;'><a href='https:\/\/www.syscom.mx\/producto\/SP5-NB-EPCOM-220768.html' style='color: inherit; text-decoration: underline;'>Montaje de pared Telescopico SP5-NB<\/a><\/li>\n<li style='margin-bottom: 5px;'><a href='https:\/\/www.syscom.mx\/producto\/EPB64FW-EPCOM-95120.html' style='color: inherit; text-decoration: underline;'>Montaje de pared fijo EPB64FW<\/a><\/li>\n<li style='margin-bottom: 5px;'><a href='https:\/\/www.syscom.mx\/producto\/AVA1800-70-1PNB-EPCOM-228570.html' style='color: inherit; text-decoration: underline;'>Montaje de piso movil AVA1800-70-1PNB<\/a><\/li>\n<li style='margin-bottom: 5px;'><a href='https:\/\/www.syscom.mx\/producto\/G85NB-EPCOM-231866.html' style='color: inherit; text-decoration: underline;'>Montaje de piso movil G85NB<\/a><\/li>\n<li style='margin-bottom: 5px;'><a href='https:\/\/www.syscom.mx\/producto\/EPB64PD-EPCOM-233773.html' style='color: inherit; text-decoration: underline;'>Montaje de techo doble EPB64PD<\/a><\/li>\n<li style='margin-bottom: 5px;'><a href='https:\/\/www.syscom.mx\/producto\/EMWS1U-EPCOM-INDUSTRIAL-236041.html' style='color: inherit; text-decoration: underline;'>Montaje de piso fijo EMWS1U<\/a><\/li>\n<\/ul><\/div>\n<\/p><\/div>\n<div style='flex: 1 1 250px; border: 1px solid rgba(150&comma; 150&comma; 150&comma; 0.4); border-radius: 8px; overflow: hidden; display: flex; flex-direction: column;'>\n<div style='padding: 15px; border-bottom: 1px solid rgba(150&comma; 150&comma; 150&comma; 0.2); font-weight: bold; font-size: 18px; color: inherit;'>Caracter\u00edsticas f\u00edsicas y el\u00e9ctricas<\/div>\n<div style='padding: 15px; color: inherit;'>\n<ul style='padding-left: 20px; margin: 0; font-size: 14px; list-style-type: disc;'>\n<li style='margin-bottom: 5px;'><strong>Temperatura de operaci\u00f3n:<\/strong> 0 a 40 \u00b0C<\/li>\n<li style='margin-bottom: 5px;'><strong>Alimentaci\u00f3n:<\/strong> 100-240 Vca&comma; 143 W.<\/li>\n<li style='margin-bottom: 5px;'><strong>Dimensiones del equipo:<\/strong> 1677.5 x 962.4 x 61.1 mm<\/li>\n<li style='margin-bottom: 5px;'><strong>Dimensiones del paquete:<\/strong> 1832 x 1110 x 186 mm<\/li>\n<li style='margin-bottom: 5px;'><strong>Peso del equipo:<\/strong> 26 Kg<\/li>\n<li style='margin-bottom: 5px;'><strong>Peso del paquete:<\/strong> 34.0 Kg<\/li>\n<li style='margin-bottom: 5px;'><strong>Soporte VESA:<\/strong> 400&#215;400<\/li>\n<li style='margin-bottom: 5px;'><strong>Incluye montajes:<\/strong> No<\/li>\n<\/ul><\/div>\n<\/p><\/div>\n<\/p><\/div>\n<hr style='border: 0; border-top: 1px solid rgba(150&comma; 150&comma; 150&comma; 0.3); margin: 30px 0;'>\n<div style='display: flex; flex-wrap: wrap; gap: 20px; margin-bottom: 30px;'>\n<div style='flex: 1 1 250px; border: 1px solid rgba(150&comma; 150&comma; 150&comma; 0.4); border-radius: 8px; overflow: hidden; display: flex; flex-direction: column;'>\n<div style='padding: 15px; border-bottom: 1px solid rgba(150&comma; 150&comma; 150&comma; 0.2); font-weight: bold; font-size: 18px; color: inherit;'>Garant\u00eda<\/div>\n<div style='padding: 15px; color: inherit;'>\n<p style='margin: 0 0 10px; font-weight: bold;'>3 A\u00f1os de garant\u00eda con fabricante<\/p>\n<p style='margin: 0; font-weight: bold;'><a href='https:\/\/www.samsung.com\/mx\/support\/warranty\/' style='color: inherit; text-decoration: underline;'>GARANT\u00cdA<\/a><\/p>\n<\/p><\/div>\n<\/p><\/div>\n<\/p><\/div>\n<\/p><\/div>\n","protected":false},"excerpt":{"rendered":"<p>Television para negocios de 75&#8243; Resolucion UHD 4K (3840x2160p) \/ Tizen \/ Entradas de Video HDMI \/ Bocinas Integradas \/ WIFI 5 \/ eARC.<\/p>\n","protected":false},"featured_media":103104,"comment_status":"open","ping_status":"closed","template":"","meta":[],"product_brand":[],"product_cat":[2191],"product_tag":[2089,2192,2193],"class_list":{"0":"post-103105","1":"product","2":"type-product","3":"status-publish","4":"has-post-thumbnail","6":"product_cat-pantallas-monitores-monitores-pantallas-y-mobiliario","7":"product_tag-monitores-pantallas-y-mobiliario","8":"product_tag-pantallas-monitores-2","9":"product_tag-samsung-electronics","11":"first","12":"instock","13":"sale","14":"shipping-taxable","15":"purchasable","16":"product-type-simple"},"_links":{"self":[{"href":"https:\/\/soydeaqui.ddns.net\/pachuca\/index.php\/wp-json\/wp\/v2\/product\/103105","targetHints":{"allow":["GET"]}}],"collection":[{"href":"https:\/\/soydeaqui.ddns.net\/pachuca\/index.php\/wp-json\/wp\/v2\/product"}],"about":[{"href":"https:\/\/soydeaqui.ddns.net\/pachuca\/index.php\/wp-json\/wp\/v2\/types\/product"}],"replies":[{"embeddable":true,"href":"https:\/\/soydeaqui.ddns.net\/pachuca\/index.php\/wp-json\/wp\/v2\/comments?post=103105"}],"wp:featuredmedia":[{"embeddable":true,"href":"https:\/\/soydeaqui.ddns.net\/pachuca\/index.php\/wp-json\/wp\/v2\/media\/103104"}],"wp:attachment":[{"href":"https:\/\/soydeaqui.ddns.net\/pachuca\/index.php\/wp-json\/wp\/v2\/media?parent=103105"}],"wp:term":[{"taxonomy":"product_brand","embeddable":true,"href":"https:\/\/soydeaqui.ddns.net\/pachuca\/index.php\/wp-json\/wp\/v2\/product_brand?post=103105"},{"taxonomy":"product_cat","embeddable":true,"href":"https:\/\/soydeaqui.ddns.net\/pachuca\/index.php\/wp-json\/wp\/v2\/product_cat?post=103105"},{"taxonomy":"product_tag","embeddable":true,"href":"https:\/\/soydeaqui.ddns.net\/pachuca\/index.php\/wp-json\/wp\/v2\/product_tag?post=103105"}],"curies":[{"name":"wp","href":"https:\/\/api.w.org\/{rel}","templated":true}]}}