{"id":103092,"date":"2026-03-20T13:26:09","date_gmt":"2026-03-20T13:26:09","guid":{"rendered":"https:\/\/soydeaqui.ddns.net\/pachuca\/index.php\/producto\/television-led-profesional-de-65-uhd-4k-3840x2160p-entradas-de-video-hdmi-bocinas-integradas-de-10-w-compatible-vesa\/"},"modified":"2026-03-20T13:26:17","modified_gmt":"2026-03-20T13:26:17","slug":"television-led-profesional-de-65-uhd-4k-3840x2160p-entradas-de-video-hdmi-bocinas-integradas-de-10-w-compatible-vesa","status":"publish","type":"product","link":"https:\/\/soydeaqui.ddns.net\/pachuca\/index.php\/producto\/television-led-profesional-de-65-uhd-4k-3840x2160p-entradas-de-video-hdmi-bocinas-integradas-de-10-w-compatible-vesa\/","title":{"rendered":"Television LED Profesional de 65&#8243; \/ UHD 4K (3840x2160p) \/ Entradas de Video HDMI, Bocinas Integradas de 10 W. Compatible VESA"},"content":{"rendered":"<div style='width: 100%; max-width: 1200px; margin: 0 auto; font-family: sans-serif; line-height: 1.6; color: inherit; background-color: transparent;'> <!-- Imagen 1 --> <\/p>\n<div style='text-align: center; margin-bottom: 20px;'>\n<h3 style='font-size: 22px; margin: 0 0 15px; color: inherit;'>Dise\u00f1o delgado para maximizar espacios<\/h3>\n<p> <img style='width: 100%; height: auto; border: 1px solid rgba(150&comma;150&comma;150&comma;0.3); border-radius: 8px;' src='https:\/\/images.samsung.com\/is\/image\/samsung\/p6pim\/mx\/feature\/165408029\/mx-feature-sleek-design-that-maximizes-space-542309843?$FB_TYPE_A_JPG$' alt='Dise\u00f1o delgado'> <\/div>\n<p> <!-- Imagen 2 --> <\/p>\n<div style='text-align: center; margin-bottom: 20px;'>\n<h3 style='font-size: 22px; margin: 0 0 15px; color: inherit;'>Mejor contraste con HDR<\/h3>\n<p> <img style='width: 100%; height: auto; border: 1px solid rgba(150&comma;150&comma;150&comma;0.3); border-radius: 8px;' src='https:\/\/images.samsung.com\/is\/image\/samsung\/p6pim\/mx\/feature\/165408030\/mx-feature-better-contrast-with-rich-darks-and-bright-lights-542309847?$FB_TYPE_A_JPG$' alt='Mejor contraste con HDR'> <\/div>\n<p> <!-- Secci\u00f3n de garant\u00eda --> <\/p>\n<div style='margin-bottom: 30px;'>\n<h3 style='font-size: 22px; border-bottom: 2px solid currentColor; padding-bottom: 5px; margin-top: 0; margin-bottom: 15px; color: inherit; opacity: 0.8;'>Pol\u00edtica de Garant\u00eda<\/h3>\n<p style='font-size: 14px; margin-bottom: 10px; color: inherit;'>SYSCOM se apega a las pol\u00edticas de garant\u00eda de cada proveedor de la marca y\/o f\u00e1brica.<\/p>\n<p style='font-size: 14px; margin-bottom: 10px; color: inherit;'>La cobertura de garant\u00eda por defecto de f\u00e1brica y\/o mal funcionamiento es de 90 d\u00edas con Syscom. Posterior a este periodo&comma; la garant\u00eda es directa con el fabricante.<\/p>\n<p style='font-size: 14px; margin-bottom: 10px; color: inherit;'>En quebraduras&comma; da\u00f1os f\u00edsicos de equipo y\/o empaque da\u00f1ado&comma; reportarlo dentro de las 24 horas posteriores a la fecha de recepci\u00f3n para el reclamo a paqueter\u00eda.<\/p>\n<\/p><\/div>\n<p> <!-- Secci\u00f3n de caracter\u00edsticas --> <\/p>\n<div style='display: flex; flex-wrap: wrap; gap: 20px; margin-bottom: 30px;'> <!-- Caracter\u00edsticas principales --> <\/p>\n<div style='flex: 1 1 300px; min-width: 280px;'>\n<div style='border: 1px solid rgba(150&comma;150&comma;150&comma;0.4); border-radius: 8px; overflow: hidden; display: flex; flex-direction: column;'>\n<div style='padding: 15px; border-bottom: 1px solid rgba(150&comma;150&comma;150&comma;0.2); font-weight: bold; font-size: 18px; color: inherit;'>Caracter\u00edsticas principales<\/div>\n<div style='padding: 15px; color: inherit;'>\n<ul style='padding-left: 20px; margin: 0; font-size: 14px; list-style-type: disc;'>\n<li style='margin-bottom: 5px;'>Tama\u00f1o diagonal 65&#8242;<\/li>\n<li style='margin-bottom: 5px;'>Resoluci\u00f3n 4K (3840 x 2160p)<\/li>\n<li style='margin-bottom: 5px;'>Relaci\u00f3n de aspecto 16:9<\/li>\n<li style='margin-bottom: 5px;'>Brillo 250 nit.<\/li>\n<li style='margin-bottom: 5px;'>Relaci\u00f3n de contraste 4700:1<\/li>\n<li style='margin-bottom: 5px;'>Bocinas integradas de 10 W.<\/li>\n<li style='margin-bottom: 5px;'>Aplicable para video solamente<\/li>\n<li style='margin-bottom: 5px; font-weight: bold;'>Operaci\u00f3n 16\/7<\/li>\n<\/ul><\/div>\n<\/p><\/div>\n<\/p><\/div>\n<p> <!-- Conectividad --> <\/p>\n<div style='flex: 1 1 300px; min-width: 280px;'>\n<div style='border: 1px solid rgba(150&comma;150&comma;150&comma;0.4); border-radius: 8px; overflow: hidden; display: flex; flex-direction: column;'>\n<div style='padding: 15px; border-bottom: 1px solid rgba(150&comma;150&comma;150&comma;0.2); font-weight: bold; font-size: 18px; color: inherit;'>Conectividad<\/div>\n<div style='padding: 15px; color: inherit;'>\n<ul style='padding-left: 20px; margin: 0; font-size: 14px; list-style-type: disc;'>\n<li style='margin-bottom: 5px;'>Sintonizador de Television RF IN<\/li>\n<li style='margin-bottom: 5px;'>Entradas de Video HDMI 2.0 (2)<\/li>\n<li style='margin-bottom: 5px;'>WIFI 5<\/li>\n<li style='margin-bottom: 5px;'>Puerto USB 2.0<\/li>\n<li style='margin-bottom: 5px;'>Salida de Audio Optica<\/li>\n<li style='margin-bottom: 5px;'>Puerto LAN RJ45 10\/100 Mbps<\/li>\n<\/ul>\n<h4 style='font-size: 16px; margin-top: 15px; margin-bottom: 10px; color: inherit;'>Accesorios recomendados<\/h4>\n<ul style='padding-left: 20px; margin: 0; font-size: 14px; list-style-type: disc;'>\n<li style='margin-bottom: 5px;'><a href='https:\/\/www.syscom.mx\/producto\/EPB64EW-EPCOM-95121.html' style='color: inherit; text-decoration: underline;'>Montaje de pared telescopico EPB64EW<\/a><\/li>\n<li style='margin-bottom: 5px;'><a href='https:\/\/www.syscom.mx\/producto\/SP5-NB-EPCOM-220768.html' style='color: inherit; text-decoration: underline;'>Montaje de pared Telescopico SP5-NB<\/a><\/li>\n<li style='margin-bottom: 5px;'><a href='https:\/\/www.syscom.mx\/producto\/EPB64FW-EPCOM-95120.html' style='color: inherit; text-decoration: underline;'>Montaje de pared fijo EPB64FW<\/a><\/li>\n<li style='margin-bottom: 5px;'><a href='https:\/\/www.syscom.mx\/producto\/AVA1800-70-1PNB-EPCOM-228570.html' style='color: inherit; text-decoration: underline;'>Montaje de piso movil AVA1800-70-1PNB<\/a><\/li>\n<li style='margin-bottom: 5px;'><a href='https:\/\/www.syscom.mx\/producto\/G85NB-EPCOM-231866.html' style='color: inherit; text-decoration: underline;'>Montaje de piso movil G85NB<\/a><\/li>\n<li style='margin-bottom: 5px;'><a href='https:\/\/www.syscom.mx\/producto\/EPB40FP-EPCOM-95122.html' style='color: inherit; text-decoration: underline;'>Montaje de techo EPB40FP<\/a><\/li>\n<li style='margin-bottom: 5px;'><a href='https:\/\/www.syscom.mx\/producto\/EPB64PD-EPCOM-233773.html' style='color: inherit; text-decoration: underline;'>Montaje de techo doble EPB64PD<\/a><\/li>\n<li style='margin-bottom: 5px;'><a href='https:\/\/www.syscom.mx\/producto\/EMWS1U-EPCOM-INDUSTRIAL-236041.html' style='color: inherit; text-decoration: underline;'>Montaje de piso fijo EMWS1U<\/a><\/li>\n<\/ul><\/div>\n<\/p><\/div>\n<\/p><\/div>\n<p> <!-- Caracter\u00edsticas f\u00edsicas y el\u00e9ctricas --> <\/p>\n<div style='flex: 1 1 300px; min-width: 280px;'>\n<div style='border: 1px solid rgba(150&comma;150&comma;150&comma;0.4); border-radius: 8px; overflow: hidden; display: flex; flex-direction: column;'>\n<div style='padding: 15px; border-bottom: 1px solid rgba(150&comma;150&comma;150&comma;0.2); font-weight: bold; font-size: 18px; color: inherit;'>Caracter\u00edsticas f\u00edsicas y el\u00e9ctricas<\/div>\n<div style='padding: 15px; color: inherit;'>\n<ul style='padding-left: 20px; margin: 0; font-size: 14px; list-style-type: disc;'>\n<li style='margin-bottom: 5px;'>Temperatura de operaci\u00f3n: 0 a 40 \u00b0C<\/li>\n<li style='margin-bottom: 5px;'>Alimentaci\u00f3n: 100-240 Vca&comma; 143 W.<\/li>\n<li style='margin-bottom: 5px;'>Compatible con VESA 200 x 200 mm. No incluye Tornilleria.<\/li>\n<li style='margin-bottom: 5px;'>Dimensiones: 1449.4 x 830.3 x 59.9 mm.<\/li>\n<li style='margin-bottom: 5px;'>Peso: 20.6 Kg.<\/li>\n<li style='margin-bottom: 5px;'>No incluye montajes de pared.<\/li>\n<\/ul><\/div>\n<\/p><\/div>\n<p> <!-- Informaci\u00f3n de garant\u00eda --> <\/p>\n<div style='margin-top: 20px; padding: 15px; background-color: rgba(4&comma;17&comma;250&comma;0.05); border-left: 4px solid #0411FA; color: inherit;'>\n<p style='margin: 0 0 10px; font-size: 16px; font-weight: bold; color: inherit;'>3 A\u00f1os de garant\u00eda con fabricante<\/p>\n<p style='margin: 0; font-size: 16px; font-weight: bold; color: inherit;'>Informaci\u00f3n de soporte y garant\u00eda: <a href='https:\/\/www.samsung.com\/mx\/support\/warranty\/' style='color: inherit; text-decoration: underline;'>GARANT\u00cdA<\/a><\/p>\n<\/p><\/div>\n<\/p><\/div>\n<\/p><\/div>\n<\/p><\/div>\n","protected":false},"excerpt":{"rendered":"<p>Television LED Profesional de 65&#8243; \/ UHD 4K (3840x2160p) \/ Entradas de Video HDMI, Bocinas Integradas de 10 W. Compatible VESA<\/p>\n","protected":false},"featured_media":103091,"comment_status":"open","ping_status":"closed","template":"","meta":[],"product_brand":[],"product_cat":[2191],"product_tag":[2089,2192,2193],"class_list":{"0":"post-103092","1":"product","2":"type-product","3":"status-publish","4":"has-post-thumbnail","6":"product_cat-pantallas-monitores-monitores-pantallas-y-mobiliario","7":"product_tag-monitores-pantallas-y-mobiliario","8":"product_tag-pantallas-monitores-2","9":"product_tag-samsung-electronics","11":"first","12":"outofstock","13":"sale","14":"shipping-taxable","15":"purchasable","16":"product-type-simple"},"_links":{"self":[{"href":"https:\/\/soydeaqui.ddns.net\/pachuca\/index.php\/wp-json\/wp\/v2\/product\/103092","targetHints":{"allow":["GET"]}}],"collection":[{"href":"https:\/\/soydeaqui.ddns.net\/pachuca\/index.php\/wp-json\/wp\/v2\/product"}],"about":[{"href":"https:\/\/soydeaqui.ddns.net\/pachuca\/index.php\/wp-json\/wp\/v2\/types\/product"}],"replies":[{"embeddable":true,"href":"https:\/\/soydeaqui.ddns.net\/pachuca\/index.php\/wp-json\/wp\/v2\/comments?post=103092"}],"wp:featuredmedia":[{"embeddable":true,"href":"https:\/\/soydeaqui.ddns.net\/pachuca\/index.php\/wp-json\/wp\/v2\/media\/103091"}],"wp:attachment":[{"href":"https:\/\/soydeaqui.ddns.net\/pachuca\/index.php\/wp-json\/wp\/v2\/media?parent=103092"}],"wp:term":[{"taxonomy":"product_brand","embeddable":true,"href":"https:\/\/soydeaqui.ddns.net\/pachuca\/index.php\/wp-json\/wp\/v2\/product_brand?post=103092"},{"taxonomy":"product_cat","embeddable":true,"href":"https:\/\/soydeaqui.ddns.net\/pachuca\/index.php\/wp-json\/wp\/v2\/product_cat?post=103092"},{"taxonomy":"product_tag","embeddable":true,"href":"https:\/\/soydeaqui.ddns.net\/pachuca\/index.php\/wp-json\/wp\/v2\/product_tag?post=103092"}],"curies":[{"name":"wp","href":"https:\/\/api.w.org\/{rel}","templated":true}]}}