{"id":103079,"date":"2026-03-20T13:25:26","date_gmt":"2026-03-20T13:25:26","guid":{"rendered":"https:\/\/soydeaqui.ddns.net\/pachuca\/index.php\/producto\/pantalla-lcd-55-para-videowall-entrada-hdmi-vga-dvi-dp-monitor-robusto-bisel-ultra-delgado-1-7-mm-daisy-chain-conexion-en-cadena-sin-software\/"},"modified":"2026-03-20T13:25:37","modified_gmt":"2026-03-20T13:25:37","slug":"pantalla-lcd-55-para-videowall-entrada-hdmi-vga-dvi-dp-monitor-robusto-bisel-ultra-delgado-1-7-mm-daisy-chain-conexion-en-cadena-sin-software","status":"publish","type":"product","link":"https:\/\/soydeaqui.ddns.net\/pachuca\/index.php\/producto\/pantalla-lcd-55-para-videowall-entrada-hdmi-vga-dvi-dp-monitor-robusto-bisel-ultra-delgado-1-7-mm-daisy-chain-conexion-en-cadena-sin-software\/","title":{"rendered":"Pantalla LCD 55&#8243; para Videowall \/ Entrada HDMI &#8211; VGA &#8211; DVI &#8211; DP \/ Monitor Robusto \/ Bisel Ultra Delgado (1.7 mm) \/ Daisy Chain (Conexi\u00f3n en Cadena sin Software)"},"content":{"rendered":"<div style='width: 100%; max-width: 1200px; margin: 0 auto; font-family: sans-serif; line-height: 1.6; color: inherit; background-color: transparent;'> <!-- Descripci\u00f3n principal --> <\/p>\n<div style='margin-bottom: 30px;'>\n<p style='color: inherit; font-size: 15px; margin: 0 0 15px; padding: 0;'> El monitor LCD DS-D2055EL-0A de Hikvision es una soluci\u00f3n de visualizaci\u00f3n profesional dise\u00f1ada para aplicaciones de monitoreo&comma; reuniones y entretenimiento. Con una pantalla IPS de 55 pulgadas y resoluci\u00f3n Full HD (1920&#215;1080)&comma; ofrece una calidad de imagen excepcional con un brillo uniforme de 500 cd\/m\u00b2 y un amplio \u00e1ngulo de visi\u00f3n de 178\u00b0. Su dise\u00f1o de bisel ultra estrecho de 1.7 mm permite una integraci\u00f3n perfecta en configuraciones de video wall. Adem\u00e1s&comma; cuenta con una carcasa met\u00e1lica que protege contra interferencias electromagn\u00e9ticas y permite un funcionamiento continuo las 24 horas. <\/p>\n<\/p><\/div>\n<p> <!-- Imagen principal --> <\/p>\n<div style='margin-bottom: 30px; text-align: center;'> <img style='width: 100%; max-width: 600px; height: auto; border: 1px solid rgba(150&comma;150&comma;150&comma;0.3); border-radius: 8px;' src='https:\/\/ftp3.syscom.mx\/usuarios\/nortega\/hikvision\/HPD.png' alt='Monitor Hikvision DS-D2055EL-0A'> <\/div>\n<p> <!-- Secci\u00f3n de caracter\u00edsticas con grid --> <\/p>\n<div style='display: flex; flex-wrap: wrap; gap: 30px; margin-bottom: 30px;'>\n<div style='flex: 1 1 300px; min-width: 280px;'>\n<h3 style='font-size: 22px; border-bottom: 2px solid currentColor; padding-bottom: 5px; margin-top: 0; color: inherit; opacity: 0.8;'>Caracter\u00edsticas principales<\/h3>\n<ul style='padding-left: 20px; font-size: 15px; color: inherit; list-style-type: disc;'>\n<li style='margin-bottom: 5px;'>Tama\u00f1o 55&#8242; (diagonal)<\/li>\n<li style='margin-bottom: 5px;'>Resoluci\u00f3n: 1920 x 1080 (Full HD) 60Hz.<\/li>\n<li style='margin-bottom: 5px;'>\u00c1ngulo de visi\u00f3n: Horizontal: 178\u00b0&comma; vertical: 178\u00b0<\/li>\n<li style='margin-bottom: 5px;'>Entradas de video: 1 puerto HDMI&comma; 1 puertos DVI&comma; 1 puerto VGA 1 puerto Display Port.<\/li>\n<li style='margin-bottom: 5px;'>Salida de video: 1 puerto HDMI (Loop).<\/li>\n<li style='margin-bottom: 5px;'>Puertos de control: 1 puerto RS232-IN&comma; 1 puerto RS232-OUT&comma; 1 puerto IR<\/li>\n<li style='margin-bottom: 5px;'>Antirreflejo&comma; Alta definici\u00f3n&comma; alto brillo&comma; alta gama de colores e im\u00e1genes vividas.<\/li>\n<\/ul><\/div>\n<div style='flex: 1 1 300px; min-width: 280px;'>\n<h3 style='font-size: 22px; border-bottom: 2px solid currentColor; padding-bottom: 5px; margin-top: 0; color: inherit; opacity: 0.8;'>Caracter\u00edsticas F\u00edsicas y El\u00e9ctricas<\/h3>\n<ul style='padding-left: 20px; font-size: 15px; color: inherit; list-style-type: disc;'>\n<li style='margin-bottom: 5px;'>Alimentaci\u00f3n: 100 &#8211; 240 Vca.<\/li>\n<li style='margin-bottom: 5px;'>Consumo: 187 Watts.<\/li>\n<li style='margin-bottom: 5px;'>Temperatura de operaci\u00f3n: 0\u00b0 a 40\u00b0.<\/li>\n<li style='margin-bottom: 5px;'>Dimensiones: 1212.7 mm x 683.5 mm x 72.41 mm.<\/li>\n<li style='margin-bottom: 5px;'>\u00c1rea de imagen: 1209.6 mm x 680.4 mm<\/li>\n<li style='margin-bottom: 5px; font-weight: bold;'>Ancho de bisel: 1.7 mm.<\/li>\n<li style='margin-bottom: 5px;'>Peso: 24 kg (\u00b1.5kg)<\/li>\n<li style='margin-bottom: 5px;'>Carcasa de metal para evitar la radiaci\u00f3n e interferencia de campos magn\u00e9ticos y el\u00e9ctricos.<\/li>\n<li style='margin-bottom: 5px; font-weight: bold;'>VESA: 600 x 400<\/li>\n<li style='margin-bottom: 5px;'>Capacidad de trabajo 24\/7<\/li>\n<li style='margin-bottom: 5px;'>Tiempo de vida: 60&comma;000 horas<\/li>\n<\/ul><\/div>\n<div style='flex: 1 1 300px; min-width: 280px;'>\n<h3 style='font-size: 22px; border-bottom: 2px solid currentColor; padding-bottom: 5px; margin-top: 0; color: inherit; opacity: 0.8;'>Accesorios incluidos (por pantalla)<\/h3>\n<ul style='padding-left: 20px; font-size: 15px; color: inherit; list-style-type: disc;'>\n<li style='margin-bottom: 5px;'>1 x Cable de corriente.<\/li>\n<li style='margin-bottom: 5px;'>1 x Cable de red RJ45.<\/li>\n<li style='margin-bottom: 5px;'>1 x Cable HDMI 2m.<\/li>\n<li style='margin-bottom: 5px;'>1 x Control remoto.<\/li>\n<li style='margin-bottom: 5px;'>1 x Receptor IR.<\/li>\n<li style='margin-bottom: 5px;'>1 x Convertidor RS-232.<\/li>\n<\/ul><\/div>\n<\/p><\/div>\n<p> <!-- Texto adicional --> <\/p>\n<div style='margin-bottom: 30px;'>\n<p style='color: inherit; font-size: 15px; margin: 0 0 15px; padding: 0; text-align: center;'> Cree un videowall de manera aut\u00f3noma de hasta 30 pantallas mediante HDMI (Daisy Chain)&comma; sin necesidad de licencias adicionales&comma; controlador o decodificador. <\/p>\n<\/p><\/div>\n<p> <!-- Im\u00e1genes de videowall --> <\/p>\n<div style='display: flex; flex-wrap: wrap; gap: 30px; margin-bottom: 30px;'>\n<div style='flex: 1 1 400px; min-width: 300px;'>\n<p style='text-align: center; margin: 0 0 5px; color: inherit; font-size: 15px;'>Videowall 2&#215;2<\/p>\n<p style='text-align: center; margin: 0 0 15px; color: inherit; font-size: 14px;'>Vista Frontal<\/p>\n<p> <img style='width: 100%; height: auto; border: 1px solid rgba(150&comma;150&comma;150&comma;0.3); border-radius: 8px;' src='https:\/\/ftp3.syscom.mx\/usuarios\/nortega\/hikvision\/pantallas%20vw\/2x2.png' alt='Videowall 2x2 - Vista Frontal'> <\/div>\n<div style='flex: 1 1 400px; min-width: 300px;'>\n<p style='text-align: center; margin: 0 0 5px; color: inherit; font-size: 15px;'>Videowall 2&#215;2<\/p>\n<p style='text-align: center; margin: 0 0 15px; color: inherit; font-size: 14px;'>Vista posterior<\/p>\n<p> <img style='width: 100%; height: auto; border: 1px solid rgba(150&comma;150&comma;150&comma;0.3); border-radius: 8px;' src='https:\/\/ftp3.syscom.mx\/usuarios\/nortega\/hikvision\/pantallas%20vw\/2x2back1.png' alt='Videowall 2x2 - Vista posterior'> <\/div>\n<\/p><\/div>\n<p> <!-- Imagen final --> <\/p>\n<div style='margin-bottom: 30px;'> <img style='width: 100%; height: auto; border: 1px solid rgba(150&comma;150&comma;150&comma;0.3); border-radius: 8px;' src='https:\/\/ftp3.syscom.mx\/usuarios\/nortega\/hikvision\/imagenes\/HIKVISION-VW-DS.png' alt='Sistema de Videowall Hikvision'> <\/div>\n<\/p><\/div>\n","protected":false},"excerpt":{"rendered":"<p>Pantalla LCD 55&#8243; para Videowall \/ Entrada HDMI &#8211; VGA &#8211; DVI &#8211; DP \/ Monitor Robusto \/ Bisel Ultra Delgado (1.7 mm) \/ Daisy Chain (Conexi\u00f3n en Cadena sin Software)<\/p>\n","protected":false},"featured_media":103078,"comment_status":"open","ping_status":"closed","template":"","meta":[],"product_brand":[],"product_cat":[2088],"product_tag":[54,2089,2090],"class_list":{"0":"post-103079","1":"product","2":"type-product","3":"status-publish","4":"has-post-thumbnail","6":"product_cat-videowall-seguridad","7":"product_tag-hikvision","8":"product_tag-monitores-pantallas-y-mobiliario","9":"product_tag-videowall-seguridad","11":"first","12":"outofstock","13":"sale","14":"shipping-taxable","15":"purchasable","16":"product-type-simple"},"_links":{"self":[{"href":"https:\/\/soydeaqui.ddns.net\/pachuca\/index.php\/wp-json\/wp\/v2\/product\/103079","targetHints":{"allow":["GET"]}}],"collection":[{"href":"https:\/\/soydeaqui.ddns.net\/pachuca\/index.php\/wp-json\/wp\/v2\/product"}],"about":[{"href":"https:\/\/soydeaqui.ddns.net\/pachuca\/index.php\/wp-json\/wp\/v2\/types\/product"}],"replies":[{"embeddable":true,"href":"https:\/\/soydeaqui.ddns.net\/pachuca\/index.php\/wp-json\/wp\/v2\/comments?post=103079"}],"wp:featuredmedia":[{"embeddable":true,"href":"https:\/\/soydeaqui.ddns.net\/pachuca\/index.php\/wp-json\/wp\/v2\/media\/103078"}],"wp:attachment":[{"href":"https:\/\/soydeaqui.ddns.net\/pachuca\/index.php\/wp-json\/wp\/v2\/media?parent=103079"}],"wp:term":[{"taxonomy":"product_brand","embeddable":true,"href":"https:\/\/soydeaqui.ddns.net\/pachuca\/index.php\/wp-json\/wp\/v2\/product_brand?post=103079"},{"taxonomy":"product_cat","embeddable":true,"href":"https:\/\/soydeaqui.ddns.net\/pachuca\/index.php\/wp-json\/wp\/v2\/product_cat?post=103079"},{"taxonomy":"product_tag","embeddable":true,"href":"https:\/\/soydeaqui.ddns.net\/pachuca\/index.php\/wp-json\/wp\/v2\/product_tag?post=103079"}],"curies":[{"name":"wp","href":"https:\/\/api.w.org\/{rel}","templated":true}]}}