{"id":103030,"date":"2026-03-20T13:23:00","date_gmt":"2026-03-20T13:23:00","guid":{"rendered":"https:\/\/soydeaqui.ddns.net\/pachuca\/index.php\/producto\/hikcentral-master-licencia-anade-modulo-analisis-cuerpo-humano-hikcentral-m-body-module\/"},"modified":"2026-03-20T13:23:02","modified_gmt":"2026-03-20T13:23:02","slug":"hikcentral-master-licencia-anade-modulo-analisis-cuerpo-humano-hikcentral-m-body-module","status":"publish","type":"product","link":"https:\/\/soydeaqui.ddns.net\/pachuca\/index.php\/producto\/hikcentral-master-licencia-anade-modulo-analisis-cuerpo-humano-hikcentral-m-body-module\/","title":{"rendered":"HikCentral Master \/ Licencia A\u00f1ade Modulo An\u00e1lisis Cuerpo Humano (HikCentral-M-Body-Module)"},"content":{"rendered":"<div style='width: 100%; max-width: 1200px; margin: 0 auto; font-family: sans-serif; line-height: 1.6; color: inherit; background-color: transparent;'>\n<div style='display: flex; justify-content: center; margin-bottom: 30px;'> <img style='width: 45%; height: auto; border: 1px solid rgba(150&comma;150&comma;150&comma;0.3); border-radius: 8px;' src='https:\/\/ftp3.syscom.mx\/usuarios\/jsosa\/HIKVISION\/imagenes\/logo\/hikvision%20see%20far.png' alt='Logo Hikvision'> <\/div>\n<div style='margin-bottom: 30px;'>\n<p style='text-align: justify; font-size: 16px; color: inherit; margin-bottom: 15px;'> HikCentral Master Lite es una plataforma inteligente de IA y orientada al dominio edge para la gesti\u00f3n de aplicaciones. <\/p>\n<p style='text-align: justify; font-size: 16px; color: inherit; margin-bottom: 15px;'> Se centra en la detecci\u00f3n de la recopilaci\u00f3n&comma; el almacenamiento&comma; el procesamiento y la aplicaci\u00f3n inteligente de datos&comma; integrando el Internet de las Cosas (IoT)&comma; la IA&comma; los datos y otras capacidades para recopilar&comma; almacenar y analizar datos a lo largo del tiempo y el espacio en el entorno edge. <\/p>\n<p style='text-align: justify; font-size: 16px; color: inherit; margin-bottom: 15px;'> La plataforma ofrece las siguientes capacidades: <\/p>\n<\/p><\/div>\n<div style='margin-bottom: 30px;'>\n<ul style='padding-left: 20px; font-size: 16px; color: inherit; list-style-type: disc;'>\n<li style='margin-bottom: 10px;'>Gesti\u00f3n&comma; recopilaci\u00f3n y despliegue bajo demanda unificados de recursos IoT.<\/li>\n<li style='margin-bottom: 10px;'>Aplicaci\u00f3n inteligente general basada en v\u00eddeo y aplicaci\u00f3n de datos.<\/li>\n<li style='margin-bottom: 10px;'>An\u00e1lisis inteligente basado en v\u00eddeos.<\/li>\n<li style='margin-bottom: 10px;'>Aplicaci\u00f3n y an\u00e1lisis de datos basados en datos IoT.<\/li>\n<\/ul><\/div>\n<\/p><\/div>\n","protected":false},"excerpt":{"rendered":"<p>HikCentral Master \/ Licencia A\u00f1ade Modulo An\u00e1lisis Cuerpo Humano (HikCentral-M-Body-Module)<\/p>\n","protected":false},"featured_media":103029,"comment_status":"open","ping_status":"closed","template":"","meta":[],"product_brand":[],"product_cat":[2262],"product_tag":[54,2263],"class_list":{"0":"post-103030","1":"product","2":"type-product","3":"status-publish","4":"has-post-thumbnail","6":"product_cat-hikvision-software-vms-y-analiticas","7":"product_tag-hikvision","8":"product_tag-software-vms-y-analiticas","10":"first","11":"outofstock","12":"sale","13":"shipping-taxable","14":"purchasable","15":"product-type-simple"},"_links":{"self":[{"href":"https:\/\/soydeaqui.ddns.net\/pachuca\/index.php\/wp-json\/wp\/v2\/product\/103030","targetHints":{"allow":["GET"]}}],"collection":[{"href":"https:\/\/soydeaqui.ddns.net\/pachuca\/index.php\/wp-json\/wp\/v2\/product"}],"about":[{"href":"https:\/\/soydeaqui.ddns.net\/pachuca\/index.php\/wp-json\/wp\/v2\/types\/product"}],"replies":[{"embeddable":true,"href":"https:\/\/soydeaqui.ddns.net\/pachuca\/index.php\/wp-json\/wp\/v2\/comments?post=103030"}],"wp:featuredmedia":[{"embeddable":true,"href":"https:\/\/soydeaqui.ddns.net\/pachuca\/index.php\/wp-json\/wp\/v2\/media\/103029"}],"wp:attachment":[{"href":"https:\/\/soydeaqui.ddns.net\/pachuca\/index.php\/wp-json\/wp\/v2\/media?parent=103030"}],"wp:term":[{"taxonomy":"product_brand","embeddable":true,"href":"https:\/\/soydeaqui.ddns.net\/pachuca\/index.php\/wp-json\/wp\/v2\/product_brand?post=103030"},{"taxonomy":"product_cat","embeddable":true,"href":"https:\/\/soydeaqui.ddns.net\/pachuca\/index.php\/wp-json\/wp\/v2\/product_cat?post=103030"},{"taxonomy":"product_tag","embeddable":true,"href":"https:\/\/soydeaqui.ddns.net\/pachuca\/index.php\/wp-json\/wp\/v2\/product_tag?post=103030"}],"curies":[{"name":"wp","href":"https:\/\/api.w.org\/{rel}","templated":true}]}}