{"id":103017,"date":"2026-03-20T13:22:18","date_gmt":"2026-03-20T13:22:18","guid":{"rendered":"https:\/\/soydeaqui.ddns.net\/pachuca\/index.php\/producto\/acuseek-nvr-32-megapixel-8k-16-canales-ip-8-bahias-de-disco-duro-2-tarjetas-de-red-soporta-raid-hdmi-en-4k-soporta-pos-reconocimiento-facial-bases-de-datos-hasta-100000-fotograf-2\/"},"modified":"2026-03-20T13:22:27","modified_gmt":"2026-03-20T13:22:27","slug":"acuseek-nvr-32-megapixel-8k-16-canales-ip-8-bahias-de-disco-duro-2-tarjetas-de-red-soporta-raid-hdmi-en-4k-soporta-pos-reconocimiento-facial-bases-de-datos-hasta-100000-fotograf-2","status":"publish","type":"product","link":"https:\/\/soydeaqui.ddns.net\/pachuca\/index.php\/producto\/acuseek-nvr-32-megapixel-8k-16-canales-ip-8-bahias-de-disco-duro-2-tarjetas-de-red-soporta-raid-hdmi-en-4k-soporta-pos-reconocimiento-facial-bases-de-datos-hasta-100000-fotograf-2\/","title":{"rendered":"[AcuSeek] NVR 32 Megapixel (8K) \/ 16 Canales IP \/ 8 Bah\u00edas de Disco Duro \/ 2 Tarjetas de Red \/ Soporta RAID \/ HDMI en 4K \/ Soporta POS \/ Reconocimiento Facial \/ Bases de Datos \/ Hasta 100,000 Fotograf\u00edas \/ AcuSearch"},"content":{"rendered":"<div style=\"width: 100%; max-width: 1200px; margin: 0 auto; font-family: sans-serif; line-height: 1.6; color: inherit; background-color: transparent;\"><!-- Banner Inicial --> <\/p>\n<p style=\"text-align: center; margin: 0; padding: 20px 0; display: flex; justify-content: center;\"><img decoding=\"async\" class=\"fr-fil fr-dib\" style=\"width: 45%; height: auto;\" src=\"https:\/\/ftp3.syscom.mx\/usuarios\/jsosa\/HIKVISION\/imagenes\/logo\/hikvision%20see%20far.png\" alt=\"Banner Inicial\" \/><\/p>\n<p> <!-- Video Principal --> <\/p>\n<div style=\"position: relative; height: 405px; overflow: hidden; margin: 30px 0;\"><span class=\"fr-video fr-deletable\" contenteditable=\"false\"><video class=\"fr-draggable\" style=\"position: absolute; top: 0; left: 0; width: 100%; height: auto; border: none;\" autoplay=\"autoplay\" muted=\"\" controls=\"controls\" width=\"300\" height=\"150\"><source src=\"https:\/\/ftp3.syscom.mx\/usuarios\/fcarrillo\/Hikvision\/videos\/AcuSeeklanding.mp4\" type=\"video\/mp4\" \/><\/video><\/span><\/div>\n<p> <!-- T\u00edtulo de Especificaciones --> <\/p>\n<div style=\"text-align: center; margin: 40px 0 20px;\">\n<h1 style=\"font-size: 28px; color: inherit; margin: 0; font-weight: bold;\">Especif&iacute;caciones<\/h1>\n<\/p><\/div>\n<p> <!-- Secci\u00f3n 1: Caracter\u00edsticas Principales y F\u00edsicas --> <\/p>\n<div style=\"display: flex; flex-wrap: wrap; gap: 30px; margin-bottom: 30px;\"><!-- Caracter\u00edsticas Principales --> <\/p>\n<div style=\"flex: 1 1 300px; min-width: 280px;\">\n<div style=\"border: 1px solid rgba(150&comma;150&comma;150&comma;0.4); border-radius: 8px; overflow: hidden; display: flex; flex-direction: column; background-color: rgba(255&comma;255&comma;255&comma;0.05);\">\n<div style=\"padding: 15px; border-bottom: 1px solid rgba(150&comma;150&comma;150&comma;0.2); font-weight: bold; font-size: 18px; background: #df001e; color: #ffffff;\">Caracter&iacute;sticas Principales<\/div>\n<div style=\"padding: 15px; color: inherit;\">\n<ul style=\"padding-left: 20px; margin: 0; font-size: 14px; list-style-type: disc;\">\n<li style=\"margin-bottom: 5px;\">Compresi&oacute;n de video: H.265+ \/ H.265 \/ H.264+ \/ H.264<\/li>\n<li style=\"margin-bottom: 5px;\">Funciones AcuSearch y AcuSeek en sus 16 canales<\/li>\n<li style=\"margin-bottom: 5px;\">Soporta 4 HDD&acute;s de hasta 20 TB (no incluidos)<\/li>\n<li style=\"margin-bottom: 5px;\">Soporta m&uacute;ltiples marcas usando el protocolo ONVIF<\/li>\n<li style=\"margin-bottom: 5px;\">Sin &nbsp;puertos PoE integrados<\/li>\n<li style=\"margin-bottom: 5px;\">Soporta Hik-Connect (P2P) <a style=\"color: #df001e; text-decoration: underline;\" href=\"https:\/\/appstore.hikvision.com\/\" target=\"_blank\" rel=\"noopener\">https:\/\/appstore.hikvision.com\/<\/a><\/li>\n<\/ul><\/div>\n<\/p><\/div>\n<\/p><\/div>\n<p> <!-- Caracter\u00edsticas F\u00edsicas y El\u00e9ctricas --> <\/p>\n<div style=\"flex: 1 1 300px; min-width: 280px;\">\n<div style=\"border: 1px solid rgba(150&comma;150&comma;150&comma;0.4); border-radius: 8px; overflow: hidden; display: flex; flex-direction: column; background-color: rgba(255&comma;255&comma;255&comma;0.05);\">\n<div style=\"padding: 15px; border-bottom: 1px solid rgba(150&comma;150&comma;150&comma;0.2); font-weight: bold; font-size: 18px; background: #df001e; color: #ffffff;\">Caracter&iacute;sticas F&iacute;sicas y El&eacute;ctricas<\/div>\n<div style=\"padding: 15px; color: inherit;\">\n<ul style=\"padding-left: 20px; margin: 0; font-size: 14px; list-style-type: disc;\">\n<li style=\"margin-bottom: 5px;\">Dimensiones: 440 &times; 390 &times; 72 mm<\/li>\n<li style=\"margin-bottom: 5px;\">Alimentaci&oacute;n: 180 W<\/li>\n<li style=\"margin-bottom: 5px;\">Temperatura de operaci&oacute;n: -10&deg;C a 55&deg;C<\/li>\n<li style=\"margin-bottom: 5px;\">Peso: 3 Kg<\/li>\n<\/ul><\/div>\n<\/p><\/div>\n<\/p><\/div>\n<\/p><\/div>\n<p> <!-- Secci\u00f3n 2: Interfaces y Funciones --> <\/p>\n<div style=\"display: flex; flex-wrap: wrap; gap: 30px; margin-bottom: 30px;\"><!-- Interfaces Entradas y Salidas --> <\/p>\n<div style=\"flex: 1 1 300px; min-width: 280px;\">\n<div style=\"border: 1px solid rgba(150&comma;150&comma;150&comma;0.4); border-radius: 8px; overflow: hidden; display: flex; flex-direction: column; background-color: rgba(255&comma;255&comma;255&comma;0.05);\">\n<div style=\"padding: 15px; border-bottom: 1px solid rgba(150&comma;150&comma;150&comma;0.2); font-weight: bold; font-size: 18px; background: #df001e; color: #ffffff;\">Interfaces Entradas y Salidas<\/div>\n<div style=\"padding: 15px; color: inherit;\">\n<ul style=\"padding-left: 20px; margin: 0; font-size: 14px; list-style-type: disc;\">\n<li style=\"margin-bottom: 5px;\"><strong>Salida simultaneo HDMI 1 y VGA 1<\/strong><\/li>\n<li style=\"margin-bottom: 5px;\"><strong>Salida independiente HDMI 1 y VGA 1<\/strong><\/li>\n<li style=\"margin-bottom: 5px;\">Resoluci&oacute;n HDMI 1: 8K \/ 4K \/ 1080p \/ 720p<\/li>\n<li style=\"margin-bottom: 5px;\">Resoluci&oacute;n VGA 1: 1080p \/ 720p<\/li>\n<li style=\"margin-bottom: 5px;\">Entrada de Audio: 1<\/li>\n<li style=\"margin-bottom: 5px;\">Salida de Audio: 1<\/li>\n<li style=\"margin-bottom: 5px;\">Entrada de Alarma: 16<\/li>\n<li style=\"margin-bottom: 5px;\">Salida de Alarma: 4<\/li>\n<\/ul><\/div>\n<\/p><\/div>\n<\/p><\/div>\n<p> <!-- Funci\u00f3n de Grabaci\u00f3n y Visualizaci\u00f3n --> <\/p>\n<div style=\"flex: 1 1 300px; min-width: 280px;\">\n<div style=\"border: 1px solid rgba(150&comma;150&comma;150&comma;0.4); border-radius: 8px; overflow: hidden; display: flex; flex-direction: column; background-color: rgba(255&comma;255&comma;255&comma;0.05);\">\n<div style=\"padding: 15px; border-bottom: 1px solid rgba(150&comma;150&comma;150&comma;0.2); font-weight: bold; font-size: 18px; background: #df001e; color: #ffffff;\">Funci&oacute;n de Grabaci&oacute;n y Visualizaci&oacute;n<\/div>\n<div style=\"padding: 15px; color: inherit;\">\n<ul style=\"padding-left: 20px; margin: 0; font-size: 14px; list-style-type: disc;\">\n<li style=\"margin-bottom: 5px;\">Detecci&oacute;n de movimiento multizona<\/li>\n<li style=\"margin-bottom: 5px;\">Zoom digital en visualizaci&oacute;n y grabaci&oacute;n<\/li>\n<li style=\"margin-bottom: 5px;\">Dual stream (main stream y sub stream)<\/li>\n<li style=\"margin-bottom: 5px;\">Soporta avance r&aacute;pido&comma; lento&comma; cuadro a cuadro&comma; etc.<\/li>\n<li style=\"margin-bottom: 5px;\">Soporta tecnolog&iacute;a de discos duros S.M.A.R.T.<\/li>\n<li style=\"margin-bottom: 5px;\">Soporta m&uacute;ltiples tipos de grabaci&oacute;n&comma; incluyendo tiempo real&comma; grabaci&oacute;n manual&comma; videosensor&comma; videosensor y alarma&comma; videosensor o alarma<\/li>\n<li style=\"margin-bottom: 5px;\">Soporta grabaci&oacute;n c&iacute;clica (sobreescritura) y no c&iacute;clica<\/li>\n<\/ul><\/div>\n<\/p><\/div>\n<\/p><\/div>\n<\/p><\/div>\n<p> <!-- Secci\u00f3n 3: Procesamiento y Resoluci\u00f3n --> <\/p>\n<div style=\"display: flex; flex-wrap: wrap; gap: 30px; margin-bottom: 30px;\"><!-- Capacidad de Procesamiento --> <\/p>\n<div style=\"flex: 1 1 300px; min-width: 280px;\">\n<div style=\"border: 1px solid rgba(150&comma;150&comma;150&comma;0.4); border-radius: 8px; overflow: hidden; display: flex; flex-direction: column; background-color: rgba(255&comma;255&comma;255&comma;0.05);\">\n<div style=\"padding: 15px; border-bottom: 1px solid rgba(150&comma;150&comma;150&comma;0.2); font-weight: bold; font-size: 18px; background: #df001e; color: #ffffff;\">Capacidad de Procesamiento y Funciones de red<\/div>\n<div style=\"padding: 15px; color: inherit;\">\n<ul style=\"padding-left: 20px; margin: 0; font-size: 14px; list-style-type: disc;\">\n<li style=\"margin-bottom: 5px;\">Throughput entrada: 256 Mbps<\/li>\n<li style=\"margin-bottom: 5px;\">Throughput salida: 256 Mbps<\/li>\n<li style=\"margin-bottom: 5px;\">1 Puerto red 10 \/ 100 \/ 1000 Mbps (LAN)<\/li>\n<\/ul><\/div>\n<\/p><\/div>\n<\/p><\/div>\n<p> <!-- Resoluci\u00f3n de Grabaci\u00f3n por Canal --> <\/p>\n<div style=\"flex: 1 1 300px; min-width: 280px;\">\n<div style=\"border: 1px solid rgba(150&comma;150&comma;150&comma;0.4); border-radius: 8px; overflow: hidden; display: flex; flex-direction: column; background-color: rgba(255&comma;255&comma;255&comma;0.05);\">\n<div style=\"padding: 15px; border-bottom: 1px solid rgba(150&comma;150&comma;150&comma;0.2); font-weight: bold; font-size: 18px; background: #df001e; color: #ffffff;\">Resoluci&oacute;n de Grabaci&oacute;n por Canal (Recomendado con H.265)<\/div>\n<div style=\"padding: 15px; color: inherit;\">\n<ul style=\"padding-left: 20px; margin: 0; font-size: 14px; list-style-type: disc;\">\n<li style=\"margin-bottom: 5px;\">2 MP (1080P): 16 Canales &#8211; 30 IPS<\/li>\n<li style=\"margin-bottom: 5px;\">4 MP: 16 Canales &#8211; 30 IPS<\/li>\n<li style=\"margin-bottom: 5px;\">5 MP: 16 Canales &#8211; 30 IPS<\/li>\n<li style=\"margin-bottom: 5px;\">6 MP: 16 Canales &#8211; 30 IPS<\/li>\n<li style=\"margin-bottom: 5px;\">4K (8 MP): 16 Canales &#8211; 30 IPS<\/li>\n<li style=\"margin-bottom: 5px;\">8K (12 MP): 16 Canales &#8211; 22 IPS<\/li>\n<li style=\"margin-bottom: 5px;\">Reproducci&oacute;n s&iacute;ncrona en canales: 8 Canales<\/li>\n<\/ul><\/div>\n<\/p><\/div>\n<\/p><\/div>\n<\/p><\/div>\n<p> <!-- Caracter\u00edsticas Destacadas --> <\/p>\n<div style=\"border: 1px solid rgba(150&comma;150&comma;150&comma;0.4); border-radius: 8px; overflow: hidden; margin-bottom: 30px; background-color: rgba(255&comma;255&comma;255&comma;0.05);\">\n<div style=\"padding: 15px; border-bottom: 1px solid rgba(150&comma;150&comma;150&comma;0.2); font-weight: bold; font-size: 18px; background: #df001e; color: #ffffff;\">Caracter&iacute;sticas destacadas<\/div>\n<div style=\"padding: 15px; color: inherit;\">\n<h4 style=\"margin-top: 0; margin-bottom: 10px; font-size: 16px; font-weight: bold; color: inherit;\">AcuSearch<\/h4>\n<ul style=\"padding-left: 20px; margin: 0 0 15px 0; font-size: 14px; list-style-type: disc;\">\n<li style=\"margin-bottom: 5px;\">Si las c&aacute;maras admiten la tecnolog&iacute;a Hikvision AcuSense y tienen habilitada la funci&oacute;n AcuSearch&comma; el NVR admite AcuSearch en todos los canales y puede procesar hasta 300&comma;000 objetivos al d&iacute;a<\/li>\n<\/ul>\n<h4 style=\"margin-top: 0; margin-bottom: 10px; font-size: 16px; font-weight: bold; color: inherit;\">AcuSeek<\/h4>\n<ul style=\"padding-left: 20px; margin: 0 0 15px 0; font-size: 14px; list-style-type: disc;\">\n<li style=\"margin-bottom: 5px;\">Si las c&aacute;maras admiten la tecnolog&iacute;a Hikvision AcuSense y tienen habilitada la funci&oacute;n AcuSearch&comma; el NVR admite AcuSeek en todos los canales y puede procesar hasta 300&comma;000 objetivos al d&iacute;a<\/li>\n<\/ul>\n<h4 style=\"margin-top: 0; margin-bottom: 10px; font-size: 16px; font-weight: bold; color: inherit;\">Reconocimiento Facial<\/h4>\n<ul style=\"padding-left: 20px; margin: 0 0 15px 0; font-size: 14px; list-style-type: disc;\">\n<li style=\"margin-bottom: 5px;\">Hasta 32 librer&iacute;as con un m&aacute;ximo de 1000&comma;000 rostros en total<\/li>\n<li style=\"margin-bottom: 5px;\">Cada fotograf&iacute;a debe de pesar m&aacute;ximo 512 kb<\/li>\n<li style=\"margin-bottom: 5px;\">Cuando la c&aacute;mara detecta un rostro y coincidente con la base de datos&comma; se puede: activar la grabaci&oacute;n&comma; notificar al software remoto (iVMS-4200)&comma; enviar un email&comma; activar una salida de alarma&comma; etc.<\/li>\n<li style=\"margin-bottom: 5px;\">Soporta 16 canales de video con reconocimiento facial&comma; podemos usar c&aacute;maras: IDS-2CD7<\/li>\n<li style=\"box-sizing: border-box; border: 0px solid; margin: 0px 0px 5px; padding: 0px; letter-spacing: 0.01em;\" data-pasted=\"true\">Soporta 8 canales de video con detecci&oacute;n facial&comma; podemos usar c&aacute;maras &nbsp;de 2MP y 4 MP : DS-2CD3XXG2 \/ DS-2CD3XX7G2 (que soporte captura facial)<\/li>\n<\/ul>\n<h4 style=\"margin-top: 0; margin-bottom: 10px; font-size: 16px; font-weight: bold; color: inherit;\">ANPR (Lectura de Placas)<\/h4>\n<ul style=\"padding-left: 20px; margin: 0; font-size: 14px; list-style-type: disc;\">\n<li style=\"margin-bottom: 5px;\">Usando c&aacute;maras con anal&iacute;tica de ANPR podemos tener lectura de placas (base de datos) en todos sus canales y podemos tener tambien diferentes caracter&iacute;sticas del autom&oacute;vil como tipo del veh&iacute;culo&comma; color&comma; tama&ntilde;o&comma; etc&#8230;<\/li>\n<\/ul><\/div>\n<\/p><\/div>\n<p> <!-- Tabla de Funciones Especiales --><\/div>\n<div style=\"width: 100%; max-width: 1200px; margin: 0 auto; font-family: sans-serif; line-height: 1.6; color: inherit; background-color: transparent;\"><!-- Tabla de funciones especiales --> <\/p>\n<div style=\"margin-bottom: 30px;\">\n<table style=\"width: 100%; border-collapse: collapse; border: 1px solid rgba(150&comma; 150&comma; 150&comma; 0.4); box-shadow: 0 0 0 0 transparent;\">\n<thead style=\"background-color: #df001e; color: #ffffff;\">\n<tr>\n<th style=\"text-align: center; padding: 12px; border: 1px solid rgba(150&comma; 150&comma; 150&comma; 0.3);\">Funci&oacute;n Especial<\/th>\n<th style=\"text-align: center; padding: 12px; border: 1px solid rgba(150&comma; 150&comma; 150&comma; 0.3);\">Realizado por NVR<\/th>\n<th style=\"text-align: center; padding: 12px; border: 1px solid rgba(150&comma; 150&comma; 150&comma; 0.3);\">Requiere C&aacute;mara IP<\/th>\n<\/tr>\n<\/thead>\n<tbody>\n<tr>\n<td style=\"padding: 10px; border: 1px solid rgba(150&comma; 150&comma; 150&comma; 0.3);\">Intelligent Analytics<\/td>\n<td style=\"padding: 10px; border: 1px solid rgba(150&comma; 150&comma; 150&comma; 0.3);\">Facial Recognition &comma; AcuSearch&comma; AcuSeek<\/td>\n<td style=\"padding: 10px; border: 1px solid rgba(150&comma; 150&comma; 150&comma; 0.3);\">Perimeter Protection&comma; Video Structuralization&comma; Motion Detection 2.0&comma; ANPR&comma; People Counting<\/td>\n<\/tr>\n<tr>\n<td style=\"padding: 10px; border: 1px solid rgba(150&comma; 150&comma; 150&comma; 0.3);\">Facial Recognition<\/td>\n<td style=\"padding: 10px; border: 1px solid rgba(150&comma; 150&comma; 150&comma; 0.3);\">Bibliotecas de hasta 100&comma;000 rostros&comma; comparaci&oacute;n facial&comma; b&uacute;squeda de rostros<\/td>\n<td style=\"padding: 10px; border: 1px solid rgba(150&comma; 150&comma; 150&comma; 0.3);\">Captura de rostros mediante c&aacute;mara IP&nbsp;<\/td>\n<\/tr>\n<tr>\n<td style=\"padding: 10px; border: 1px solid rgba(150&comma; 150&comma; 150&comma; 0.3);\">AcuSearch<\/td>\n<td style=\"padding: 10px; border: 1px solid rgba(150&comma; 150&comma; 150&comma; 0.3);\">Procesa &nbsp;en todos los canales AcuSearch<\/td>\n<td style=\"padding: 10px; border: 1px solid rgba(150&comma; 150&comma; 150&comma; 0.3);\">Requiere c&aacute;maras con tecnolog&iacute;a AcuSense y funci&oacute;n AcuSearch habilitada<\/td>\n<\/tr>\n<tr>\n<td style=\"padding: 10px; border: 1px solid rgba(150&comma; 150&comma; 150&comma; 0.3);\">AcuSeek<\/td>\n<td style=\"padding: 10px; border: 1px solid rgba(150&comma; 150&comma; 150&comma; 0.3);\">Procesa hasta 300&comma;000 objetivos\/d&iacute;a&nbsp;<\/td>\n<td style=\"padding: 10px; border: 1px solid rgba(150&comma; 150&comma; 150&comma; 0.3);\">Requiere c&aacute;maras con tecnolog&iacute;a AcuSense y funci&oacute;n AcuSearch habilitada<\/td>\n<\/tr>\n<tr>\n<td style=\"padding: 10px; border: 1px solid rgba(150&comma; 150&comma; 150&comma; 0.3);\">ANPR (Lectura de Placas)<\/td>\n<td style=\"padding: 10px; border: 1px solid rgba(150&comma; 150&comma; 150&comma; 0.3); text-align: left;\">Soporta en todos sus &nbsp;canales lectura de placas<\/td>\n<td style=\"padding: 10px; border: 1px solid rgba(150&comma; 150&comma; 150&comma; 0.3);\">Lectura de placas&comma; color&comma; tipo&comma; marca y tipo de veh&iacute;culo en todos los canales<\/td>\n<\/tr>\n<\/tbody>\n<\/table><\/div>\n<p> <!-- Videos --> <\/p>\n<div style=\"display: flex; flex-wrap: wrap; gap: 30px; margin-bottom: 30px;\">\n<div style=\"flex: 1 1 45%; min-width: 300px;\">\n<h3 style=\"text-align: center; font-size: 20px; margin-bottom: 15px; font-weight: bold;\">&nbsp;<\/h3>\n<\/p><\/div>\n<\/p><\/div>\n<\/p><\/div>\n<p> <!-- Secci\u00f3n de Videos --> <\/p>\n<div style=\"display: flex; flex-wrap: wrap; gap: 30px; margin: 30px 0;\">\n<div style=\"flex: 1 1 48%; min-width: 300px;\">\n<h3 style=\"text-align: center; font-size: 18px; margin: 0 0 15px 0; font-weight: bold; font-family: verdana&comma; geneva&comma; sans-serif;\">AcuSeek NVR HIKVISION<\/h3>\n<div style=\"position: relative; padding-bottom: 56.25%; height: 0; overflow: hidden;\"><span class=\"fr-video fr-deletable\" contenteditable=\"false\"><video class=\"fr-draggable\" style=\"position: absolute; top: 0; left: 0; width: 100%; height: 100%; border: 1px solid rgba(150&comma;150&comma;150&comma;0.3); border-radius: 8px;\" autoplay=\"autoplay\" muted=\"\" controls=\"controls\" width=\"300\" height=\"150\"><source src=\"https:\/\/ftp3.syscom.mx\/usuarios\/iruiz\/Ugreen\/Video\/Acuseek.mp4\" type=\"video\/mp4\" \/><\/video><\/span><\/div>\n<\/p><\/div>\n<div style=\"flex: 1 1 48%; min-width: 300px;\">\n<h3 style=\"text-align: center; font-size: 18px; margin: 0 0 15px 0; font-weight: bold; font-family: verdana&comma; geneva&comma; sans-serif;\">Smart Search + Acusense<\/h3>\n<div style=\"position: relative; padding-bottom: 56.25%; height: 0; overflow: hidden;\"><span class=\"fr-video fr-deletable\" contenteditable=\"false\"><video class=\"fr-draggable\" style=\"position: absolute; top: 0; left: 0; width: 100%; height: 100%; border: 1px solid rgba(150&comma;150&comma;150&comma;0.3); border-radius: 8px;\" autoplay=\"autoplay\" muted=\"\" controls=\"controls\" width=\"300\" height=\"150\"><source src=\"https:\/\/ftp3.syscom.mx\/usuarios\/iruiz\/Ugreen\/Video\/Searchtext.mp4\" type=\"video\/mp4\" \/><\/video><\/span><\/div>\n<\/p><\/div>\n<\/p><\/div>\n<p> <!-- Secci\u00f3n de Videos de YouTube --> <\/p>\n<div style=\"display: flex; flex-wrap: wrap; gap: 30px; margin: 30px 0;\">\n<div style=\"flex: 1 1 48%; min-width: 300px;\">\n<h3 style=\"text-align: center; font-size: 18px; margin: 0 0 15px 0; font-weight: bold; font-family: verdana&comma; geneva&comma; sans-serif;\">AcuSeek NVR HIKVISION<\/h3>\n<div style=\"position: relative; padding-bottom: 56.25%; height: 0; overflow: hidden;\"><span class=\"fr-video\" contenteditable=\"false\"> <\/span><\/div>\n<\/p><\/div>\n<div style=\"flex: 1 1 48%; min-width: 300px;\">\n<h3 style=\"text-align: center; font-size: 18px; margin: 0 0 15px 0; font-weight: bold; font-family: verdana&comma; geneva&comma; sans-serif;\">Smart Search + Acusense<\/h3>\n<div style=\"position: relative; padding-bottom: 56.25%; height: 0; overflow: hidden;\"><span class=\"fr-video\" contenteditable=\"false\"> <\/span><\/div>\n<\/p><\/div>\n<\/p><\/div>\n<p> <!-- Imagen final --> <\/p>\n<div style=\"margin: 30px 0;\"><img decoding=\"async\" class=\"fr-fic fr-dii\" style=\"width: 100%; height: auto; border: 1px solid rgba(150&comma; 150&comma; 150&comma; 0.3); border-radius: 8px;\" src=\"https:\/\/ftp3.syscom.mx\/usuarios\/jsosa\/HIKVISION\/imagenes\/banners\/solution%20complete.png\" alt=\"Soluci&oacute;n Completa\" \/><\/div>\n<p> <!-- Separador final --><\/p>\n<hr style=\"border: 0; border-top: 1px solid rgba(150&comma;150&comma;150&comma;0.3); margin: 30px 0;\" \/>\n","protected":false},"excerpt":{"rendered":"<p>[AcuSeek] NVR 32 Megapixel (8K) \/ 16 Canales IP \/ 8 Bah\u00edas de Disco Duro \/ 2 Tarjetas de Red \/ Soporta RAID \/ HDMI en 4K \/ Soporta POS \/ Reconocimiento Facial \/ Bases de Datos \/ Hasta 100,000 Fotograf\u00edas \/ AcuSearch<\/p>\n","protected":false},"featured_media":103016,"comment_status":"open","ping_status":"closed","template":"","meta":[],"product_brand":[],"product_cat":[2234],"product_tag":[122,54,2235],"class_list":{"0":"post-103017","1":"product","2":"type-product","3":"status-publish","4":"has-post-thumbnail","6":"product_cat-nvrs-network-video-recorders","7":"product_tag-camaras-ip-y-nvrs","8":"product_tag-hikvision","9":"product_tag-nvrs-network-video-recorders","11":"first","12":"outofstock","13":"sale","14":"shipping-taxable","15":"purchasable","16":"product-type-simple"},"_links":{"self":[{"href":"https:\/\/soydeaqui.ddns.net\/pachuca\/index.php\/wp-json\/wp\/v2\/product\/103017","targetHints":{"allow":["GET"]}}],"collection":[{"href":"https:\/\/soydeaqui.ddns.net\/pachuca\/index.php\/wp-json\/wp\/v2\/product"}],"about":[{"href":"https:\/\/soydeaqui.ddns.net\/pachuca\/index.php\/wp-json\/wp\/v2\/types\/product"}],"replies":[{"embeddable":true,"href":"https:\/\/soydeaqui.ddns.net\/pachuca\/index.php\/wp-json\/wp\/v2\/comments?post=103017"}],"wp:featuredmedia":[{"embeddable":true,"href":"https:\/\/soydeaqui.ddns.net\/pachuca\/index.php\/wp-json\/wp\/v2\/media\/103016"}],"wp:attachment":[{"href":"https:\/\/soydeaqui.ddns.net\/pachuca\/index.php\/wp-json\/wp\/v2\/media?parent=103017"}],"wp:term":[{"taxonomy":"product_brand","embeddable":true,"href":"https:\/\/soydeaqui.ddns.net\/pachuca\/index.php\/wp-json\/wp\/v2\/product_brand?post=103017"},{"taxonomy":"product_cat","embeddable":true,"href":"https:\/\/soydeaqui.ddns.net\/pachuca\/index.php\/wp-json\/wp\/v2\/product_cat?post=103017"},{"taxonomy":"product_tag","embeddable":true,"href":"https:\/\/soydeaqui.ddns.net\/pachuca\/index.php\/wp-json\/wp\/v2\/product_tag?post=103017"}],"curies":[{"name":"wp","href":"https:\/\/api.w.org\/{rel}","templated":true}]}}