{"id":102997,"date":"2026-03-20T13:21:21","date_gmt":"2026-03-20T13:21:21","guid":{"rendered":"https:\/\/soydeaqui.ddns.net\/pachuca\/index.php\/producto\/nvr-4-megapixel-4-canales-ip-1-bahia-de-disco-duro-2-antenas-wi-fi-salida-de-video-full-hd\/"},"modified":"2026-03-20T13:21:28","modified_gmt":"2026-03-20T13:21:28","slug":"nvr-4-megapixel-4-canales-ip-1-bahia-de-disco-duro-2-antenas-wi-fi-salida-de-video-full-hd","status":"publish","type":"product","link":"https:\/\/soydeaqui.ddns.net\/pachuca\/index.php\/producto\/nvr-4-megapixel-4-canales-ip-1-bahia-de-disco-duro-2-antenas-wi-fi-salida-de-video-full-hd\/","title":{"rendered":"NVR 4 Megapixel \/ 4 canales IP \/ 1 Bah\u00eda de Disco Duro \/ 2 Antenas Wi-Fi \/ Salida de V\u00eddeo Full HD"},"content":{"rendered":"<div style=\"width: 100%; max-width: 1200px; margin: 0 auto; font-family: sans-serif; line-height: 1.6; color: inherit; background-color: transparent;\"><!-- Banner Inicial --> <\/p>\n<p style=\"text-align: center; margin: 0; padding: 20px 0; display: flex; justify-content: center;\"><img decoding=\"async\" class=\"fr-fil fr-dib\" style=\"width: 45%; height: auto;\" src=\"https:\/\/ftp3.syscom.mx\/usuarios\/jsosa\/HIKVISION\/imagenes\/logo\/hikvision%20see%20far.png\" alt=\"Banner Inicial\" \/><\/p>\n<p> <!-- Video Principal --> <\/p>\n<div style=\"text-align: center; margin: 40px 0 20px;\">\n<h1 style=\"font-size: 28px; color: inherit; margin: 0; font-weight: bold;\">Especif&iacute;caciones<\/h1>\n<\/p><\/div>\n<p> <!-- Secci\u00f3n 1: Caracter\u00edsticas Principales y F\u00edsicas --> <\/p>\n<div style=\"display: flex; flex-wrap: wrap; gap: 30px; margin-bottom: 30px;\"><!-- Caracter\u00edsticas Principales --> <\/p>\n<div style=\"flex: 1 1 300px; min-width: 280px;\">\n<div style=\"border: 1px solid rgba(150&comma;150&comma;150&comma;0.4); border-radius: 8px; overflow: hidden; display: flex; flex-direction: column; background-color: rgba(255&comma;255&comma;255&comma;0.05);\">\n<div style=\"padding: 15px; border-bottom: 1px solid rgba(150&comma;150&comma;150&comma;0.2); font-weight: bold; font-size: 18px; background: #df001e; color: #ffffff;\">Caracter&iacute;sticas Principales<\/div>\n<div style=\"padding: 15px; color: inherit;\">\n<ul style=\"padding-left: 20px; margin: 0; font-size: 14px; list-style-type: disc;\">\n<li style=\"margin-bottom: 5px;\"><span style=\"font-family: verdana&comma; geneva&comma; sans-serif; font-size: 12pt;\">Compresi&oacute;n de video: H.265+ \/ H.265 \/ H.264+ \/ H.264<\/span><\/li>\n<li style=\"margin-bottom: 5px;\"><span style=\"font-family: verdana&comma; geneva&comma; sans-serif; font-size: 12pt;\">Soporta&nbsp; 4 canales<\/span><\/li>\n<li style=\"margin-bottom: 5px;\"><span style=\"color: #0f1115; font-family: verdana&comma; geneva&comma; sans-serif; font-size: 12pt; background-color: #ffffff;\">Detecci&oacute;n inteligente de movimiento con clasificaci&oacute;n de objetivos: personas y veh&iacute;culos<\/span><\/li>\n<li style=\"margin-bottom: 5px;\"><span style=\"font-family: verdana&comma; geneva&comma; sans-serif; font-size: 12pt;\">Soporta 1 HDD&acute;s de hasta 8 TB (no incluidos)<\/span><\/li>\n<li style=\"margin-bottom: 5px;\"><span style=\"font-family: verdana&comma; geneva&comma; sans-serif; font-size: 12pt;\">Soporta Hik-Connect (P2P) <a style=\"color: #df001e; text-decoration: underline;\" href=\"https:\/\/appstore.hikvision.com\/\" target=\"_blank\" rel=\"noopener\">https:\/\/appstore.hikvision.com\/<\/a><\/span><\/li>\n<\/ul><\/div>\n<\/p><\/div>\n<\/p><\/div>\n<p> <!-- Caracter\u00edsticas F\u00edsicas y El\u00e9ctricas --> <\/p>\n<div style=\"flex: 1 1 300px; min-width: 280px;\">\n<div style=\"border: 1px solid rgba(150&comma;150&comma;150&comma;0.4); border-radius: 8px; overflow: hidden; display: flex; flex-direction: column; background-color: rgba(255&comma;255&comma;255&comma;0.05);\">\n<div style=\"padding: 15px; border-bottom: 1px solid rgba(150&comma;150&comma;150&comma;0.2); font-weight: bold; font-size: 18px; background: #df001e; color: #ffffff;\">Caracter&iacute;sticas F&iacute;sicas y El&eacute;ctricas<\/div>\n<div style=\"padding: 15px; color: inherit;\">\n<ul style=\"padding-left: 20px; margin: 0; font-size: 14px; list-style-type: disc;\">\n<li style=\"margin-bottom: 5px;\"><span style=\"font-family: verdana&comma; geneva&comma; sans-serif; font-size: 12pt;\">Dimensiones: 263 &times; 242 &times; 48 mm<\/span><\/li>\n<li style=\"margin-bottom: 5px;\"><span style=\"font-family: verdana&comma; geneva&comma; sans-serif; font-size: 12pt;\">Alimentaci&oacute;n: 12 VDC&comma; 1.5 A<\/span><\/li>\n<li style=\"margin-bottom: 5px;\"><span style=\"font-family: verdana&comma; geneva&comma; sans-serif; font-size: 12pt;\">Temperatura de operaci&oacute;n: -10&deg;C a 55&deg;C<\/span><\/li>\n<li style=\"margin-bottom: 5px;\"><span style=\"font-family: verdana&comma; geneva&comma; sans-serif; font-size: 12pt;\">Peso: 1 Kg&nbsp;<\/span><\/li>\n<\/ul><\/div>\n<\/p><\/div>\n<\/p><\/div>\n<\/p><\/div>\n<p> <!-- Secci\u00f3n 2: Interfaces y Funciones --> <\/p>\n<div style=\"display: flex; flex-wrap: wrap; gap: 30px; margin-bottom: 30px;\"><!-- Interfaces Entradas y Salidas --> <\/p>\n<div style=\"flex: 1 1 300px; min-width: 280px;\">\n<div style=\"border: 1px solid rgba(150&comma;150&comma;150&comma;0.4); border-radius: 8px; overflow: hidden; display: flex; flex-direction: column; background-color: rgba(255&comma;255&comma;255&comma;0.05);\">\n<div style=\"padding: 15px; border-bottom: 1px solid rgba(150&comma;150&comma;150&comma;0.2); font-weight: bold; font-size: 18px; background: #df001e; color: #ffffff;\">Interfaces Entradas y Salidas<\/div>\n<div style=\"padding: 15px; color: inherit;\">\n<ul style=\"padding-left: 20px; margin: 0; font-size: 14px; list-style-type: disc;\">\n<li style=\"margin-bottom: 5px;\"><span style=\"font-family: verdana&comma; geneva&comma; sans-serif; font-size: 12pt;\">Salida simultaneo HDMI&nbsp; y VGA&nbsp;<\/span><\/li>\n<li style=\"margin-bottom: 5px;\"><span style=\"font-family: verdana&comma; geneva&comma; sans-serif; font-size: 12pt;\">Resoluci&oacute;n VGA 1: 1080p \/ 720p<\/span><\/li>\n<li style=\"margin-bottom: 5px;\"><span style=\"font-family: verdana&comma; geneva&comma; sans-serif; font-size: 12pt;\">Entrada de Audio: 1<\/span><\/li>\n<li style=\"margin-bottom: 5px;\"><span style=\"font-family: verdana&comma; geneva&comma; sans-serif; font-size: 12pt;\">Salida de Audio: 1<\/span><\/li>\n<li style=\"margin-bottom: 5px;\"><span style=\"font-family: verdana&comma; geneva&comma; sans-serif; font-size: 12pt;\">Entrada de Alarma: N\/A<\/span><\/li>\n<li style=\"margin-bottom: 5px;\"><span style=\"font-family: verdana&comma; geneva&comma; sans-serif; font-size: 12pt;\">Salida de Alarma: N\/A<\/span><\/li>\n<\/ul><\/div>\n<\/p><\/div>\n<\/p><\/div>\n<p> <!-- Funci\u00f3n de Grabaci\u00f3n y Visualizaci\u00f3n --> <\/p>\n<div style=\"flex: 1 1 300px; min-width: 280px;\">\n<div style=\"border: 1px solid rgba(150&comma;150&comma;150&comma;0.4); border-radius: 8px; overflow: hidden; display: flex; flex-direction: column; background-color: rgba(255&comma;255&comma;255&comma;0.05);\">\n<div style=\"padding: 15px; border-bottom: 1px solid rgba(150&comma;150&comma;150&comma;0.2); font-weight: bold; font-size: 18px; background: #df001e; color: #ffffff;\">Funci&oacute;n de Grabaci&oacute;n y Visualizaci&oacute;n<\/div>\n<div style=\"padding: 15px; color: inherit;\">\n<ul style=\"padding-left: 20px; margin: 0; font-size: 14px; list-style-type: disc;\">\n<li style=\"margin-bottom: 5px;\"><span style=\"font-family: verdana&comma; geneva&comma; sans-serif; font-size: 12pt;\">Salida de video 4K v&iacute;a HDMI y 1080P por VGA&comma; ambas simult&aacute;neas<\/span><\/li>\n<li style=\"margin-bottom: 5px;\"><span style=\"font-family: verdana&comma; geneva&comma; sans-serif; font-size: 12pt;\">Flexibilidad de visualizaci&oacute;n en vivo con divisiones de 1&comma; 2 o 4 ventanas<\/span><\/li>\n<\/ul><\/div>\n<\/p><\/div>\n<\/p><\/div>\n<\/p><\/div>\n<p> <!-- Secci\u00f3n 3: Procesamiento y Resoluci\u00f3n --> <\/p>\n<div style=\"display: flex; flex-wrap: wrap; gap: 30px; margin-bottom: 30px;\"><!-- Capacidad de Procesamiento --> <\/p>\n<div style=\"flex: 1 1 300px; min-width: 280px;\">\n<div style=\"border: 1px solid rgba(150&comma;150&comma;150&comma;0.4); border-radius: 8px; overflow: hidden; display: flex; flex-direction: column; background-color: rgba(255&comma;255&comma;255&comma;0.05);\">\n<div style=\"padding: 15px; border-bottom: 1px solid rgba(150&comma;150&comma;150&comma;0.2); font-weight: bold; font-size: 18px; background: #df001e; color: #ffffff;\">Capacidad de Procesamiento y Funciones de red<\/div>\n<div style=\"padding: 15px; color: inherit;\">\n<ul style=\"padding-left: 20px; margin: 0; font-size: 14px; list-style-type: disc;\">\n<li style=\"margin-bottom: 5px;\"><span style=\"font-family: verdana&comma; geneva&comma; sans-serif; font-size: 12pt;\">Throughput entrada: 40 Mbps<\/span><\/li>\n<li style=\"margin-bottom: 5px;\"><span style=\"font-family: verdana&comma; geneva&comma; sans-serif; font-size: 12pt;\">Throughput salida: 80 Mbps<\/span><\/li>\n<li style=\"margin-bottom: 5px;\"><span style=\"font-family: verdana&comma; geneva&comma; sans-serif; font-size: 12pt;\">1 Puerto red 10 \/ 100 \/ 1000 Mbps (LAN)<\/span><\/li>\n<\/ul><\/div>\n<\/p><\/div>\n<\/p><\/div>\n<p> <!-- Resoluci\u00f3n de Grabaci\u00f3n por Canal --> <\/p>\n<div style=\"flex: 1 1 300px; min-width: 280px;\">\n<div style=\"border: 1px solid rgba(150&comma;150&comma;150&comma;0.4); border-radius: 8px; overflow: hidden; display: flex; flex-direction: column; background-color: rgba(255&comma;255&comma;255&comma;0.05);\">\n<div style=\"padding: 15px; border-bottom: 1px solid rgba(150&comma;150&comma;150&comma;0.2); font-weight: bold; font-size: 18px; background: #df001e; color: #ffffff;\">Resoluci&oacute;n de Grabaci&oacute;n por Canal (Recomendado con H.265)<\/div>\n<div style=\"padding: 15px; color: inherit;\">\n<ul style=\"padding-left: 20px; margin: 0; font-size: 14px; list-style-type: disc;\">\n<li style=\"box-sizing: border-box; border: 0px solid; margin: 0px 0px 5px; padding: 0px; letter-spacing: 0.01em;\"><span style=\"font-family: verdana&comma; geneva&comma; sans-serif; font-size: 12pt;\">1 Megapixel: 4 Canales @ 30 IPS<\/span><\/li>\n<li style=\"box-sizing: border-box; border: 0px solid; margin: 0px 0px 5px; padding: 0px; letter-spacing: 0.01em;\"><span style=\"font-family: verdana&comma; geneva&comma; sans-serif; font-size: 12pt;\">2 Megapixel: 4 Canales @ 30 IPS<\/span><\/li>\n<li style=\"box-sizing: border-box; border: 0px solid; margin: 0px 0px 5px; padding: 0px; letter-spacing: 0.01em;\"><span style=\"font-family: verdana&comma; geneva&comma; sans-serif; font-size: 12pt;\">4 Megapixel: 4Canales @ 30 IPS<\/span><\/li>\n<li style=\"margin-bottom: 5px;\"><span style=\"font-family: verdana&comma; geneva&comma; sans-serif; font-size: 12pt;\">Reproducci&oacute;n s&iacute;ncrona en canales: 4 Canales<\/span><\/li>\n<\/ul><\/div>\n<\/p><\/div>\n<\/p><\/div>\n<\/p><\/div>\n<p> <!-- Caracter\u00edsticas Destacadas --> <\/p>\n<div style=\"border: 1px solid rgba(150&comma;150&comma;150&comma;0.4); border-radius: 8px; overflow: hidden; margin-bottom: 30px; background-color: rgba(255&comma;255&comma;255&comma;0.05);\">\n<div style=\"padding: 15px; border-bottom: 1px solid rgba(150&comma;150&comma;150&comma;0.2); font-weight: bold; font-size: 18px; background: #df001e; color: #ffffff;\">Caracter&iacute;sticas destacadas<\/div>\n<div style=\"padding: 15px; color: inherit;\">\n<ul style=\"box-sizing: border-box; border: 0px solid; margin: 0px; padding: 0px 0px 0px 20px; list-style: none; color: inherit; font-weight: 400; background-color: #ffffff; font-size: 15px;\">\n<li style=\"box-sizing: border-box; border: 0px solid; margin: 0px 0px 5px; padding: 0px; letter-spacing: 0.01em;\"><span style=\"font-family: verdana&comma; geneva&comma; sans-serif; font-size: 12pt;\">El alcance del WiFi entre las c&aacute;maras y el NVR depender&aacute; de las limitaciones que se tenga como por ejemplo: muros de concreto&comma; alg&uacute;n otro modem en 2.4 GHz&comma; ruido en el ambiente&comma; etc<\/span><\/li>\n<li style=\"box-sizing: border-box; border: 0px solid; margin: 0px 0px 5px; padding: 0px; letter-spacing: 0.01em;\"><span style=\"font-family: verdana&comma; geneva&comma; sans-serif; font-size: 12pt;\">El NVR se tiene que conectar via ethernet hacia el modem (router) por el cual saldr&aacute; por internet&comma; solo las c&aacute;maras WiFi se pueden conectar de manera inal&aacute;mbrica hacia el NVR.<\/span><\/li>\n<li style=\"box-sizing: border-box; border: 0px solid; margin: 0px 0px 5px; padding: 0px; letter-spacing: 0.01em;\">&nbsp;<\/li>\n<\/ul><\/div>\n<\/p><\/div>\n<p> <!-- Tabla de Funciones Especiales --><\/div>\n<div style=\"width: 100%; max-width: 1200px; margin: 0 auto; font-family: sans-serif; line-height: 1.6; color: inherit; background-color: transparent;\"><!-- Tabla de funciones especiales --><!-- Videos --> <\/p>\n<div style=\"display: flex; flex-wrap: wrap; gap: 30px; margin-bottom: 30px;\">\n<div style=\"flex: 1 1 45%; min-width: 300px;\">&nbsp;<\/div>\n<\/p><\/div>\n<div style=\"margin: 30px 0;\"><img decoding=\"async\" class=\"fr-fic fr-dii\" style=\"width: 100%; height: auto; border: 1px solid rgba(150&comma; 150&comma; 150&comma; 0.3); border-radius: 8px;\" src=\"https:\/\/ftp3.syscom.mx\/usuarios\/jsosa\/HIKVISION\/imagenes\/banners\/solution%20complete.png\" alt=\"Soluci&oacute;n completa\" \/><\/div>\n<\/p><\/div>\n","protected":false},"excerpt":{"rendered":"<p>NVR 4 Megapixel \/ 4 canales IP \/ 1 Bah\u00eda de Disco Duro \/ 2 Antenas Wi-Fi \/ Salida de V\u00eddeo Full HD<\/p>\n","protected":false},"featured_media":102996,"comment_status":"open","ping_status":"closed","template":"","meta":[],"product_brand":[],"product_cat":[2234],"product_tag":[122,54,2235],"class_list":{"0":"post-102997","1":"product","2":"type-product","3":"status-publish","4":"has-post-thumbnail","6":"product_cat-nvrs-network-video-recorders","7":"product_tag-camaras-ip-y-nvrs","8":"product_tag-hikvision","9":"product_tag-nvrs-network-video-recorders","11":"first","12":"instock","13":"sale","14":"shipping-taxable","15":"purchasable","16":"product-type-simple"},"_links":{"self":[{"href":"https:\/\/soydeaqui.ddns.net\/pachuca\/index.php\/wp-json\/wp\/v2\/product\/102997","targetHints":{"allow":["GET"]}}],"collection":[{"href":"https:\/\/soydeaqui.ddns.net\/pachuca\/index.php\/wp-json\/wp\/v2\/product"}],"about":[{"href":"https:\/\/soydeaqui.ddns.net\/pachuca\/index.php\/wp-json\/wp\/v2\/types\/product"}],"replies":[{"embeddable":true,"href":"https:\/\/soydeaqui.ddns.net\/pachuca\/index.php\/wp-json\/wp\/v2\/comments?post=102997"}],"wp:featuredmedia":[{"embeddable":true,"href":"https:\/\/soydeaqui.ddns.net\/pachuca\/index.php\/wp-json\/wp\/v2\/media\/102996"}],"wp:attachment":[{"href":"https:\/\/soydeaqui.ddns.net\/pachuca\/index.php\/wp-json\/wp\/v2\/media?parent=102997"}],"wp:term":[{"taxonomy":"product_brand","embeddable":true,"href":"https:\/\/soydeaqui.ddns.net\/pachuca\/index.php\/wp-json\/wp\/v2\/product_brand?post=102997"},{"taxonomy":"product_cat","embeddable":true,"href":"https:\/\/soydeaqui.ddns.net\/pachuca\/index.php\/wp-json\/wp\/v2\/product_cat?post=102997"},{"taxonomy":"product_tag","embeddable":true,"href":"https:\/\/soydeaqui.ddns.net\/pachuca\/index.php\/wp-json\/wp\/v2\/product_tag?post=102997"}],"curies":[{"name":"wp","href":"https:\/\/api.w.org\/{rel}","templated":true}]}}