{"id":10297,"date":"2026-03-18T07:33:56","date_gmt":"2026-03-18T07:33:56","guid":{"rendered":"https:\/\/soydeaqui.ddns.net\/pachuca\/index.php\/producto\/charola-de-empalme-para-fibra-optica-para-24-empalmes-por-fusion-con-manga-protectora\/"},"modified":"2026-03-18T07:33:59","modified_gmt":"2026-03-18T07:33:59","slug":"charola-de-empalme-para-fibra-optica-para-24-empalmes-por-fusion-con-manga-protectora","status":"publish","type":"product","link":"https:\/\/soydeaqui.ddns.net\/pachuca\/index.php\/producto\/charola-de-empalme-para-fibra-optica-para-24-empalmes-por-fusion-con-manga-protectora\/","title":{"rendered":"Charola de Empalme para Fibra \u00d3ptica, Para 24 Empalmes por Fusi\u00f3n Con Manga Protectora"},"content":{"rendered":"<div style='width: 100%; max-width: 1200px; margin: 0 auto; font-family: sans-serif; line-height: 1.6; color: inherit; background-color: transparent;'> <!-- Secci\u00f3n de contenido con flex\/grid --> <\/p>\n<div style='display: flex; flex-wrap: wrap; gap: 30px; margin-bottom: 30px;'>\n<div style='flex: 1 1 300px; min-width: 280px;'>\n<h3 style='font-size: 22px; border-bottom: 2px solid currentColor; padding-bottom: 5px; margin-top: 0; color: inherit; opacity: 0.8;'>Descripci\u00f3n<\/h3>\n<p style='font-size: 15px; color: inherit;'> Estas charolas de aluminio est\u00e1n dise\u00f1adas para empalme mec\u00e1nico o de fusi\u00f3n&comma; con soportes para mangas de empalme y cubierta transparente a presi\u00f3n de policarbonato. La bandeja est\u00e1ndar soporta hasta 24 empalmes. Para espacios reducidos&comma; se ofrece una mini-bandeja con capacidad para 12 empalmes. Las bandejas pueden apilarse&comma; especialmente en aplicaciones de alta densidad. <\/p>\n<ul style='padding-left: 20px; font-size: 15px; color: inherit;'>\n<li>Charola est\u00e1ndar para 24 empalmes de fusi\u00f3n<\/li>\n<li>Cubierta transparente a presi\u00f3n de policarbonato<\/li>\n<li>Bandejas apilables para alta densidad<\/li>\n<li>Mini-bandeja disponible para 12 empalmes<\/li>\n<\/ul><\/div>\n<\/p><\/div>\n<p> <!-- Secci\u00f3n de cards con especificaciones --> <\/p>\n<div style='display: flex; flex-wrap: wrap; gap: 20px; margin-bottom: 30px;'>\n<div style='flex: 1 1 250px; border: 1px solid rgba(150&comma; 150&comma; 150&comma; 0.4); border-radius: 8px; overflow: hidden; display: flex; flex-direction: column;'>\n<div style='padding: 15px; border-bottom: 1px solid rgba(150&comma; 150&comma; 150&comma; 0.2); font-weight: bold; font-size: 18px; color: inherit;'>Especificaciones<\/div>\n<div style='padding: 15px; color: inherit;'>\n<ul style='padding-left: 20px; margin: 0; font-size: 14px; list-style-type: disc;'>\n<li style='margin-bottom: 5px;'><strong>Modelo:<\/strong> TRAY-3<\/li>\n<li style='margin-bottom: 5px;'><strong>Capacidad:<\/strong> 24 empalmes de fusi\u00f3n<\/li>\n<li style='margin-bottom: 5px;'><strong>Material:<\/strong> Aluminio<\/li>\n<li style='margin-bottom: 5px;'><strong>Cubierta:<\/strong> Policarbonato transparente a presi\u00f3n<\/li>\n<li style='margin-bottom: 5px;'><strong>Dimensiones:<\/strong> 103 x 298 x 8.13 mm (Alto x Ancho x Profundidad)<\/li>\n<li style='margin-bottom: 5px;'><strong>Compatibilidad:<\/strong> Distribuidores FCP3 y RIC<\/li>\n<\/ul><\/div>\n<\/p><\/div>\n<\/p><\/div>\n<p> <!-- Secci\u00f3n de imagen --> <\/p>\n<div style='display: flex; flex-wrap: wrap; gap: 30px; margin-bottom: 30px;'>\n<div style='flex: 1 1 300px; min-width: 280px;'>\n<h3 style='font-size: 22px; border-bottom: 2px solid currentColor; padding-bottom: 5px; margin-top: 0; color: inherit; opacity: 0.8;'>Imagen del producto<\/h3>\n<p> <img style='width: 100%; height: auto; border: 1px solid rgba(150&comma;150&comma;150&comma;0.3); border-radius: 8px;' src='http:\/\/ftp3.syscom.mx\/usuarios\/fotos\/TRAY3\/88295-18810217686_69716ffec4_z.jpg' alt=''> <\/div>\n<\/p><\/div>\n<p> <!-- Separador --> <\/p>\n<hr style='border: 0; border-top: 1px solid rgba(150&comma; 150&comma; 150&comma; 0.3); margin: 30px 0;'> <\/div>\n","protected":false},"excerpt":{"rendered":"<p>Charola de Empalme para Fibra \u00d3ptica, Para 24 Empalmes por Fusi\u00f3n Con Manga Protectora<\/p>\n","protected":false},"featured_media":10296,"comment_status":"open","ping_status":"closed","template":"","meta":[],"product_brand":[],"product_cat":[621],"product_tag":[622,611,600],"class_list":{"0":"post-10297","1":"product","2":"type-product","3":"status-publish","4":"has-post-thumbnail","6":"product_cat-distribuidores-de-fibra-optica","7":"product_tag-distribuidores-de-fibra-optica","8":"product_tag-fibra-optica","9":"product_tag-siemon","11":"first","12":"outofstock","13":"sale","14":"shipping-taxable","15":"purchasable","16":"product-type-simple"},"_links":{"self":[{"href":"https:\/\/soydeaqui.ddns.net\/pachuca\/index.php\/wp-json\/wp\/v2\/product\/10297","targetHints":{"allow":["GET"]}}],"collection":[{"href":"https:\/\/soydeaqui.ddns.net\/pachuca\/index.php\/wp-json\/wp\/v2\/product"}],"about":[{"href":"https:\/\/soydeaqui.ddns.net\/pachuca\/index.php\/wp-json\/wp\/v2\/types\/product"}],"replies":[{"embeddable":true,"href":"https:\/\/soydeaqui.ddns.net\/pachuca\/index.php\/wp-json\/wp\/v2\/comments?post=10297"}],"wp:featuredmedia":[{"embeddable":true,"href":"https:\/\/soydeaqui.ddns.net\/pachuca\/index.php\/wp-json\/wp\/v2\/media\/10296"}],"wp:attachment":[{"href":"https:\/\/soydeaqui.ddns.net\/pachuca\/index.php\/wp-json\/wp\/v2\/media?parent=10297"}],"wp:term":[{"taxonomy":"product_brand","embeddable":true,"href":"https:\/\/soydeaqui.ddns.net\/pachuca\/index.php\/wp-json\/wp\/v2\/product_brand?post=10297"},{"taxonomy":"product_cat","embeddable":true,"href":"https:\/\/soydeaqui.ddns.net\/pachuca\/index.php\/wp-json\/wp\/v2\/product_cat?post=10297"},{"taxonomy":"product_tag","embeddable":true,"href":"https:\/\/soydeaqui.ddns.net\/pachuca\/index.php\/wp-json\/wp\/v2\/product_tag?post=10297"}],"curies":[{"name":"wp","href":"https:\/\/api.w.org\/{rel}","templated":true}]}}