{"id":102968,"date":"2026-03-20T13:19:46","date_gmt":"2026-03-20T13:19:46","guid":{"rendered":"https:\/\/soydeaqui.ddns.net\/pachuca\/index.php\/producto\/lampara-ir-de-luz-continua-16-lamparas-led-distancia-efectiva-16-a-25-metros-cobertura-40-exterior-ip66-2\/"},"modified":"2026-03-20T13:19:54","modified_gmt":"2026-03-20T13:19:54","slug":"lampara-ir-de-luz-continua-16-lamparas-led-distancia-efectiva-16-a-25-metros-cobertura-40-exterior-ip66-2","status":"publish","type":"product","link":"https:\/\/soydeaqui.ddns.net\/pachuca\/index.php\/producto\/lampara-ir-de-luz-continua-16-lamparas-led-distancia-efectiva-16-a-25-metros-cobertura-40-exterior-ip66-2\/","title":{"rendered":"Lampara IR de Luz Continua \/ 16 L\u00e1mparas LED \/ Distancia Efectiva 16 a 25 metros \/ Cobertura 40\u00b0 \/ Exterior IP66"},"content":{"rendered":"<div style='width: 100%; max-width: 1200px; margin: 0 auto; font-family: sans-serif; line-height: 1.6; color: inherit; background-color: transparent;'>\n<p style='text-align: center;'><img style='width: 45%; height: auto; border: 1px solid rgba(150&comma;150&comma;150&comma;0.3); border-radius: 8px;' src='https:\/\/ftp3.syscom.mx\/usuarios\/jsosa\/HIKVISION\/imagenes\/logo\/hikvision%20see%20far.png' alt='Logo Hikvision'><\/p>\n<div style='display: flex; flex-wrap: wrap; gap: 30px; margin-top: 30px;'>\n<div style='flex: 1 1 300px; min-width: 280px;'>\n<div style='border-left: 5px solid #ff0000; border-radius: 5px; padding: 15px; box-shadow: 2px 2px 10px rgba(216&comma; 216&comma; 216&comma; 0.4);'>\n<h3 style='font-size: 18px; margin-top: 0; margin-bottom: 15px; color: inherit; opacity: 0.85;'>Caracter\u00edsticas principales:<\/h3>\n<ul style='padding-left: 20px; font-size: 15px; color: inherit; list-style-type: disc;'>\n<li style='margin-bottom: 8px;'>Fuente de luz continua IR.<\/li>\n<li style='margin-bottom: 8px;'>16 L\u00e1mparas LED.<\/li>\n<li style='margin-bottom: 8px;'>Dise\u00f1o de luz infrarroja con control autom\u00e1tico incorporado&comma; abierto con poca iluminaci\u00f3n.<\/li>\n<li style='margin-bottom: 8px;'>\u00c1ngulo de Cobertura: 40\u00b0<\/li>\n<li style='margin-bottom: 8px;'>Distancia Efectiva: 16-25 mts.<\/li>\n<li style='margin-bottom: 8px;'>Admite detecci\u00f3n de brillo ambiental&comma; inicio autom\u00e1tico con poca iluminaci\u00f3n.<\/li>\n<\/ul><\/div>\n<\/p><\/div>\n<div style='flex: 1 1 300px; min-width: 280px;'>\n<div style='border-left: 5px solid #ff0000; border-radius: 5px; padding: 15px; box-shadow: 2px 2px 10px rgba(216&comma; 216&comma; 216&comma; 0.4);'>\n<h3 style='font-size: 18px; margin-top: 0; margin-bottom: 15px; color: inherit; opacity: 0.85;'>Caracter\u00edsticas F\u00edsicas y El\u00e9ctricas:<\/h3>\n<ul style='padding-left: 20px; font-size: 15px; color: inherit; list-style-type: disc;'>\n<li style='margin-bottom: 8px;'>Grado de Protecci\u00f3n: Exterior IP66.<\/li>\n<li style='margin-bottom: 8px;'>Material: Aluminio.<\/li>\n<li style='margin-bottom: 8px;'>Alimentaci\u00f3n: 88 a 264 VCA.<\/li>\n<li style='margin-bottom: 8px;'>Consumo: 36 Watts.<\/li>\n<li style='margin-bottom: 8px;'>Temperatura de operaci\u00f3n: -40\u00b0C a 70\u00b0C \/ Humedad al 90% m\u00e1ximo.<\/li>\n<li style='margin-bottom: 8px;'>Dimensiones: 128 x 216 x 159 mm<\/li>\n<li style='margin-bottom: 8px;'>Peso: 2.72 kg.<\/li>\n<\/ul><\/div>\n<\/p><\/div>\n<div style='flex: 1 1 300px; min-width: 280px;'>\n<div style='border-left: 5px solid #ff0000; border-radius: 5px; padding: 15px; box-shadow: 2px 2px 10px rgba(216&comma; 216&comma; 216&comma; 0.4);'>\n<h3 style='font-size: 18px; margin-top: 0; margin-bottom: 15px; color: inherit; opacity: 0.85;'>Consideraciones<\/h3>\n<ul style='padding-left: 20px; font-size: 15px; color: inherit; list-style-type: disc;'>\n<li style='margin-bottom: 8px;'>Chips LED infrarrojos con larga vida \u00fatil&comma; estabilidad y alta eficiencia luminosa.<\/li>\n<li style='margin-bottom: 8px;'>Protecci\u00f3n del medio ambiente sin metales nocivos.<\/li>\n<li style='margin-bottom: 8px;'>Dise\u00f1o novedoso (tama\u00f1o peque\u00f1o&comma; peso ligero)&comma; f\u00e1cil de instalar y ajustar.<\/li>\n<\/ul><\/div>\n<\/p><\/div>\n<\/p><\/div>\n<hr style='border: 0; border-top: 1px solid rgba(150&comma;150&comma;150&comma;0.3); margin: 30px 0;'>\n<p style='text-align: center; margin: 30px 0 0;'><img style='width: 100%; height: auto; border: 1px solid rgba(150&comma;150&comma;150&comma;0.3); border-radius: 8px;' src='https:\/\/ftp3.syscom.mx\/usuarios\/jsosa\/HIKVISION\/imagenes\/banners\/solution%20complete.png' alt='Soluci\u00f3n completa Hikvision'><\/p>\n<\/p><\/div>\n","protected":false},"excerpt":{"rendered":"<p>Lampara IR de Luz Continua \/ 16 L\u00e1mparas LED \/ Distancia Efectiva 16 a 25 metros \/ Cobertura 40\u00b0 \/ Exterior IP66<\/p>\n","protected":false},"featured_media":102967,"comment_status":"open","ping_status":"closed","template":"","meta":[],"product_brand":[],"product_cat":[2318],"product_tag":[417,54,2319],"class_list":{"0":"post-102968","1":"product","2":"type-product","3":"status-publish","4":"has-post-thumbnail","6":"product_cat-iluminadores-ir-y-de-luz-blanca","7":"product_tag-accesorios-generales","8":"product_tag-hikvision","9":"product_tag-iluminadores-ir-y-de-luz-blanca","11":"first","12":"instock","13":"sale","14":"shipping-taxable","15":"purchasable","16":"product-type-simple"},"_links":{"self":[{"href":"https:\/\/soydeaqui.ddns.net\/pachuca\/index.php\/wp-json\/wp\/v2\/product\/102968","targetHints":{"allow":["GET"]}}],"collection":[{"href":"https:\/\/soydeaqui.ddns.net\/pachuca\/index.php\/wp-json\/wp\/v2\/product"}],"about":[{"href":"https:\/\/soydeaqui.ddns.net\/pachuca\/index.php\/wp-json\/wp\/v2\/types\/product"}],"replies":[{"embeddable":true,"href":"https:\/\/soydeaqui.ddns.net\/pachuca\/index.php\/wp-json\/wp\/v2\/comments?post=102968"}],"wp:featuredmedia":[{"embeddable":true,"href":"https:\/\/soydeaqui.ddns.net\/pachuca\/index.php\/wp-json\/wp\/v2\/media\/102967"}],"wp:attachment":[{"href":"https:\/\/soydeaqui.ddns.net\/pachuca\/index.php\/wp-json\/wp\/v2\/media?parent=102968"}],"wp:term":[{"taxonomy":"product_brand","embeddable":true,"href":"https:\/\/soydeaqui.ddns.net\/pachuca\/index.php\/wp-json\/wp\/v2\/product_brand?post=102968"},{"taxonomy":"product_cat","embeddable":true,"href":"https:\/\/soydeaqui.ddns.net\/pachuca\/index.php\/wp-json\/wp\/v2\/product_cat?post=102968"},{"taxonomy":"product_tag","embeddable":true,"href":"https:\/\/soydeaqui.ddns.net\/pachuca\/index.php\/wp-json\/wp\/v2\/product_tag?post=102968"}],"curies":[{"name":"wp","href":"https:\/\/api.w.org\/{rel}","templated":true}]}}