{"id":102954,"date":"2026-03-20T13:19:07","date_gmt":"2026-03-20T13:19:07","guid":{"rendered":"https:\/\/soydeaqui.ddns.net\/pachuca\/index.php\/producto\/hikcentral-master-lite-licencia-anade-clusterstrategy-1-unidad-hcm-addon-clusterstrategy-1unit\/"},"modified":"2026-03-20T13:19:08","modified_gmt":"2026-03-20T13:19:08","slug":"hikcentral-master-lite-licencia-anade-clusterstrategy-1-unidad-hcm-addon-clusterstrategy-1unit","status":"publish","type":"product","link":"https:\/\/soydeaqui.ddns.net\/pachuca\/index.php\/producto\/hikcentral-master-lite-licencia-anade-clusterstrategy-1-unidad-hcm-addon-clusterstrategy-1unit\/","title":{"rendered":"HikCentral Master Lite \/ Licencia A\u00f1ade ClusterStrategy 1 Unidad (HCM-Addon-ClusterStrategy-1Unit)"},"content":{"rendered":"<div style='width: 100%; max-width: 1200px; margin: 0 auto; font-family: sans-serif; line-height: 1.6; color: inherit; background-color: transparent;'>\n<div style='display: flex; justify-content: center; margin-bottom: 30px;'> <img style='width: 45%; height: auto; border: 1px solid rgba(150&comma;150&comma;150&comma;0.3); border-radius: 8px;' src='https:\/\/ftp3.syscom.mx\/usuarios\/jsosa\/HIKVISION\/imagenes\/logo\/hikvision%20see%20far.png' alt='Logo Hikvision'> <\/div>\n<div style='display: flex; flex-wrap: wrap; gap: 30px;'>\n<div style='flex: 1 1 300px; min-width: 280px;'>\n<h3 style='font-size: 22px; border-bottom: 2px solid currentColor; padding-bottom: 5px; margin-top: 0; color: inherit; opacity: 0.8;'>Descripci\u00f3n<\/h3>\n<p style='font-size: 15px; color: inherit;'> HikCentral Master Lite es una plataforma inteligente de IA y orientada al dominio edge para la gesti\u00f3n de aplicaciones. Se centra en la detecci\u00f3n de la recopilaci\u00f3n&comma; el almacenamiento&comma; el procesamiento y la aplicaci\u00f3n inteligente de datos&comma; integrando el Internet de las Cosas (IoT)&comma; la IA&comma; los datos y otras capacidades para recopilar&comma; almacenar y analizar datos a lo largo del tiempo y el espacio en el entorno edge. <\/p>\n<h4 style='font-size: 18px; margin-top: 20px; color: inherit; opacity: 0.8;'>Capacidades principales:<\/h4>\n<ul style='padding-left: 20px; font-size: 15px; color: inherit;'>\n<li style='margin-bottom: 8px;'>Gesti\u00f3n&comma; recopilaci\u00f3n y despliegue bajo demanda unificados de recursos IoT<\/li>\n<li style='margin-bottom: 8px;'>Aplicaci\u00f3n inteligente general basada en v\u00eddeo y aplicaci\u00f3n de datos<\/li>\n<li style='margin-bottom: 8px;'>An\u00e1lisis inteligente basado en v\u00eddeos<\/li>\n<li style='margin-bottom: 8px;'>Aplicaci\u00f3n y an\u00e1lisis de datos basados en datos IoT<\/li>\n<\/ul><\/div>\n<\/p><\/div>\n<\/p><\/div>\n","protected":false},"excerpt":{"rendered":"<p>HikCentral Master Lite \/ Licencia A\u00f1ade ClusterStrategy 1 Unidad (HCM-Addon-ClusterStrategy-1Unit)<\/p>\n","protected":false},"featured_media":102953,"comment_status":"open","ping_status":"closed","template":"","meta":[],"product_brand":[],"product_cat":[2262],"product_tag":[54,2263],"class_list":{"0":"post-102954","1":"product","2":"type-product","3":"status-publish","4":"has-post-thumbnail","6":"product_cat-hikvision-software-vms-y-analiticas","7":"product_tag-hikvision","8":"product_tag-software-vms-y-analiticas","10":"first","11":"outofstock","12":"sale","13":"shipping-taxable","14":"purchasable","15":"product-type-simple"},"_links":{"self":[{"href":"https:\/\/soydeaqui.ddns.net\/pachuca\/index.php\/wp-json\/wp\/v2\/product\/102954","targetHints":{"allow":["GET"]}}],"collection":[{"href":"https:\/\/soydeaqui.ddns.net\/pachuca\/index.php\/wp-json\/wp\/v2\/product"}],"about":[{"href":"https:\/\/soydeaqui.ddns.net\/pachuca\/index.php\/wp-json\/wp\/v2\/types\/product"}],"replies":[{"embeddable":true,"href":"https:\/\/soydeaqui.ddns.net\/pachuca\/index.php\/wp-json\/wp\/v2\/comments?post=102954"}],"wp:featuredmedia":[{"embeddable":true,"href":"https:\/\/soydeaqui.ddns.net\/pachuca\/index.php\/wp-json\/wp\/v2\/media\/102953"}],"wp:attachment":[{"href":"https:\/\/soydeaqui.ddns.net\/pachuca\/index.php\/wp-json\/wp\/v2\/media?parent=102954"}],"wp:term":[{"taxonomy":"product_brand","embeddable":true,"href":"https:\/\/soydeaqui.ddns.net\/pachuca\/index.php\/wp-json\/wp\/v2\/product_brand?post=102954"},{"taxonomy":"product_cat","embeddable":true,"href":"https:\/\/soydeaqui.ddns.net\/pachuca\/index.php\/wp-json\/wp\/v2\/product_cat?post=102954"},{"taxonomy":"product_tag","embeddable":true,"href":"https:\/\/soydeaqui.ddns.net\/pachuca\/index.php\/wp-json\/wp\/v2\/product_tag?post=102954"}],"curies":[{"name":"wp","href":"https:\/\/api.w.org\/{rel}","templated":true}]}}