{"id":102931,"date":"2026-03-20T13:17:55","date_gmt":"2026-03-20T13:17:55","guid":{"rendered":"https:\/\/soydeaqui.ddns.net\/pachuca\/index.php\/producto\/bobina-de-cable-de-305-metros-1000-pies-cat-6-100-cobre-color-azul-uso-en-interior-pvc\/"},"modified":"2026-03-20T13:17:57","modified_gmt":"2026-03-20T13:17:57","slug":"bobina-de-cable-de-305-metros-1000-pies-cat-6-100-cobre-color-azul-uso-en-interior-pvc","status":"publish","type":"product","link":"https:\/\/soydeaqui.ddns.net\/pachuca\/index.php\/producto\/bobina-de-cable-de-305-metros-1000-pies-cat-6-100-cobre-color-azul-uso-en-interior-pvc\/","title":{"rendered":"Bobina de Cable de 305 Metros (1000 Pies) Cat 6 \/ 100% Cobre \/ Color Azul \/ Uso en Interior \/ PVC"},"content":{"rendered":"<div style='width: 100%; max-width: 1200px; margin: 0 auto; font-family: sans-serif; line-height: 1.6; color: inherit; background-color: transparent;'> <!-- Logo HIKVISION --> <\/p>\n<div style='text-align: center; margin-bottom: 30px;'> <img style='width: 45%; height: auto; border: 1px solid rgba(150&comma;150&comma;150&comma;0.3); border-radius: 8px;' src='https:\/\/ftp3.syscom.mx\/usuarios\/jsosa\/HIKVISION\/imagenes\/logo\/hikvision%20see%20far.png' alt='Logo HIKVISION'> <\/div>\n<p> <!-- Secci\u00f3n de caracter\u00edsticas --> <\/p>\n<div style='display: flex; flex-wrap: wrap; gap: 30px; margin-bottom: 30px;'>\n<div style='flex: 1 1 300px; min-width: 280px;'>\n<h3 style='font-size: 22px; border-bottom: 2px solid currentColor; padding-bottom: 5px; margin-top: 0; color: inherit; opacity: 0.8;'>Caracter\u00edsticas principales<\/h3>\n<ul style='padding-left: 20px; font-size: 15px; color: inherit;'>\n<li style='margin-bottom: 5px;'>CCTV IP Megapixel \/ Instalaciones de video an\u00e1logo \/ Redes locales de alta velocidad.<\/li>\n<li style='margin-bottom: 5px;'>Redes inal\u00e1mbricas.<\/li>\n<li style='margin-bottom: 5px;'>Para aplicaciones de alta velocidad de datos&comma; Fast Ethernet y Gigabit Ethernet.<\/li>\n<li style='margin-bottom: 5px;'>Instalaciones Gigabit de voz\/datos.<\/li>\n<li style='margin-bottom: 5px;'>Para uso en tuber\u00edas met\u00e1licas tipo conduit donde no existe concentraci\u00f3n de cables&comma; ni flujo de aire forzado ( CMX ).<\/li>\n<li style='margin-bottom: 5px;'>Voz&comma; datos&comma; seguridad&comma; y aplicaciones de video CCTV IP Megapixel.<\/li>\n<li style='margin-bottom: 5px;'>Redes Inal\u00e1mbricas.<\/li>\n<li style='margin-bottom: 5px;'>Instalaciones gigabits de voz \/ datos.<\/li>\n<\/ul><\/div>\n<div style='flex: 1 1 300px; min-width: 280px;'>\n<h3 style='font-size: 22px; border-bottom: 2px solid currentColor; padding-bottom: 5px; margin-top: 0; color: inherit; opacity: 0.8;'>Caracter\u00edsticas F\u00edsicas y El\u00e9ctricas<\/h3>\n<ul style='padding-left: 20px; font-size: 15px; color: inherit;'>\n<li style='margin-bottom: 5px;'><strong>Conductor:<\/strong> Cobre S\u00f3lido 99.95%<\/li>\n<li style='margin-bottom: 5px;'><strong>Sin blindaje<\/strong><\/li>\n<li style='margin-bottom: 5px;'><strong>Di\u00e1metro:<\/strong> 5.8 mm<\/li>\n<li style='margin-bottom: 5px;'><strong>Aislamiento:<\/strong> PVC<\/li>\n<li style='margin-bottom: 5px;'><strong>Frecuencia:<\/strong> 250 MHz<\/li>\n<li style='margin-bottom: 5px;'><strong>Color Exterior:<\/strong> Azul<\/li>\n<li style='margin-bottom: 5px;'><strong>Calibre:<\/strong> 24 AWG<\/li>\n<li style='margin-bottom: 5px;'><strong>Uso:<\/strong> Interior<\/li>\n<\/ul><\/div>\n<div style='flex: 1 1 300px; min-width: 280px;'>\n<h3 style='font-size: 22px; border-bottom: 2px solid currentColor; padding-bottom: 5px; margin-top: 0; color: inherit; opacity: 0.8;'>Estand\u00e1res y certificaciones<\/h3>\n<ul style='padding-left: 20px; font-size: 15px; color: inherit;'>\n<li style='margin-bottom: 5px;'>ANSI\/TIA-568-C.2<\/li>\n<li style='margin-bottom: 5px;'>ISO\/IEC11801<\/li>\n<li style='margin-bottom: 5px;'>UL444<\/li>\n<\/ul><\/div>\n<\/p><\/div>\n<p> <!-- Imagen final --> <\/p>\n<div style='margin-top: 30px;'> <img style='width: 100%; height: auto; border: 1px solid rgba(150&comma;150&comma;150&comma;0.3); border-radius: 8px;' src='https:\/\/ftp3.syscom.mx\/usuarios\/jsosa\/HIKVISION\/imagenes\/banners\/solution%20complete.png' alt='Soluci\u00f3n completa'> <\/div>\n<\/p><\/div>\n","protected":false},"excerpt":{"rendered":"<p>Bobina de Cable de 305 Metros (1000 Pies) Cat 6 \/ 100% Cobre \/ Color Azul \/ Uso en Interior \/ PVC<\/p>\n","protected":false},"featured_media":32,"comment_status":"open","ping_status":"closed","template":"","meta":[],"product_brand":[],"product_cat":[576],"product_tag":[488,577,54],"class_list":{"0":"post-102931","1":"product","2":"type-product","3":"status-publish","4":"has-post-thumbnail","6":"product_cat-categoria-6","7":"product_tag-cables-y-conectores","8":"product_tag-categoria-6","9":"product_tag-hikvision","11":"first","12":"outofstock","13":"sale","14":"shipping-taxable","15":"purchasable","16":"product-type-simple"},"_links":{"self":[{"href":"https:\/\/soydeaqui.ddns.net\/pachuca\/index.php\/wp-json\/wp\/v2\/product\/102931","targetHints":{"allow":["GET"]}}],"collection":[{"href":"https:\/\/soydeaqui.ddns.net\/pachuca\/index.php\/wp-json\/wp\/v2\/product"}],"about":[{"href":"https:\/\/soydeaqui.ddns.net\/pachuca\/index.php\/wp-json\/wp\/v2\/types\/product"}],"replies":[{"embeddable":true,"href":"https:\/\/soydeaqui.ddns.net\/pachuca\/index.php\/wp-json\/wp\/v2\/comments?post=102931"}],"wp:featuredmedia":[{"embeddable":true,"href":"https:\/\/soydeaqui.ddns.net\/pachuca\/index.php\/wp-json\/wp\/v2\/media\/32"}],"wp:attachment":[{"href":"https:\/\/soydeaqui.ddns.net\/pachuca\/index.php\/wp-json\/wp\/v2\/media?parent=102931"}],"wp:term":[{"taxonomy":"product_brand","embeddable":true,"href":"https:\/\/soydeaqui.ddns.net\/pachuca\/index.php\/wp-json\/wp\/v2\/product_brand?post=102931"},{"taxonomy":"product_cat","embeddable":true,"href":"https:\/\/soydeaqui.ddns.net\/pachuca\/index.php\/wp-json\/wp\/v2\/product_cat?post=102931"},{"taxonomy":"product_tag","embeddable":true,"href":"https:\/\/soydeaqui.ddns.net\/pachuca\/index.php\/wp-json\/wp\/v2\/product_tag?post=102931"}],"curies":[{"name":"wp","href":"https:\/\/api.w.org\/{rel}","templated":true}]}}