{"id":102885,"date":"2026-03-20T13:15:34","date_gmt":"2026-03-20T13:15:34","guid":{"rendered":"https:\/\/soydeaqui.ddns.net\/pachuca\/index.php\/producto\/domo-ptz-turbohd-1080p-15x-zoom-100-mts-ir-exir-exterior-ip66-wdr-120-db-tvi-rs-485-ultra-baja-iluminacion\/"},"modified":"2026-03-20T13:15:36","modified_gmt":"2026-03-20T13:15:36","slug":"domo-ptz-turbohd-1080p-15x-zoom-100-mts-ir-exir-exterior-ip66-wdr-120-db-tvi-rs-485-ultra-baja-iluminacion","status":"publish","type":"product","link":"https:\/\/soydeaqui.ddns.net\/pachuca\/index.php\/producto\/domo-ptz-turbohd-1080p-15x-zoom-100-mts-ir-exir-exterior-ip66-wdr-120-db-tvi-rs-485-ultra-baja-iluminacion\/","title":{"rendered":"Domo PTZ TurboHD 1080P \/ 15X Zoom \/ 100 mts IR EXIR \/ Exterior IP66 \/ WDR 120 dB \/ TVI \/ RS-485 \/ Ultra Baja Iluminaci\u00f3n"},"content":{"rendered":"<div style=\"width: 100%; max-width: 1200px; margin: 0 auto; font-family: sans-serif; line-height: 1.6; color: inherit; background-color: transparent;\"><!-- Imagen principal --><\/p>\n<div style=\"text-align: center; margin: 30px 0;\"><img decoding=\"async\" style=\"width: 100%; max-width: 600px; height: auto; border: 1px solid rgba(150&comma; 150&comma; 150&comma; 0.3); border-radius: 8px;\" src=\"https:\/\/ftp3.syscom.mx\/usuarios\/fotos\/IPCB120\/143291-hilook.png\" alt=\"\" class=\"fr-fic fr-dii\"><\/div>\n<p><!-- Videos --><\/p>\n<div style=\"margin: 30px 0;\">\n<div style=\"position: relative; padding-bottom: 56.25%; height: 0; overflow: hidden; margin-bottom: 30px;\"> <\/div>\n<div style=\"display: flex; flex-wrap: wrap; gap: 20px;\">\n<div style=\"flex: 1 1 300px; min-width: 280px;\">\n<div style=\"position: relative; padding-bottom: 56.25%; height: 0; overflow: hidden;\"> <\/div>\n<\/div>\n<div style=\"flex: 1 1 300px; min-width: 280px;\">\n<div style=\"position: relative; padding-bottom: 56.25%; height: 0; overflow: hidden;\"> <\/div>\n<\/div>\n<\/div>\n<\/div>\n<p><!-- Secci\u00f3n de especificaciones --><\/p>\n<div style=\"display: flex; flex-wrap: wrap; gap: 20px; margin: 30px 0;\"><!-- Columna 1 --><\/p>\n<div style=\"flex: 1 1 400px;\"><!-- Caracter\u00edsticas Principales --><\/p>\n<div style=\"border: 1px solid rgba(150&comma; 150&comma; 150&comma; 0.4); border-radius: 8px; overflow: hidden; margin-bottom: 20px;\">\n<div style=\"padding: 15px; background-color: #266ca9; color: white; font-size: 18px; font-weight: bold;\">Caracter&iacute;sticas Principales<\/div>\n<div style=\"padding: 15px; color: inherit;\">\n<ul style=\"padding-left: 20px; margin: 0; font-size: 14px; list-style-type: disc;\">\n<li style=\"margin-bottom: 5px;\">Resoluci&oacute;n m&aacute;xima: 2 Megapixel (1920 x 1080).<\/li>\n<li style=\"margin-bottom: 5px;\">Iluminaci&oacute;n m&iacute;nima: Color 0.005 Lux (F1.6&comma; AGC ON).<\/li>\n<li style=\"margin-bottom: 5px;\">Iluminaci&oacute;n m&iacute;nima: B\/N 0.001 Lux (F1.6&comma; AGC ON).<\/li>\n<li style=\"margin-bottom: 5px;\">Funciones: WDR 120dB \/ 3D-DNR \/ BLC \/ HLC \/ EIS.<\/li>\n<li style=\"margin-bottom: 5px;\">Distancia Focal: 5 a 75 mm (15X Zoom &oacute;ptico \/ 16X Zoom digital).<\/li>\n<li style=\"margin-bottom: 5px;\">Distancia de Infrarrojos: 100 mts IR (visi&oacute;n nocturna).<\/li>\n<li style=\"margin-bottom: 5px;\">S&oacute;lo soporta TVI (No soporta AHD-CVI-CVBS).<\/li>\n<li style=\"margin-bottom: 5px;\">Soporta puertos RS-485 (anal&oacute;gica) y COAXITRON (TURBOHD).<\/li>\n<\/ul>\n<\/div>\n<\/div>\n<p><!-- Caracter\u00edsticas Generales --><\/p>\n<div style=\"border: 1px solid rgba(150&comma; 150&comma; 150&comma; 0.4); border-radius: 8px; overflow: hidden;\">\n<div style=\"padding: 15px; background-color: #266ca9; color: white; font-size: 18px; font-weight: bold;\">Caracter&iacute;sticas Generales<\/div>\n<div style=\"padding: 15px; color: inherit;\">\n<ul style=\"padding-left: 20px; margin: 0; font-size: 14px; list-style-type: disc;\">\n<li style=\"margin-bottom: 5px;\">Paneo: 360&ordm;.<\/li>\n<li style=\"margin-bottom: 5px;\">Tildeo: -15&ordm; a 90&ordm;.<\/li>\n<li style=\"margin-bottom: 5px;\">Preset: 256.<\/li>\n<li style=\"margin-bottom: 5px;\">Patrol: 10 (32 Preset cada uno).<\/li>\n<li style=\"margin-bottom: 5px;\">Pattern: 5 (10 minutos de grabaci&oacute;n m&aacute;ximo).<\/li>\n<li style=\"margin-bottom: 5px;\">Soporta tareas calendarizadas.<\/li>\n<li style=\"margin-bottom: 5px;\">Protocolos: HIKVISION \/ Pelco-P \/ Pelco-D.<\/li>\n<\/ul>\n<\/div>\n<\/div>\n<\/div>\n<p><!-- Columna 2 --><\/p>\n<div style=\"flex: 1 1 400px;\"><!-- Caracter\u00edsticas F\u00edsicas y El\u00e9ctricas --><\/p>\n<div style=\"border: 1px solid rgba(150&comma; 150&comma; 150&comma; 0.4); border-radius: 8px; overflow: hidden; margin-bottom: 20px;\">\n<div style=\"padding: 15px; background-color: #266ca9; color: white; font-size: 18px; font-weight: bold;\">Caracter&iacute;sticas F&iacute;sicas y El&eacute;ctricas<\/div>\n<div style=\"padding: 15px; color: inherit;\">\n<ul style=\"padding-left: 20px; margin: 0; font-size: 14px; list-style-type: disc;\">\n<li style=\"margin-bottom: 5px;\">Alimentaci&oacute;n: 12 Vcc \/ 20 Watts.<\/li>\n<li style=\"margin-bottom: 5px;\">Temperatura de operaci&oacute;n: -30&ordm; a 65&ordm; C.<\/li>\n<li style=\"margin-bottom: 5px;\">Protecci&oacute;n: Interior &#8211; Exterior (IP66).<\/li>\n<li style=\"margin-bottom: 5px;\">Dimensiones: 164.5 x 295 mm.<\/li>\n<li style=\"margin-bottom: 5px;\">Peso: 2 Kgs.<\/li>\n<li style=\"margin-bottom: 5px;\">El PTZ incluye brazo de pared y fuente de alimentaci&oacute;n de 12 Vcc.<\/li>\n<\/ul>\n<\/div>\n<\/div>\n<p><!-- Accesorios Opcionales --><\/p>\n<div style=\"border: 1px solid rgba(150&comma; 150&comma; 150&comma; 0.4); border-radius: 8px; overflow: hidden;\">\n<div style=\"padding: 15px; background-color: #266ca9; color: white; font-size: 18px; font-weight: bold;\">Accesorios Opcionales<\/div>\n<div style=\"padding: 15px; color: inherit;\">\n<ul style=\"padding-left: 20px; margin: 0; font-size: 14px; list-style-type: disc;\">\n<li style=\"margin-bottom: 5px;\">Joystick USB&comma; modelo: <a href=\"https:\/\/www.syscom.mx\/producto\/DS-1005KI-HIKVISION-74492.html\" target=\"_blank\" rel=\"noopener\" style=\"color: inherit; text-decoration: underline;\">DS-1005KI<\/a><\/li>\n<li style=\"margin-bottom: 5px;\">Montaje de poste para domos&comma; modelo: <a href=\"https:\/\/www.syscom.mx\/producto\/DS-1604ZJ-POLE-HIKVISION-175737.html\" target=\"_blank\" rel=\"noopener\" style=\"color: inherit; text-decoration: underline;\">DS-1604ZJ-POLE<\/a><\/li>\n<li style=\"margin-bottom: 5px;\">Montaje de esquina con caja de conexi&oacute;n&comma; modelo: <a href=\"https:\/\/www.syscom.mx\/producto\/DS-1604ZJ-BOX-CORNER-HIKVISION-201010.html\" target=\"_blank\" rel=\"noopener\" style=\"color: inherit; text-decoration: underline;\">DS-1604ZJ-BOX-CORNER<\/a><\/li>\n<li style=\"margin-bottom: 5px;\">Montaje de Pared para Exterior&comma; modelo: <a href=\"https:\/\/www.syscom.mx\/producto\/DS-1604ZJ-BOX-HIKVISION-190298.html\" target=\"_blank\" rel=\"noopener\" style=\"color: inherit; text-decoration: underline;\">DS-1604ZJ-BOX<\/a><\/li>\n<li style=\"margin-bottom: 5px;\">Montaje de Techo Tipo Tubo&comma; modelo: <a href=\"https:\/\/www.syscom.mx\/producto\/DS-1662ZJ-HIKVISION-69426.html\" target=\"_blank\" rel=\"noopener\" style=\"color: inherit; text-decoration: underline;\">DS-1662ZJ<\/a><\/li>\n<li style=\"margin-bottom: 5px;\">Montaje de Plaf&oacute;n&comma; modelo: <a href=\"https:\/\/www.syscom.mx\/producto\/DS-1671ZJ-SDM9-HIKVISION-162945.html\" target=\"_blank\" rel=\"noopener\" style=\"color: inherit; text-decoration: underline;\">DS-1671ZJ-SDM9<\/a><\/li>\n<li style=\"margin-bottom: 5px;\">Montaje Parapeto sobre Pared&comma; modelo: <a href=\"https:\/\/www.syscom.mx\/producto\/DS-1660ZJ-HIKVISION-82609.html\" target=\"_blank\" rel=\"noopener\" style=\"color: inherit; text-decoration: underline;\">DS-1660ZJ<\/a><\/li>\n<li style=\"margin-bottom: 5px;\">Montaje de Techo Tipo Tubo&comma; modelo: <a href=\"https:\/\/www.syscom.mx\/producto\/DS-1661ZJ-HIKVISION-69425.html\" target=\"_blank\" rel=\"noopener\" style=\"color: inherit; text-decoration: underline;\">DS-1661ZJ<\/a><\/li>\n<li style=\"margin-bottom: 5px;\">Montaje de Pared con Caja de Conexi&oacute;n&comma; modelo: <a href=\"https:\/\/www.syscom.mx\/producto\/DS-1604ZJ-BOX-POLE-HIKVISION-158618.html\" target=\"_blank\" rel=\"noopener\" style=\"color: inherit; text-decoration: underline;\">DS-1604ZJ-BOX-POLE<\/a><\/li>\n<\/ul>\n<\/div>\n<\/div>\n<\/div>\n<\/div>\n<p><!-- Sobre HiLook --><\/p>\n<div style=\"margin: 30px 0; text-align: center;\">\n<h2 style=\"margin: 0; font-size: 48px;\"><span style=\"color: #a38f84;\">Hi-<\/span><span style=\"color: #3d8eb9;\">Look<\/span><\/h2>\n<p style=\"margin-top: 20px; font-size: 18px;\">Es una marca desarrollada y manufacturada por Hikvision&comma; enfocada en otorgar productos de alta calidad. Cuenta con los dispositivos ideales para ofrecer una soluci&oacute;n integral en tecnolog&iacute;a anal&oacute;gica (TurboHD) e IP.<\/p>\n<\/div>\n<p><!-- Tecnolog\u00eda EXIR --><\/p>\n<div style=\"margin: 30px 0;\">\n<h3 style=\"font-size: 22px; border-bottom: 2px solid currentColor; padding-bottom: 5px; margin-top: 0; color: inherit; opacity: 0.8;\">Infrarrojo EXIR<\/h3>\n<p style=\"margin-top: 20px; font-size: 16px;\">Las c&aacute;maras HiLook&comma; comparten la patente de la marca Hikvision &#39;EXIR&#39;&comma; el cual le otorga una visi&oacute;n nocturna m&aacute;s efectiva por su dise&ntilde;o&comma; composici&oacute;n y efecto umbral de luz. Esto le permitir&aacute; tener mucho mejor detalle en la noche&comma; y una visi&oacute;n nocturna uniforme.<\/p>\n<div style=\"text-align: center; margin: 20px 0;\"><img decoding=\"async\" style=\"width: 100%; max-width: 600px; height: auto; border: 1px solid rgba(150&comma; 150&comma; 150&comma; 0.3); border-radius: 8px;\" src=\"https:\/\/ftp3.syscom.mx\/usuarios\/jsosa\/HIKVISION\/imagenes\/exirir.png\" alt=\"\" class=\"fr-fic fr-dii\"><\/div>\n<div style=\"text-align: center; margin: 20px 0;\"><img decoding=\"async\" style=\"width: 100%; max-width: 600px; height: auto; border: 1px solid rgba(150&comma; 150&comma; 150&comma; 0.3); border-radius: 8px;\" src=\"https:\/\/ftp3.syscom.mx\/usuarios\/jsosa\/HIKVISION\/imagenes\/irvsir.png\" alt=\"\" class=\"fr-fic fr-dii\"><\/div>\n<\/div>\n<p><!-- Logo HiLook --><\/p>\n<div style=\"text-align: center; margin: 30px 0;\"><img decoding=\"async\" style=\"width: 100%; max-width: 600px; height: auto; border: 1px solid rgba(150&comma; 150&comma; 150&comma; 0.3); border-radius: 8px;\" src=\"https:\/\/ftp3.syscom.mx\/usuarios\/yvalenzuela\/Hilook\/hiklook.jpg\" alt=\"\" class=\"fr-fic fr-dii\"><\/div>\n<\/div>\n","protected":false},"excerpt":{"rendered":"<p>Domo PTZ TurboHD 1080P \/ 15X Zoom \/ 100 mts IR EXIR \/ Exterior IP66 \/ WDR 120 dB \/ TVI \/ RS-485 \/ Ultra Baja Iluminaci\u00f3n<\/p>\n","protected":false},"featured_media":102884,"comment_status":"open","ping_status":"closed","template":"","meta":[],"product_brand":[],"product_cat":[2344],"product_tag":[2255,715,1225],"class_list":{"0":"post-102885","1":"product","2":"type-product","3":"status-publish","4":"has-post-thumbnail","6":"product_cat-ptz-camaras-y-dvrs-hd-turbohd-ahd-hd-tvi","7":"product_tag-camaras-y-dvrs-hd-turbohd-ahd-hd-tvi","8":"product_tag-hilook-by-hikvision","9":"product_tag-ptz","11":"first","12":"outofstock","13":"sale","14":"shipping-taxable","15":"purchasable","16":"product-type-simple"},"_links":{"self":[{"href":"https:\/\/soydeaqui.ddns.net\/pachuca\/index.php\/wp-json\/wp\/v2\/product\/102885","targetHints":{"allow":["GET"]}}],"collection":[{"href":"https:\/\/soydeaqui.ddns.net\/pachuca\/index.php\/wp-json\/wp\/v2\/product"}],"about":[{"href":"https:\/\/soydeaqui.ddns.net\/pachuca\/index.php\/wp-json\/wp\/v2\/types\/product"}],"replies":[{"embeddable":true,"href":"https:\/\/soydeaqui.ddns.net\/pachuca\/index.php\/wp-json\/wp\/v2\/comments?post=102885"}],"wp:featuredmedia":[{"embeddable":true,"href":"https:\/\/soydeaqui.ddns.net\/pachuca\/index.php\/wp-json\/wp\/v2\/media\/102884"}],"wp:attachment":[{"href":"https:\/\/soydeaqui.ddns.net\/pachuca\/index.php\/wp-json\/wp\/v2\/media?parent=102885"}],"wp:term":[{"taxonomy":"product_brand","embeddable":true,"href":"https:\/\/soydeaqui.ddns.net\/pachuca\/index.php\/wp-json\/wp\/v2\/product_brand?post=102885"},{"taxonomy":"product_cat","embeddable":true,"href":"https:\/\/soydeaqui.ddns.net\/pachuca\/index.php\/wp-json\/wp\/v2\/product_cat?post=102885"},{"taxonomy":"product_tag","embeddable":true,"href":"https:\/\/soydeaqui.ddns.net\/pachuca\/index.php\/wp-json\/wp\/v2\/product_tag?post=102885"}],"curies":[{"name":"wp","href":"https:\/\/api.w.org\/{rel}","templated":true}]}}