{"id":102865,"date":"2026-03-20T13:14:34","date_gmt":"2026-03-20T13:14:34","guid":{"rendered":"https:\/\/soydeaqui.ddns.net\/pachuca\/index.php\/producto\/ups-de-2000-va-1200-w-pantalla-lcd-proteccion-contra-sobrecarga-y-descarga-entrada-y-salida-120-vca-4-tomas-nema-5-15r-2\/"},"modified":"2026-03-20T13:14:36","modified_gmt":"2026-03-20T13:14:36","slug":"ups-de-2000-va-1200-w-pantalla-lcd-proteccion-contra-sobrecarga-y-descarga-entrada-y-salida-120-vca-4-tomas-nema-5-15r-2","status":"publish","type":"product","link":"https:\/\/soydeaqui.ddns.net\/pachuca\/index.php\/producto\/ups-de-2000-va-1200-w-pantalla-lcd-proteccion-contra-sobrecarga-y-descarga-entrada-y-salida-120-vca-4-tomas-nema-5-15r-2\/","title":{"rendered":"UPS de 2000 VA \/ 1200 W \/ Pantalla LCD \/ Protecci\u00f3n Contra Sobrecarga y Descarga \/ Entrada y Salida 120 VCA \/ 4 Tomas NEMA 5-15R"},"content":{"rendered":"<div style='width: 100%; max-width: 1200px; margin: 0 auto; font-family: sans-serif; line-height: 1.6; color: inherit; background-color: transparent;'>\n<p style='text-align: center; margin: 0; padding: 15px 0;'> <img style='width: 45%; max-width: 500px; height: auto; border: 1px solid rgba(150&comma;150&comma;150&comma;0.3); border-radius: 8px;' src='https:\/\/ftp3.syscom.mx\/usuarios\/jsosa\/HIKVISION\/imagenes\/logo\/hikvision%20see%20far.png' alt='Logo Hikvision'> <\/p>\n<p> <!-- Caracter\u00edsticas principales --> <\/p>\n<div style='display: flex; flex-wrap: wrap; gap: 30px; margin: 30px 0;'>\n<div style='flex: 1 1 300px; min-width: 280px;'>\n<h3 style='font-size: 22px; border-bottom: 2px solid currentColor; padding-bottom: 5px; margin-top: 0; color: inherit; opacity: 0.8;'>Caracter\u00edsticas principales<\/h3>\n<ul style='padding-left: 20px; font-size: 15px; color: inherit;'>\n<li style='margin-bottom: 5px;'><strong>Capacidad:<\/strong> 2000 VA \/ 1200 W<\/li>\n<li style='margin-bottom: 5px;'><strong>Bater\u00eda:<\/strong> 12 V \/ 9 Ah<\/li>\n<li style='margin-bottom: 5px;'><strong>Salidas:<\/strong> 4 totales (4 con respaldo)<\/li>\n<li style='margin-bottom: 5px;'><strong>Peso:<\/strong> 5.4 Kg<\/li>\n<li style='margin-bottom: 5px;'><strong>Voltaje de entrada:<\/strong> 85 &#8211; 150 V ~ 50\/60 Hz<\/li>\n<li style='margin-bottom: 5px;'><strong>Voltaje de salida:<\/strong> 102 &#8211; 132 V<\/li>\n<li style='margin-bottom: 5px;'><strong>Dimensiones:<\/strong> 274 x 95 x 139 mm<\/li>\n<li style='margin-bottom: 5px;'><strong>Garant\u00eda:<\/strong> 5 a\u00f1os (en la bater\u00eda aplica 1 a\u00f1o)<\/li>\n<li style='margin-bottom: 5px;'><strong>Puerto:<\/strong> USB para control y monitoreo de estado del equipo<\/li>\n<li style='margin-bottom: 5px;'><strong>Bater\u00eda de respaldo sugerida:<\/strong> <a href='https:\/\/www.syscom.mx\/products\/196555' style='color: inherit; text-decoration: underline;'>PS-1290-F2<\/a><\/li>\n<\/ul><\/div>\n<\/p><\/div>\n<p> <!-- Tabla de consumo --> <\/p>\n<div style='display: flex; flex-wrap: wrap; gap: 20px; margin: 30px 0;'>\n<div style='flex: 1 1 250px; border: 1px solid rgba(150&comma; 150&comma; 150&comma; 0.4); border-radius: 8px; overflow: hidden; display: flex; flex-direction: column;'>\n<div style='padding: 15px; border-bottom: 1px solid rgba(150&comma; 150&comma; 150&comma; 0.2); font-weight: bold; font-size: 18px; color: inherit;'>Tabla de referencia de consumo en watts (aproximado)<\/div>\n<div style='padding: 15px; color: inherit;'>\n<ul style='padding-left: 20px; margin: 0; font-size: 14px; list-style-type: disc;'>\n<li style='margin-bottom: 5px;'>100w: 70 min<\/li>\n<li style='margin-bottom: 5px;'>300w: 17 min<\/li>\n<li style='margin-bottom: 5px;'>600w: 5 min<\/li>\n<\/ul><\/div>\n<\/p><\/div>\n<\/p><\/div>\n<p> <!-- Imagen final --> <\/p>\n<div style='margin: 30px 0;'> <img style='width: 100%; height: auto; border: 1px solid rgba(150&comma;150&comma;150&comma;0.3); border-radius: 8px;' src='https:\/\/ftp3.syscom.mx\/usuarios\/jsosa\/HIKVISION\/imagenes\/banners\/solution%20complete.png' alt='Soluci\u00f3n completa'> <\/div>\n<\/p><\/div>\n","protected":false},"excerpt":{"rendered":"<p>UPS de 2000 VA \/ 1200 W \/ Pantalla LCD \/ Protecci\u00f3n Contra Sobrecarga y Descarga \/ Entrada y Salida 120 VCA \/ 4 Tomas NEMA 5-15R<\/p>\n","protected":false},"featured_media":102864,"comment_status":"open","ping_status":"closed","template":"","meta":[],"product_brand":[],"product_cat":[1231],"product_tag":[142,54,1232],"class_list":{"0":"post-102865","1":"product","2":"type-product","3":"status-publish","4":"has-post-thumbnail","6":"product_cat-ups-no-break-energia-videovigilancia","7":"product_tag-energia","8":"product_tag-hikvision","9":"product_tag-ups-no-break-2","11":"first","12":"outofstock","13":"sale","14":"shipping-taxable","15":"purchasable","16":"product-type-simple"},"_links":{"self":[{"href":"https:\/\/soydeaqui.ddns.net\/pachuca\/index.php\/wp-json\/wp\/v2\/product\/102865","targetHints":{"allow":["GET"]}}],"collection":[{"href":"https:\/\/soydeaqui.ddns.net\/pachuca\/index.php\/wp-json\/wp\/v2\/product"}],"about":[{"href":"https:\/\/soydeaqui.ddns.net\/pachuca\/index.php\/wp-json\/wp\/v2\/types\/product"}],"replies":[{"embeddable":true,"href":"https:\/\/soydeaqui.ddns.net\/pachuca\/index.php\/wp-json\/wp\/v2\/comments?post=102865"}],"wp:featuredmedia":[{"embeddable":true,"href":"https:\/\/soydeaqui.ddns.net\/pachuca\/index.php\/wp-json\/wp\/v2\/media\/102864"}],"wp:attachment":[{"href":"https:\/\/soydeaqui.ddns.net\/pachuca\/index.php\/wp-json\/wp\/v2\/media?parent=102865"}],"wp:term":[{"taxonomy":"product_brand","embeddable":true,"href":"https:\/\/soydeaqui.ddns.net\/pachuca\/index.php\/wp-json\/wp\/v2\/product_brand?post=102865"},{"taxonomy":"product_cat","embeddable":true,"href":"https:\/\/soydeaqui.ddns.net\/pachuca\/index.php\/wp-json\/wp\/v2\/product_cat?post=102865"},{"taxonomy":"product_tag","embeddable":true,"href":"https:\/\/soydeaqui.ddns.net\/pachuca\/index.php\/wp-json\/wp\/v2\/product_tag?post=102865"}],"curies":[{"name":"wp","href":"https:\/\/api.w.org\/{rel}","templated":true}]}}