{"id":102831,"date":"2026-03-20T13:12:46","date_gmt":"2026-03-20T13:12:46","guid":{"rendered":"https:\/\/soydeaqui.ddns.net\/pachuca\/index.php\/producto\/unifi-protect-g6-pro-turret-camara-4k-poe-antimanipulacion-y-todo-clima-con-motor-de-ia-multi-tops-zoom-optico-2-36x-y-sensor-cmos-1-1-2-2\/"},"modified":"2026-03-20T13:13:04","modified_gmt":"2026-03-20T13:13:04","slug":"unifi-protect-g6-pro-turret-camara-4k-poe-antimanipulacion-y-todo-clima-con-motor-de-ia-multi-tops-zoom-optico-2-36x-y-sensor-cmos-1-1-2-2","status":"publish","type":"product","link":"https:\/\/soydeaqui.ddns.net\/pachuca\/index.php\/producto\/unifi-protect-g6-pro-turret-camara-4k-poe-antimanipulacion-y-todo-clima-con-motor-de-ia-multi-tops-zoom-optico-2-36x-y-sensor-cmos-1-1-2-2\/","title":{"rendered":"UniFi Protect G6 Pro Turret \u2013 C\u00e1mara 4K PoE+ Antimanipulaci\u00f3n y Todo Clima con Motor de IA Multi-TOPS, Zoom \u00d3ptico 2.36\u00d7 y Sensor CMOS 1\/1.2"},"content":{"rendered":"<div style='width: 100%; max-width: 1200px; margin: 0 auto; font-family: sans-serif; line-height: 1.6; color: inherit; background-color: transparent;'> <!-- Hero Section --> <\/p>\n<div style='display: flex; flex-wrap: wrap; gap: 30px; align-items: center; border: 1px solid rgba(150&comma;150&comma;150&comma;0.3); border-radius: 12px; padding: 20px; margin-bottom: 30px;'>\n<div style='flex: 1 1 320px; min-width: 280px;'> <!-- Video con fallback a imagen --> <\/p>\n<div style='position: relative; padding-bottom: 56.25%; height: 0; overflow: hidden; margin-bottom: 16px;'> <video style='position: absolute; top: 0; left: 0; width: 100%; height: 100%; border: 1px solid rgba(150&comma;150&comma;150&comma;0.3); border-radius: 12px; background-color: transparent;' autoplay muted loop playsinline preload='metadata'><source src='https:\/\/ftp3.syscom.mx\/usuarios\/adiaz\/Ubiquiti\/Imagenes\/UVCG6PROTURRET\/loopb.mp4' type='video\/mp4'><!-- Fallback --> <img src='https:\/\/ftp3.syscom.mx\/usuarios\/adiaz\/Ubiquiti\/Imagenes\/UVCG6PROTURRET\/vista1b.png' alt='Ubiquiti UVC-G6-Pro-Turret' style='width: 100%; height: auto; border: 1px solid rgba(150&comma;150&comma;150&comma;0.3); border-radius: 12px; display: block; background-color: transparent;'><\/video> <\/div>\n<\/p><\/div>\n<div style='flex: 1 1 360px; min-width: 280px;'>\n<h2 style='font-size: 24px; margin: 0 0 10px; color: inherit; font-weight: 600;'>UniFi G6 Pro Turret<\/h2>\n<div style='margin: 0 0 15px; font-weight: 500; opacity: 0.8; color: inherit;'>Modelo: <span style='font-weight: 700; opacity: 1;'>UVC-G6-Pro-Turret-B<\/span><\/div>\n<p style='margin: 0; color: inherit; font-size: 15px;'>C\u00e1mara turret para exterior con <strong style='color: inherit;'>resoluci\u00f3n 4K (8MP)<\/strong>&comma; <strong style='color: inherit;'>zoom \u00f3ptico 2.36\u00d7<\/strong>&comma; <strong style='color: inherit;'>audio bidireccional<\/strong>&comma; <strong style='color: inherit;'>visi\u00f3n nocturna IR<\/strong> y <strong style='color: inherit;'>detecciones inteligentes<\/strong>&comma; con alimentaci\u00f3n <strong style='color: inherit;'>PoE+<\/strong>.<\/p>\n<\/p><\/div>\n<\/p><\/div>\n<p> <!-- Especificaciones Title --> <\/p>\n<div style='text-align: center; margin: 40px 0 20px;'> <span style='font-size: 20px; font-weight: 700; color: inherit; border-bottom: 2px solid currentColor; padding-bottom: 5px;'>Especificaciones<\/span> <\/div>\n<p> <!-- Especificaciones Grid --> <\/p>\n<div style='display: flex; flex-wrap: wrap; gap: 20px; margin-bottom: 30px;'> <!-- Card: Caracter\u00edsticas principales --> <\/p>\n<div style='flex: 1 1 250px; border: 1px solid rgba(150&comma;150&comma;150&comma;0.4); border-radius: 8px; overflow: hidden; display: flex; flex-direction: column;'>\n<div style='padding: 15px; border-bottom: 1px solid rgba(150&comma;150&comma;150&comma;0.2); font-weight: bold; font-size: 18px; color: inherit;'>Caracter\u00edsticas principales<\/div>\n<div style='padding: 15px; color: inherit;'>\n<ul style='padding-left: 20px; margin: 0; font-size: 14px; list-style-type: disc;'>\n<li style='margin-bottom: 5px;'><strong style='color: inherit;'>Resoluci\u00f3n<\/strong>: 4K<\/li>\n<li style='margin-bottom: 5px;'><strong style='color: inherit;'>Visi\u00f3n nocturna IR<\/strong>: hasta 40 m (131 ft)<\/li>\n<li style='margin-bottom: 5px;'><strong style='color: inherit;'>Zoom<\/strong>: 2.36\u00d7 \u00f3ptico<\/li>\n<li style='margin-bottom: 5px;'><strong style='color: inherit;'>Detecciones inteligentes<\/strong> (personas&comma; veh\u00edculos&comma; animales): \u2713<\/li>\n<li style='margin-bottom: 5px;'><strong style='color: inherit;'>Reconocimiento facial<\/strong>: \u2713<\/li>\n<li style='margin-bottom: 5px;'><strong style='color: inherit;'>Reconocimiento de matr\u00edculas<\/strong>: \u2713<\/li>\n<li style='margin-bottom: 5px;'><strong style='color: inherit;'>Audio<\/strong>: bidireccional<\/li>\n<\/ul><\/div>\n<\/p><\/div>\n<p> <!-- Card: Video --> <\/p>\n<div style='flex: 1 1 250px; border: 1px solid rgba(150&comma;150&comma;150&comma;0.4); border-radius: 8px; overflow: hidden; display: flex; flex-direction: column;'>\n<div style='padding: 15px; border-bottom: 1px solid rgba(150&comma;150&comma;150&comma;0.2); font-weight: bold; font-size: 18px; color: inherit;'>Video<\/div>\n<div style='padding: 15px; color: inherit;'>\n<ul style='padding-left: 20px; margin: 0; font-size: 14px; list-style-type: disc;'>\n<li style='margin-bottom: 5px;'><strong style='color: inherit;'>Resoluci\u00f3n m\u00e1x.<\/strong>: 8MP 3840 \u00d7 2160 (16:9)<\/li>\n<li style='margin-bottom: 5px;'><strong style='color: inherit;'>FPS m\u00e1x.<\/strong>: 30<\/li>\n<li style='margin-bottom: 5px;'><strong style='color: inherit;'>Ajustes de imagen<\/strong>: color&comma; brillo&comma; nitidez&comma; contraste&comma; balance de blancos&comma; control de exposici\u00f3n&comma; 2DNR\/3DNR&comma; NR por movimiento&comma; enmascaramiento&comma; overlay de texto&comma; HDR<\/li>\n<\/ul><\/div>\n<\/p><\/div>\n<p> <!-- Card: \u00d3ptica --> <\/p>\n<div style='flex: 1 1 250px; border: 1px solid rgba(150&comma;150&comma;150&comma;0.4); border-radius: 8px; overflow: hidden; display: flex; flex-direction: column;'>\n<div style='padding: 15px; border-bottom: 1px solid rgba(150&comma;150&comma;150&comma;0.2); font-weight: bold; font-size: 18px; color: inherit;'>\u00d3ptica<\/div>\n<div style='padding: 15px; color: inherit;'>\n<ul style='padding-left: 20px; margin: 0; font-size: 14px; list-style-type: disc;'>\n<li style='margin-bottom: 5px;'><strong style='color: inherit;'>Sensor<\/strong>: 1\/1.2&#8242; 8MP<\/li>\n<li style='margin-bottom: 5px;'><strong style='color: inherit;'>Lente<\/strong>: F 5.85\u201313.8 mm; \u0192\/1.5\u2013\u0192\/2.9<\/li>\n<li style='margin-bottom: 5px;'><strong style='color: inherit;'>Modo nocturno<\/strong>: iluminaci\u00f3n IR LED adaptativa integrada y filtro IR cut<\/li>\n<li style='margin-bottom: 5px;'><strong style='color: inherit;'>Campo de visi\u00f3n<\/strong>:<\/li>\n<div style='margin-left: 20px; font-size: 14px; opacity: 0.8; margin-top: 4px;'>Wide: H 113.8\u00b0&comma; V 61.9\u00b0&comma; D 134\u00b0<br \/>Tele: H 45.5\u00b0&comma; V 25.8\u00b0&comma; D 52\u00b0<\/div>\n<\/ul><\/div>\n<\/p><\/div>\n<p> <!-- Card: F\u00edsicas&comma; energ\u00eda y red --> <\/p>\n<div style='flex: 1 1 250px; border: 1px solid rgba(150&comma;150&comma;150&comma;0.4); border-radius: 8px; overflow: hidden; display: flex; flex-direction: column;'>\n<div style='padding: 15px; border-bottom: 1px solid rgba(150&comma;150&comma;150&comma;0.2); font-weight: bold; font-size: 18px; color: inherit;'>F\u00edsicas&comma; energ\u00eda y red<\/div>\n<div style='padding: 15px; color: inherit;'>\n<ul style='padding-left: 20px; margin: 0; font-size: 14px; list-style-type: disc;'>\n<li style='margin-bottom: 5px;'><strong style='color: inherit;'>Dimensiones<\/strong>: \u00d8117.2 \u00d7 116.5 mm (\u00d84.61 \u00d7 4.59&#8242;)<\/li>\n<li style='margin-bottom: 5px;'><strong style='color: inherit;'>Peso<\/strong>: 1.2 kg (2.6 lb)<\/li>\n<li style='margin-bottom: 5px;'><strong style='color: inherit;'>Material del gabinete<\/strong>: aleaci\u00f3n de aluminio&comma; policarbonato<\/li>\n<li style='margin-bottom: 5px;'><strong style='color: inherit;'>Interfaz de red<\/strong>: puerto GbE RJ45<\/li>\n<li style='margin-bottom: 5px;'><strong style='color: inherit;'>M\u00e9todo de alimentaci\u00f3n<\/strong>: PoE+<\/li>\n<li style='margin-bottom: 5px;'><strong style='color: inherit;'>Rango de voltaje soportado<\/strong>: 42.5\u201357 V DC<\/li>\n<li style='margin-bottom: 5px;'><strong style='color: inherit;'>Consumo m\u00e1ximo<\/strong>: 15 W<\/li>\n<\/ul><\/div>\n<\/p><\/div>\n<p> <!-- Card: Protecci\u00f3n y cumplimiento --> <\/p>\n<div style='flex: 1 1 250px; border: 1px solid rgba(150&comma;150&comma;150&comma;0.4); border-radius: 8px; overflow: hidden; display: flex; flex-direction: column;'>\n<div style='padding: 15px; border-bottom: 1px solid rgba(150&comma;150&comma;150&comma;0.2); font-weight: bold; font-size: 18px; color: inherit;'>Protecci\u00f3n y cumplimiento<\/div>\n<div style='padding: 15px; color: inherit;'>\n<ul style='padding-left: 20px; margin: 0; font-size: 14px; list-style-type: disc;'>\n<li style='margin-bottom: 5px;'><strong style='color: inherit;'>Protecci\u00f3n<\/strong>: IP66<\/li>\n<li style='margin-bottom: 5px;'><strong style='color: inherit;'>Resistencia a vandalismo<\/strong>: IK04<\/li>\n<li style='margin-bottom: 5px;'><strong style='color: inherit;'>Montaje<\/strong>: techo \/ pared (incluido); brazo&comma; colgante y caja de conexiones (opcionales)<\/li>\n<li style='margin-bottom: 5px;'><strong style='color: inherit;'>Temperatura de operaci\u00f3n<\/strong>: -30 a 50 \u00b0C (-22 a 122 \u00b0F)<\/li>\n<li style='margin-bottom: 5px;'><strong style='color: inherit;'>Humedad de operaci\u00f3n<\/strong>: 0\u201390% sin condensaci\u00f3n<\/li>\n<li style='margin-bottom: 5px;'><strong style='color: inherit;'>Cumplimiento NDAA<\/strong>: \u2713<\/li>\n<li style='margin-bottom: 5px;'><strong style='color: inherit;'>Certificaciones<\/strong>: CE&comma; FCC&comma; IC<\/li>\n<\/ul><\/div>\n<\/p><\/div>\n<\/p><\/div>\n<p> <!-- Galer\u00eda de im\u00e1genes --> <\/p>\n<div style='border: 1px solid rgba(150&comma;150&comma;150&comma;0.3); border-radius: 8px; padding: 20px; margin: 30px 0; text-align: center;'>\n<h3 style='margin: 0 0 16px; font-size: 18px; font-weight: 600; color: inherit;'>Vista del producto<\/h3>\n<div style='display: flex; flex-wrap: wrap; gap: 20px; justify-content: center; align-items: flex-start;'> <img style='width: 100%; max-width: 480px; height: auto; border: 1px solid rgba(150&comma;150&comma;150&comma;0.3); border-radius: 8px;' src='https:\/\/ftp3.syscom.mx\/usuarios\/adiaz\/Ubiquiti\/Imagenes\/UVCG6PROTURRET\/vista1b.png' alt='UVC-G6-Pro-Turret vista 1'> <img style='width: 100%; max-width: 480px; height: auto; border: 1px solid rgba(150&comma;150&comma;150&comma;0.3); border-radius: 8px;' src='https:\/\/ftp3.syscom.mx\/usuarios\/adiaz\/Ubiquiti\/Imagenes\/UVCG6PROTURRET\/vista2b.png' alt='UVC-G6-Pro-Turret vista 2'> <\/div>\n<\/p><\/div>\n<p> <!-- Contenido del paquete --> <\/p>\n<div style='border: 1px solid rgba(150&comma;150&comma;150&comma;0.3); border-radius: 8px; padding: 20px; margin: 30px 0; text-align: center;'>\n<h3 style='margin: 0 0 16px; font-size: 18px; font-weight: 600; color: inherit;'>Contenido del Paquete<\/h3>\n<p> <img style='width: 100%; max-width: 600px; height: auto; border: 1px solid rgba(150&comma;150&comma;150&comma;0.3); border-radius: 8px;' src='https:\/\/ftp3.syscom.mx\/usuarios\/adiaz\/Ubiquiti\/Imagenes\/UVCG6PROTURRET\/contenidob.png' alt='Contenido del paquete UVC-G6-Pro-Turret'> <\/div>\n<\/p><\/div>\n","protected":false},"excerpt":{"rendered":"<p>UniFi Protect G6 Pro Turret \u2013 C\u00e1mara 4K PoE+ Antimanipulaci\u00f3n y Todo Clima con Motor de IA Multi-TOPS, Zoom \u00d3ptico 2.36\u00d7 y Sensor CMOS 1\/1.2<\/p>\n","protected":false},"featured_media":102830,"comment_status":"open","ping_status":"closed","template":"","meta":[],"product_brand":[],"product_cat":[2056],"product_tag":[122,2057,166],"class_list":{"0":"post-102831","1":"product","2":"type-product","3":"status-publish","4":"has-post-thumbnail","6":"product_cat-domo-eyeball-turret","7":"product_tag-camaras-ip-y-nvrs","8":"product_tag-domo-eyeball-turret","9":"product_tag-ubiquiti","11":"first","12":"outofstock","13":"sale","14":"shipping-taxable","15":"purchasable","16":"product-type-simple"},"_links":{"self":[{"href":"https:\/\/soydeaqui.ddns.net\/pachuca\/index.php\/wp-json\/wp\/v2\/product\/102831","targetHints":{"allow":["GET"]}}],"collection":[{"href":"https:\/\/soydeaqui.ddns.net\/pachuca\/index.php\/wp-json\/wp\/v2\/product"}],"about":[{"href":"https:\/\/soydeaqui.ddns.net\/pachuca\/index.php\/wp-json\/wp\/v2\/types\/product"}],"replies":[{"embeddable":true,"href":"https:\/\/soydeaqui.ddns.net\/pachuca\/index.php\/wp-json\/wp\/v2\/comments?post=102831"}],"wp:featuredmedia":[{"embeddable":true,"href":"https:\/\/soydeaqui.ddns.net\/pachuca\/index.php\/wp-json\/wp\/v2\/media\/102830"}],"wp:attachment":[{"href":"https:\/\/soydeaqui.ddns.net\/pachuca\/index.php\/wp-json\/wp\/v2\/media?parent=102831"}],"wp:term":[{"taxonomy":"product_brand","embeddable":true,"href":"https:\/\/soydeaqui.ddns.net\/pachuca\/index.php\/wp-json\/wp\/v2\/product_brand?post=102831"},{"taxonomy":"product_cat","embeddable":true,"href":"https:\/\/soydeaqui.ddns.net\/pachuca\/index.php\/wp-json\/wp\/v2\/product_cat?post=102831"},{"taxonomy":"product_tag","embeddable":true,"href":"https:\/\/soydeaqui.ddns.net\/pachuca\/index.php\/wp-json\/wp\/v2\/product_tag?post=102831"}],"curies":[{"name":"wp","href":"https:\/\/api.w.org\/{rel}","templated":true}]}}