{"id":102817,"date":"2026-03-20T13:12:01","date_gmt":"2026-03-20T13:12:01","guid":{"rendered":"https:\/\/soydeaqui.ddns.net\/pachuca\/index.php\/producto\/unifi-protect-g6-pro-turret-camara-4k-poe-antimanipulacion-y-todo-clima-con-motor-de-ia-multi-tops-zoom-optico-2-36x-y-sensor-cmos-1-1-2\/"},"modified":"2026-03-20T13:12:19","modified_gmt":"2026-03-20T13:12:19","slug":"unifi-protect-g6-pro-turret-camara-4k-poe-antimanipulacion-y-todo-clima-con-motor-de-ia-multi-tops-zoom-optico-2-36x-y-sensor-cmos-1-1-2","status":"publish","type":"product","link":"https:\/\/soydeaqui.ddns.net\/pachuca\/index.php\/producto\/unifi-protect-g6-pro-turret-camara-4k-poe-antimanipulacion-y-todo-clima-con-motor-de-ia-multi-tops-zoom-optico-2-36x-y-sensor-cmos-1-1-2\/","title":{"rendered":"UniFi Protect G6 Pro Turret \u2013 C\u00e1mara 4K PoE+ Antimanipulaci\u00f3n y Todo Clima con Motor de IA Multi-TOPS, Zoom \u00d3ptico 2.36\u00d7 y Sensor CMOS 1\/1.2"},"content":{"rendered":"<p><!-- UVC-G6-Pro-Turret-B \/ UVC-G6-Pro-Turret (Dark\/Light friendly: sin colores fijos) --><\/p>\n<div style=\"font-family: inherit; color: inherit; line-height: 1.5; margin: 16px 0; background: transparent;\"><!-- Hero --><\/p>\n<div style=\" display:flex; flex-wrap:wrap; gap:16px; align-items:center; border:1px solid rgba(127&comma;127&comma;127&comma;.25); border-radius:12px; padding:16px; box-shadow:0 1px 6px rgba(0&comma;0&comma;0&comma;.10); background:transparent;\">\n<div style=\"flex:1 1 320px; min-width:280px;\"><!-- Video (si no tienes video&comma; cambia por <img> usando el mismo estilo) --> <span class=\"fr-video fr-deletable fr-fvc fr-dvi fr-draggable\" contenteditable=\"false\"><video src=\"https:\/\/ftp3.syscom.mx\/usuarios\/adiaz\/Ubiquiti\/Imagenes\/UVCG6PROTURRET\/loopw.mp4\" autoplay=\"\" muted=\"\" loop=\"\" playsinline=\"\" preload=\"metadata\" class=\"fr-fvc fr-dvb fr-draggable\" style=\"max-width:100%; width:100%; height:auto; border:1px solid rgba(127&comma;127&comma;127&comma;.25); border-radius:12px; display:block; background:transparent;\"><!-- Fallback por si no carga el video --> <img decoding=\"async\" src=\"https:\/\/ftp3.syscom.mx\/usuarios\/adiaz\/Ubiquiti\/Imagenes\/UVCG6PROTURRET\/vista1w.png\" alt=\"Ubiquiti UVC-G6-Pro-Turret\" class=\"fr-fil fr-dib\" style=\"max-width:100%; width:100%; height:auto; border:1px solid rgba(127&comma;127&comma;127&comma;.25); border-radius:12px; background:transparent;\"><\/video><\/span><\/div>\n<div style=\"flex:1 1 360px; min-width:280px;\">\n<h2 style=\"margin:0 0 6px; font-size:1.6rem; line-height:1.2; color:inherit;\">UniFi G6 Pro Turret<\/h2>\n<div style=\"margin:0 0 12px; font-weight:600; opacity:.85;\">Modelo: <span style=\"font-weight:700; opacity:1;\">UVC-G6-Pro-Turret-W<\/span><\/div>\n<p style=\"margin:0; color:inherit;\">C&aacute;mara turret para exterior con <strong>resoluci&oacute;n 4K (8MP)<\/strong>&comma; <strong>zoom &oacute;ptico 2.36&times;<\/strong>&comma; <strong>audio bidireccional<\/strong>&comma; <strong>visi&oacute;n nocturna IR<\/strong> y <strong>detecciones inteligentes<\/strong>&comma; con alimentaci&oacute;n <strong>PoE+<\/strong>.<\/p>\n<\/div>\n<\/div>\n<p><!-- T\u00edtulo Especificaciones --><\/p>\n<div style=\"text-align:center; margin:24px 0 12px;\"><span style=\"font-size:1.35rem; font-weight:700; color:inherit;\">Especificaciones<\/span><\/div>\n<p><!-- Grid de tarjetas --><\/p>\n<div style=\"display:flex; flex-wrap:wrap; gap:16px;\"><!-- Card: Caracter\u00edsticas principales --><\/p>\n<div style=\"flex:1 1 280px; min-width:260px;\">\n<div style=\"height:100%; border:1px solid rgba(127&comma;127&comma;127&comma;.25); border-radius:12px; box-shadow:0 1px 6px rgba(0&comma;0&comma;0&comma;.10); overflow:hidden; background:transparent;\">\n<div style=\"padding:10px 12px; font-weight:700; background:transparent; border-bottom:1px solid rgba(127&comma;127&comma;127&comma;.18); color:inherit;\">Caracter&iacute;sticas principales<\/div>\n<ul style=\"margin:0; padding:0; list-style:none; color:inherit;\">\n<li style=\"padding:8px 12px; border-top:1px solid rgba(127&comma;127&comma;127&comma;.15);\"><strong>Resoluci&oacute;n<\/strong>: 4K<\/li>\n<li style=\"padding:8px 12px; border-top:1px solid rgba(127&comma;127&comma;127&comma;.15);\"><strong>Visi&oacute;n nocturna IR<\/strong>: hasta 40 m (131 ft)<\/li>\n<li style=\"padding:8px 12px; border-top:1px solid rgba(127&comma;127&comma;127&comma;.15);\"><strong>Zoom<\/strong>: 2.36&times; &oacute;ptico<\/li>\n<li style=\"padding:8px 12px; border-top:1px solid rgba(127&comma;127&comma;127&comma;.15);\"><strong>Detecciones inteligentes<\/strong> (personas&comma; veh&iacute;culos&comma; animales): \u2713<\/li>\n<li style=\"padding:8px 12px; border-top:1px solid rgba(127&comma;127&comma;127&comma;.15);\"><strong>Reconocimiento facial<\/strong>: \u2713<\/li>\n<li style=\"padding:8px 12px; border-top:1px solid rgba(127&comma;127&comma;127&comma;.15);\"><strong>Reconocimiento de matr&iacute;culas<\/strong>: \u2713<\/li>\n<li style=\"padding:8px 12px; border-top:1px solid rgba(127&comma;127&comma;127&comma;.15);\"><strong>Audio<\/strong>: bidireccional<\/li>\n<\/ul>\n<\/div>\n<\/div>\n<p><!-- Card: Video \/ Ajustes de imagen --><\/p>\n<div style=\"flex:1 1 280px; min-width:260px;\">\n<div style=\"height:100%; border:1px solid rgba(127&comma;127&comma;127&comma;.25); border-radius:12px; box-shadow:0 1px 6px rgba(0&comma;0&comma;0&comma;.10); overflow:hidden; background:transparent;\">\n<div style=\"padding:10px 12px; font-weight:700; background:transparent; border-bottom:1px solid rgba(127&comma;127&comma;127&comma;.18); color:inherit;\">Video<\/div>\n<ul style=\"margin:0; padding:0; list-style:none; color:inherit;\">\n<li style=\"padding:8px 12px; border-top:1px solid rgba(127&comma;127&comma;127&comma;.15);\"><strong>Resoluci&oacute;n m&aacute;x.<\/strong>: 8MP 3840 &times; 2160 (16:9)<\/li>\n<li style=\"padding:8px 12px; border-top:1px solid rgba(127&comma;127&comma;127&comma;.15);\"><strong>FPS m&aacute;x.<\/strong>: 30<\/li>\n<li style=\"padding:8px 12px; border-top:1px solid rgba(127&comma;127&comma;127&comma;.15);\"><strong>Ajustes de imagen<\/strong>: color&comma; brillo&comma; nitidez&comma; contraste&comma; balance de blancos&comma; control de exposici&oacute;n&comma; 2DNR\/3DNR&comma; NR por movimiento&comma; enmascaramiento&comma; overlay de texto&comma; HDR<\/li>\n<\/ul>\n<\/div>\n<\/div>\n<p><!-- Card: \u00d3ptica --><\/p>\n<div style=\"flex:1 1 280px; min-width:260px;\">\n<div style=\"height:100%; border:1px solid rgba(127&comma;127&comma;127&comma;.25); border-radius:12px; box-shadow:0 1px 6px rgba(0&comma;0&comma;0&comma;.10); overflow:hidden; background:transparent;\">\n<div style=\"padding:10px 12px; font-weight:700; background:transparent; border-bottom:1px solid rgba(127&comma;127&comma;127&comma;.18); color:inherit;\">&Oacute;ptica<\/div>\n<ul style=\"margin:0; padding:0; list-style:none; color:inherit;\">\n<li style=\"padding:8px 12px; border-top:1px solid rgba(127&comma;127&comma;127&comma;.15);\"><strong>Sensor<\/strong>: 1\/1.2&quot; 8MP<\/li>\n<li style=\"padding:8px 12px; border-top:1px solid rgba(127&comma;127&comma;127&comma;.15);\"><strong>Lente<\/strong>: F 5.85&ndash;13.8 mm; &fnof;\/1.5&ndash;&fnof;\/2.9<\/li>\n<li style=\"padding:8px 12px; border-top:1px solid rgba(127&comma;127&comma;127&comma;.15);\"><strong>Modo nocturno<\/strong>: iluminaci&oacute;n IR LED adaptativa integrada y filtro IR cut<\/li>\n<li style=\"padding:8px 12px; border-top:1px solid rgba(127&comma;127&comma;127&comma;.15);\"><strong>Campo de visi&oacute;n<\/strong>:\n<div style=\"margin-top:4px; font-size:0.92rem; opacity:.85;\">Wide: H 113.8&deg;&comma; V 61.9&deg;&comma; D 134&deg;<br \/>Tele: H 45.5&deg;&comma; V 25.8&deg;&comma; D 52&deg;<\/div>\n<\/li>\n<\/ul>\n<\/div>\n<\/div>\n<p><!-- Card: F\u00edsicas&comma; energ\u00eda y red --><\/p>\n<div style=\"flex:1 1 280px; min-width:260px;\">\n<div style=\"height:100%; border:1px solid rgba(127&comma;127&comma;127&comma;.25); border-radius:12px; box-shadow:0 1px 6px rgba(0&comma;0&comma;0&comma;.10); overflow:hidden; background:transparent;\">\n<div style=\"padding:10px 12px; font-weight:700; background:transparent; border-bottom:1px solid rgba(127&comma;127&comma;127&comma;.18); color:inherit;\">F&iacute;sicas&comma; energ&iacute;a y red<\/div>\n<ul style=\"margin:0; padding:0; list-style:none; color:inherit;\">\n<li style=\"padding:8px 12px; border-top:1px solid rgba(127&comma;127&comma;127&comma;.15);\"><strong>Dimensiones<\/strong>: &Oslash;117.2 &times; 116.5 mm (&Oslash;4.61 &times; 4.59&quot;)<\/li>\n<li style=\"padding:8px 12px; border-top:1px solid rgba(127&comma;127&comma;127&comma;.15);\"><strong>Peso<\/strong>: 1.2 kg (2.6 lb)<\/li>\n<li style=\"padding:8px 12px; border-top:1px solid rgba(127&comma;127&comma;127&comma;.15);\"><strong>Material del gabinete<\/strong>: aleaci&oacute;n de aluminio&comma; policarbonato<\/li>\n<li style=\"padding:8px 12px; border-top:1px solid rgba(127&comma;127&comma;127&comma;.15);\"><strong>Interfaz de red<\/strong>: puerto GbE RJ45<\/li>\n<li style=\"padding:8px 12px; border-top:1px solid rgba(127&comma;127&comma;127&comma;.15);\"><strong>M&eacute;todo de alimentaci&oacute;n<\/strong>: PoE+<\/li>\n<li style=\"padding:8px 12px; border-top:1px solid rgba(127&comma;127&comma;127&comma;.15);\"><strong>Rango de voltaje soportado<\/strong>: 42.5&ndash;57 V DC<\/li>\n<li style=\"padding:8px 12px; border-top:1px solid rgba(127&comma;127&comma;127&comma;.15);\"><strong>Consumo m&aacute;ximo<\/strong>: 15 W<\/li>\n<\/ul>\n<\/div>\n<\/div>\n<p><!-- Card: Protecci\u00f3n&comma; montaje y cumplimiento --><\/p>\n<div style=\"flex:1 1 280px; min-width:260px;\">\n<div style=\"height:100%; border:1px solid rgba(127&comma;127&comma;127&comma;.25); border-radius:12px; box-shadow:0 1px 6px rgba(0&comma;0&comma;0&comma;.10); overflow:hidden; background:transparent;\">\n<div style=\"padding:10px 12px; font-weight:700; background:transparent; border-bottom:1px solid rgba(127&comma;127&comma;127&comma;.18); color:inherit;\">Protecci&oacute;n y cumplimiento<\/div>\n<ul style=\"margin:0; padding:0; list-style:none; color:inherit;\">\n<li style=\"padding:8px 12px; border-top:1px solid rgba(127&comma;127&comma;127&comma;.15);\"><strong>Protecci&oacute;n<\/strong>: IP66<\/li>\n<li style=\"padding:8px 12px; border-top:1px solid rgba(127&comma;127&comma;127&comma;.15);\"><strong>Resistencia a vandalismo<\/strong>: IK04<\/li>\n<li style=\"padding:8px 12px; border-top:1px solid rgba(127&comma;127&comma;127&comma;.15);\"><strong>Montaje<\/strong>: techo \/ pared (incluido); brazo&comma; colgante y caja de conexiones (opcionales)<\/li>\n<li style=\"padding:8px 12px; border-top:1px solid rgba(127&comma;127&comma;127&comma;.15);\"><strong>Temperatura de operaci&oacute;n<\/strong>: -30 a 50 &deg;C (-22 a 122 &deg;F)<\/li>\n<li style=\"padding:8px 12px; border-top:1px solid rgba(127&comma;127&comma;127&comma;.15);\"><strong>Humedad de operaci&oacute;n<\/strong>: 0&ndash;90% sin condensaci&oacute;n<\/li>\n<li style=\"padding:8px 12px; border-top:1px solid rgba(127&comma;127&comma;127&comma;.15);\"><strong>Cumplimiento NDAA<\/strong>: \u2713<\/li>\n<li style=\"padding:8px 12px; border-top:1px solid rgba(127&comma;127&comma;127&comma;.15);\"><strong>Certificaciones<\/strong>: CE&comma; FCC&comma; IC<\/li>\n<\/ul>\n<\/div>\n<\/div>\n<\/div>\n<p><!-- Galer\u00eda inferior centrada --><\/p>\n<div style=\" border:1px solid rgba(127&comma;127&comma;127&comma;.25); border-radius:12px; padding:16px; box-shadow:0 1px 6px rgba(0&comma;0&comma;0&comma;.10); margin-top:16px; text-align:center; background:transparent;\">\n<h3 style=\"margin:0 0 16px; font-size:1.25rem; font-weight:600; color:inherit;\">Vista del producto<\/h3>\n<div style=\"display:flex; flex-wrap:wrap; gap:16px; justify-content:center; align-items:center;\"><img decoding=\"async\" src=\"https:\/\/ftp3.syscom.mx\/usuarios\/adiaz\/Ubiquiti\/Imagenes\/UVCG6PROTURRET\/vista1w.png\" alt=\"UVC-G6-Pro-Turret vista 1\" class=\"fr-fic fr-dib\" style=\"max-width:480px; width:100%; height:auto; border:1px solid rgba(127&comma;127&comma;127&comma;.25); border-radius:12px; display:block; background:transparent;\">&nbsp;<img decoding=\"async\" src=\"https:\/\/ftp3.syscom.mx\/usuarios\/adiaz\/Ubiquiti\/Imagenes\/UVCG6PROTURRET\/vista2w.png\" alt=\"UVC-G6-Pro-Turret vista 2\" class=\"fr-fic fr-dib\" style=\"max-width:480px; width:100%; height:auto; border:1px solid rgba(127&comma;127&comma;127&comma;.25); border-radius:12px; display:block; background:transparent;\"><\/div>\n<\/div>\n<p><!-- Contenido del paquete --><\/p>\n<div style=\" border:1px solid rgba(127&comma;127&comma;127&comma;.25); border-radius:12px; padding:16px; box-shadow:0 1px 6px rgba(0&comma;0&comma;0&comma;.10); margin-top:16px; text-align:center; background:transparent;\">\n<h3 style=\"margin:0 0 12px; font-size:1.25rem; font-weight:600; color:inherit;\">Contenido del Paquete<\/h3>\n<p><img decoding=\"async\" src=\"https:\/\/ftp3.syscom.mx\/usuarios\/adiaz\/Ubiquiti\/Imagenes\/UVCG6PROTURRET\/contenidow.png\" alt=\"Contenido del paquete UVC-G6-Pro-Turret\" class=\"fr-fic fr-dib\" style=\"max-width:100%; height:auto; border:1px solid rgba(127&comma;127&comma;127&comma;.25); border-radius:12px; background:transparent;\"><\/div>\n<\/div>\n<p><!-- \/UVC-G6-Pro-Turret --><\/p>\n","protected":false},"excerpt":{"rendered":"<p>UniFi Protect G6 Pro Turret \u2013 C\u00e1mara 4K PoE+ Antimanipulaci\u00f3n y Todo Clima con Motor de IA Multi-TOPS, Zoom \u00d3ptico 2.36\u00d7 y Sensor CMOS 1\/1.2<\/p>\n","protected":false},"featured_media":102816,"comment_status":"open","ping_status":"closed","template":"","meta":[],"product_brand":[],"product_cat":[2056],"product_tag":[122,2057,166],"class_list":{"0":"post-102817","1":"product","2":"type-product","3":"status-publish","4":"has-post-thumbnail","6":"product_cat-domo-eyeball-turret","7":"product_tag-camaras-ip-y-nvrs","8":"product_tag-domo-eyeball-turret","9":"product_tag-ubiquiti","11":"first","12":"outofstock","13":"sale","14":"shipping-taxable","15":"purchasable","16":"product-type-simple"},"_links":{"self":[{"href":"https:\/\/soydeaqui.ddns.net\/pachuca\/index.php\/wp-json\/wp\/v2\/product\/102817","targetHints":{"allow":["GET"]}}],"collection":[{"href":"https:\/\/soydeaqui.ddns.net\/pachuca\/index.php\/wp-json\/wp\/v2\/product"}],"about":[{"href":"https:\/\/soydeaqui.ddns.net\/pachuca\/index.php\/wp-json\/wp\/v2\/types\/product"}],"replies":[{"embeddable":true,"href":"https:\/\/soydeaqui.ddns.net\/pachuca\/index.php\/wp-json\/wp\/v2\/comments?post=102817"}],"wp:featuredmedia":[{"embeddable":true,"href":"https:\/\/soydeaqui.ddns.net\/pachuca\/index.php\/wp-json\/wp\/v2\/media\/102816"}],"wp:attachment":[{"href":"https:\/\/soydeaqui.ddns.net\/pachuca\/index.php\/wp-json\/wp\/v2\/media?parent=102817"}],"wp:term":[{"taxonomy":"product_brand","embeddable":true,"href":"https:\/\/soydeaqui.ddns.net\/pachuca\/index.php\/wp-json\/wp\/v2\/product_brand?post=102817"},{"taxonomy":"product_cat","embeddable":true,"href":"https:\/\/soydeaqui.ddns.net\/pachuca\/index.php\/wp-json\/wp\/v2\/product_cat?post=102817"},{"taxonomy":"product_tag","embeddable":true,"href":"https:\/\/soydeaqui.ddns.net\/pachuca\/index.php\/wp-json\/wp\/v2\/product_tag?post=102817"}],"curies":[{"name":"wp","href":"https:\/\/api.w.org\/{rel}","templated":true}]}}