{"id":102794,"date":"2026-03-20T13:10:46","date_gmt":"2026-03-20T13:10:46","guid":{"rendered":"https:\/\/soydeaqui.ddns.net\/pachuca\/index.php\/producto\/arnes-de-dispositivos-externos-moviles-ae-md5043-sd\/"},"modified":"2026-03-20T13:10:48","modified_gmt":"2026-03-20T13:10:48","slug":"arnes-de-dispositivos-externos-moviles-ae-md5043-sd","status":"publish","type":"product","link":"https:\/\/soydeaqui.ddns.net\/pachuca\/index.php\/producto\/arnes-de-dispositivos-externos-moviles-ae-md5043-sd\/","title":{"rendered":"Arn\u00e9s de Dispositivos Externos M\u00f3viles AE-MD5043-SD"},"content":{"rendered":"<div style=\"width: 100%; max-width: 1200px; margin: 0 auto; font-family: sans-serif; line-height: 1.6; color: inherit; background-color: transparent;\">\n<p style=\"text-align: center; margin: 0 0 15px 0;\"><img decoding=\"async\" style=\"width: 100%; max-width: 450px; height: auto; border: 1px solid rgba(150&comma; 150&comma; 150&comma; 0.3); border-radius: 8px;\" src=\"http:\/\/ftp3.syscom.mx\/usuarios\/jdelafuente\/HIKVISION\/hikvision%20logo%20complete.png\" alt=\"Logo Hikvision\" class=\"fr-fic fr-dii\"><\/p>\n<div style=\"display: flex; flex-wrap: wrap; gap: 20px; margin: 30px 0;\">\n<div style=\"flex: 1 1 300px; min-width: 280px;\">\n<div style=\"border-left: 5px solid #ff0000; border-radius: 5px; padding: 15px; box-shadow: 2px 2px 10px rgba(216&comma;216&comma;216&comma;0.3);\">\n<h3 style=\"font-size: 20px; margin-top: 0; margin-bottom: 15px; color: inherit; opacity: 0.85;\"><strong>Caracter&iacute;sticas principales:<\/strong><\/h3>\n<ul style=\"padding-left: 20px; font-size: 15px; color: inherit; list-style-type: disc;\">\n<li style=\"margin-bottom: 8px;\">Arn&eacute;s para dispositivos externos.<\/li>\n<li style=\"margin-bottom: 8px;\">Compatible con serie AEMD5043SD \/ AE-MD5043(1T\/SSD) .<\/li>\n<\/ul>\n<\/div>\n<\/div>\n<div style=\"flex: 1 1 300px; min-width: 280px;\">\n<div style=\"border-left: 5px solid #ff0000; border-radius: 5px; padding: 15px; box-shadow: 2px 2px 10px rgba(216&comma;216&comma;216&comma;0.3);\">\n<h3 style=\"font-size: 20px; margin-top: 0; margin-bottom: 15px; color: inherit; opacity: 0.85;\"><strong>Caracter&iacute;sticas F&iacute;sicas y El&eacute;ctricas:<\/strong><\/h3>\n<ul style=\"padding-left: 20px; font-size: 15px; color: inherit; list-style-type: disc;\">\n<li style=\"margin-bottom: 8px;\">Dimensiones: 45 x 96.5 x 25.5 mm<\/li>\n<li style=\"margin-bottom: 8px;\">Peso: 64 gramos<\/li>\n<\/ul>\n<\/div>\n<\/div>\n<\/div>\n<p style=\"margin: 30px 0 0 0;\"><img decoding=\"async\" style=\"width: 100%; height: auto; border: 1px solid rgba(150&comma; 150&comma; 150&comma; 0.3); border-radius: 8px;\" src=\"http:\/\/ftp3.syscom.mx\/usuarios\/jdelafuente\/HIKVISION\/hikvision-solution%20banner.jpg\" alt=\"Banner Hikvision\" class=\"fr-fic fr-dii\"><\/p>\n<\/div>\n","protected":false},"excerpt":{"rendered":"<p>Arn\u00e9s de Dispositivos Externos M\u00f3viles AE-MD5043-SD<\/p>\n","protected":false},"featured_media":102793,"comment_status":"open","ping_status":"closed","template":"","meta":[],"product_brand":[],"product_cat":[1408,1406],"product_tag":[93,1409,54,1345],"class_list":{"0":"post-102794","1":"product","2":"type-product","3":"status-publish","4":"has-post-thumbnail","6":"product_cat-accesorios-dash-cams-y-body-cams","7":"product_cat-videograbadoras-moviles-videovigilancia","8":"product_tag-accesorios","9":"product_tag-dash-cams-y-body-cams","10":"product_tag-hikvision","11":"product_tag-videograbadoras-moviles","13":"first","14":"outofstock","15":"sale","16":"shipping-taxable","17":"purchasable","18":"product-type-simple"},"yoast_head":"<!-- This site is optimized with the Yoast SEO plugin v27.4 - https:\/\/yoast.com\/product\/yoast-seo-wordpress\/ -->\r\n<title>Arn\u00e9s de Dispositivos Externos M\u00f3viles AE-MD5043-SD - Instalaci\u00f3n de C\u00e1maras de Seguridad en Pachuca<\/title>\r\n<meta name=\"robots\" content=\"index, follow, max-snippet:-1, max-image-preview:large, max-video-preview:-1\" \/>\r\n<link rel=\"canonical\" href=\"https:\/\/soydeaqui.ddns.net\/pachuca\/index.php\/producto\/arnes-de-dispositivos-externos-moviles-ae-md5043-sd\/\" \/>\r\n<meta property=\"og:locale\" content=\"es_MX\" \/>\r\n<meta property=\"og:type\" content=\"article\" \/>\r\n<meta property=\"og:title\" content=\"Arn\u00e9s de Dispositivos Externos M\u00f3viles AE-MD5043-SD - Instalaci\u00f3n de C\u00e1maras de Seguridad en Pachuca\" \/>\r\n<meta property=\"og:description\" content=\"Arn\u00e9s de Dispositivos Externos M\u00f3viles AE-MD5043-SD\" \/>\r\n<meta property=\"og:url\" content=\"https:\/\/soydeaqui.ddns.net\/pachuca\/index.php\/producto\/arnes-de-dispositivos-externos-moviles-ae-md5043-sd\/\" \/>\r\n<meta property=\"og:site_name\" content=\"Instalaci\u00f3n de C\u00e1maras de Seguridad en Pachuca\" \/>\r\n<meta property=\"article:modified_time\" content=\"2026-03-20T13:10:48+00:00\" \/>\r\n<meta property=\"og:image\" content=\"https:\/\/soydeaqui.ddns.net\/pachuca\/wp-content\/uploads\/2026\/03\/portada_0S1000-4651.png\" \/>\r\n\t<meta property=\"og:image:width\" content=\"1024\" \/>\r\n\t<meta property=\"og:image:height\" content=\"1024\" \/>\r\n\t<meta property=\"og:image:type\" content=\"image\/png\" \/>\r\n<meta name=\"twitter:card\" content=\"summary_large_image\" \/>\r\n<script type=\"application\/ld+json\" class=\"yoast-schema-graph\">{\"@context\":\"https:\\\/\\\/schema.org\",\"@graph\":[{\"@type\":\"WebPage\",\"@id\":\"https:\\\/\\\/soydeaqui.ddns.net\\\/pachuca\\\/index.php\\\/producto\\\/arnes-de-dispositivos-externos-moviles-ae-md5043-sd\\\/\",\"url\":\"https:\\\/\\\/soydeaqui.ddns.net\\\/pachuca\\\/index.php\\\/producto\\\/arnes-de-dispositivos-externos-moviles-ae-md5043-sd\\\/\",\"name\":\"Arn\u00e9s de Dispositivos Externos M\u00f3viles AE-MD5043-SD - Instalaci\u00f3n de C\u00e1maras de Seguridad en Pachuca\",\"isPartOf\":{\"@id\":\"https:\\\/\\\/soydeaqui.ddns.net\\\/pachuca\\\/#website\"},\"primaryImageOfPage\":{\"@id\":\"https:\\\/\\\/soydeaqui.ddns.net\\\/pachuca\\\/index.php\\\/producto\\\/arnes-de-dispositivos-externos-moviles-ae-md5043-sd\\\/#primaryimage\"},\"image\":{\"@id\":\"https:\\\/\\\/soydeaqui.ddns.net\\\/pachuca\\\/index.php\\\/producto\\\/arnes-de-dispositivos-externos-moviles-ae-md5043-sd\\\/#primaryimage\"},\"thumbnailUrl\":\"https:\\\/\\\/soydeaqui.ddns.net\\\/pachuca\\\/wp-content\\\/uploads\\\/2026\\\/03\\\/portada_0S1000-4651.png\",\"datePublished\":\"2026-03-20T13:10:46+00:00\",\"dateModified\":\"2026-03-20T13:10:48+00:00\",\"breadcrumb\":{\"@id\":\"https:\\\/\\\/soydeaqui.ddns.net\\\/pachuca\\\/index.php\\\/producto\\\/arnes-de-dispositivos-externos-moviles-ae-md5043-sd\\\/#breadcrumb\"},\"inLanguage\":\"es\",\"potentialAction\":[{\"@type\":\"ReadAction\",\"target\":[\"https:\\\/\\\/soydeaqui.ddns.net\\\/pachuca\\\/index.php\\\/producto\\\/arnes-de-dispositivos-externos-moviles-ae-md5043-sd\\\/\"]}]},{\"@type\":\"ImageObject\",\"inLanguage\":\"es\",\"@id\":\"https:\\\/\\\/soydeaqui.ddns.net\\\/pachuca\\\/index.php\\\/producto\\\/arnes-de-dispositivos-externos-moviles-ae-md5043-sd\\\/#primaryimage\",\"url\":\"https:\\\/\\\/soydeaqui.ddns.net\\\/pachuca\\\/wp-content\\\/uploads\\\/2026\\\/03\\\/portada_0S1000-4651.png\",\"contentUrl\":\"https:\\\/\\\/soydeaqui.ddns.net\\\/pachuca\\\/wp-content\\\/uploads\\\/2026\\\/03\\\/portada_0S1000-4651.png\",\"width\":1024,\"height\":1024},{\"@type\":\"BreadcrumbList\",\"@id\":\"https:\\\/\\\/soydeaqui.ddns.net\\\/pachuca\\\/index.php\\\/producto\\\/arnes-de-dispositivos-externos-moviles-ae-md5043-sd\\\/#breadcrumb\",\"itemListElement\":[{\"@type\":\"ListItem\",\"position\":1,\"name\":\"Inicio\",\"item\":\"https:\\\/\\\/soydeaqui.ddns.net\\\/pachuca\\\/\"},{\"@type\":\"ListItem\",\"position\":2,\"name\":\"Shop\",\"item\":\"https:\\\/\\\/soydeaqui.ddns.net\\\/pachuca\\\/index.php\\\/shop\\\/\"},{\"@type\":\"ListItem\",\"position\":3,\"name\":\"Arn\u00e9s de Dispositivos Externos M\u00f3viles AE-MD5043-SD\"}]},{\"@type\":\"WebSite\",\"@id\":\"https:\\\/\\\/soydeaqui.ddns.net\\\/pachuca\\\/#website\",\"url\":\"https:\\\/\\\/soydeaqui.ddns.net\\\/pachuca\\\/\",\"name\":\"Instalaci\u00f3n de C\u00e1maras de Seguridad en Pachuca\",\"description\":\"Instalaci\u00f3n de CCTV en Pachuca\",\"potentialAction\":[{\"@type\":\"SearchAction\",\"target\":{\"@type\":\"EntryPoint\",\"urlTemplate\":\"https:\\\/\\\/soydeaqui.ddns.net\\\/pachuca\\\/?s={search_term_string}\"},\"query-input\":{\"@type\":\"PropertyValueSpecification\",\"valueRequired\":true,\"valueName\":\"search_term_string\"}}],\"inLanguage\":\"es\"}]}<\/script>\r\n<!-- \/ Yoast SEO plugin. -->","yoast_head_json":{"title":"Arn\u00e9s de Dispositivos Externos M\u00f3viles AE-MD5043-SD - Instalaci\u00f3n de C\u00e1maras de Seguridad en Pachuca","robots":{"index":"index","follow":"follow","max-snippet":"max-snippet:-1","max-image-preview":"max-image-preview:large","max-video-preview":"max-video-preview:-1"},"canonical":"https:\/\/soydeaqui.ddns.net\/pachuca\/index.php\/producto\/arnes-de-dispositivos-externos-moviles-ae-md5043-sd\/","og_locale":"es_MX","og_type":"article","og_title":"Arn\u00e9s de Dispositivos Externos M\u00f3viles AE-MD5043-SD - Instalaci\u00f3n de C\u00e1maras de Seguridad en Pachuca","og_description":"Arn\u00e9s de Dispositivos Externos M\u00f3viles AE-MD5043-SD","og_url":"https:\/\/soydeaqui.ddns.net\/pachuca\/index.php\/producto\/arnes-de-dispositivos-externos-moviles-ae-md5043-sd\/","og_site_name":"Instalaci\u00f3n de C\u00e1maras de Seguridad en Pachuca","article_modified_time":"2026-03-20T13:10:48+00:00","og_image":[{"width":1024,"height":1024,"url":"https:\/\/soydeaqui.ddns.net\/pachuca\/wp-content\/uploads\/2026\/03\/portada_0S1000-4651.png","type":"image\/png"}],"twitter_card":"summary_large_image","schema":{"@context":"https:\/\/schema.org","@graph":[{"@type":"WebPage","@id":"https:\/\/soydeaqui.ddns.net\/pachuca\/index.php\/producto\/arnes-de-dispositivos-externos-moviles-ae-md5043-sd\/","url":"https:\/\/soydeaqui.ddns.net\/pachuca\/index.php\/producto\/arnes-de-dispositivos-externos-moviles-ae-md5043-sd\/","name":"Arn\u00e9s de Dispositivos Externos M\u00f3viles AE-MD5043-SD - Instalaci\u00f3n de C\u00e1maras de Seguridad en Pachuca","isPartOf":{"@id":"https:\/\/soydeaqui.ddns.net\/pachuca\/#website"},"primaryImageOfPage":{"@id":"https:\/\/soydeaqui.ddns.net\/pachuca\/index.php\/producto\/arnes-de-dispositivos-externos-moviles-ae-md5043-sd\/#primaryimage"},"image":{"@id":"https:\/\/soydeaqui.ddns.net\/pachuca\/index.php\/producto\/arnes-de-dispositivos-externos-moviles-ae-md5043-sd\/#primaryimage"},"thumbnailUrl":"https:\/\/soydeaqui.ddns.net\/pachuca\/wp-content\/uploads\/2026\/03\/portada_0S1000-4651.png","datePublished":"2026-03-20T13:10:46+00:00","dateModified":"2026-03-20T13:10:48+00:00","breadcrumb":{"@id":"https:\/\/soydeaqui.ddns.net\/pachuca\/index.php\/producto\/arnes-de-dispositivos-externos-moviles-ae-md5043-sd\/#breadcrumb"},"inLanguage":"es","potentialAction":[{"@type":"ReadAction","target":["https:\/\/soydeaqui.ddns.net\/pachuca\/index.php\/producto\/arnes-de-dispositivos-externos-moviles-ae-md5043-sd\/"]}]},{"@type":"ImageObject","inLanguage":"es","@id":"https:\/\/soydeaqui.ddns.net\/pachuca\/index.php\/producto\/arnes-de-dispositivos-externos-moviles-ae-md5043-sd\/#primaryimage","url":"https:\/\/soydeaqui.ddns.net\/pachuca\/wp-content\/uploads\/2026\/03\/portada_0S1000-4651.png","contentUrl":"https:\/\/soydeaqui.ddns.net\/pachuca\/wp-content\/uploads\/2026\/03\/portada_0S1000-4651.png","width":1024,"height":1024},{"@type":"BreadcrumbList","@id":"https:\/\/soydeaqui.ddns.net\/pachuca\/index.php\/producto\/arnes-de-dispositivos-externos-moviles-ae-md5043-sd\/#breadcrumb","itemListElement":[{"@type":"ListItem","position":1,"name":"Inicio","item":"https:\/\/soydeaqui.ddns.net\/pachuca\/"},{"@type":"ListItem","position":2,"name":"Shop","item":"https:\/\/soydeaqui.ddns.net\/pachuca\/index.php\/shop\/"},{"@type":"ListItem","position":3,"name":"Arn\u00e9s de Dispositivos Externos M\u00f3viles AE-MD5043-SD"}]},{"@type":"WebSite","@id":"https:\/\/soydeaqui.ddns.net\/pachuca\/#website","url":"https:\/\/soydeaqui.ddns.net\/pachuca\/","name":"Instalaci\u00f3n de C\u00e1maras de Seguridad en Pachuca","description":"Instalaci\u00f3n de CCTV en Pachuca","potentialAction":[{"@type":"SearchAction","target":{"@type":"EntryPoint","urlTemplate":"https:\/\/soydeaqui.ddns.net\/pachuca\/?s={search_term_string}"},"query-input":{"@type":"PropertyValueSpecification","valueRequired":true,"valueName":"search_term_string"}}],"inLanguage":"es"}]}},"_links":{"self":[{"href":"https:\/\/soydeaqui.ddns.net\/pachuca\/index.php\/wp-json\/wp\/v2\/product\/102794","targetHints":{"allow":["GET"]}}],"collection":[{"href":"https:\/\/soydeaqui.ddns.net\/pachuca\/index.php\/wp-json\/wp\/v2\/product"}],"about":[{"href":"https:\/\/soydeaqui.ddns.net\/pachuca\/index.php\/wp-json\/wp\/v2\/types\/product"}],"replies":[{"embeddable":true,"href":"https:\/\/soydeaqui.ddns.net\/pachuca\/index.php\/wp-json\/wp\/v2\/comments?post=102794"}],"wp:featuredmedia":[{"embeddable":true,"href":"https:\/\/soydeaqui.ddns.net\/pachuca\/index.php\/wp-json\/wp\/v2\/media\/102793"}],"wp:attachment":[{"href":"https:\/\/soydeaqui.ddns.net\/pachuca\/index.php\/wp-json\/wp\/v2\/media?parent=102794"}],"wp:term":[{"taxonomy":"product_brand","embeddable":true,"href":"https:\/\/soydeaqui.ddns.net\/pachuca\/index.php\/wp-json\/wp\/v2\/product_brand?post=102794"},{"taxonomy":"product_cat","embeddable":true,"href":"https:\/\/soydeaqui.ddns.net\/pachuca\/index.php\/wp-json\/wp\/v2\/product_cat?post=102794"},{"taxonomy":"product_tag","embeddable":true,"href":"https:\/\/soydeaqui.ddns.net\/pachuca\/index.php\/wp-json\/wp\/v2\/product_tag?post=102794"}],"curies":[{"name":"wp","href":"https:\/\/api.w.org\/{rel}","templated":true}]}}