{"id":10274,"date":"2026-03-18T07:33:40","date_gmt":"2026-03-18T07:33:40","guid":{"rendered":"https:\/\/soydeaqui.ddns.net\/pachuca\/index.php\/producto\/jack-z-max-cat6a-blindado-montaje-hbrido-en-placa-de-pared-plano-y-angulado-color-negro\/"},"modified":"2026-03-18T07:33:45","modified_gmt":"2026-03-18T07:33:45","slug":"jack-z-max-cat6a-blindado-montaje-hbrido-en-placa-de-pared-plano-y-angulado-color-negro","status":"publish","type":"product","link":"https:\/\/soydeaqui.ddns.net\/pachuca\/index.php\/producto\/jack-z-max-cat6a-blindado-montaje-hbrido-en-placa-de-pared-plano-y-angulado-color-negro\/","title":{"rendered":"Jack Z-MAX Cat6A, Blindado, Montaje H?brido en Placa de Pared (Plano y Angulado), Color Negro"},"content":{"rendered":"<div style='width: 100%; max-width: 1200px; margin: 0 auto; font-family: sans-serif; line-height: 1.6; color: inherit; background-color: transparent;'> <!-- Secci\u00f3n de descripci\u00f3n --> <\/p>\n<div style='margin-bottom: 30px;'>\n<p style='margin: 0 0 15px 0; color: inherit;'>La soluci\u00f3n punta a punta blindada Z-MAX 6A de Siemon combina el mejor (y consistente) desempe\u00f1o en su clase&comma; utilidad sin igual&comma; rapidez en terminaci\u00f3n y seguridad e inmunidad al ruido. Representa la vanguardia del cableado categor\u00eda 6A.<\/p>\n<p style='margin: 0 0 15px 0; color: inherit;'>El sistema blindado Z-MAX 6A ofrece los m\u00e1rgenes m\u00e1s altos en todos los requisitos de desempe\u00f1o de la TIA e ISO para categor\u00eda 6A\/clase EA&comma; incluyendo par\u00e1metros cr\u00edticos de alien crosstalk<\/p>\n<p style='margin: 0 0 15px 0; color: inherit;'>El canal Z-MAX 6A de Siemon consiste en el outlet blindado Z-MAX 6A&comma; cable Siemon categor\u00eda 6A F\/UTP y paneles de parcheo Z-MAX&comma; as\u00ed como opciones de cordones blindados multifilares o s\u00f3lidos<\/p>\n<\/p><\/div>\n<p> <!-- Secci\u00f3n de beneficios --> <\/p>\n<div style='margin-bottom: 30px;'>\n<h3 style='font-size: 22px; border-bottom: 2px solid currentColor; padding-bottom: 5px; margin-top: 0; margin-bottom: 15px; color: inherit; opacity: 0.8;'>Beneficios<\/h3>\n<ul style='padding-left: 20px; font-size: 15px; color: inherit;'>\n<li style='margin-bottom: 5px;'>Los conectores h\u00edbridos en el \u00e1rea de trabajo pueden ser montados con orientaci\u00f3n plana o angulada<\/li>\n<li style='margin-bottom: 5px;'>El tiempo m\u00e1s r\u00e1pido de terminaci\u00f3n en la industria acelera la conclusi\u00f3n del proyecto<\/li>\n<li style='margin-bottom: 5px;'>El proceso de terminaci\u00f3n guiado por la herramienta mejora la calidad del sistema y la confiabilidad<\/li>\n<li style='margin-bottom: 5px;'>Los conectores terminados en campo o los cables trunk pre-terminados pueden ser insertados y liberados r\u00e1pidamente en los Paneles de Parcheo&comma; permitiendo un r\u00e1pido tendido y cambios<\/li>\n<li style='margin-bottom: 5px;'>El panel de alta densidad de 48 puertos y 1U ofrece la flexibilidad para trabajar dentro de un espacio limitado&comma; ahorrando espacio valioso en el Rack y el gabinete<\/li>\n<li style='margin-bottom: 5px;'>La conexi\u00f3n integrada Quick-Ground en el blindaje del conector y el panel asegura una conexi\u00f3n a tierra r\u00e1pida y segura<\/li>\n<li style='margin-bottom: 5px;'>La codificaci\u00f3n por color en el conector blindado y en el cord\u00f3n modular ofrece la capacidad de codificar y hacer a la medida el sistema de cableado<\/li>\n<\/ul><\/div>\n<p> <!-- Galer\u00eda de im\u00e1genes --> <\/p>\n<div style='margin-bottom: 30px;'>\n<div style='display: flex; flex-wrap: wrap; gap: 15px; justify-content: center; margin-bottom: 15px;'> <img style='width: 100%; max-width: 200px; height: auto; border: 1px solid rgba(150&comma;150&comma;150&comma;0.3); border-radius: 8px;' src='http:\/\/ftp3.syscom.mx\/usuarios\/fotos\/Z601\/88308-foto1.jpg' alt=''> <img style='width: 100%; max-width: 200px; height: auto; border: 1px solid rgba(150&comma;150&comma;150&comma;0.3); border-radius: 8px;' src='http:\/\/ftp3.syscom.mx\/usuarios\/fotos\/Z601\/88308-foto_2.jpg' alt=''> <img style='width: 100%; max-width: 134px; height: auto; border: 1px solid rgba(150&comma;150&comma;150&comma;0.3); border-radius: 8px;' src='http:\/\/ftp3.syscom.mx\/usuarios\/fotos\/Z601\/88308-foto_3.jpg' alt=''> <\/div>\n<\/p><\/div>\n<p> <!-- Secci\u00f3n de comparaci\u00f3n de jacks --> <\/p>\n<div style='margin-bottom: 30px;'>\n<p style='margin: 0 0 15px 0; color: inherit;'><strong>Otros Jack&#8217;s:<\/strong><\/p>\n<p> <img style='width: 100%; max-width: 500px; height: auto; border: 1px solid rgba(150&comma;150&comma;150&comma;0.3); border-radius: 8px; margin-bottom: 15px;' src='https:\/\/ftp3.syscom.mx\/usuarios\/fotos\/Z601\/135728-non-siemon-jack.jpg' alt=''> <\/p>\n<p style='margin: 0 0 15px 0; color: inherit;'><strong>Jack&#8217;s SIEMON:<\/strong><\/p>\n<p> <img style='width: 100%; max-width: 500px; height: auto; border: 1px solid rgba(150&comma;150&comma;150&comma;0.3); border-radius: 8px; margin-bottom: 15px;' src='https:\/\/ftp3.syscom.mx\/usuarios\/fotos\/Z601\/135728-siemon-jack.jpg' alt=''> <img style='width: 100%; max-width: 331px; height: auto; border: 1px solid rgba(150&comma;150&comma;150&comma;0.3); border-radius: 8px; margin-bottom: 15px;' src='https:\/\/ftp3.syscom.mx\/usuarios\/fotos\/Z601\/135728-kingofpoe-animated-whitebackground.gif' alt=''> <\/div>\n<p> <!-- Video de terminaci\u00f3n --> <\/p>\n<div style='margin-bottom: 30px;'>\n<div style='position: relative; padding-bottom: 56.25%; height: 0; overflow: hidden; margin-bottom: 30px;'>   <\/div>\n<\/p><\/div>\n<p> <!-- Secci\u00f3n de caracter\u00edstica t\u00e9cnica --> <\/p>\n<div style='margin-bottom: 30px;'>\n<ul style='padding-left: 20px; font-size: 15px; color: inherit;'>\n<li style='margin-bottom: 5px;'>Los Jack&#8217;s Z-MAX de SIEMON mejoran el rendimiento el\u00e9ctrico y mec\u00e1nico&comma; patentando una forma de contacto curvada o &#8216;Coronada&#8217;<\/li>\n<\/ul><\/div>\n<\/p><\/div>\n","protected":false},"excerpt":{"rendered":"<p>Jack Z-MAX Cat6A, Blindado, Montaje H?brido en Placa de Pared (Plano y Angulado), Color Negro<\/p>\n","protected":false},"featured_media":10273,"comment_status":"open","ping_status":"closed","template":"","meta":[],"product_brand":[],"product_cat":[595],"product_tag":[586,596,600],"class_list":{"0":"post-10274","1":"product","2":"type-product","3":"status-publish","4":"has-post-thumbnail","6":"product_cat-jacks-plugs","7":"product_tag-cableado-de-cobre","8":"product_tag-jacks-plugs","9":"product_tag-siemon","11":"first","12":"instock","13":"sale","14":"shipping-taxable","15":"purchasable","16":"product-type-simple"},"_links":{"self":[{"href":"https:\/\/soydeaqui.ddns.net\/pachuca\/index.php\/wp-json\/wp\/v2\/product\/10274","targetHints":{"allow":["GET"]}}],"collection":[{"href":"https:\/\/soydeaqui.ddns.net\/pachuca\/index.php\/wp-json\/wp\/v2\/product"}],"about":[{"href":"https:\/\/soydeaqui.ddns.net\/pachuca\/index.php\/wp-json\/wp\/v2\/types\/product"}],"replies":[{"embeddable":true,"href":"https:\/\/soydeaqui.ddns.net\/pachuca\/index.php\/wp-json\/wp\/v2\/comments?post=10274"}],"wp:featuredmedia":[{"embeddable":true,"href":"https:\/\/soydeaqui.ddns.net\/pachuca\/index.php\/wp-json\/wp\/v2\/media\/10273"}],"wp:attachment":[{"href":"https:\/\/soydeaqui.ddns.net\/pachuca\/index.php\/wp-json\/wp\/v2\/media?parent=10274"}],"wp:term":[{"taxonomy":"product_brand","embeddable":true,"href":"https:\/\/soydeaqui.ddns.net\/pachuca\/index.php\/wp-json\/wp\/v2\/product_brand?post=10274"},{"taxonomy":"product_cat","embeddable":true,"href":"https:\/\/soydeaqui.ddns.net\/pachuca\/index.php\/wp-json\/wp\/v2\/product_cat?post=10274"},{"taxonomy":"product_tag","embeddable":true,"href":"https:\/\/soydeaqui.ddns.net\/pachuca\/index.php\/wp-json\/wp\/v2\/product_tag?post=10274"}],"curies":[{"name":"wp","href":"https:\/\/api.w.org\/{rel}","templated":true}]}}