{"id":102737,"date":"2026-03-20T13:07:47","date_gmt":"2026-03-20T13:07:47","guid":{"rendered":"https:\/\/soydeaqui.ddns.net\/pachuca\/index.php\/producto\/unifi-protect-ai-dslr-long-distance-camara-4k-poe-para-interior-exterior-con-sensor-de-alta-sensibilidad-lente-fija-de-larga-distancia-de-45-mm-y-analitica-avanzada-por-ia\/"},"modified":"2026-03-20T13:08:05","modified_gmt":"2026-03-20T13:08:05","slug":"unifi-protect-ai-dslr-long-distance-camara-4k-poe-para-interior-exterior-con-sensor-de-alta-sensibilidad-lente-fija-de-larga-distancia-de-45-mm-y-analitica-avanzada-por-ia","status":"publish","type":"product","link":"https:\/\/soydeaqui.ddns.net\/pachuca\/index.php\/producto\/unifi-protect-ai-dslr-long-distance-camara-4k-poe-para-interior-exterior-con-sensor-de-alta-sensibilidad-lente-fija-de-larga-distancia-de-45-mm-y-analitica-avanzada-por-ia\/","title":{"rendered":"UniFi Protect AI DSLR Long Distance \u2013 C\u00e1mara 4K PoE+ para Interior\/Exterior con Sensor de Alta Sensibilidad, Lente Fija de larga distancia de 45 mm y Anal\u00edtica Avanzada por IA"},"content":{"rendered":"<div style='width: 100%; max-width: 1200px; margin: 0 auto; font-family: sans-serif; line-height: 1.6; color: inherit; background-color: transparent;'> <!-- Hero section --> <\/p>\n<div style='display: flex; flex-wrap: wrap; gap: 30px; align-items: center; border: 1px solid rgba(150&comma;150&comma;150&comma;0.3); border-radius: 12px; padding: 20px; margin-bottom: 30px;'>\n<div style='flex: 1 1 320px; min-width: 280px;'> <!-- Video container --> <\/p>\n<div style='position: relative; padding-bottom: 56.25%; height: 0; overflow: hidden;'> <video style='position: absolute; top: 0; left: 0; width: 100%; height: 100%; border: 1px solid rgba(150&comma;150&comma;150&comma;0.3); border-radius: 8px;' autoplay muted loop playsinline preload='metadata'><source src='https:\/\/ftp3.syscom.mx\/usuarios\/adiaz\/Ubiquiti\/Imagenes\/UVCAIDSLR\/loopld.mp4' type='video\/mp4'><!-- Fallback image --> <img src='https:\/\/ftp3.syscom.mx\/usuarios\/adiaz\/Ubiquiti\/Imagenes\/UVCAIDSLR\/vista1ld.png' alt='Ubiquiti UVC-AI-DSLR-LD' style='width: 100%; height: auto; border: 1px solid rgba(150&comma;150&comma;150&comma;0.3); border-radius: 8px; display: none;'><\/video> <\/div>\n<\/p><\/div>\n<div style='flex: 1 1 360px; min-width: 280px;'>\n<h2 style='font-size: 26px; margin-top: 0; margin-bottom: 10px; color: inherit;'>UniFi AI DSLR Long Distance<\/h2>\n<div style='margin-bottom: 15px; font-weight: 600; color: inherit; opacity: 0.8;'>Modelo: <span style='font-weight: 700; opacity: 1;'>UVC-AI-DSLR-LD<\/span><\/div>\n<p style='margin: 0; color: inherit; font-size: 15px;'>C\u00e1mara AI tipo DSLR con <strong>resoluci\u00f3n 4K (8MP)<\/strong>&comma; <strong>audio bidireccional<\/strong> y <strong>detecciones inteligentes<\/strong> (personas&comma; veh\u00edculos y animales)&comma; adem\u00e1s de <strong>reconocimiento facial<\/strong> y <strong>de matr\u00edculas<\/strong>. Alimentaci\u00f3n <strong>PoE+<\/strong> y opciones de lente intercambiable.<\/p>\n<\/p><\/div>\n<\/p><\/div>\n<p> <!-- Especificaciones section --> <\/p>\n<div style='text-align: center; margin: 40px 0 20px;'> <span style='font-size: 22px; font-weight: 700; color: inherit; border-bottom: 2px solid currentColor; padding-bottom: 5px;'>Especificaciones<\/span> <\/div>\n<p> <!-- Features cards --> <\/p>\n<div style='display: flex; flex-wrap: wrap; gap: 20px; margin-bottom: 30px;'> <!-- Card: Caracter\u00edsticas principales --> <\/p>\n<div style='flex: 1 1 250px; border: 1px solid rgba(150&comma; 150&comma; 150&comma; 0.4); border-radius: 8px; overflow: hidden; display: flex; flex-direction: column;'>\n<div style='padding: 15px; border-bottom: 1px solid rgba(150&comma; 150&comma; 150&comma; 0.2); font-weight: bold; font-size: 18px; color: inherit;'>Caracter\u00edsticas principales<\/div>\n<div style='padding: 15px; color: inherit;'>\n<ul style='padding-left: 20px; margin: 0; font-size: 14px; list-style-type: disc;'>\n<li style='margin-bottom: 5px;'>Resoluci\u00f3n <strong>4K<\/strong> (8MP) hasta <strong>30 FPS<\/strong><\/li>\n<li style='margin-bottom: 5px;'><strong>Detecciones inteligentes<\/strong> (personas&comma; veh\u00edculos&comma; animales): \u2713<\/li>\n<li style='margin-bottom: 5px;'><strong>Reconocimiento facial<\/strong>: \u2713<\/li>\n<li style='margin-bottom: 5px;'><strong>Reconocimiento de matr\u00edculas<\/strong>: \u2713<\/li>\n<li style='margin-bottom: 5px;'>Audio: <strong>bidireccional<\/strong><\/li>\n<li style='margin-bottom: 5px;'>Resistencia a la intemperie: <strong>IPX5<\/strong> (con carcasa exterior)<\/li>\n<li style='margin-bottom: 5px;'>Montaje: <strong>pared \/ poste<\/strong> (incluido); <strong>tr\u00edpode<\/strong> (opcional)<\/li>\n<\/ul><\/div>\n<\/p><\/div>\n<p> <!-- Card: F\u00edsicas y el\u00e9ctricas --> <\/p>\n<div style='flex: 1 1 250px; border: 1px solid rgba(150&comma; 150&comma; 150&comma; 0.4); border-radius: 8px; overflow: hidden; display: flex; flex-direction: column;'>\n<div style='padding: 15px; border-bottom: 1px solid rgba(150&comma; 150&comma; 150&comma; 0.2); font-weight: bold; font-size: 18px; color: inherit;'>Caracter\u00edsticas f\u00edsicas y el\u00e9ctricas<\/div>\n<div style='padding: 15px; color: inherit;'>\n<ul style='padding-left: 20px; margin: 0; font-size: 14px; list-style-type: disc;'>\n<li style='margin-bottom: 5px;'><strong>Dimensiones<\/strong>: sin montaje <strong>\u00d880 x 89 mm<\/strong>; con montaje <strong>\u00d880 x 153 mm<\/strong>; carcasa exterior <strong>\u00d891.6 x 196.3 mm<\/strong><\/li>\n<li style='margin-bottom: 5px;'><strong>Peso<\/strong>: sin montaje <strong>660 g<\/strong>; con montaje <strong>820 g<\/strong>; carcasa exterior <strong>510 g<\/strong><\/li>\n<li style='margin-bottom: 5px;'><strong>Material del gabinete<\/strong>: aleaci\u00f3n de aluminio<\/li>\n<li style='margin-bottom: 5px;'><strong>Material del montaje<\/strong>: aleaci\u00f3n de aluminio (pared y poste)<\/li>\n<li style='margin-bottom: 5px;'><strong>Di\u00e1metro de poste soportado<\/strong>: <strong>38\u201350 mm<\/strong> (1.5\u20132&#8242;)<\/li>\n<li style='margin-bottom: 5px;'><strong>Alimentaci\u00f3n<\/strong>: <strong>PoE+<\/strong> (37\u201357 Vcc)<\/li>\n<li style='margin-bottom: 5px;'><strong>Consumo m\u00e1ximo<\/strong>: <strong>17.77 W<\/strong> (con lente en funcionamiento)<\/li>\n<li style='margin-bottom: 5px;'><strong>Botones<\/strong>: (1) restablecimiento de f\u00e1brica; (1) liberaci\u00f3n de lente<\/li>\n<li style='margin-bottom: 5px;'><strong>Temperatura de operaci\u00f3n<\/strong>: <strong>-20 a 40 \u00b0C<\/strong><\/li>\n<li style='margin-bottom: 5px;'><strong>Humedad de operaci\u00f3n<\/strong>: <strong>10\u201390%<\/strong> sin condensaci\u00f3n<\/li>\n<\/ul><\/div>\n<\/p><\/div>\n<p> <!-- Card: Rendimiento \/ \u00d3ptica --> <\/p>\n<div style='flex: 1 1 250px; border: 1px solid rgba(150&comma; 150&comma; 150&comma; 0.4); border-radius: 8px; overflow: hidden; display: flex; flex-direction: column;'>\n<div style='padding: 15px; border-bottom: 1px solid rgba(150&comma; 150&comma; 150&comma; 0.2); font-weight: bold; font-size: 18px; color: inherit;'>Rendimiento<\/div>\n<div style='padding: 15px; color: inherit;'>\n<ul style='padding-left: 20px; margin: 0; font-size: 14px; list-style-type: disc;'>\n<li style='margin-bottom: 5px;'><strong>Interfaz de red<\/strong>: puerto <strong>GbE RJ45<\/strong><\/li>\n<li style='margin-bottom: 5px;'><strong>Resoluci\u00f3n m\u00e1x.<\/strong>: <strong>8MP 3840 x 2160<\/strong> (16:9)<\/li>\n<li style='margin-bottom: 5px;'><strong>FPS m\u00e1x.<\/strong>: <strong>30<\/strong><\/li>\n<li style='margin-bottom: 5px;'><strong>Campo de visi\u00f3n<\/strong>: lente 45 mm H <strong>21.6\u00b0<\/strong>&comma; V <strong>16.2\u00b0<\/strong>&comma; D <strong>27\u00b0<\/strong><\/li>\n<li style='margin-bottom: 5px;'><strong>Sensor<\/strong>: <strong>4\/3&#8242;<\/strong> <strong>10MP<\/strong> CMOS<\/li>\n<li style='margin-bottom: 5px;'><strong>Lentes compatibles<\/strong>: M. Zuiko Digital ED <strong>17 mm \u0192\/1.2 PRO<\/strong> \/ <strong>45 mm \u0192\/1.2 PRO<\/strong><\/li>\n<li style='margin-bottom: 5px;'><strong>Ajustes de imagen<\/strong>: color&comma; brillo&comma; nitidez&comma; contraste&comma; balance de blancos&comma; control de exposici\u00f3n&comma; 2DNR\/3DNR\/NR por movimiento&comma; enmascaramiento&comma; overlay de texto<\/li>\n<li style='margin-bottom: 5px;'><strong>Procesador<\/strong>: chip basado en <strong>Quad-core Arm\u00ae Cortex\u00ae-A53<\/strong><\/li>\n<\/ul><\/div>\n<\/p><\/div>\n<\/p><\/div>\n<p> <!-- Galer\u00eda --> <\/p>\n<div style='border: 1px solid rgba(150&comma;150&comma;150&comma;0.3); border-radius: 8px; padding: 20px; margin: 30px 0;'>\n<h3 style='font-size: 20px; font-weight: 600; margin: 0 0 20px 0; color: inherit; text-align: center;'>Vista del producto<\/h3>\n<div style='display: flex; flex-wrap: wrap; gap: 20px; justify-content: center;'> <img style='width: 100%; max-width: 480px; height: auto; border: 1px solid rgba(150&comma;150&comma;150&comma;0.3); border-radius: 8px;' src='https:\/\/ftp3.syscom.mx\/usuarios\/adiaz\/Ubiquiti\/Imagenes\/UVCAIDSLR\/vista2ld.png' alt='UVC-AI-DSLR-LD vista 1'> <img style='width: 100%; max-width: 480px; height: auto; border: 1px solid rgba(150&comma;150&comma;150&comma;0.3); border-radius: 8px;' src='https:\/\/ftp3.syscom.mx\/usuarios\/adiaz\/Ubiquiti\/Imagenes\/UVCAIDSLR\/vista1ld.png' alt='UVC-AI-DSLR vista 2'> <\/div>\n<\/p><\/div>\n<p> <!-- Contenido del paquete --> <\/p>\n<div style='border: 1px solid rgba(150&comma;150&comma;150&comma;0.3); border-radius: 8px; padding: 20px; margin: 30px 0;'>\n<h3 style='font-size: 20px; font-weight: 600; margin: 0 0 20px 0; color: inherit; text-align: center;'>Contenido del Paquete<\/h3>\n<p> <img style='width: 100%; max-width: 600px; height: auto; border: 1px solid rgba(150&comma;150&comma;150&comma;0.3); border-radius: 8px; display: block; margin: 0 auto;' src='https:\/\/ftp3.syscom.mx\/usuarios\/adiaz\/Ubiquiti\/Imagenes\/UVCAIDSLR\/contenidold.png' alt='Contenido del paquete UVC-AI-DSLR-LD'> <\/div>\n<\/p><\/div>\n","protected":false},"excerpt":{"rendered":"<p>UniFi Protect AI DSLR Long Distance \u2013 C\u00e1mara 4K PoE+ para Interior\/Exterior con Sensor de Alta Sensibilidad, Lente Fija de larga distancia de 45 mm y Anal\u00edtica Avanzada por IA<\/p>\n","protected":false},"featured_media":102736,"comment_status":"open","ping_status":"closed","template":"","meta":[],"product_brand":[],"product_cat":[438],"product_tag":[439,122,166],"class_list":{"0":"post-102737","1":"product","2":"type-product","3":"status-publish","4":"has-post-thumbnail","6":"product_cat-bala","7":"product_tag-bala","8":"product_tag-camaras-ip-y-nvrs","9":"product_tag-ubiquiti","11":"first","12":"outofstock","13":"sale","14":"shipping-taxable","15":"purchasable","16":"product-type-simple"},"_links":{"self":[{"href":"https:\/\/soydeaqui.ddns.net\/pachuca\/index.php\/wp-json\/wp\/v2\/product\/102737","targetHints":{"allow":["GET"]}}],"collection":[{"href":"https:\/\/soydeaqui.ddns.net\/pachuca\/index.php\/wp-json\/wp\/v2\/product"}],"about":[{"href":"https:\/\/soydeaqui.ddns.net\/pachuca\/index.php\/wp-json\/wp\/v2\/types\/product"}],"replies":[{"embeddable":true,"href":"https:\/\/soydeaqui.ddns.net\/pachuca\/index.php\/wp-json\/wp\/v2\/comments?post=102737"}],"wp:featuredmedia":[{"embeddable":true,"href":"https:\/\/soydeaqui.ddns.net\/pachuca\/index.php\/wp-json\/wp\/v2\/media\/102736"}],"wp:attachment":[{"href":"https:\/\/soydeaqui.ddns.net\/pachuca\/index.php\/wp-json\/wp\/v2\/media?parent=102737"}],"wp:term":[{"taxonomy":"product_brand","embeddable":true,"href":"https:\/\/soydeaqui.ddns.net\/pachuca\/index.php\/wp-json\/wp\/v2\/product_brand?post=102737"},{"taxonomy":"product_cat","embeddable":true,"href":"https:\/\/soydeaqui.ddns.net\/pachuca\/index.php\/wp-json\/wp\/v2\/product_cat?post=102737"},{"taxonomy":"product_tag","embeddable":true,"href":"https:\/\/soydeaqui.ddns.net\/pachuca\/index.php\/wp-json\/wp\/v2\/product_tag?post=102737"}],"curies":[{"name":"wp","href":"https:\/\/api.w.org\/{rel}","templated":true}]}}