{"id":102722,"date":"2026-03-20T13:06:57","date_gmt":"2026-03-20T13:06:57","guid":{"rendered":"https:\/\/soydeaqui.ddns.net\/pachuca\/index.php\/producto\/unifi-g6-pro-360-camara-panoramica-12-mp-poe-resistente-a-la-intemperie-y-antivandalica-con-cobertura-de-360-zoom-giro-e-inclinacion-digitales-y-vision-infrarroja-inteligente-2\/"},"modified":"2026-03-20T13:07:14","modified_gmt":"2026-03-20T13:07:14","slug":"unifi-g6-pro-360-camara-panoramica-12-mp-poe-resistente-a-la-intemperie-y-antivandalica-con-cobertura-de-360-zoom-giro-e-inclinacion-digitales-y-vision-infrarroja-inteligente-2","status":"publish","type":"product","link":"https:\/\/soydeaqui.ddns.net\/pachuca\/index.php\/producto\/unifi-g6-pro-360-camara-panoramica-12-mp-poe-resistente-a-la-intemperie-y-antivandalica-con-cobertura-de-360-zoom-giro-e-inclinacion-digitales-y-vision-infrarroja-inteligente-2\/","title":{"rendered":"UniFi G6 Pro 360 \u2013 C\u00e1mara Panor\u00e1mica 12 MP PoE, Resistente a la Intemperie y Antivand\u00e1lica con Cobertura de 360\u00b0, Zoom, Giro e Inclinaci\u00f3n Digitales, y Visi\u00f3n Infrarroja Inteligente"},"content":{"rendered":"<div style='width: 100%; max-width: 1200px; margin: 0 auto; font-family: sans-serif; line-height: 1.6; color: inherit; background-color: transparent;'> <!-- Hero Section con video y texto --> <\/p>\n<div style='display: flex; flex-wrap: wrap; gap: 30px; margin-bottom: 30px; border: 1px solid rgba(150&comma;150&comma;150&comma;0.3); border-radius: 12px; padding: 16px;'>\n<div style='flex: 1 1 320px; min-width: 280px;'>\n<div style='position: relative; padding-bottom: 56.25%; height: 0; overflow: hidden; margin-bottom: 30px;'> <video style='position: absolute; top: 0; left: 0; width: 100%; height: 100%; border: 1px solid rgba(150&comma;150&comma;150&comma;0.3); border-radius: 8px;' src='https:\/\/ftp3.syscom.mx\/usuarios\/adiaz\/Ubiquiti\/Imagenes\/G6360\/g6pro360.mp4' autoplay muted loop playsinline><\/video> <\/div>\n<\/p><\/div>\n<div style='flex: 1 1 320px; min-width: 280px;'>\n<div style='position: relative; padding-bottom: 56.25%; height: 0; overflow: hidden; margin-bottom: 30px;'> <video style='position: absolute; top: 0; left: 0; width: 100%; height: 100%; border: 1px solid rgba(150&comma;150&comma;150&comma;0.3); border-radius: 8px;' src='https:\/\/ftp3.syscom.mx\/usuarios\/adiaz\/Ubiquiti\/Imagenes\/G6360\/loopw.mp4' autoplay muted loop playsinline><\/video> <\/div>\n<\/p><\/div>\n<div style='flex: 1 1 360px; min-width: 280px;'>\n<h2 style='font-size: 1.6rem; margin-top: 0; margin-bottom: 6px; color: inherit;'>G6 Pro 360<\/h2>\n<div style='margin-bottom: 12px; color: inherit; font-weight: 600; opacity: 0.85;'>Modelo: <span style='font-weight: 700; opacity: 1;'>UVC-G6-Pro-360-W<\/span><\/div>\n<p style='margin: 0; color: inherit;'>C\u00e1mara PoE de 12 MP resistente a la intemperie y al vandalismo con cobertura panor\u00e1mica de 360\u00b0&comma; funcionalidad de giro&comma; inclinaci\u00f3n y zoom digitales y funcionalidad IR inteligente.<\/p>\n<\/p><\/div>\n<\/p><\/div>\n<p> <!-- Especificaciones --> <\/p>\n<div style='text-align: center; margin: 40px 0 20px;'> <span style='font-size: 1.35rem; color: inherit; font-weight: 700;'>Especificaciones<\/span> <\/div>\n<p> <!-- Cards de especificaciones --> <\/p>\n<div style='display: flex; flex-wrap: wrap; gap: 20px; margin-bottom: 30px;'> <!-- Caracter\u00edsticas principales --> <\/p>\n<div style='flex: 1 1 250px; border: 1px solid rgba(150&comma;150&comma;150&comma;0.4); border-radius: 8px; overflow: hidden; display: flex; flex-direction: column;'>\n<div style='padding: 15px; border-bottom: 1px solid rgba(150&comma;150&comma;150&comma;0.2); font-weight: 700; color: inherit;'>Caracter\u00edsticas principales<\/div>\n<div style='padding: 15px; color: inherit; flex: 1 1 auto;'>\n<ul style='padding-left: 20px; margin: 0; font-size: 14px; list-style-type: disc;'>\n<li style='margin-bottom: 8px;'>Sensor panor\u00e1mico de 1\/1&comma;6\u201d&comma; 12 MP y lente tipo Fisheye<\/li>\n<li style='margin-bottom: 8px;'>Captura de imagen completa de 360 grados<\/li>\n<li style='margin-bottom: 8px;'>IR inteligente con cuatro zonas controlables<\/li>\n<li style='margin-bottom: 8px;'>Ranura de expansi\u00f3n para tarjeta microSD<\/li>\n<\/ul><\/div>\n<\/p><\/div>\n<p> <!-- Caracter\u00edsticas f\u00edsicas y el\u00e9ctricas --> <\/p>\n<div style='flex: 1 1 250px; border: 1px solid rgba(150&comma;150&comma;150&comma;0.4); border-radius: 8px; overflow: hidden; display: flex; flex-direction: column;'>\n<div style='padding: 15px; border-bottom: 1px solid rgba(150&comma;150&comma;150&comma;0.2); font-weight: 700; color: inherit;'>Caracter\u00edsticas f\u00edsicas y el\u00e9ctricas<\/div>\n<div style='padding: 15px; color: inherit; flex: 1 1 auto;'>\n<ul style='padding-left: 20px; margin: 0; font-size: 14px; list-style-type: disc;'>\n<li style='margin-bottom: 8px;'><strong>Dimensiones<\/strong>: \u00d8147 x 65.5 (\u00d85.8 x 2.6&#8242;)<\/li>\n<li style='margin-bottom: 8px;'><strong>Peso<\/strong>: 610 g (1.3 lb)<\/li>\n<li style='margin-bottom: 8px;'><strong>Procesador<\/strong>: Quad-core Arm\u00ae Cortex\u00ae-A53<\/li>\n<li style='margin-bottom: 8px;'><strong>Material de la carcasa<\/strong>: Aleaci\u00f3n de aluminio y policarbonato<\/li>\n<li style='margin-bottom: 8px;'><strong>Alimentaci\u00f3n<\/strong>: PoE+ 37-57 Vcc 7.14W<\/li>\n<li style='margin-bottom: 8px;'><strong>Temperatura de operaci\u00f3n<\/strong>: -30 a 50 \u00b0C (-22 a 122 \u00b0F)<\/li>\n<li style='margin-bottom: 8px;'><strong>Humedad de operaci\u00f3n<\/strong>: 0\u201390% sin condensaci\u00f3n<\/li>\n<\/ul><\/div>\n<\/p><\/div>\n<p> <!-- Rendimiento --> <\/p>\n<div style='flex: 1 1 250px; border: 1px solid rgba(150&comma;150&comma;150&comma;0.4); border-radius: 8px; overflow: hidden; display: flex; flex-direction: column;'>\n<div style='padding: 15px; border-bottom: 1px solid rgba(150&comma;150&comma;150&comma;0.2); font-weight: 700; color: inherit;'>Rendimiento<\/div>\n<div style='padding: 15px; color: inherit; flex: 1 1 auto;'>\n<ul style='padding-left: 20px; margin: 0; font-size: 14px; list-style-type: disc;'>\n<li style='margin-bottom: 8px;'><strong>Visi\u00f3n Nocturna con IR inteligente<\/strong>: Hasta 15 m (50 ft) con 4 zonas controlables<\/li>\n<li style='margin-bottom: 8px;'>Detecciones inteligentes (personas&comma; veh\u00edculos&comma; animales)<\/li>\n<li style='margin-bottom: 8px;'><strong>Resoluci\u00f3n<\/strong>: 12MP (3504 x 3504 (1:1))<\/li>\n<li style='margin-bottom: 8px;'><strong>Interfaz de Red<\/strong>: (1) Puerto 10\/100 MbE RJ45<\/li>\n<\/ul><\/div>\n<\/p><\/div>\n<\/p><\/div>\n<p> <!-- Contenido del paquete --> <\/p>\n<div style='border: 1px solid rgba(150&comma;150&comma;150&comma;0.4); border-radius: 8px; overflow: hidden; margin: 30px 0; padding: 20px; text-align: center;'>\n<h3 style='font-size: 1.25rem; font-weight: 600; margin-top: 0; margin-bottom: 16px; color: inherit;'>Contenido del Paquete<\/h3>\n<p> <img style='width: 100%; height: auto; border: 1px solid rgba(150&comma;150&comma;150&comma;0.3); border-radius: 8px;' src='https:\/\/ftp3.syscom.mx\/usuarios\/adiaz\/Ubiquiti\/Imagenes\/G6360\/contenidow.png' alt='Contenido del paquete UVC-G6-Pro-360-W'> <\/div>\n<\/p><\/div>\n","protected":false},"excerpt":{"rendered":"<p>UniFi G6 Pro 360 \u2013 C\u00e1mara Panor\u00e1mica 12 MP PoE, Resistente a la Intemperie y Antivand\u00e1lica con Cobertura de 360\u00b0, Zoom, Giro e Inclinaci\u00f3n Digitales, y Visi\u00f3n Infrarroja Inteligente<\/p>\n","protected":false},"featured_media":102721,"comment_status":"open","ping_status":"closed","template":"","meta":[],"product_brand":[],"product_cat":[2056],"product_tag":[122,2057,166],"class_list":{"0":"post-102722","1":"product","2":"type-product","3":"status-publish","4":"has-post-thumbnail","6":"product_cat-domo-eyeball-turret","7":"product_tag-camaras-ip-y-nvrs","8":"product_tag-domo-eyeball-turret","9":"product_tag-ubiquiti","11":"first","12":"outofstock","13":"sale","14":"shipping-taxable","15":"purchasable","16":"product-type-simple"},"_links":{"self":[{"href":"https:\/\/soydeaqui.ddns.net\/pachuca\/index.php\/wp-json\/wp\/v2\/product\/102722","targetHints":{"allow":["GET"]}}],"collection":[{"href":"https:\/\/soydeaqui.ddns.net\/pachuca\/index.php\/wp-json\/wp\/v2\/product"}],"about":[{"href":"https:\/\/soydeaqui.ddns.net\/pachuca\/index.php\/wp-json\/wp\/v2\/types\/product"}],"replies":[{"embeddable":true,"href":"https:\/\/soydeaqui.ddns.net\/pachuca\/index.php\/wp-json\/wp\/v2\/comments?post=102722"}],"wp:featuredmedia":[{"embeddable":true,"href":"https:\/\/soydeaqui.ddns.net\/pachuca\/index.php\/wp-json\/wp\/v2\/media\/102721"}],"wp:attachment":[{"href":"https:\/\/soydeaqui.ddns.net\/pachuca\/index.php\/wp-json\/wp\/v2\/media?parent=102722"}],"wp:term":[{"taxonomy":"product_brand","embeddable":true,"href":"https:\/\/soydeaqui.ddns.net\/pachuca\/index.php\/wp-json\/wp\/v2\/product_brand?post=102722"},{"taxonomy":"product_cat","embeddable":true,"href":"https:\/\/soydeaqui.ddns.net\/pachuca\/index.php\/wp-json\/wp\/v2\/product_cat?post=102722"},{"taxonomy":"product_tag","embeddable":true,"href":"https:\/\/soydeaqui.ddns.net\/pachuca\/index.php\/wp-json\/wp\/v2\/product_tag?post=102722"}],"curies":[{"name":"wp","href":"https:\/\/api.w.org\/{rel}","templated":true}]}}