{"id":102720,"date":"2026-03-20T13:06:52","date_gmt":"2026-03-20T13:06:52","guid":{"rendered":"https:\/\/soydeaqui.ddns.net\/pachuca\/index.php\/producto\/kit-de-camaras-wifi-incluye-1-pieza-csh6c-3mp-para-uso-en-interior-1-pieza-cs-h3c-para-uso-en-exterior-1-pza-micro-sd-hs-tf-e1-32g-deteccion-de-movimiento-notificaciones-instantaneas\/"},"modified":"2026-03-20T13:06:54","modified_gmt":"2026-03-20T13:06:54","slug":"kit-de-camaras-wifi-incluye-1-pieza-csh6c-3mp-para-uso-en-interior-1-pieza-cs-h3c-para-uso-en-exterior-1-pza-micro-sd-hs-tf-e1-32g-deteccion-de-movimiento-notificaciones-instantaneas","status":"publish","type":"product","link":"https:\/\/soydeaqui.ddns.net\/pachuca\/index.php\/producto\/kit-de-camaras-wifi-incluye-1-pieza-csh6c-3mp-para-uso-en-interior-1-pieza-cs-h3c-para-uso-en-exterior-1-pza-micro-sd-hs-tf-e1-32g-deteccion-de-movimiento-notificaciones-instantaneas\/","title":{"rendered":"Kit de c\u00e1maras WiFi \/ Incluye 1 pieza CSH6C\/3MP  Para Uso en Interior \/ 1 pieza CS-H3C Para Uso en Exterior \/ 1 PZA Micro SD HS-TF-E1\/32G \/ Detecci\u00f3n de Movimiento \/ Notificaciones Instant\u00e1neas"},"content":{"rendered":"<div style='width: 100%; max-width: 1200px; margin: 0 auto; font-family: sans-serif; line-height: 1.6; color: inherit; background-color: transparent;'>\n<div style='width: 100%; text-align: center; margin-bottom: 30px;'> <a href='#link' target='_blank' rel='noopener'> <img style='width: 100%; max-width: 600px; height: auto; border: 1px solid rgba(150&comma;150&comma;150&comma;0.3); border-radius: 8px;' src='https:\/\/ftp3.syscom.mx\/usuarios\/rcovarrubias\/EZVIZ\/Bannerspag\/SerieH.png' alt='Banner SerieH'> <\/a> <\/div>\n<div style='display: flex; flex-wrap: wrap; gap: 30px; margin-bottom: 30px;'>\n<div style='flex: 1 1 300px; min-width: 280px;'>\n<div style='border-left: 5px solid #42BB1A; border-radius: 5px; padding: 15px; box-shadow: 2px 2px 10px rgba(0&comma;0&comma;0&comma;0.1); -webkit-box-shadow: 2px 2px 10px rgba(0&comma;0&comma;0&comma;0.1); background-color: rgba(255&comma;255&comma;255&comma;0.05);'> <strong style='font-size: 18px; margin-bottom: 15px; display: block; color: inherit;'>Caracter\u00edsticas principales:<\/strong> <\/p>\n<p style='margin: 15px 0; color: inherit;'><strong style='color: inherit;'>El kit incluye:<\/strong><\/p>\n<ul style='padding-left: 20px; font-size: 15px; color: inherit;'>\n<li style='margin-bottom: 8px;'>1 C\u00e1maras modelo <a href='https:\/\/www.syscom.mx\/products\/240105' style='color: inherit; text-decoration: underline;'>CS-H6C\/3MP<\/a><\/li>\n<li style='margin-bottom: 8px;'>1 C\u00e1maras modelo <a href='https:\/\/www.syscom.mx\/producto\/CS-H3C-EZVIZ-215017.html' style='color: inherit; text-decoration: underline;'>CS-H3C<\/a><\/li>\n<li style='margin-bottom: 8px;'>1 Memorias micro SD <a href='https:\/\/www.syscom.mx\/producto\/HS-TF-E1-32G-HIKSEMI-by-HIKVISION-218972.html' style='color: inherit; text-decoration: underline;'>HS-TF-E1\/32G<\/a><\/li>\n<\/ul>\n<p style='margin: 15px 0; color: inherit;'><strong style='color: #f44336;'>Notas:<\/strong><\/p>\n<ul style='padding-left: 20px; font-size: 15px; color: inherit;'>\n<li style='margin-bottom: 8px; color: #f44336;'>Configuraci\u00f3n \u00fanicamente mediante aplicaci\u00f3n EZVIZ<\/li>\n<\/ul><\/div>\n<\/p><\/div>\n<div style='flex: 1 1 300px; min-width: 280px;'>\n<div style='display: flex; flex-wrap: wrap; gap: 15px;'>\n<div style='flex: 1 1 220px; border: 1px solid rgba(150&comma;150&comma;150&comma;0.4); border-radius: 8px; overflow: hidden; background-color: rgba(255&comma;255&comma;255&comma;0.05);'> <img style='width: 100%; height: auto; border-bottom: 1px solid rgba(150&comma;150&comma;150&comma;0.3);' src='https:\/\/ftp3.syscom.mx\/usuarios\/rcovarrubias\/EZVIZ\/Manual%20esp-ing\/C6N_01.png?ver=20220901' alt='CS-H6C\/3MP'> <\/p>\n<div style='padding: 15px; text-align: center;'>\n<div style='font-weight: bold; margin-bottom: 10px;'>CS-H6C\/3MP<\/div>\n<p> <a href='https:\/\/www.syscom.mx\/products\/240105' style='background: #5a9fff; padding: 8px 15px; border-radius: 4px; color: white; text-decoration: none; display: inline-block;'>Leer m\u00e1s<\/a> <\/div>\n<\/p><\/div>\n<div style='flex: 1 1 220px; border: 1px solid rgba(150&comma;150&comma;150&comma;0.4); border-radius: 8px; overflow: hidden; background-color: rgba(255&comma;255&comma;255&comma;0.05);'> <img style='width: 100%; height: auto; border-bottom: 1px solid rgba(150&comma;150&comma;150&comma;0.3);' src='https:\/\/ftp3.syscom.mx\/usuarios\/rcovarrubias\/EZVIZ\/Manual%20esp-ing\/CSH3C\/C3TN-2MP.png?ver=20220901' alt='CS-H3C'> <\/p>\n<div style='padding: 15px; text-align: center;'>\n<div style='font-weight: bold; margin-bottom: 10px;'>CS-H3C<\/div>\n<p> <a href='https:\/\/www.syscom.mx\/producto\/CS-H3C-EZVIZ-215017.html' style='background: #5a9fff; padding: 8px 15px; border-radius: 4px; color: white; text-decoration: none; display: inline-block;'>Leer m\u00e1s<\/a> <\/div>\n<\/p><\/div>\n<div style='flex: 1 1 220px; border: 1px solid rgba(150&comma;150&comma;150&comma;0.4); border-radius: 8px; overflow: hidden; background-color: rgba(255&comma;255&comma;255&comma;0.05);'> <img style='width: 100%; height: auto; border-bottom: 1px solid rgba(150&comma;150&comma;150&comma;0.3);' src='https:\/\/ftp3.syscom.mx\/usuarios\/rcovarrubias\/EZVIZ\/Manual%20esp-ing\/HIKSEMI%20NEO%20PLUS%20E1%2032GB.png?ver=20220901' alt='HS-TF-E1\/32G'> <\/p>\n<div style='padding: 15px; text-align: center;'>\n<div style='font-weight: bold; margin-bottom: 10px;'>HS-TF-E1\/32G<\/div>\n<p> <a href='https:\/\/www.syscom.mx\/producto\/HS-TF-E1-32G-HIKSEMI-by-HIKVISION-218972.html' style='background: #5a9fff; padding: 8px 15px; border-radius: 4px; color: white; text-decoration: none; display: inline-block;'>Leer m\u00e1s<\/a> <\/div>\n<\/p><\/div>\n<\/p><\/div>\n<\/p><\/div>\n<\/p><\/div>\n<hr style='border: 0; border-top: 1px solid rgba(150&comma;150&comma;150&comma;0.3); margin: 30px 0;'>\n<div style='width: 100%; text-align: center; margin: 30px 0;'> <img style='width: 100%; max-width: 600px; height: auto; border: 1px solid rgba(150&comma;150&comma;150&comma;0.3); border-radius: 8px;' src='https:\/\/ftp3.syscom.mx\/usuarios\/rcovarrubias\/EZVIZ\/Banner%20COMPATIBLE-ALEXA-GOOGLE.jpg' alt='Banner Compatible Alexa Google'> <\/div>\n<\/p><\/div>\n","protected":false},"excerpt":{"rendered":"<p>Kit de c\u00e1maras WiFi \/ Incluye 1 pieza CSH6C\/3MP  Para Uso en Interior \/ 1 pieza CS-H3C Para Uso en Exterior \/ 1 PZA Micro SD HS-TF-E1\/32G \/ Detecci\u00f3n de Movimiento \/ Notificaciones Instant\u00e1neas<\/p>\n","protected":false},"featured_media":102719,"comment_status":"open","ping_status":"closed","template":"","meta":[],"product_brand":[],"product_cat":[2231],"product_tag":[111,2233,2232],"class_list":{"0":"post-102720","1":"product","2":"type-product","3":"status-publish","4":"has-post-thumbnail","6":"product_cat-ip-megapixel","7":"product_tag-ezviz","8":"product_tag-ip-megapixel","9":"product_tag-kits-sistemas-completos","11":"first","12":"outofstock","13":"sale","14":"shipping-taxable","15":"purchasable","16":"product-type-simple"},"_links":{"self":[{"href":"https:\/\/soydeaqui.ddns.net\/pachuca\/index.php\/wp-json\/wp\/v2\/product\/102720","targetHints":{"allow":["GET"]}}],"collection":[{"href":"https:\/\/soydeaqui.ddns.net\/pachuca\/index.php\/wp-json\/wp\/v2\/product"}],"about":[{"href":"https:\/\/soydeaqui.ddns.net\/pachuca\/index.php\/wp-json\/wp\/v2\/types\/product"}],"replies":[{"embeddable":true,"href":"https:\/\/soydeaqui.ddns.net\/pachuca\/index.php\/wp-json\/wp\/v2\/comments?post=102720"}],"wp:featuredmedia":[{"embeddable":true,"href":"https:\/\/soydeaqui.ddns.net\/pachuca\/index.php\/wp-json\/wp\/v2\/media\/102719"}],"wp:attachment":[{"href":"https:\/\/soydeaqui.ddns.net\/pachuca\/index.php\/wp-json\/wp\/v2\/media?parent=102720"}],"wp:term":[{"taxonomy":"product_brand","embeddable":true,"href":"https:\/\/soydeaqui.ddns.net\/pachuca\/index.php\/wp-json\/wp\/v2\/product_brand?post=102720"},{"taxonomy":"product_cat","embeddable":true,"href":"https:\/\/soydeaqui.ddns.net\/pachuca\/index.php\/wp-json\/wp\/v2\/product_cat?post=102720"},{"taxonomy":"product_tag","embeddable":true,"href":"https:\/\/soydeaqui.ddns.net\/pachuca\/index.php\/wp-json\/wp\/v2\/product_tag?post=102720"}],"curies":[{"name":"wp","href":"https:\/\/api.w.org\/{rel}","templated":true}]}}