{"id":102694,"date":"2026-03-20T13:05:30","date_gmt":"2026-03-20T13:05:30","guid":{"rendered":"https:\/\/soydeaqui.ddns.net\/pachuca\/index.php\/producto\/bala-pt-ip-4-megapixel-lente-motorizado-2-8-a-12-mm-captura-facial-wdr-140-db-deepinview-exterior-ip67-microsd-3\/"},"modified":"2026-03-20T13:05:32","modified_gmt":"2026-03-20T13:05:32","slug":"bala-pt-ip-4-megapixel-lente-motorizado-2-8-a-12-mm-captura-facial-wdr-140-db-deepinview-exterior-ip67-microsd-3","status":"publish","type":"product","link":"https:\/\/soydeaqui.ddns.net\/pachuca\/index.php\/producto\/bala-pt-ip-4-megapixel-lente-motorizado-2-8-a-12-mm-captura-facial-wdr-140-db-deepinview-exterior-ip67-microsd-3\/","title":{"rendered":"Bala PT IP 4 Megapixel \/ Lente Motorizado 2.8 a 12 mm \/ Captura Facial \/ WDR 140 dB \/ DeepinView \/ Exterior IP67\/ MicroSD"},"content":{"rendered":"<div style='width: 100%; max-width: 1200px; margin: 0 auto; font-family: sans-serif; line-height: 1.6; color: inherit; background-color: transparent;'> <!-- Banner inicial --> <\/p>\n<div style='text-align: center; margin: 30px 0;'> <img style='width: 45%; max-width: 500px; height: auto; border: 1px solid rgba(150&comma;150&comma;150&comma;0.3); border-radius: 8px;' src='https:\/\/ftp3.syscom.mx\/usuarios\/jsosa\/HIKVISION\/imagenes\/logo\/hikvision%20see%20far.png' alt='Logo Hikvision'> <\/div>\n<p> <!-- Contenido principal --> <\/p>\n<div style='display: flex; flex-wrap: wrap; gap: 30px; margin-bottom: 30px;'> <!-- Columna 1 --> <\/p>\n<div style='flex: 1 1 300px; min-width: 280px;'>\n<div style='border-left: 5px solid #ff0000; border-radius: 5px; padding: 15px; box-shadow: 2px 2px 10px rgba(216&comma;216&comma;216&comma;0.3);'>\n<h3 style='font-size: 20px; margin-top: 0; margin-bottom: 15px; color: inherit; opacity: 0.8;'>Caracter\u00edsticas principales:<\/h3>\n<ul style='padding-left: 20px; font-size: 14px; color: inherit; list-style-type: disc;'>\n<li style='margin-bottom: 8px;'><strong>Resoluci\u00f3n:<\/strong> 2562 x 1440<\/li>\n<li style='margin-bottom: 8px;'><strong>Sensor de imagen:<\/strong> 1\/1.8&#8242; CMOS Scan Progresivo<\/li>\n<li style='margin-bottom: 8px;'><strong>Compresi\u00f3n de video:<\/strong> H.265+ \/ H.265 \/ H.624+ \/ H.264<\/li>\n<li style='margin-bottom: 8px;'><strong>Iluminaci\u00f3n m\u00ednima:<\/strong> 2.8 to 12 mm Color:0.005 Lux @F1.0 AGC&comma;ON)<\/li>\n<li style='margin-bottom: 8px;'><strong>Lente Motorizado:<\/strong> 2.8 a 12 mm (\u00c1ngulo de visi\u00f3n de 76.5\u00b0 a 53\u00b0)<\/li>\n<li style='margin-bottom: 8px;'><strong>Funciones:<\/strong> WDR 140dB \/ 3D-DNR \/ EIS \/ HLC \/ BLC \/ Defog \/ Rapid Focus<\/li>\n<li style='margin-bottom: 8px;'><strong>Funciones Avanzadas:<\/strong> Cruce de Linea \/ Intrusi\u00f3n \/ Captura de Rostro \/ Detecci\u00f3n de Vehiculo \/ Entrada y Salida de Region \/ Objeto Olvidado<\/li>\n<\/ul>\n<h3 style='font-size: 20px; margin-top: 25px; margin-bottom: 15px; color: inherit; opacity: 0.8;'>Caracter\u00edsticas F\u00edsicas y El\u00e9ctricas:<\/h3>\n<ul style='padding-left: 20px; font-size: 14px; color: inherit; list-style-type: disc;'>\n<li style='margin-bottom: 8px;'><strong>Aplicaci\u00f3n:<\/strong> Interior \/ Exterior<\/li>\n<li style='margin-bottom: 8px;'><strong>Protecci\u00f3n:<\/strong> IP67<\/li>\n<li style='margin-bottom: 8px;'><strong>Temperatura de operaci\u00f3n:<\/strong> -30\u00b0C a 60\u00b0C<\/li>\n<li style='margin-bottom: 8px;'><strong>Alimentaci\u00f3n \/ Consumo:<\/strong> 12 Vcd \/ 18.6 W \/ PoE<\/li>\n<li style='margin-bottom: 8px;'><strong>Dimensiones:<\/strong> 337.3 x 193.2 x 261.5 mm<\/li>\n<li style='margin-bottom: 8px;'><strong>Peso:<\/strong> 2.95 kgs<\/li>\n<li style='margin-bottom: 8px;'><strong>Red:<\/strong> 1 puerto RJ45 (10 \/ 100 Mbps)<\/li>\n<\/ul>\n<h3 style='font-size: 20px; margin-top: 25px; margin-bottom: 15px; color: inherit; opacity: 0.8;'>Accesorios Opcionales:<\/h3>\n<ul style='padding-left: 20px; font-size: 14px; color: inherit; list-style-type: disc;'>\n<li style='margin-bottom: 8px;'><strong>Montaje de Pared:<\/strong> DS-1701ZJ-AC1(OS)<\/li>\n<\/ul>\n<h3 style='font-size: 20px; margin-top: 25px; margin-bottom: 15px; color: inherit; opacity: 0.8;'>Funciones de red y almacenamiento:<\/h3>\n<ul style='padding-left: 20px; font-size: 14px; color: inherit; list-style-type: disc;'>\n<li style='margin-bottom: 8px;'><strong>Protocolos:<\/strong> IPv4\/IPv6&comma; HTTP&comma; HTTPS&comma; 802.1x&comma; Qos&comma; FTP&comma; SMTP&comma; UPnP&comma; SNMP&comma; DNS&comma; DDNS&comma; NTP&comma; RTSP&comma; RTCP&comma; RTP&comma; TCP\/IP&comma; DHCP&comma; PPPoE&comma; UDP&comma; IGMP&comma; ICMP&comma; Bonjour<\/li>\n<li style='margin-bottom: 8px;'><strong>Soporte:<\/strong> ONVIF (Profile S&comma; Profile G&comma; Profile T) \/ ISAPI \/ SDK<\/li>\n<li style='margin-bottom: 8px;'><strong>Soporta:<\/strong> triple streaming<\/li>\n<li style='margin-bottom: 8px;'><strong>Usuarios simult\u00e1neos:<\/strong> 20<\/li>\n<li style='margin-bottom: 8px;'><strong>Almacenamiento:<\/strong> Micro SD de hasta 1TB (no incluida) \/ NAS (NPS&comma; SMB \/CIPS) \/ ANR<\/li>\n<\/ul><\/div>\n<\/p><\/div>\n<p> <!-- Columna 2 --> <\/p>\n<div style='flex: 1 1 300px; min-width: 280px;'>\n<div style='border-left: 5px solid #ff0000; border-radius: 5px; padding: 15px; box-shadow: 2px 2px 10px rgba(216&comma;216&comma;216&comma;0.3);'>\n<h3 style='font-size: 20px; margin-top: 0; margin-bottom: 15px; color: inherit; opacity: 0.8;'>Caracter\u00edsticas Destacadas:<\/h3>\n<ul style='padding-left: 20px; font-size: 14px; color: inherit; list-style-type: disc;'>\n<li style='margin-bottom: 15px;'><strong>Captura Facial<\/strong><br \/>Con algoritmos integrados de aprendizaje profundo&comma; la c\u00e1mara es capaz de tomar la mejor fotograf\u00eda del rostro objetivo al detectarlo&comma; capturarlo&comma; calificarlo y seleccionarlo. La c\u00e1mara utiliza la funci\u00f3n de exposici\u00f3n facial para ajustar din\u00e1micamente la exposici\u00f3n del \u00e1rea facial en las capturas y garantizar una alta calidad en las im\u00e1genes faciales.<\/li>\n<li style='margin-bottom: 15px;'><strong>Protecci\u00f3n Perimetral<\/strong><br \/>Con algoritmos de detecci\u00f3n y clasificaci\u00f3n de objetivos basados en aprendizaje profundo integrados&comma; la c\u00e1mara lleva a cabo la tarea de protecci\u00f3n perimetral&comma; monitoreando las acciones de cruce de l\u00ednea&comma; intrusi\u00f3n&comma; entrada y salida de regiones. Los algoritmos filtran en gran medida las alarmas err\u00f3neas causadas por la interferencia de hojas&comma; luces&comma; animales&comma; banderas&comma; etc.<\/li>\n<li style='margin-bottom: 15px;'><strong>Detecci\u00f3n de Vehiculos<\/strong><br \/>Con algoritmos integrados basados en aprendizaje profundo&comma; la c\u00e1mara detecta la placa del vehiculo junto con la busqueda por medio de atributos&comma; incuyendo: tipo de vehiculo&comma; color&comma; marca etc.<\/li>\n<li style='margin-bottom: 15px;'><strong>Detecci\u00f3n de Objetivos Multiples<\/strong><br \/>Con algoritmos integrados de aprendizaje profundo&comma; la c\u00e1mara admite detecci\u00f3n simultanea de y captura de humanos&comma; cara y vehiculos.<\/li>\n<li style='margin-bottom: 15px;'><strong>Detecci\u00f3n de Eventos de T\u00fanel<\/strong><br \/>Con algoritmos integrados de aprendizaje profundo&comma; la c\u00e1mara integra m\u00faltiples inteligencias. Cuenta con videoanaliticas como Detecci\u00f3n de objetos ca\u00eddos&comma; detecci\u00f3n de peatones&comma; detecci\u00f3n de estacionamiento&comma; detecci\u00f3n de congesti\u00f3n&comma; detecci\u00f3n de construcci\u00f3n<\/li>\n<\/ul><\/div>\n<\/p><\/div>\n<\/p><\/div>\n<p> <!-- Banner final --> <\/p>\n<div style='margin: 30px 0;'> <img style='width: 100%; height: auto; border: 1px solid rgba(150&comma;150&comma;150&comma;0.3); border-radius: 8px;' src='https:\/\/ftp3.syscom.mx\/usuarios\/jsosa\/HIKVISION\/imagenes\/banners\/solution%20complete.png' alt='Banner de soluci\u00f3n completa'> <\/div>\n<\/p><\/div>\n","protected":false},"excerpt":{"rendered":"<p>Bala PT IP 4 Megapixel \/ Lente Motorizado 2.8 a 12 mm \/ Captura Facial \/ WDR 140 dB \/ DeepinView \/ Exterior IP67\/ MicroSD<\/p>\n","protected":false},"featured_media":32,"comment_status":"open","ping_status":"closed","template":"","meta":[],"product_brand":[],"product_cat":[1224],"product_tag":[122,54,1225],"class_list":{"0":"post-102694","1":"product","2":"type-product","3":"status-publish","4":"has-post-thumbnail","6":"product_cat-ptz","7":"product_tag-camaras-ip-y-nvrs","8":"product_tag-hikvision","9":"product_tag-ptz","11":"first","12":"outofstock","13":"sale","14":"shipping-taxable","15":"purchasable","16":"product-type-simple"},"_links":{"self":[{"href":"https:\/\/soydeaqui.ddns.net\/pachuca\/index.php\/wp-json\/wp\/v2\/product\/102694","targetHints":{"allow":["GET"]}}],"collection":[{"href":"https:\/\/soydeaqui.ddns.net\/pachuca\/index.php\/wp-json\/wp\/v2\/product"}],"about":[{"href":"https:\/\/soydeaqui.ddns.net\/pachuca\/index.php\/wp-json\/wp\/v2\/types\/product"}],"replies":[{"embeddable":true,"href":"https:\/\/soydeaqui.ddns.net\/pachuca\/index.php\/wp-json\/wp\/v2\/comments?post=102694"}],"wp:featuredmedia":[{"embeddable":true,"href":"https:\/\/soydeaqui.ddns.net\/pachuca\/index.php\/wp-json\/wp\/v2\/media\/32"}],"wp:attachment":[{"href":"https:\/\/soydeaqui.ddns.net\/pachuca\/index.php\/wp-json\/wp\/v2\/media?parent=102694"}],"wp:term":[{"taxonomy":"product_brand","embeddable":true,"href":"https:\/\/soydeaqui.ddns.net\/pachuca\/index.php\/wp-json\/wp\/v2\/product_brand?post=102694"},{"taxonomy":"product_cat","embeddable":true,"href":"https:\/\/soydeaqui.ddns.net\/pachuca\/index.php\/wp-json\/wp\/v2\/product_cat?post=102694"},{"taxonomy":"product_tag","embeddable":true,"href":"https:\/\/soydeaqui.ddns.net\/pachuca\/index.php\/wp-json\/wp\/v2\/product_tag?post=102694"}],"curies":[{"name":"wp","href":"https:\/\/api.w.org\/{rel}","templated":true}]}}