{"id":102690,"date":"2026-03-20T13:05:17","date_gmt":"2026-03-20T13:05:17","guid":{"rendered":"https:\/\/soydeaqui.ddns.net\/pachuca\/index.php\/producto\/ptz-ip-4-megapixel-42x-zoom-400-mts-ir-autoseguimiento-3-0-wdr-150-db-eis-deep-learning-exterior-ip67-ik10-rapid-focus-hi-poe-wiper-micro-sd-2\/"},"modified":"2026-03-20T13:05:19","modified_gmt":"2026-03-20T13:05:19","slug":"ptz-ip-4-megapixel-42x-zoom-400-mts-ir-autoseguimiento-3-0-wdr-150-db-eis-deep-learning-exterior-ip67-ik10-rapid-focus-hi-poe-wiper-micro-sd-2","status":"publish","type":"product","link":"https:\/\/soydeaqui.ddns.net\/pachuca\/index.php\/producto\/ptz-ip-4-megapixel-42x-zoom-400-mts-ir-autoseguimiento-3-0-wdr-150-db-eis-deep-learning-exterior-ip67-ik10-rapid-focus-hi-poe-wiper-micro-sd-2\/","title":{"rendered":"PTZ IP 4 Megapixel \/ 42X Zoom \/ 400 mts IR \/ AutoSeguimiento 3.0 \/ WDR 150 dB \/ EIS \/ Deep Learning \/ Exterior IP67 \/ IK10 \/ Rapid Focus \/ Hi-PoE \/ Wiper \/ Micro SD"},"content":{"rendered":"<div style='width: 100%; max-width: 1200px; margin: 0 auto; font-family: sans-serif; line-height: 1.6; color: inherit; background-color: transparent;'> <!-- Logo Hikvision --> <\/p>\n<div style='width: 100%; text-align: center; margin: 30px 0;'> <img style='width: 45%; height: auto; max-width: 300px; border: 1px solid rgba(150&comma;150&comma;150&comma;0.3); border-radius: 8px;' src='https:\/\/ftp3.syscom.mx\/usuarios\/jsosa\/HIKVISION\/imagenes\/logo\/hikvision%20see%20far.png' alt='Logo Hikvision'> <\/div>\n<p> <!-- Video YouTube --> <\/p>\n<div style='position: relative; padding-bottom: 56.25%; height: 0; overflow: hidden; margin: 30px 0;'>   <\/div>\n<p> <!-- Grid principal --> <\/p>\n<div style='display: flex; flex-wrap: wrap; gap: 30px; margin-bottom: 30px;'> <!-- Columna izquierda --> <\/p>\n<div style='flex: 1 1 300px; min-width: 280px;'> <!-- Caracter\u00edsticas Principales --> <\/p>\n<div style='border: 1px solid rgba(150&comma; 150&comma; 150&comma; 0.4); border-radius: 8px; overflow: hidden; display: flex; flex-direction: column; margin-bottom: 20px;'>\n<div style='padding: 15px; border-bottom: 1px solid rgba(150&comma; 150&comma; 150&comma; 0.2); font-weight: bold; font-size: 18px; color: inherit; background-color: #df001e; border-bottom: 1px solid #a80000; color: white;'>Caracter\u00edsticas Principales:<\/div>\n<div style='padding: 15px; color: inherit;'>\n<ul style='padding-left: 20px; margin: 0; font-size: 14px; list-style-type: disc;'>\n<li style='margin-bottom: 5px;'><strong>Resoluci\u00f3n m\u00e1xima:<\/strong> 4 Megapixel (2688 x 1520)<\/li>\n<li style='margin-bottom: 5px;'><strong>Sensor de imagen:<\/strong> 1\/1.8&#8242; CMOS Scan Progresivo<\/li>\n<li style='margin-bottom: 5px;'><strong>Iluminaci\u00f3n m\u00ednima:<\/strong> Color: 0.0003 Lux @F1.2 AGC&comma;ON) B\/N: 0.0001 Lux @(F1.2&comma; AGC ON)<\/li>\n<li style='margin-bottom: 5px;'><strong>Distancia focal:<\/strong> 6 a 252 mm (42X zoom \u00f3ptico \/ 16X zoom digital)<\/li>\n<li style='margin-bottom: 5px;'><strong>Distancia de IR:<\/strong> 400 m IR inteligente<\/li>\n<li style='margin-bottom: 5px;'><strong>Funciones:<\/strong> WDR 150dB \/ 3D-DNR \/ EIS \/ HLC \/ BLC \/ Auto-Seguimiento 3.0 \/ Defog \/ Rapid Focus<\/li>\n<li style='margin-bottom: 5px;'><strong>Compresi\u00f3n:<\/strong> H.265+ \/ H.265 \/ H.264+ \/ H.264<\/li>\n<li style='margin-bottom: 5px;'><strong>Compatible con la plataforma:<\/strong> <a href='https:\/\/appstore.hikvision.com\/' target='_blank' rel='noopener' style='color: inherit; text-decoration: underline;'>Hik-Connect<\/a><\/li>\n<\/ul><\/div>\n<\/p><\/div>\n<p> <!-- Funciones Generales --> <\/p>\n<div style='border: 1px solid rgba(150&comma; 150&comma; 150&comma; 0.4); border-radius: 8px; overflow: hidden; display: flex; flex-direction: column; margin-bottom: 20px;'>\n<div style='padding: 15px; border-bottom: 1px solid rgba(150&comma; 150&comma; 150&comma; 0.2); font-weight: bold; font-size: 18px; color: inherit; background-color: #df001e; border-bottom: 1px solid #a80000; color: white;'>Funciones Generales:<\/div>\n<div style='padding: 15px; color: inherit;'>\n<ul style='padding-left: 20px; margin: 0; font-size: 14px; list-style-type: disc;'>\n<li style='margin-bottom: 5px;'><strong>Pan:<\/strong> 360\u00b0<\/li>\n<li style='margin-bottom: 5px;'><strong>Tilt:<\/strong> -20\u00b0 a 90\u00ba (auto flip)<\/li>\n<li style='margin-bottom: 5px;'><strong>Preset \/ Patrol \/ Pattern:<\/strong> 300 \/ 8 \/ 4<\/li>\n<li style='margin-bottom: 5px;'><strong>Funci\u00f3n PARK ACTION:<\/strong> (funci\u00f3n de casa)<\/li>\n<li style='margin-bottom: 5px;'><strong>Tareas calendarizadas:<\/strong> S\u00ed<\/li>\n<li style='margin-bottom: 5px;'><strong>Usuarios simult\u00e1neos:<\/strong> Hasta 20<\/li>\n<li style='margin-bottom: 5px;'><strong>Entradas de alarma:<\/strong> 7<\/li>\n<li style='margin-bottom: 5px;'><strong>Salidas de alarma:<\/strong> 2<\/li>\n<li style='margin-bottom: 5px;'><strong>Entradas de audio:<\/strong> 1<\/li>\n<li style='margin-bottom: 5px;'><strong>Salidas de audio:<\/strong> 1<\/li>\n<li style='margin-bottom: 5px;'><strong>Puerto de red:<\/strong> 1 (10 \/ 100 Mbps \/ PoE 802.3bt)<\/li>\n<li style='margin-bottom: 5px;'><strong>Almacenamiento:<\/strong> micro SD de hasta 1 TB \/ ANR (Automatic Network Recovery)<\/li>\n<\/ul><\/div>\n<\/p><\/div>\n<\/p><\/div>\n<p> <!-- Columna derecha --> <\/p>\n<div style='flex: 1 1 300px; min-width: 280px;'> <!-- Caracter\u00edsticas F\u00edsicas y El\u00e9ctricas --> <\/p>\n<div style='border: 1px solid rgba(150&comma; 150&comma; 150&comma; 0.4); border-radius: 8px; overflow: hidden; display: flex; flex-direction: column; margin-bottom: 20px;'>\n<div style='padding: 15px; border-bottom: 1px solid rgba(150&comma; 150&comma; 150&comma; 0.2); font-weight: bold; font-size: 18px; color: inherit; background-color: #df001e; border-bottom: 1px solid #a80000; color: white;'>Caracter\u00edsticas F\u00edsicas y El\u00e9ctricas:<\/div>\n<div style='padding: 15px; color: inherit;'>\n<ul style='padding-left: 20px; margin: 0; font-size: 14px; list-style-type: disc;'>\n<li style='margin-bottom: 5px;'><strong>Aplicaci\u00f3n:<\/strong> Interior \/ Exterior<\/li>\n<li style='margin-bottom: 5px;'><strong>Protecci\u00f3n:<\/strong> IP67<\/li>\n<li style='margin-bottom: 5px;'><strong>Temperatura de operaci\u00f3n:<\/strong> -40\u00b0C a 70\u00b0C<\/li>\n<li style='margin-bottom: 5px;'><strong>Alimentaci\u00f3n \/ Consumo:<\/strong> 24 Vca \/ 60 W \/ Hi-PoE<\/li>\n<li style='margin-bottom: 5px;'><strong>Dimensiones:<\/strong> 267 x 430 mm<\/li>\n<li style='margin-bottom: 5px;'><strong>Peso:<\/strong> 9.6 kgs<\/li>\n<li style='margin-bottom: 5px;'><strong>Accesorios:<\/strong> El PTZ no incluye brazo de pared \/ No incluye fuente de alimentaci\u00f3n<\/li>\n<\/ul><\/div>\n<\/p><\/div>\n<p> <!-- Accesorios Opcionales --> <\/p>\n<div style='border: 1px solid rgba(150&comma; 150&comma; 150&comma; 0.4); border-radius: 8px; overflow: hidden; display: flex; flex-direction: column; margin-bottom: 20px;'>\n<div style='padding: 15px; border-bottom: 1px solid rgba(150&comma; 150&comma; 150&comma; 0.2); font-weight: bold; font-size: 18px; color: inherit; background-color: #df001e; border-bottom: 1px solid #a80000; color: white;'>Accesorios Opcionales:<\/div>\n<div style='padding: 15px; color: inherit;'>\n<ul style='padding-left: 20px; margin: 0; font-size: 14px; list-style-type: disc;'>\n<li style='margin-bottom: 5px;'><strong>Montaje Vertical de Pared \/ Color Plata \/ Exterior:<\/strong> DS-4603ZJ-PA<\/li>\n<li style='margin-bottom: 5px;'><strong>Montaje Vertical de Poste:<\/strong> DS-1684ZJ-P<\/li>\n<li style='margin-bottom: 5px;'><strong>Montaje de Techo Tipo Tubo HIKVISION:<\/strong> DS-4612ZJ-PA<\/li>\n<\/ul><\/div>\n<\/p><\/div>\n<\/p><\/div>\n<\/p><\/div>\n<p> <!-- Caracter\u00edsticas Destacadas --> <\/p>\n<div style='border: 1px solid rgba(150&comma; 150&comma; 150&comma; 0.4); border-radius: 8px; overflow: hidden; display: flex; flex-direction: column; margin-bottom: 30px;'>\n<div style='padding: 15px; border-bottom: 1px solid rgba(150&comma; 150&comma; 150&comma; 0.2); font-weight: bold; font-size: 18px; color: inherit; background-color: #df001e; border-bottom: 1px solid #a80000; color: white;'>Caracter\u00edsticas Destacadas:<\/div>\n<div style='padding: 15px; color: inherit;'>\n<ul style='padding-left: 20px; margin: 0; font-size: 14px; list-style-type: disc;'>\n<li style='margin-bottom: 15px;'><strong>ACUSENSE:<\/strong> Con la tecnolog\u00eda Deep Learning podremos evitar las falsas alarmas ocasionadas por los movimientos de pixeles como son el movimiento de las ramas de un \u00e1rbol&comma; movimiento de cortinas&comma; lluvias&comma; animales&comma; etc. Con la tecnolog\u00eda ACUSENSE tendremos una detecci\u00f3n efectiva ya que solo se activar\u00e1 el evento o grabaci\u00f3n cuando detecte cuerpos humanos o veh\u00edculos para as\u00ed poder evitar falsas alarmas.<\/li>\n<li style='margin-bottom: 15px;'><strong>Recomendaci\u00f3n:<\/strong> Se recomienda usar NVR\u00b4s NI-K \/ NI-I \/ NX-I.<\/li>\n<\/ul><\/div>\n<\/p><\/div>\n<p> <!-- Imagen final --> <\/p>\n<div style='width: 100%; text-align: center; margin: 30px 0;'> <img style='width: 100%; height: auto; border: 1px solid rgba(150&comma;150&comma;150&comma;0.3); border-radius: 8px;' src='https:\/\/ftp3.syscom.mx\/usuarios\/jsosa\/HIKVISION\/imagenes\/banners\/solution%20complete.png' alt='Soluci\u00f3n Completa'> <\/div>\n<\/p><\/div>\n","protected":false},"excerpt":{"rendered":"<p>PTZ IP 4 Megapixel \/ 42X Zoom \/ 400 mts IR \/ AutoSeguimiento 3.0 \/ WDR 150 dB \/ EIS \/ Deep Learning \/ Exterior IP67 \/ IK10 \/ Rapid Focus \/ Hi-PoE \/ Wiper \/ Micro SD<\/p>\n","protected":false},"featured_media":32,"comment_status":"open","ping_status":"closed","template":"","meta":[],"product_brand":[],"product_cat":[1224],"product_tag":[122,54,1225],"class_list":{"0":"post-102690","1":"product","2":"type-product","3":"status-publish","4":"has-post-thumbnail","6":"product_cat-ptz","7":"product_tag-camaras-ip-y-nvrs","8":"product_tag-hikvision","9":"product_tag-ptz","11":"first","12":"outofstock","13":"sale","14":"shipping-taxable","15":"purchasable","16":"product-type-simple"},"_links":{"self":[{"href":"https:\/\/soydeaqui.ddns.net\/pachuca\/index.php\/wp-json\/wp\/v2\/product\/102690","targetHints":{"allow":["GET"]}}],"collection":[{"href":"https:\/\/soydeaqui.ddns.net\/pachuca\/index.php\/wp-json\/wp\/v2\/product"}],"about":[{"href":"https:\/\/soydeaqui.ddns.net\/pachuca\/index.php\/wp-json\/wp\/v2\/types\/product"}],"replies":[{"embeddable":true,"href":"https:\/\/soydeaqui.ddns.net\/pachuca\/index.php\/wp-json\/wp\/v2\/comments?post=102690"}],"wp:featuredmedia":[{"embeddable":true,"href":"https:\/\/soydeaqui.ddns.net\/pachuca\/index.php\/wp-json\/wp\/v2\/media\/32"}],"wp:attachment":[{"href":"https:\/\/soydeaqui.ddns.net\/pachuca\/index.php\/wp-json\/wp\/v2\/media?parent=102690"}],"wp:term":[{"taxonomy":"product_brand","embeddable":true,"href":"https:\/\/soydeaqui.ddns.net\/pachuca\/index.php\/wp-json\/wp\/v2\/product_brand?post=102690"},{"taxonomy":"product_cat","embeddable":true,"href":"https:\/\/soydeaqui.ddns.net\/pachuca\/index.php\/wp-json\/wp\/v2\/product_cat?post=102690"},{"taxonomy":"product_tag","embeddable":true,"href":"https:\/\/soydeaqui.ddns.net\/pachuca\/index.php\/wp-json\/wp\/v2\/product_tag?post=102690"}],"curies":[{"name":"wp","href":"https:\/\/api.w.org\/{rel}","templated":true}]}}