{"id":102674,"date":"2026-03-20T13:04:29","date_gmt":"2026-03-20T13:04:29","guid":{"rendered":"https:\/\/soydeaqui.ddns.net\/pachuca\/index.php\/producto\/camara-bullet-bi-espectro-termica-y-optica-256x192-termico-5mp-optico-ia-para-deteccion-humana-y-vehicular-medicion-temperatura-20c-a-150c-deteccion-fuego-y-fumadores-ip67-2\/"},"modified":"2026-03-20T13:04:31","modified_gmt":"2026-03-20T13:04:31","slug":"camara-bullet-bi-espectro-termica-y-optica-256x192-termico-5mp-optico-ia-para-deteccion-humana-y-vehicular-medicion-temperatura-20c-a-150c-deteccion-fuego-y-fumadores-ip67-2","status":"publish","type":"product","link":"https:\/\/soydeaqui.ddns.net\/pachuca\/index.php\/producto\/camara-bullet-bi-espectro-termica-y-optica-256x192-termico-5mp-optico-ia-para-deteccion-humana-y-vehicular-medicion-temperatura-20c-a-150c-deteccion-fuego-y-fumadores-ip67-2\/","title":{"rendered":"C\u00e1mara Bullet Bi-espectro T\u00e9rmica y \u00d3ptica\/ 256\u00d7192 T\u00e9rmico + 5MP \u00d3ptico \/ IA para Detecci\u00f3n Humana y Vehicular \/ Medici\u00f3n Temperatura -20\u00b0C a 150\u00b0C \/ Detecci\u00f3n Fuego y Fumadores \/ IP67"},"content":{"rendered":"<div style=\"width: 100%; max-width: 1200px; margin: 0 auto; font-family: sans-serif; line-height: 1.6; color: inherit; background-color: transparent;\"><!-- Logo HIKMICRO --><\/p>\n<div style=\"text-align: center; margin: 30px 0;\"><img decoding=\"async\" style=\"width: 100%; max-width: 45%; height: auto; border: 1px solid rgba(150&comma; 150&comma; 150&comma; 0.3); border-radius: 8px;\" src=\"https:\/\/ftp3.syscom.mx\/usuarios\/fotos\/HMTP2310VF\/WM30\/200759-logo-hikmicro.png\" alt=\"Logo HikMicro\" class=\"fr-fic fr-dii\"><\/div>\n<p><!-- T\u00edtulo del producto --><\/p>\n<h3 style=\"font-size: 22px; border-bottom: 2px solid currentColor; padding-bottom: 5px; margin-top: 30px; margin-bottom: 20px; color: inherit; opacity: 0.8; text-align: center;\"><\/h3>\n<p><!-- Descripci\u00f3n General en caja roja --><\/p>\n<div style=\"display: flex; flex-wrap: wrap; gap: 30px; margin: 30px 0;\">\n<div style=\"flex: 1 1 100%; min-width: 300px;\">\n<div style=\"border: 1px solid rgba(150&comma; 150&comma; 150&comma; 0.4); border-radius: 8px; overflow: hidden; display: flex; flex-direction: column;\">\n<div style=\"padding: 15px; background: #df001e; border-bottom: 1px solid #a80000; font-weight: bold; font-size: 18px; color: white; opacity: 0.95;\">DESCRIPCI&Oacute;N GENERAL<\/div>\n<div style=\"padding: 15px; color: inherit;\">\n<p style=\"font-size: 15px; margin: 0;\">C&aacute;mara tipo bala termogr&aacute;fica con recubrimiento anticorrosivo NEMA 4X&comma; dise&ntilde;ada para subestaciones&comma; plantas hidroel&eacute;ctricas&comma; plantas de incineraci&oacute;n de residuos&comma; talleres de fabricaci&oacute;n&comma; etc. Dispositivo de medici&oacute;n precisa de temperatura que env&iacute;a alarmas por excepci&oacute;n de temperatura para prevenci&oacute;n de p&eacute;rdidas. Cuenta con modelo de IA GUANLAN&comma; detecci&oacute;n de incendios&comma; humo y filtros especializados&comma; adem&aacute;s de m&oacute;dulo de encriptaci&oacute;n TPM 2.0 y garant&iacute;a de 10 a&ntilde;os en el detector.<\/p>\n<\/div>\n<\/div>\n<\/div>\n<\/div>\n<p><!-- SECCI\u00d3N 1: M\u00f3dulos T\u00e9rmico y \u00d3ptico combinados --><\/p>\n<div style=\"display: flex; flex-wrap: wrap; gap: 30px; margin: 30px 0;\">\n<div style=\"flex: 1 1 100%; min-width: 300px;\">\n<div style=\"border: 1px solid rgba(150&comma;150&comma;150&comma;0.4); border-radius: 8px; overflow: hidden;\">\n<div style=\"background: #df001e; color: #ffffff; padding: 15px; font-weight: bold; font-size: 18px; border-bottom: 2px solid #a80000;\">M&Oacute;DULOS T&Eacute;RMICO Y &Oacute;PTICO<\/div>\n<div style=\"padding: 15px; background-color: #f9f9f9;\">\n<div style=\"display: grid; grid-template-columns: 1fr 1fr; gap: 30px;\">\n<div>\n<h4 style=\"font-size: 16px; font-weight: bold; margin-bottom: 10px; color: #df001e;\">C&aacute;mara T&eacute;rmica<\/h4>\n<ul style=\"padding-left: 20px; margin: 0; font-size: 14px;\">\n<li><strong>Resoluci&oacute;n:<\/strong> 256 &times; 192<\/li>\n<li><strong>Sensor:<\/strong> VOx UFPA<\/li>\n<li><strong>Pixel Pitch:<\/strong> 12 &mu;m<\/li>\n<li><strong>NETD:<\/strong> &le; 25 mK (25&deg;C&comma; F1.0)<\/li>\n<li><strong>Distancia Focal:<\/strong> 3.6 mm (Gran Angular)<\/li>\n<li><strong>Campo de Visi&oacute;n:<\/strong> 50&deg; &times; 37.3&deg;<\/li>\n<li><strong>Rango Espectral:<\/strong> 8 &mu;m a 14 &mu;m<\/li>\n<li><strong>Distancia M&iacute;nima Enfoque:<\/strong> 0.3 m<\/li>\n<\/ul>\n<\/div>\n<div>\n<h4 style=\"font-size: 16px; font-weight: bold; margin-bottom: 10px; color: #df001e;\">C&aacute;mara &Oacute;ptica<\/h4>\n<ul style=\"padding-left: 20px; margin: 0; font-size: 14px;\">\n<li><strong>Resoluci&oacute;n:<\/strong> 5MP (2688 &times; 1944)<\/li>\n<li><strong>Sensor:<\/strong> 1\/2.7&quot; CMOS<\/li>\n<li><strong>Iluminaci&oacute;n M&iacute;nima:<\/strong> 0.0089 Lux<\/li>\n<li><strong>Distancia Focal:<\/strong> 4.3 mm (Gran Angular)<\/li>\n<li><strong>Campo de Visi&oacute;n:<\/strong> 84.0&deg; &times; 43.1&deg; (Muy Amplio)<\/li>\n<li><strong>WDR:<\/strong> 120 dB<\/li>\n<\/ul>\n<\/div>\n<\/div>\n<\/div>\n<\/div>\n<\/div>\n<\/div>\n<p><!-- SECCI\u00d3N 2: Funciones Inteligentes (VCA + Medici\u00f3n + Detecciones) --><\/p>\n<div style=\"display: flex; flex-wrap: wrap; gap: 30px; margin: 30px 0;\">\n<div style=\"flex: 1 1 100%; min-width: 300px;\">\n<div style=\"border: 1px solid rgba(150&comma;150&comma;150&comma;0.4); border-radius: 8px; overflow: hidden;\">\n<div style=\"background: #df001e; color: #ffffff; padding: 15px; font-weight: bold; font-size: 18px; border-bottom: 2px solid #a80000;\">FUNCIONES INTELIGENTES<\/div>\n<div style=\"padding: 15px; background-color: #f9f9f9;\">\n<div style=\"display: grid; grid-template-columns: 1fr 1fr; gap: 30px;\">\n<div>\n<h4 style=\"font-size: 16px; font-weight: bold; margin-bottom: 10px; color: #df001e;\">VCA y Modelo IA<\/h4>\n<ul style=\"padding-left: 20px; margin: 0; font-size: 14px;\">\n<li>4 tipos de reglas: cruce de l&iacute;nea&comma; intrusi&oacute;n&comma; entrada\/salida de regi&oacute;n<\/li>\n<li>Hasta 8 reglas VCA en total<\/li>\n<li>Modelo IA GUANLAN para protecci&oacute;n perimetral<\/li>\n<\/ul>\n<h4 style=\"font-size: 16px; font-weight: bold; margin: 15px 0 10px; color: #df001e;\">Medici&oacute;n Temperatura<\/h4>\n<ul style=\"padding-left: 20px; margin: 0; font-size: 14px;\">\n<li><strong>Rango:<\/strong> -20&deg;C a 150&deg;C<\/li>\n<li><strong>Precisi&oacute;n:<\/strong> &plusmn;8&deg;C (&plusmn;14.4&deg;F)<\/li>\n<li>3 tipos reglas: punto&comma; &aacute;rea&comma; l&iacute;nea<\/li>\n<li>21 reglas en total<\/li>\n<li>Alarma por excepci&oacute;n de temperatura<\/li>\n<li><strong>Detecci&oacute;n de Fuego:<\/strong> Hasta 10 puntos<\/li>\n<\/ul>\n<\/div>\n<div>\n<h4 style=\"font-size: 16px; font-weight: bold; margin-bottom: 10px; color: #df001e;\">Detecciones Adicionales<\/h4>\n<ul style=\"padding-left: 20px; margin: 0; font-size: 14px;\">\n<li><strong>Detecci&oacute;n de Fumar:<\/strong> Algoritmo soportado<\/li>\n<\/ul>\n<h4 style=\"font-size: 16px; font-weight: bold; margin: 15px 0 10px; color: #df001e;\">Efectos de Imagen<\/h4>\n<ul style=\"padding-left: 20px; margin: 0; font-size: 14px;\">\n<li>Fusi&oacute;n Bi-espectro<\/li>\n<li>Picture in Picture (PiP)<\/li>\n<li>Coloraci&oacute;n de Objetivo<\/li>\n<li>17 paletas de color<\/li>\n<li>AGC&comma; DDE&comma; 3D DNR<\/li>\n<\/ul>\n<\/div>\n<\/div>\n<\/div>\n<\/div>\n<\/div>\n<\/div>\n<p><!-- SECCI\u00d3N 3: Rangos de Detecci\u00f3n --><\/p>\n<div style=\"display: flex; flex-wrap: wrap; gap: 30px; margin: 30px 0;\">\n<div style=\"flex: 1 1 100%; min-width: 300px;\">\n<div style=\"border: 1px solid rgba(150&comma;150&comma;150&comma;0.4); border-radius: 8px; overflow: hidden;\">\n<div style=\"background: #df001e; color: #ffffff; padding: 15px; font-weight: bold; font-size: 18px; border-bottom: 2px solid #a80000;\">RANGOS DE DETECCI&Oacute;N<\/div>\n<div style=\"padding: 15px; background-color: #f9f9f9;\">\n<div style=\"display: grid; grid-template-columns: 1fr 1fr; gap: 30px;\">\n<div>\n<h4 style=\"font-size: 16px; font-weight: bold; margin-bottom: 10px; color: #df001e;\">VCA Range<\/h4>\n<ul style=\"padding-left: 20px; margin: 0; font-size: 14px;\">\n<li><strong>Humanos (1.8&times;0.5m):<\/strong> 36 m<\/li>\n<li><strong>Veh&iacute;culos (1.4&times;4.0m):<\/strong> 90 m<\/li>\n<\/ul>\n<h4 style=\"font-size: 16px; font-weight: bold; margin: 15px 0 10px; color: #df001e;\">Medici&oacute;n Temperatura<\/h4>\n<ul style=\"padding-left: 20px; margin: 0; font-size: 14px;\">\n<li><strong>Objeto 1&times;1m:<\/strong> 58.3 m<\/li>\n<li><strong>Objeto 0.2&times;0.2m:<\/strong> 11.7 m<\/li>\n<\/ul>\n<\/div>\n<div>\n<h4 style=\"font-size: 16px; font-weight: bold; margin-bottom: 10px; color: #df001e;\">Detecci&oacute;n Incendios<\/h4>\n<ul style=\"padding-left: 20px; margin: 0; font-size: 14px;\">\n<li><strong>Fuego (0.5&times;0.5m):<\/strong> 25.8 m<\/li>\n<li><strong>Detecci&oacute;n de Fumar:<\/strong> 5.4 m<\/li>\n<\/ul>\n<\/div>\n<\/div>\n<\/div>\n<\/div>\n<\/div>\n<\/div>\n<p><!-- SECCI\u00d3N 4: Caracter\u00edsticas F\u00edsicas&comma; El\u00e9ctricas&comma; Video y Audio combinadas --><\/p>\n<div style=\"display: flex; flex-wrap: wrap; gap: 30px; margin: 30px 0;\">\n<div style=\"flex: 1 1 100%; min-width: 300px;\">\n<div style=\"border: 1px solid rgba(150&comma;150&comma;150&comma;0.4); border-radius: 8px; overflow: hidden;\">\n<div style=\"background: #df001e; color: #ffffff; padding: 15px; font-weight: bold; font-size: 18px; border-bottom: 2px solid #a80000;\">CARACTER&Iacute;STICAS F&Iacute;SICAS&comma; EL&Eacute;CTRICAS&comma; VIDEO Y AUDIO<\/div>\n<div style=\"padding: 15px; background-color: #f9f9f9;\">\n<div style=\"display: grid; grid-template-columns: 1fr 1fr 1fr; gap: 20px;\">\n<div>\n<h4 style=\"font-size: 16px; font-weight: bold; margin-bottom: 10px; color: #df001e;\">Alimentaci&oacute;n<\/h4>\n<ul style=\"padding-left: 20px; margin: 0; font-size: 14px;\">\n<li>12 VDC &plusmn; 25%<\/li>\n<li>PoE (802.3at&comma; clase 4)<\/li>\n<li><strong>Consumo M&aacute;x:<\/strong> 24W<\/li>\n<\/ul>\n<h4 style=\"font-size: 16px; font-weight: bold; margin: 15px 0 10px; color: #df001e;\">Iluminador<\/h4>\n<ul style=\"padding-left: 20px; margin: 0; font-size: 14px;\">\n<li><strong>Distancia IR\/Luz Blanca:<\/strong> Hasta 30 m<\/li>\n<li>Tipo H&iacute;brido (IR&comma; Luz Blanca&comma; Modo Inteligente)<\/li>\n<\/ul>\n<\/div>\n<div>\n<h4 style=\"font-size: 16px; font-weight: bold; margin-bottom: 10px; color: #df001e;\">Protecci&oacute;n<\/h4>\n<ul style=\"padding-left: 20px; margin: 0; font-size: 14px;\">\n<li><strong>IP67&comma; IK10<\/strong><\/li>\n<li>TVS 6000V: rayos&comma; sobretensiones<\/li>\n<li><strong>Temperatura:<\/strong> -40&deg;C a 65&deg;C<\/li>\n<li><strong>Humedad:<\/strong> &le; 95%<\/li>\n<li><strong>Dimensiones:<\/strong> &Oslash;105mm x 349.1mm<\/li>\n<li><strong>Peso:<\/strong> 1710 g<\/li>\n<\/ul>\n<\/div>\n<div>\n<h4 style=\"font-size: 16px; font-weight: bold; margin-bottom: 10px; color: #df001e;\">Video y Audio<\/h4>\n<ul style=\"padding-left: 20px; margin: 0; font-size: 14px;\">\n<li><strong>Compresi&oacute;n Video:<\/strong> H.265\/H.264<\/li>\n<li><strong>Compresi&oacute;n Audio:<\/strong> G.711\/G.726\/PCM<\/li>\n<li><strong>Usuarios:<\/strong> Hasta 20 canales<\/li>\n<\/ul>\n<h4 style=\"font-size: 16px; font-weight: bold; margin: 15px 0 10px; color: #df001e;\">Alarma Audiovisual<\/h4>\n<ul style=\"padding-left: 20px; margin: 0; font-size: 14px;\">\n<li>Alarma Visual: Luz blanca<\/li>\n<li>Alarma Auditiva: 2+6 alertas<\/li>\n<\/ul>\n<h4 style=\"font-size: 16px; font-weight: bold; margin: 15px 0 10px; color: #df001e;\">Interfaces<\/h4>\n<ul style=\"padding-left: 20px; margin: 0; font-size: 14px;\">\n<li><strong>Alarma IN\/OUT:<\/strong> 2\/2<\/li>\n<li><strong>Audio IN\/OUT:<\/strong> 1\/1<\/li>\n<li><strong>RJ45:<\/strong> 10\/100M<\/li>\n<li><strong>RS-485:<\/strong> 1<\/li>\n<\/ul>\n<\/div>\n<\/div>\n<\/div>\n<\/div>\n<\/div>\n<\/div>\n<p><!-- SECCI\u00d3N 5: Accesorios --><\/p>\n<div style=\"display: flex; flex-wrap: wrap; gap: 30px; margin: 30px 0;\">\n<div style=\"flex: 1 1 100%; min-width: 300px;\">\n<div style=\"border: 1px solid rgba(150&comma;150&comma;150&comma;0.4); border-radius: 8px; overflow: hidden;\">\n<div style=\"background: #df001e; color: #ffffff; padding: 15px; font-weight: bold; font-size: 18px; border-bottom: 2px solid #a80000;\">ACCESORIOS<\/div>\n<div style=\"padding: 15px; background-color: #f9f9f9;\">\n<div style=\"display: grid; grid-template-columns: 1fr 1fr; gap: 30px;\">\n<div>\n<h4 style=\"font-size: 16px; font-weight: bold; margin-bottom: 10px; color: #df001e;\">Incluido<\/h4>\n<ul style=\"padding-left: 20px; margin: 0; font-size: 14px;\">\n<li>Caja de Uni&oacute;n DS-1260ZJ<\/li>\n<\/ul>\n<\/div>\n<div>\n<h4 style=\"font-size: 16px; font-weight: bold; margin-bottom: 10px; color: #df001e;\">Opcionales<\/h4>\n<ul style=\"padding-left: 20px; margin: 0; font-size: 14px;\">\n<li><strong>Montaje para Poste Vertical:<\/strong> DS-1275ZJ-S-SUS<\/li>\n<li><strong>Montaje de Esquina:<\/strong> DS-1276ZJ-SUS<\/li>\n<\/ul>\n<\/div>\n<\/div>\n<\/div>\n<\/div>\n<\/div>\n<\/div>\n<p><!-- Banner final --><\/p>\n<hr style=\"border: 0; border-top: 1px solid rgba(150&comma; 150&comma; 150&comma; 0.3); margin: 40px 0;\">\n<div style=\"text-align: center; margin: 30px 0;\"><img decoding=\"async\" style=\"width: 100%; border: 1px solid rgba(150&comma; 150&comma; 150&comma; 0.3); border-radius: 8px;\" src=\"https:\/\/ftp3.syscom.mx\/usuarios\/smendoza\/smendozaro\/Hikmicro\/hikmicro_camtermica.jpg\" alt=\"Banner final HikMicro\" class=\"fr-fic fr-dii\"><\/div>\n<\/div>\n","protected":false},"excerpt":{"rendered":"<p>C\u00e1mara Bullet Bi-espectro T\u00e9rmica y \u00d3ptica\/ 256\u00d7192 T\u00e9rmico + 5MP \u00d3ptico \/ IA para Detecci\u00f3n Humana y Vehicular \/ Medici\u00f3n Temperatura -20\u00b0C a 150\u00b0C \/ Detecci\u00f3n Fuego y Fumadores \/ IP67<\/p>\n","protected":false},"featured_media":102673,"comment_status":"open","ping_status":"closed","template":"","meta":[],"product_brand":[],"product_cat":[1049],"product_tag":[122,158,1050],"class_list":{"0":"post-102674","1":"product","2":"type-product","3":"status-publish","4":"has-post-thumbnail","6":"product_cat-termicas","7":"product_tag-camaras-ip-y-nvrs","8":"product_tag-hikmicro","9":"product_tag-termicas","11":"first","12":"outofstock","13":"sale","14":"shipping-taxable","15":"purchasable","16":"product-type-simple"},"_links":{"self":[{"href":"https:\/\/soydeaqui.ddns.net\/pachuca\/index.php\/wp-json\/wp\/v2\/product\/102674","targetHints":{"allow":["GET"]}}],"collection":[{"href":"https:\/\/soydeaqui.ddns.net\/pachuca\/index.php\/wp-json\/wp\/v2\/product"}],"about":[{"href":"https:\/\/soydeaqui.ddns.net\/pachuca\/index.php\/wp-json\/wp\/v2\/types\/product"}],"replies":[{"embeddable":true,"href":"https:\/\/soydeaqui.ddns.net\/pachuca\/index.php\/wp-json\/wp\/v2\/comments?post=102674"}],"wp:featuredmedia":[{"embeddable":true,"href":"https:\/\/soydeaqui.ddns.net\/pachuca\/index.php\/wp-json\/wp\/v2\/media\/102673"}],"wp:attachment":[{"href":"https:\/\/soydeaqui.ddns.net\/pachuca\/index.php\/wp-json\/wp\/v2\/media?parent=102674"}],"wp:term":[{"taxonomy":"product_brand","embeddable":true,"href":"https:\/\/soydeaqui.ddns.net\/pachuca\/index.php\/wp-json\/wp\/v2\/product_brand?post=102674"},{"taxonomy":"product_cat","embeddable":true,"href":"https:\/\/soydeaqui.ddns.net\/pachuca\/index.php\/wp-json\/wp\/v2\/product_cat?post=102674"},{"taxonomy":"product_tag","embeddable":true,"href":"https:\/\/soydeaqui.ddns.net\/pachuca\/index.php\/wp-json\/wp\/v2\/product_tag?post=102674"}],"curies":[{"name":"wp","href":"https:\/\/api.w.org\/{rel}","templated":true}]}}