{"id":102672,"date":"2026-03-20T13:04:25","date_gmt":"2026-03-20T13:04:25","guid":{"rendered":"https:\/\/soydeaqui.ddns.net\/pachuca\/index.php\/producto\/camara-bullet-bi-espectro-termica-y-optica-256x192-termico-5mp-optico-ia-para-deteccion-humana-y-vehicular-medicion-temperatura-20c-a-150c-deteccion-fuego-y-fumadores-ip67\/"},"modified":"2026-03-20T13:04:27","modified_gmt":"2026-03-20T13:04:27","slug":"camara-bullet-bi-espectro-termica-y-optica-256x192-termico-5mp-optico-ia-para-deteccion-humana-y-vehicular-medicion-temperatura-20c-a-150c-deteccion-fuego-y-fumadores-ip67","status":"publish","type":"product","link":"https:\/\/soydeaqui.ddns.net\/pachuca\/index.php\/producto\/camara-bullet-bi-espectro-termica-y-optica-256x192-termico-5mp-optico-ia-para-deteccion-humana-y-vehicular-medicion-temperatura-20c-a-150c-deteccion-fuego-y-fumadores-ip67\/","title":{"rendered":"C\u00e1mara Bullet Bi-espectro T\u00e9rmica y \u00d3ptica\/ 256\u00d7192 T\u00e9rmico + 5MP \u00d3ptico \/ IA para Detecci\u00f3n Humana y Vehicular \/ Medici\u00f3n Temperatura -20\u00b0C a 150\u00b0C \/ Detecci\u00f3n Fuego y Fumadores \/ IP67"},"content":{"rendered":"<div style=\"width: 100%; max-width: 1200px; margin: 0 auto; font-family: sans-serif; line-height: 1.6; color: inherit; background-color: transparent;\"><!-- Logo HIKMICRO --><\/p>\n<div style=\"text-align: center; margin: 30px 0;\"><img decoding=\"async\" style=\"width: 45%; max-width: 45%; height: auto; border: 1px solid rgba(150&comma; 150&comma; 150&comma; 0.3); border-radius: 8px;\" src=\"https:\/\/ftp3.syscom.mx\/usuarios\/fotos\/HMTP2310VF\/WM30\/200759-logo-hikmicro.png\" alt=\"Logo HikMicro\" class=\"fr-fic fr-dii\"><\/div>\n<p><!-- T\u00edtulo del producto --><\/p>\n<h3 style=\"font-size: 22px; border-bottom: 2px solid currentColor; padding-bottom: 5px; margin-top: 30px; margin-bottom: 20px; color: inherit; opacity: 0.8; text-align: center;\"><\/h3>\n<p><!-- Descripci\u00f3n General en caja roja --><\/p>\n<div style=\"display: flex; flex-wrap: wrap; gap: 30px; margin: 30px 0;\">\n<div style=\"flex: 1 1 100%; min-width: 300px;\">\n<div style=\"border: 1px solid rgba(150&comma; 150&comma; 150&comma; 0.4); border-radius: 8px; overflow: hidden; display: flex; flex-direction: column;\">\n<div style=\"padding: 15px; background: #df001e; border-bottom: 1px solid #a80000; font-weight: bold; font-size: 18px; color: white; opacity: 0.95;\">DESCRIPCI&Oacute;N GENERAL<\/div>\n<div style=\"padding: 15px; color: inherit;\">\n<p style=\"font-size: 15px; margin: 0;\">C&aacute;mara tipo bala bi-espectro con recubrimiento anticorrosivo NEMA 4X&comma; dise&ntilde;ada para infraestructuras cr&iacute;ticas como granjas solares&comma; concesionarios de autos&comma; f&aacute;bricas&comma; ferrocarriles y m&aacute;s. Soporta an&aacute;lisis de video basado en el Modelo de IA a Gran Escala GUANLAN para protecci&oacute;n perimetral y alarma por excepci&oacute;n de temperatura. Cuenta con m&oacute;dulo de encriptaci&oacute;n TPM 2.0 para seguridad cibern&eacute;tica y garant&iacute;a de 10 a&ntilde;os en el detector.<\/p>\n<\/div>\n<\/div>\n<\/div>\n<\/div>\n<p><!-- Secci\u00f3n de caracter\u00edsticas optimizada - MENOS CAJAS --><\/p>\n<div style=\"display: flex; flex-wrap: wrap; gap: 30px; margin-bottom: 30px;\"><!-- Columna Izquierda - C\u00e1mara T\u00e9rmica y \u00d3ptica combinadas --><\/p>\n<div style=\"flex: 1 1 45%; min-width: 300px;\"><!-- C\u00e1mara T\u00e9rmica y \u00d3ptica en UNA SOLA CAJA --><\/p>\n<div style=\"border: 1px solid rgba(150&comma;150&comma;150&comma;0.4); border-radius: 8px; overflow: hidden; margin-bottom: 30px;\">\n<div style=\"background: #df001e; color: #ffffff; padding: 15px; font-weight: bold; font-size: 18px; border-bottom: 2px solid #a80000;\">C&Aacute;MARA T&Eacute;RMICA Y &Oacute;PTICA<\/div>\n<div style=\"padding: 15px; background-color: #f9f9f9;\">\n<div style=\"display: grid; grid-template-columns: 1fr 1fr; gap: 20px;\">\n<div>\n<h4 style=\"font-size: 16px; font-weight: bold; margin-bottom: 10px; color: #df001e;\">T&eacute;rmica<\/h4>\n<ul style=\"padding-left: 20px; margin: 0; font-size: 14px;\">\n<li><strong>Resoluci&oacute;n:<\/strong> 384 &times; 288<\/li>\n<li><strong>Sensor:<\/strong> VOx UFPA<\/li>\n<li><strong>Pixel Pitch:<\/strong> 12 &mu;m<\/li>\n<li><strong>NETD:<\/strong> &le; 20 mK<\/li>\n<li><strong>Focal:<\/strong> 35 mm<\/li>\n<li><strong>FOV:<\/strong> 7.5&deg; &times; 5.6&deg;<\/li>\n<li><strong>IFOV:<\/strong> 0.34 mrad<\/li>\n<li><strong>Min. Enfoque:<\/strong> 45 m<\/li>\n<li><strong>Zoom Digital:<\/strong> &times;2&comma; &times;4&comma; &times;8<\/li>\n<li><strong>Garant&iacute;a Detector:<\/strong> 10 a&ntilde;os<\/li>\n<\/ul>\n<\/div>\n<div>\n<h4 style=\"font-size: 16px; font-weight: bold; margin-bottom: 10px; color: #df001e;\">&Oacute;ptica<\/h4>\n<ul style=\"padding-left: 20px; margin: 0; font-size: 14px;\">\n<li><strong>Resoluci&oacute;n:<\/strong> 4MP (2688&times;1520)<\/li>\n<li><strong>Sensor:<\/strong> 1\/2.7&quot; CMOS<\/li>\n<li><strong>Ilum. M&iacute;nima:<\/strong> 0.0089 Lux<\/li>\n<li><strong>Focal:<\/strong> 12.4 mm<\/li>\n<li><strong>FOV:<\/strong> 24.6&deg; &times; 14&deg;<\/li>\n<li><strong>WDR:<\/strong> 120 dB<\/li>\n<li><strong>Obturaci&oacute;n:<\/strong> 1 s a 1\/100&comma;000 s<\/li>\n<li><strong>Balance Blancos:<\/strong> Multi-modos<\/li>\n<li><strong>D&iacute;a\/Noche:<\/strong> ICR autom&aacute;tico<\/li>\n<\/ul>\n<\/div>\n<\/div>\n<\/div>\n<\/div>\n<p><!-- Funciones Inteligentes (VCA + Temperatura) en UNA SOLA CAJA --><\/p>\n<div style=\"border: 1px solid rgba(150&comma;150&comma;150&comma;0.4); border-radius: 8px; overflow: hidden;\">\n<div style=\"background: #df001e; color: #ffffff; padding: 15px; font-weight: bold; font-size: 18px; border-bottom: 2px solid #a80000;\">FUNCIONES INTELIGENTES<\/div>\n<div style=\"padding: 15px; background-color: #f9f9f9;\">\n<div style=\"display: grid; grid-template-columns: 1fr 1fr; gap: 20px;\">\n<div>\n<h4 style=\"font-size: 16px; font-weight: bold; margin-bottom: 10px; color: #df001e;\">VCA (Protecci&oacute;n Perimetral)<\/h4>\n<ul style=\"padding-left: 20px; margin: 0; font-size: 14px;\">\n<li>4 tipos de reglas: cruce de l&iacute;nea&comma; intrusi&oacute;n&comma; entrada\/salida<\/li>\n<li>Hasta 8 reglas en total<\/li>\n<li>Modelo IA GUANLAN<\/li>\n<li>Detecci&oacute;n extendida personas\/veh&iacute;culos<\/li>\n<li>Ultra bajo nivel de falsas alarmas<\/li>\n<\/ul>\n<\/div>\n<div>\n<h4 style=\"font-size: 16px; font-weight: bold; margin-bottom: 10px; color: #df001e;\">Medici&oacute;n Temperatura<\/h4>\n<ul style=\"padding-left: 20px; margin: 0; font-size: 14px;\">\n<li><strong>Rango:<\/strong> -20&deg;C a 150&deg;C<\/li>\n<li><strong>Precisi&oacute;n:<\/strong> &plusmn;8&deg;C<\/li>\n<li>3 tipos reglas: punto&comma; &aacute;rea&comma; l&iacute;nea<\/li>\n<li>Hasta 21 reglas en total<\/li>\n<li>Alarma por excepci&oacute;n<\/li>\n<li><strong>Detecci&oacute;n incendios:<\/strong> Hasta 10 puntos<\/li>\n<\/ul>\n<\/div>\n<\/div>\n<\/div>\n<\/div>\n<\/div>\n<p><!-- Columna Derecha - Caracter\u00edsticas F\u00edsicas + Rangos --><\/p>\n<div style=\"flex: 1 1 45%; min-width: 300px;\"><!-- Caracter\u00edsticas F\u00edsicas y El\u00e9ctricas --><\/p>\n<div style=\"border: 1px solid rgba(150&comma;150&comma;150&comma;0.4); border-radius: 8px; overflow: hidden; margin-bottom: 30px;\">\n<div style=\"background: #df001e; color: #ffffff; padding: 15px; font-weight: bold; font-size: 18px; border-bottom: 2px solid #a80000;\">CARACTER&Iacute;STICAS F&Iacute;SICAS Y EL&Eacute;CTRICAS<\/div>\n<div style=\"padding: 15px; background-color: #f9f9f9;\">\n<ul style=\"padding-left: 20px; margin: 0; font-size: 14px; list-style-type: disc;\">\n<li><strong>Alimentaci&oacute;n:<\/strong> 24 VAC&comma; 12 VDC&comma; PoE (802.3af)<\/li>\n<li><strong>Consumo:<\/strong> 11.3W &#8211; 12.1W<\/li>\n<li><strong>Temperatura:<\/strong> -40&deg;C a 70&deg;C<\/li>\n<li><strong>Protecci&oacute;n:<\/strong> IP67&comma; IK10&comma; NEMA 4X<\/li>\n<li><strong>Protecci&oacute;n El&eacute;ctrica:<\/strong> TVS 4000V<\/li>\n<li><strong>Dimensiones:<\/strong> 376.1 &times; 119.1 &times; 118.1 mm<\/li>\n<li><strong>Peso:<\/strong> 1.82 kg<\/li>\n<\/ul>\n<\/div>\n<\/div>\n<p><!-- Rangos de Detecci\u00f3n (VCA + DORI) en UNA SOLA CAJA --><\/p>\n<div style=\"border: 1px solid rgba(150&comma;150&comma;150&comma;0.4); border-radius: 8px; overflow: hidden;\">\n<div style=\"background: #df001e; color: #ffffff; padding: 15px; font-weight: bold; font-size: 18px; border-bottom: 2px solid #a80000;\">RANGOS DE DETECCI&Oacute;N<\/div>\n<div style=\"padding: 15px; background-color: #f9f9f9;\">\n<div style=\"display: grid; grid-template-columns: 1fr 1fr; gap: 15px;\">\n<div>\n<h4 style=\"font-size: 16px; font-weight: bold; margin-bottom: 10px; color: #df001e;\">VCA Range<\/h4>\n<ul style=\"padding-left: 20px; margin: 0; font-size: 14px;\">\n<li><strong>Humanos:<\/strong> 455 m<\/li>\n<li><strong>Veh&iacute;culos:<\/strong> 1050 m<\/li>\n<\/ul>\n<h4 style=\"font-size: 16px; font-weight: bold; margin: 15px 0 10px; color: #df001e;\">Medici&oacute;n Temp.<\/h4>\n<ul style=\"padding-left: 20px; margin: 0; font-size: 14px;\">\n<li><strong>0.2&times;0.2m:<\/strong> 116 m<\/li>\n<li><strong>0.5&times;0.5m:<\/strong> 290 m<\/li>\n<\/ul>\n<h4 style=\"font-size: 16px; font-weight: bold; margin: 15px 0 10px; color: #df001e;\">Incendios<\/h4>\n<ul style=\"padding-left: 20px; margin: 0; font-size: 14px;\">\n<li><strong>0.5&times;0.5m:<\/strong> 74.4 m<\/li>\n<\/ul>\n<\/div>\n<div>\n<h4 style=\"font-size: 16px; font-weight: bold; margin-bottom: 10px; color: #df001e;\">DORI (Humanos)<\/h4>\n<ul style=\"padding-left: 20px; margin: 0; font-size: 14px;\">\n<li><strong>Detecci&oacute;n:<\/strong> 1458 m<\/li>\n<li><strong>Reconocimiento:<\/strong> 365 m<\/li>\n<li><strong>Identificaci&oacute;n:<\/strong> 182 m<\/li>\n<\/ul>\n<h4 style=\"font-size: 16px; font-weight: bold; margin: 15px 0 10px; color: #df001e;\">DORI (Veh&iacute;culos)<\/h4>\n<ul style=\"padding-left: 20px; margin: 0; font-size: 14px;\">\n<li><strong>Detecci&oacute;n:<\/strong> 4472 m<\/li>\n<li><strong>Reconocimiento:<\/strong> 1118 m<\/li>\n<li><strong>Identificaci&oacute;n:<\/strong> 559 m<\/li>\n<\/ul>\n<\/div>\n<\/div>\n<\/div>\n<\/div>\n<\/div>\n<\/div>\n<p><!-- Segunda fila - Efectos de Imagen + Video\/Audio + Entradas\/Salidas (TODO EN UNA SOLA CAJA) --><\/p>\n<div style=\"display: flex; flex-wrap: wrap; gap: 30px; margin: 30px 0;\">\n<div style=\"flex: 1 1 100%; min-width: 300px;\">\n<div style=\"border: 1px solid rgba(150&comma;150&comma;150&comma;0.4); border-radius: 8px; overflow: hidden;\">\n<div style=\"background: #df001e; color: #ffffff; padding: 15px; font-weight: bold; font-size: 18px; border-bottom: 2px solid #a80000;\">EFECTOS DE IMAGEN&comma; VIDEO\/AUDIO E INTERFACES<\/div>\n<div style=\"padding: 15px; background-color: #f9f9f9;\">\n<div style=\"display: grid; grid-template-columns: 1fr 1fr 1fr; gap: 20px;\">\n<div>\n<h4 style=\"font-size: 16px; font-weight: bold; margin-bottom: 10px; color: #df001e;\">Efectos de Imagen<\/h4>\n<ul style=\"padding-left: 20px; margin: 0; font-size: 14px;\">\n<li>Fusi&oacute;n Bi-espectro<\/li>\n<li>Picture in Picture (PiP)<\/li>\n<li>Coloraci&oacute;n de Objetivo<\/li>\n<li>EIS en canal t&eacute;rmico<\/li>\n<li>17 paletas de color<\/li>\n<li>AGC&comma; DDE&comma; 3D DNR<\/li>\n<\/ul>\n<\/div>\n<div>\n<h4 style=\"font-size: 16px; font-weight: bold; margin-bottom: 10px; color: #df001e;\">Video y Audio<\/h4>\n<ul style=\"padding-left: 20px; margin: 0; font-size: 14px;\">\n<li><strong>Compresi&oacute;n Video:<\/strong> H.265\/H.264<\/li>\n<li><strong>Compresi&oacute;n Audio:<\/strong> G.711\/G.726\/PCM<\/li>\n<li><strong>Main Stream:<\/strong> 25\/30 fps<\/li>\n<li><strong>Usuarios:<\/strong> Hasta 20 canales<\/li>\n<\/ul>\n<h4 style=\"font-size: 16px; font-weight: bold; margin: 15px 0 10px; color: #df001e;\">Iluminador<\/h4>\n<ul style=\"padding-left: 20px; margin: 0; font-size: 14px;\">\n<li><strong>IR:<\/strong> Hasta 100 m<\/li>\n<li>Intensidad\/&aacute;ngulo autom&aacute;tico<\/li>\n<\/ul>\n<\/div>\n<div>\n<h4 style=\"font-size: 16px; font-weight: bold; margin-bottom: 10px; color: #df001e;\">Entradas y Salidas<\/h4>\n<ul style=\"padding-left: 20px; margin: 0; font-size: 14px;\">\n<li><strong>Alarma IN:<\/strong> 2 (0-5 VDC)<\/li>\n<li><strong>Alarma OUT:<\/strong> 2<\/li>\n<li><strong>Audio IN:<\/strong> 1 (3.5mm)<\/li>\n<li><strong>Audio OUT:<\/strong> 1<\/li>\n<li><strong>RJ45:<\/strong> 10\/100M<\/li>\n<li><strong>RS-485:<\/strong> 1 half duplex<\/li>\n<li><strong>Salida Anal&oacute;gica:<\/strong> BNC<\/li>\n<\/ul>\n<\/div>\n<\/div>\n<\/div>\n<\/div>\n<\/div>\n<\/div>\n<p><!-- Modelo y Certificaciones en UNA SOLA CAJA --><\/p>\n<div style=\"display: flex; flex-wrap: wrap; gap: 30px; margin: 30px 0;\">\n<div style=\"flex: 1 1 100%; min-width: 300px;\">\n<div style=\"border: 1px solid rgba(150&comma;150&comma;150&comma;0.4); border-radius: 8px; overflow: hidden;\">\n<div style=\"background: #df001e; color: #ffffff; padding: 15px; font-weight: bold; font-size: 18px; border-bottom: 2px solid #a80000;\">MODELO Y CERTIFICACIONES<\/div>\n<div style=\"padding: 15px; background-color: #f9f9f9;\">\n<div style=\"display: flex; flex-wrap: wrap; gap: 30px; align-items: center;\">\n<div style=\"flex: 1; min-width: 200px;\">\n<ul style=\"padding-left: 20px; margin: 0; font-size: 14px;\">\n<li><strong>Modelo:<\/strong> HM-TD2638-35\/G1\/T3Y<\/li>\n<li><strong>Protecci&oacute;n Anticorrosi&oacute;n:<\/strong> Moderada<\/li>\n<\/ul>\n<\/div>\n<div style=\"flex: 2; min-width: 300px;\">\n<ul style=\"padding-left: 20px; margin: 0; font-size: 14px;\">\n<li><strong>Certificaciones:<\/strong> CE-EMC&comma; CE-LVD&comma; CE-RoHS&comma; RCM&comma; IC&comma; KC&comma; CB&comma; BIS<\/li>\n<li><strong>Protecciones:<\/strong> IP67&comma; IK10&comma; NEMA 4X<\/li>\n<\/ul>\n<\/div>\n<\/div>\n<p style=\"font-size: 13px; font-style: italic; margin-top: 15px; color: #666;\">No usar en ambientes con fluoruro de hidr&oacute;geno.<\/p>\n<\/div>\n<\/div>\n<\/div>\n<\/div>\n<p><!-- Banner final --><\/p>\n<hr style=\"border: 0; border-top: 1px solid rgba(150&comma; 150&comma; 150&comma; 0.3); margin: 40px 0;\">\n<div style=\"text-align: center; margin: 30px 0;\"><img decoding=\"async\" style=\"width: 100%; height: auto; border: 1px solid rgba(150&comma; 150&comma; 150&comma; 0.3); border-radius: 8px;\" src=\"https:\/\/ftp3.syscom.mx\/usuarios\/smendoza\/smendozaro\/Hikmicro\/hikmicro_camtermica.jpg\" alt=\"Banner final HikMicro\" class=\"fr-fic fr-dii\"><\/div>\n<\/div>\n","protected":false},"excerpt":{"rendered":"<p>C\u00e1mara Bullet Bi-espectro T\u00e9rmica y \u00d3ptica\/ 256\u00d7192 T\u00e9rmico + 5MP \u00d3ptico \/ IA para Detecci\u00f3n Humana y Vehicular \/ Medici\u00f3n Temperatura -20\u00b0C a 150\u00b0C \/ Detecci\u00f3n Fuego y Fumadores \/ IP67<\/p>\n","protected":false},"featured_media":102671,"comment_status":"open","ping_status":"closed","template":"","meta":[],"product_brand":[],"product_cat":[1049],"product_tag":[122,158,1050],"class_list":{"0":"post-102672","1":"product","2":"type-product","3":"status-publish","4":"has-post-thumbnail","6":"product_cat-termicas","7":"product_tag-camaras-ip-y-nvrs","8":"product_tag-hikmicro","9":"product_tag-termicas","11":"first","12":"outofstock","13":"sale","14":"shipping-taxable","15":"purchasable","16":"product-type-simple"},"_links":{"self":[{"href":"https:\/\/soydeaqui.ddns.net\/pachuca\/index.php\/wp-json\/wp\/v2\/product\/102672","targetHints":{"allow":["GET"]}}],"collection":[{"href":"https:\/\/soydeaqui.ddns.net\/pachuca\/index.php\/wp-json\/wp\/v2\/product"}],"about":[{"href":"https:\/\/soydeaqui.ddns.net\/pachuca\/index.php\/wp-json\/wp\/v2\/types\/product"}],"replies":[{"embeddable":true,"href":"https:\/\/soydeaqui.ddns.net\/pachuca\/index.php\/wp-json\/wp\/v2\/comments?post=102672"}],"wp:featuredmedia":[{"embeddable":true,"href":"https:\/\/soydeaqui.ddns.net\/pachuca\/index.php\/wp-json\/wp\/v2\/media\/102671"}],"wp:attachment":[{"href":"https:\/\/soydeaqui.ddns.net\/pachuca\/index.php\/wp-json\/wp\/v2\/media?parent=102672"}],"wp:term":[{"taxonomy":"product_brand","embeddable":true,"href":"https:\/\/soydeaqui.ddns.net\/pachuca\/index.php\/wp-json\/wp\/v2\/product_brand?post=102672"},{"taxonomy":"product_cat","embeddable":true,"href":"https:\/\/soydeaqui.ddns.net\/pachuca\/index.php\/wp-json\/wp\/v2\/product_cat?post=102672"},{"taxonomy":"product_tag","embeddable":true,"href":"https:\/\/soydeaqui.ddns.net\/pachuca\/index.php\/wp-json\/wp\/v2\/product_tag?post=102672"}],"curies":[{"name":"wp","href":"https:\/\/api.w.org\/{rel}","templated":true}]}}