{"id":10262,"date":"2026-03-18T07:33:30","date_gmt":"2026-03-18T07:33:30","guid":{"rendered":"https:\/\/soydeaqui.ddns.net\/pachuca\/index.php\/producto\/patch-panel-z-max-de-24-puertos-blindado-precargado-con-jacks-categora-6a-plano-1ur\/"},"modified":"2026-03-18T07:33:33","modified_gmt":"2026-03-18T07:33:33","slug":"patch-panel-z-max-de-24-puertos-blindado-precargado-con-jacks-categora-6a-plano-1ur","status":"publish","type":"product","link":"https:\/\/soydeaqui.ddns.net\/pachuca\/index.php\/producto\/patch-panel-z-max-de-24-puertos-blindado-precargado-con-jacks-categora-6a-plano-1ur\/","title":{"rendered":"Patch Panel Z-Max de 24 Puertos, Blindado, Precargado con Jacks Categor?a 6A, Plano, 1UR"},"content":{"rendered":"<div style='width: 100%; max-width: 1200px; margin: 0 auto; font-family: sans-serif; line-height: 1.6; color: inherit; background-color: transparent;'> <!-- Secci\u00f3n de descripci\u00f3n general --> <\/p>\n<div style='margin-bottom: 30px;'>\n<h2 style='font-size: 24px; margin-top: 0; color: inherit; opacity: 0.9;'>Patch Panel Z-MAX Blindado<\/h2>\n<p style='font-size: 15px; color: inherit; margin-top: 15px; margin-bottom: 20px;'> Los Patch Panels Z-MAX Vac\u00edos y Categor\u00eda 6A blindados de Siemon&comma; aprovechan el rendimiento y fiabilidad con una soluci\u00f3n modular de alta densidad. Estos Patch Panels facilitan la instalaci\u00f3n para centros de datos y salas de telecomunicaciones&comma; ofreciendo un aspecto atractivo y est\u00e9tico combinando con el etiquetado flexible y opciones de codificaci\u00f3n de colores. <\/p>\n<\/p><\/div>\n<p> <!-- Secci\u00f3n de caracter\u00edsticas principales --> <\/p>\n<div style='display: flex; flex-wrap: wrap; gap: 30px; margin-bottom: 30px;'>\n<div style='flex: 1 1 300px; min-width: 280px;'>\n<h3 style='font-size: 22px; border-bottom: 2px solid currentColor; padding-bottom: 5px; margin-top: 0; color: inherit; opacity: 0.8;'>Caracter\u00edsticas Principales<\/h3>\n<ul style='padding-left: 20px; font-size: 15px; color: inherit;'>\n<li style='margin-bottom: 5px;'>Versi\u00f3n de alta densidad que proporciona 48 puertos en solo una unidad de Rack para reducir el consumo de espacio<\/li>\n<li style='margin-bottom: 5px;'>Material: Acero de peso ligero y acabado en color negro<\/li>\n<li style='margin-bottom: 5px;'>Dise\u00f1o de instalaci\u00f3n r\u00e1pida con m\u00f3dulos que se insertan f\u00e1cilmente y se conectan a tierra autom\u00e1ticamente<\/li>\n<li style='margin-bottom: 5px;'>Opciones de codificaci\u00f3n de colores y etiquetado flexible<\/li>\n<li style='margin-bottom: 5px;'>Incluye herramienta Z-Tool para facilitar la instalaci\u00f3n<\/li>\n<li style='margin-bottom: 5px;'>Palancas de liberaci\u00f3n para retirar Jacks incluso en aplicaciones de alta densidad<\/li>\n<\/ul><\/div>\n<p> <!-- Secci\u00f3n de especificaciones t\u00e9cnicas --> <\/p>\n<div style='flex: 1 1 300px; min-width: 280px;'>\n<h3 style='font-size: 22px; border-bottom: 2px solid currentColor; padding-bottom: 5px; margin-top: 0; color: inherit; opacity: 0.8;'>Especificaciones T\u00e9cnicas<\/h3>\n<ul style='padding-left: 20px; font-size: 15px; color: inherit;'>\n<li style='margin-bottom: 5px;'><strong>Temperatura de operaci\u00f3n:<\/strong> -10 a 60 \u00b0C<\/li>\n<li style='margin-bottom: 5px;'><strong>Normas de inflamabilidad:<\/strong> UL 94 V-0<\/li>\n<li style='margin-bottom: 5px;'><strong>Caracter\u00edsticas ecol\u00f3gicas:<\/strong> RoHS&comma; sin plomo&comma; sin hal\u00f3genos&comma; sin PVC<\/li>\n<li style='margin-bottom: 5px;'><strong>Dimensiones:<\/strong> 109.2 mm x 482.6 mm x 44.2 mm<\/li>\n<li style='margin-bottom: 5px;'><strong>Material:<\/strong> Acero laminado en fr\u00edo de calibre 18 con acabado negro<\/li>\n<li style='margin-bottom: 5px;'><strong>Conexi\u00f3n a tierra:<\/strong> Terminales de conexi\u00f3n 3\/8&#8242; de 1 orificio o 2 orificios con espaciado de 1&#8242;<\/li>\n<li style='margin-bottom: 5px;'><strong>Montaje:<\/strong> Compatible con rack de 19&#8242; (482.6 mm) seg\u00fan est\u00e1ndar CEA-310-E<\/li>\n<\/ul><\/div>\n<\/p><\/div>\n<p> <!-- Secci\u00f3n de est\u00e1ndares de cumplimiento --> <\/p>\n<div style='margin-bottom: 30px;'>\n<h3 style='font-size: 22px; border-bottom: 2px solid currentColor; padding-bottom: 5px; margin-top: 0; color: inherit; opacity: 0.8;'>Est\u00e1ndares de Cumplimiento<\/h3>\n<ul style='padding-left: 20px; font-size: 15px; color: inherit;'>\n<li style='margin-bottom: 5px;'>ANSI\/TIA-568-C.2<\/li>\n<li style='margin-bottom: 5px;'>ISO\/IEC 11801 Ed 2.2<\/li>\n<li style='margin-bottom: 5px;'>ETL Tested<\/li>\n<li style='margin-bottom: 5px;'>IEC 60603-7<\/li>\n<li style='margin-bottom: 5px;'>IEC 60603-7-51<\/li>\n<li style='margin-bottom: 5px;'>IEEE 802.3an<\/li>\n<li style='margin-bottom: 5px;'>IEEE 802.3af (PoE)<\/li>\n<li style='margin-bottom: 5px;'>IEEE 802.3at (PoE+)<\/li>\n<li style='margin-bottom: 5px;'>ANSI\/TIA-1096-A<\/li>\n<\/ul><\/div>\n<p> <!-- Secci\u00f3n de contenido con imagen --> <\/p>\n<div style='display: flex; flex-wrap: wrap; gap: 30px; align-items: flex-start; margin-bottom: 30px;'>\n<div style='flex: 1 1 300px; min-width: 280px;'>\n<h3 style='font-size: 22px; border-bottom: 2px solid currentColor; padding-bottom: 5px; margin-top: 0; color: inherit; opacity: 0.8;'>Incluye herramienta Z-Tool<\/h3>\n<p style='font-size: 15px; color: inherit; margin-top: 15px; margin-bottom: 20px;'> Los patch panels Z-MAX incluyen la herramienta Z-Tool para facilitar la instalaci\u00f3n de los m\u00f3dulos. Esta herramienta permite una inserci\u00f3n r\u00e1pida y segura de los jacks&comma; mejorando la eficiencia durante la implementaci\u00f3n. <\/p>\n<\/p><\/div>\n<div style='flex: 1 1 300px; min-width: 280px;'> <img style='width: 100%; height: auto; border: 1px solid rgba(150&comma;150&comma;150&comma;0.3); border-radius: 8px;' src='http:\/\/ftp3.syscom.mx\/usuarios\/fotos\/Z6ASPNL24K\/88346-z-tool.jpg' alt='Herramienta Z-Tool incluida' \/> <\/div>\n<\/p><\/div>\n<p> <!-- Secci\u00f3n de aplicaciones --> <\/p>\n<div style='margin-bottom: 30px;'>\n<h3 style='font-size: 22px; border-bottom: 2px solid currentColor; padding-bottom: 5px; margin-top: 0; color: inherit; opacity: 0.8;'>Aplicaciones<\/h3>\n<ul style='padding-left: 20px; font-size: 15px; color: inherit;'>\n<li style='margin-bottom: 5px;'>Centros de datos de alto rendimiento<\/li>\n<li style='margin-bottom: 5px;'>Salas de telecomunicaciones<\/li>\n<li style='margin-bottom: 5px;'>Instalaciones que requieren protecci\u00f3n contra interferencias externas<\/li>\n<li style='margin-bottom: 5px;'>Implementaciones que necesitan mitigaci\u00f3n superior de diafon\u00eda alien\u00edgena<\/li>\n<li style='margin-bottom: 5px;'>Redes que utilizan Power over Ethernet (PoE y PoE+)<\/li>\n<\/ul><\/div>\n<p> <!-- Secci\u00f3n de especificaciones adicionales --> <\/p>\n<div style='display: flex; flex-wrap: wrap; gap: 20px; margin-bottom: 30px;'>\n<div style='flex: 1 1 250px; border: 1px solid rgba(150&comma; 150&comma; 150&comma; 0.4); border-radius: 8px; overflow: hidden; display: flex; flex-direction: column;'>\n<div style='padding: 15px; border-bottom: 1px solid rgba(150&comma; 150&comma; 150&comma; 0.2); font-weight: bold; font-size: 18px; color: inherit;'>Opciones de Panel<\/div>\n<div style='padding: 15px; color: inherit;'>\n<ul style='padding-left: 20px; margin: 0; font-size: 14px; list-style-type: disc;'>\n<li style='margin-bottom: 5px;'>(Blank)- Panel Plano<\/li>\n<li style='margin-bottom: 5px;'>A- Panel Angulado<\/li>\n<li style='margin-bottom: 5px;'>F- Panel Plano con gestor de cables removible<\/li>\n<\/ul><\/div>\n<\/p><\/div>\n<div style='flex: 1 1 250px; border: 1px solid rgba(150&comma; 150&comma; 150&comma; 0.4); border-radius: 8px; overflow: hidden; display: flex; flex-direction: column;'>\n<div style='padding: 15px; border-bottom: 1px solid rgba(150&comma; 150&comma; 150&comma; 0.2); font-weight: bold; font-size: 18px; color: inherit;'>Contenido del Kit<\/div>\n<div style='padding: 15px; color: inherit;'>\n<ul style='padding-left: 20px; margin: 0; font-size: 14px; list-style-type: disc;'>\n<li style='margin-bottom: 5px;'>Cable Ties<\/li>\n<li style='margin-bottom: 5px;'>Portaetiquetas e iconos<\/li>\n<li style='margin-bottom: 5px;'>Etiquetas numeradas<\/li>\n<li style='margin-bottom: 5px;'>Terminal de tierra #6 AWG<\/li>\n<li style='margin-bottom: 5px;'>Hardware de montaje<\/li>\n<\/ul><\/div>\n<\/p><\/div>\n<div style='flex: 1 1 250px; border: 1px solid rgba(150&comma; 150&comma; 150&comma; 0.4); border-radius: 8px; overflow: hidden; display: flex; flex-direction: column;'>\n<div style='padding: 15px; border-bottom: 1px solid rgba(150&comma; 150&comma; 150&comma; 0.2); font-weight: bold; font-size: 18px; color: inherit;'>Modelos Disponibles<\/div>\n<div style='padding: 15px; color: inherit;'>\n<ul style='padding-left: 20px; margin: 0; font-size: 14px; list-style-type: disc;'>\n<li style='margin-bottom: 5px;'>Z6AS-PNL(X)-24K &#8211; 24 puertos<\/li>\n<li style='margin-bottom: 5px;'>Z6AS-PNL(X)-U48K &#8211; 48 puertos<\/li>\n<li style='margin-bottom: 5px;'>ZS-PNL(X)-24E &#8211; 24 puertos vac\u00edos<\/li>\n<li style='margin-bottom: 5px;'>ZS-PNL(X)-U48E &#8211; 48 puertos vac\u00edos<\/li>\n<\/ul><\/div>\n<\/p><\/div>\n<\/p><\/div>\n<p> <!-- Separador final --> <\/p>\n<hr style='border: 0; border-top: 1px solid rgba(150&comma; 150&comma; 150&comma; 0.3); margin: 30px 0;'> <\/div>\n","protected":false},"excerpt":{"rendered":"<p>Patch Panel Z-Max de 24 Puertos, Blindado, Precargado con Jacks Categor?a 6A, Plano, 1UR<\/p>\n","protected":false},"featured_media":10261,"comment_status":"open","ping_status":"closed","template":"","meta":[],"product_brand":[],"product_cat":[613],"product_tag":[586,614,600],"class_list":{"0":"post-10262","1":"product","2":"type-product","3":"status-publish","4":"has-post-thumbnail","6":"product_cat-patch-panels","7":"product_tag-cableado-de-cobre","8":"product_tag-patch-panels","9":"product_tag-siemon","11":"first","12":"outofstock","13":"sale","14":"shipping-taxable","15":"purchasable","16":"product-type-simple"},"_links":{"self":[{"href":"https:\/\/soydeaqui.ddns.net\/pachuca\/index.php\/wp-json\/wp\/v2\/product\/10262","targetHints":{"allow":["GET"]}}],"collection":[{"href":"https:\/\/soydeaqui.ddns.net\/pachuca\/index.php\/wp-json\/wp\/v2\/product"}],"about":[{"href":"https:\/\/soydeaqui.ddns.net\/pachuca\/index.php\/wp-json\/wp\/v2\/types\/product"}],"replies":[{"embeddable":true,"href":"https:\/\/soydeaqui.ddns.net\/pachuca\/index.php\/wp-json\/wp\/v2\/comments?post=10262"}],"wp:featuredmedia":[{"embeddable":true,"href":"https:\/\/soydeaqui.ddns.net\/pachuca\/index.php\/wp-json\/wp\/v2\/media\/10261"}],"wp:attachment":[{"href":"https:\/\/soydeaqui.ddns.net\/pachuca\/index.php\/wp-json\/wp\/v2\/media?parent=10262"}],"wp:term":[{"taxonomy":"product_brand","embeddable":true,"href":"https:\/\/soydeaqui.ddns.net\/pachuca\/index.php\/wp-json\/wp\/v2\/product_brand?post=10262"},{"taxonomy":"product_cat","embeddable":true,"href":"https:\/\/soydeaqui.ddns.net\/pachuca\/index.php\/wp-json\/wp\/v2\/product_cat?post=10262"},{"taxonomy":"product_tag","embeddable":true,"href":"https:\/\/soydeaqui.ddns.net\/pachuca\/index.php\/wp-json\/wp\/v2\/product_tag?post=10262"}],"curies":[{"name":"wp","href":"https:\/\/api.w.org\/{rel}","templated":true}]}}