{"id":102563,"date":"2026-03-20T12:58:51","date_gmt":"2026-03-20T12:58:51","guid":{"rendered":"https:\/\/soydeaqui.ddns.net\/pachuca\/index.php\/producto\/pinhole-ip-2-megapixel-lente-2-8-mm-2-mts-cable-poe-ideal-para-cajeros-automaticos-atm-wdr-micro-sd-camara-tipo-block\/"},"modified":"2026-03-20T12:59:02","modified_gmt":"2026-03-20T12:59:02","slug":"pinhole-ip-2-megapixel-lente-2-8-mm-2-mts-cable-poe-ideal-para-cajeros-automaticos-atm-wdr-micro-sd-camara-tipo-block","status":"publish","type":"product","link":"https:\/\/soydeaqui.ddns.net\/pachuca\/index.php\/producto\/pinhole-ip-2-megapixel-lente-2-8-mm-2-mts-cable-poe-ideal-para-cajeros-automaticos-atm-wdr-micro-sd-camara-tipo-block\/","title":{"rendered":"Pinhole IP 2 Megapixel \/ Lente 2.8 mm \/ 2 Mts Cable \/ PoE \/ Ideal para Cajeros Autom\u00e1ticos (ATM) \/ WDR \/ Micro SD \/ C\u00e1mara Tipo Block"},"content":{"rendered":"<div style='width: 100%; max-width: 1200px; margin: 0 auto; font-family: sans-serif; line-height: 1.6; color: inherit; background-color: transparent;'> <!-- Banner inicial --> <\/p>\n<p style='text-align: center; margin: 0;'> <span style='display: flex; justify-content: center;'> <img style='width: 100%; max-width: 45%; height: auto; border: 1px solid rgba(150&comma;150&comma;150&comma;0.3); border-radius: 8px;' src='https:\/\/ftp3.syscom.mx\/usuarios\/jsosa\/HIKVISION\/imagenes\/logo\/hikvision%20see%20far.png' alt='Logo Hikvision See Far'> <\/span> <\/p>\n<p> <!-- T\u00edtulo --> <\/p>\n<div class='col-12 text-center' style='margin: 30px 0;'>\n<h1 style='color: #232a6f; font-size: 28px; font-weight: bold; margin: 0; padding: 0;'> <span style='font-family: verdana&comma; geneva&comma; sans-serif;'>Especif\u00edcaciones<\/span> <\/h1>\n<\/p><\/div>\n<p> <!-- Secci\u00f3n de caracter\u00edsticas --> <\/p>\n<div style='display: flex; flex-wrap: wrap; gap: 30px; margin-bottom: 30px;'> <!-- Caracter\u00edsticas Principales --> <\/p>\n<div style='flex: 1 1 300px; min-width: 280px;'>\n<div style='border: 1px solid rgba(150&comma; 150&comma; 150&comma; 0.4); border-radius: 8px; overflow: hidden; display: flex; flex-direction: column;'>\n<div style='padding: 15px; background: #df001e; border-bottom: 1px solid #a80000; font-weight: bold; font-size: 18px; color: #ffffff;'>Caracter\u00edsticas Principales<\/div>\n<div style='padding: 15px;'>\n<ul style='padding-left: 20px; margin: 0; font-size: 14px; list-style-type: disc; color: inherit;'>\n<li style='margin-bottom: 5px;'>Resoluci\u00f3n m\u00e1xima: 2 Megapixel (1920 x 1080)<\/li>\n<li style='margin-bottom: 5px;'>Iluminaci\u00f3n m\u00ednima: color 0.000 Lux @ (F1.2&comma; AGC ON)<\/li>\n<li style='margin-bottom: 5px;'>Distancia focal: Lente fijo: 2.8 mm<\/li>\n<li style='margin-bottom: 5px;'>Sin IR&comma; no puede ver en oscuridad total (0 Lux)<\/li>\n<li style='margin-bottom: 5px;'>Funciones normales: WDR120 \/ ROI \/ 3D DNR \/ BLC<\/li>\n<li style='margin-bottom: 5px;'>Compresi\u00f3n: H.265+ \/ H.265 \/ H.264+ \/ H.264<\/li>\n<li style='margin-bottom: 5px;'>Compatible con la plataforma de Hik-Connect <a style='color: inherit; text-decoration: none;' href='https:\/\/appstore.hikvision.com\/' target='_blank' rel='noopener'>https:\/\/appstore.hikvision.com\/<\/a><\/li>\n<\/ul><\/div>\n<\/p><\/div>\n<\/p><\/div>\n<p> <!-- Caracter\u00edsticas F\u00edsicas y El\u00e9ctricas --> <\/p>\n<div style='flex: 1 1 300px; min-width: 280px;'>\n<div style='border: 1px solid rgba(150&comma; 150&comma; 150&comma; 0.4); border-radius: 8px; overflow: hidden; display: flex; flex-direction: column;'>\n<div style='padding: 15px; background: #df001e; border-bottom: 1px solid #a80000; font-weight: bold; font-size: 18px; color: #ffffff;'>Caracter\u00edsticas F\u00edsicas y El\u00e9ctricas<\/div>\n<div style='padding: 15px;'>\n<ul style='padding-left: 20px; margin: 0; font-size: 14px; list-style-type: disc; color: inherit;'>\n<li style='margin-bottom: 5px;'>Alimentaci\u00f3n: 12 Vcc \/ PoE 802.3 af \/ 3.65 W<\/li>\n<li style='margin-bottom: 5px;'>Temperatura de operaci\u00f3n: -30\u00b0C a 60\u00b0C \/ Humedad al 95% m\u00e1ximo<\/li>\n<li style='margin-bottom: 5px;'>Uso en interior<\/li>\n<li style='margin-bottom: 5px;'>Dimensiones: 219 x 139 x 100 mm<\/li>\n<li style='margin-bottom: 5px;'>Peso: 90 grs<\/li>\n<li style='margin-top: 10px;'> <span style='font-weight: bold;'>Consulte la ficha t\u00e9cnica para validar los accesorios compatibles&comma; de clic <a style='color: inherit; text-decoration: none;' href='https:\/\/ftp3.syscom.mx\/usuarios\/alexh\/Hikvision\/Specsheet\/DS-2CD6425G1-20%282.8MM%29_Datasheet.pdf' target='_blank' rel='noopener'>Aqu\u00ed<\/a><\/span> <\/li>\n<\/ul><\/div>\n<\/p><\/div>\n<\/p><\/div>\n<\/p><\/div>\n<p> <!-- Secci\u00f3n de interfaces y caracter\u00edsticas generales --> <\/p>\n<div style='display: flex; flex-wrap: wrap; gap: 30px; margin-bottom: 30px;'> <!-- Interfaces Entradas y Salidas --> <\/p>\n<div style='flex: 1 1 300px; min-width: 280px;'>\n<div style='border: 1px solid rgba(150&comma; 150&comma; 150&comma; 0.4); border-radius: 8px; overflow: hidden; display: flex; flex-direction: column;'>\n<div style='padding: 15px; background: #df001e; border-bottom: 1px solid #a80000; font-weight: bold; font-size: 18px; color: #ffffff;'>Interfaces Entradas y Salidas<\/div>\n<div style='padding: 15px;'>\n<ul style='padding-left: 20px; margin: 0; font-size: 14px; list-style-type: disc; color: inherit;'>\n<li style='margin-bottom: 5px;'>Entradas de alarma: 1<\/li>\n<li style='margin-bottom: 5px;'>Salidas de alarma: 1<\/li>\n<li style='margin-bottom: 5px;'>Entradas de audio: 1<\/li>\n<li style='margin-bottom: 5px;'>Salidas de audio: 1<\/li>\n<li style='margin-bottom: 5px;'>Puerto de red: 1 (10 \/ 100 Mbps)<\/li>\n<li style='margin-bottom: 5px;'>Almacenamiento micro SD de hasta 256 GB<\/li>\n<li style='margin-bottom: 5px;'>Soporta ONVIF (Profile S&comma; Profile G&comma; Profile T)<\/li>\n<\/ul><\/div>\n<\/p><\/div>\n<\/p><\/div>\n<p> <!-- Caracteristicas Generales --> <\/p>\n<div style='flex: 1 1 300px; min-width: 280px;'>\n<div style='border: 1px solid rgba(150&comma; 150&comma; 150&comma; 0.4); border-radius: 8px; overflow: hidden; display: flex; flex-direction: column;'>\n<div style='padding: 15px; background: #df001e; border-bottom: 1px solid #a80000; font-weight: bold; font-size: 18px; color: #ffffff;'>Caracter\u00edsticas Generales<\/div>\n<div style='padding: 15px;'>\n<ul style='padding-left: 20px; margin: 0; font-size: 14px; list-style-type: disc; color: inherit;'>\n<li style='margin-bottom: 5px;'>Detecci\u00f3n de intrusi\u00f3n&comma; cruce de l\u00ednea&comma; entrada\/salida de regi\u00f3n<\/li>\n<li style='margin-bottom: 5px;'>Detecci\u00f3n de equipaje abandonado y remoci\u00f3n de objetos<\/li>\n<li style='margin-bottom: 5px;'>Detecci\u00f3n de excepci\u00f3n de audio&comma; desenfoque y cambio de escena<\/li>\n<\/ul><\/div>\n<\/p><\/div>\n<\/p><\/div>\n<\/p><\/div>\n<p> <!-- Caracter\u00edsticas destacadas --> <\/p>\n<div style='margin-bottom: 30px;'>\n<div style='border: 1px solid rgba(150&comma; 150&comma; 150&comma; 0.4); border-radius: 8px; overflow: hidden;'>\n<div style='padding: 15px; background: #df001e; border-bottom: 1px solid #a80000; font-weight: bold; font-size: 18px; color: #ffffff;'>Caracter\u00edsticas destacadas<\/div>\n<div style='padding: 15px;'>\n<div style='margin-bottom: 20px;'>\n<h3 style='font-size: 20px; margin-top: 0; margin-bottom: 10px; color: inherit;'>M\u00faltiples variantes de lente y dise\u00f1o encubierto modular<\/h3>\n<p style='margin: 8px 0;'>Ofrece <strong>tres modelos de lente (L10&comma; L20&comma; L30)<\/strong> con diferentes formas&comma; tama\u00f1os y distancias focales (2.8 mm&comma; 3.7 mm&comma; 4 mm)&comma; lo que permite:<\/p>\n<ul style='padding-left: 25px; margin: 10px 0; font-size: 14px; list-style-type: disc; color: inherit;'>\n<li style='margin-bottom: 5px;'><strong>Adaptaci\u00f3n discreta<\/strong> a distintos entornos (techos&comma; paredes&comma; objetos)<\/li>\n<li style='margin-bottom: 5px;'><strong>Cables de lente de 2 m u 8 m<\/strong> para facilitar la instalaci\u00f3n oculta<\/li>\n<\/ul><\/div>\n<div>\n<h3 style='font-size: 20px; margin-top: 0; margin-bottom: 10px; color: inherit;'>Aplicaciones Principales<\/h3>\n<ul style='padding-left: 20px; margin: 10px 0; font-size: 14px; list-style-type: disc; color: inherit;'>\n<li style='margin-bottom: 5px;'>Vigilancia encubierta (covert) en interiores<\/li>\n<li style='margin-bottom: 5px;'>Monitoreo discreto en oficinas&comma; retail&comma; bancos&comma; museos<\/li>\n<li style='margin-bottom: 5px;'>Seguridad perimetral con detecci\u00f3n inteligente de objetos abandonados\/removidos<\/li>\n<\/ul><\/div>\n<\/p><\/div>\n<\/p><\/div>\n<\/p><\/div>\n<p> <!-- Banner final --> <\/p>\n<div style='margin-top: 30px;'> <img style='width: 100%; height: auto; border: 1px solid rgba(150&comma;150&comma;150&comma;0.3); border-radius: 8px;' src='https:\/\/ftp3.syscom.mx\/usuarios\/jsosa\/HIKVISION\/imagenes\/banners\/solution%20complete.png' alt='Banner Solution Complete'> <\/div>\n<\/p><\/div>\n","protected":false},"excerpt":{"rendered":"<p>Pinhole IP 2 Megapixel \/ Lente 2.8 mm \/ 2 Mts Cable \/ PoE \/ Ideal para Cajeros Autom\u00e1ticos (ATM) \/ WDR \/ Micro SD \/ C\u00e1mara Tipo Block<\/p>\n","protected":false},"featured_media":102562,"comment_status":"open","ping_status":"closed","template":"","meta":[],"product_brand":[],"product_cat":[2274],"product_tag":[122,54,2275],"class_list":{"0":"post-102563","1":"product","2":"type-product","3":"status-publish","4":"has-post-thumbnail","6":"product_cat-ocultas-pinhole","7":"product_tag-camaras-ip-y-nvrs","8":"product_tag-hikvision","9":"product_tag-ocultas-pinhole","11":"first","12":"outofstock","13":"sale","14":"shipping-taxable","15":"purchasable","16":"product-type-simple"},"_links":{"self":[{"href":"https:\/\/soydeaqui.ddns.net\/pachuca\/index.php\/wp-json\/wp\/v2\/product\/102563","targetHints":{"allow":["GET"]}}],"collection":[{"href":"https:\/\/soydeaqui.ddns.net\/pachuca\/index.php\/wp-json\/wp\/v2\/product"}],"about":[{"href":"https:\/\/soydeaqui.ddns.net\/pachuca\/index.php\/wp-json\/wp\/v2\/types\/product"}],"replies":[{"embeddable":true,"href":"https:\/\/soydeaqui.ddns.net\/pachuca\/index.php\/wp-json\/wp\/v2\/comments?post=102563"}],"wp:featuredmedia":[{"embeddable":true,"href":"https:\/\/soydeaqui.ddns.net\/pachuca\/index.php\/wp-json\/wp\/v2\/media\/102562"}],"wp:attachment":[{"href":"https:\/\/soydeaqui.ddns.net\/pachuca\/index.php\/wp-json\/wp\/v2\/media?parent=102563"}],"wp:term":[{"taxonomy":"product_brand","embeddable":true,"href":"https:\/\/soydeaqui.ddns.net\/pachuca\/index.php\/wp-json\/wp\/v2\/product_brand?post=102563"},{"taxonomy":"product_cat","embeddable":true,"href":"https:\/\/soydeaqui.ddns.net\/pachuca\/index.php\/wp-json\/wp\/v2\/product_cat?post=102563"},{"taxonomy":"product_tag","embeddable":true,"href":"https:\/\/soydeaqui.ddns.net\/pachuca\/index.php\/wp-json\/wp\/v2\/product_tag?post=102563"}],"curies":[{"name":"wp","href":"https:\/\/api.w.org\/{rel}","templated":true}]}}