{"id":102545,"date":"2026-03-20T12:57:53","date_gmt":"2026-03-20T12:57:53","guid":{"rendered":"https:\/\/soydeaqui.ddns.net\/pachuca\/index.php\/producto\/unifi-unas-2-almacenamiento-en-red-nas-compacto-con-2-bahias-para-hdd-de-3-5-puerto-de-red-2-5-gbe-conectividad-usb-c-y-adaptador-poe-incluido\/"},"modified":"2026-03-20T12:58:11","modified_gmt":"2026-03-20T12:58:11","slug":"unifi-unas-2-almacenamiento-en-red-nas-compacto-con-2-bahias-para-hdd-de-3-5-puerto-de-red-2-5-gbe-conectividad-usb-c-y-adaptador-poe-incluido","status":"publish","type":"product","link":"https:\/\/soydeaqui.ddns.net\/pachuca\/index.php\/producto\/unifi-unas-2-almacenamiento-en-red-nas-compacto-con-2-bahias-para-hdd-de-3-5-puerto-de-red-2-5-gbe-conectividad-usb-c-y-adaptador-poe-incluido\/","title":{"rendered":"UniFi UNAS-2 \u2013 Almacenamiento en Red (NAS) Compacto con 2 Bah\u00edas para HDD de 3.5\u201d, Puerto de Red 2.5 GbE, Conectividad USB-C y Adaptador PoE++ Incluido"},"content":{"rendered":"<div style='width: 100%; max-width: 1200px; margin: 0 auto; font-family: sans-serif; line-height: 1.6; color: inherit; background-color: transparent;'> <!-- Hero Section --> <\/p>\n<div style='display: flex; flex-wrap: wrap; gap: 30px; align-items: center; border: 1px solid rgba(150&comma;150&comma;150&comma;0.3); border-radius: 12px; padding: 20px; margin-bottom: 30px;'>\n<div style='flex: 1 1 320px; min-width: 280px;'> <!-- Video con fallback a imagen --> <\/p>\n<div style='position: relative; padding-bottom: 56.25%; height: 0; overflow: hidden; margin-bottom: 16px;'> <video style='position: absolute; top: 0; left: 0; width: 100%; height: 100%; border: 1px solid rgba(150&comma;150&comma;150&comma;0.3); border-radius: 12px;' autoplay muted loop playsinline preload='metadata'><source src='https:\/\/ftp3.syscom.mx\/usuarios\/adiaz\/Ubiquiti\/Imagenes\/UNAS2\/loopb.mp4' type='video\/mp4'><!-- Fallback image --> <img src='https:\/\/ftp3.syscom.mx\/usuarios\/adiaz\/Ubiquiti\/Imagenes\/UNAS2\/vista1b.png' alt='Ubiquiti UNAS-2' style='width: 100%; height: auto; border: 1px solid rgba(150&comma;150&comma;150&comma;0.3); border-radius: 12px; display: none;'><\/video> <\/div>\n<\/p><\/div>\n<div style='flex: 1 1 360px; min-width: 280px;'>\n<h2 style='font-size: 26px; margin: 0 0 10px; color: inherit;'>UniFi UNAS 2<\/h2>\n<div style='margin: 0 0 15px; font-weight: 600; opacity: 0.8;'>Modelo: <span style='font-weight: 700; opacity: 1;'>UNAS-2-B<\/span><\/div>\n<p style='margin: 0; color: inherit;'>NAS de montaje en escritorio con <strong>(2) bah\u00edas para discos de 3.5&#8242;<\/strong>&comma; <strong>puerto 2.5 GbE<\/strong>&comma; alimentaci\u00f3n <strong>PoE++<\/strong> y gesti\u00f3n mediante <strong>UniFi Drive<\/strong>&comma; con <strong>RAID 1<\/strong> y funciones de respaldo&comma; cifrado y compartici\u00f3n.<\/p>\n<\/p><\/div>\n<\/p><\/div>\n<p> <!-- Especificaciones Title --> <\/p>\n<div style='text-align: center; margin: 40px 0 20px;'> <span style='font-size: 24px; font-weight: 700; color: inherit; border-bottom: 2px solid currentColor; padding-bottom: 8px;'>Especificaciones<\/span> <\/div>\n<p> <!-- Cards Grid --> <\/p>\n<div style='display: flex; flex-wrap: wrap; gap: 20px; margin-bottom: 30px;'> <!-- Card: Caracter\u00edsticas principales --> <\/p>\n<div style='flex: 1 1 250px; border: 1px solid rgba(150&comma;150&comma;150&comma;0.4); border-radius: 8px; overflow: hidden; display: flex; flex-direction: column;'>\n<div style='padding: 15px; border-bottom: 1px solid rgba(150&comma;150&comma;150&comma;0.2); font-weight: bold; font-size: 18px; color: inherit;'>Caracter\u00edsticas principales<\/div>\n<div style='padding: 15px; color: inherit;'>\n<ul style='padding-left: 20px; margin: 0; font-size: 14px; list-style-type: disc;'>\n<li style='margin-bottom: 5px;'><strong>Capacidad de almacenamiento:<\/strong> (2) bah\u00edas para discos 3.5&#8242;<\/li>\n<li style='margin-bottom: 5px;'><strong>Interfaz de red:<\/strong> (1) 2.5 GbE RJ45 (2.5G\/1G\/100M\/10M)<\/li>\n<li style='margin-bottom: 5px;'><strong>Puerto de expansi\u00f3n:<\/strong> (1) USB-C 5 Gbps<\/li>\n<li style='margin-bottom: 5px;'><strong>Factor de forma:<\/strong> escritorio<\/li>\n<li style='margin-bottom: 5px;'><strong>Pantalla:<\/strong> LCM a color 1.47&#8242;<\/li>\n<li style='margin-bottom: 5px;'><strong>Bluetooth:<\/strong> 4.1<\/li>\n<\/ul><\/div>\n<\/p><\/div>\n<p> <!-- Card: Hardware y energ\u00eda --> <\/p>\n<div style='flex: 1 1 250px; border: 1px solid rgba(150&comma;150&comma;150&comma;0.4); border-radius: 8px; overflow: hidden; display: flex; flex-direction: column;'>\n<div style='padding: 15px; border-bottom: 1px solid rgba(150&comma;150&comma;150&comma;0.2); font-weight: bold; font-size: 18px; color: inherit;'>Hardware y energ\u00eda<\/div>\n<div style='padding: 15px; color: inherit;'>\n<ul style='padding-left: 20px; margin: 0; font-size: 14px; list-style-type: disc;'>\n<li style='margin-bottom: 5px;'><strong>Procesador:<\/strong> Quad-Core ARM\u00ae Cortex\u00ae-A55 a 1.7 GHz<\/li>\n<li style='margin-bottom: 5px;'><strong>Memoria:<\/strong> 4 GB<\/li>\n<li style='margin-bottom: 5px;'><strong>M\u00e9todo de alimentaci\u00f3n:<\/strong> PoE++<\/li>\n<li style='margin-bottom: 5px;'><strong>Fuente incluida:<\/strong> adaptador PoE++ 60 W (incluido)<\/li>\n<li style='margin-bottom: 5px;'><strong>Consumo m\u00e1ximo:<\/strong> 60 W<\/li>\n<li style='margin-bottom: 5px;'><strong>Presupuesto m\u00e1x. para unidades:<\/strong> 52 W<\/li>\n<\/ul><\/div>\n<\/p><\/div>\n<p> <!-- Card: F\u00edsicas y entorno --> <\/p>\n<div style='flex: 1 1 250px; border: 1px solid rgba(150&comma;150&comma;150&comma;0.4); border-radius: 8px; overflow: hidden; display: flex; flex-direction: column;'>\n<div style='padding: 15px; border-bottom: 1px solid rgba(150&comma;150&comma;150&comma;0.2); font-weight: bold; font-size: 18px; color: inherit;'>F\u00edsicas y entorno<\/div>\n<div style='padding: 15px; color: inherit;'>\n<ul style='padding-left: 20px; margin: 0; font-size: 14px; list-style-type: disc;'>\n<li style='margin-bottom: 5px;'><strong>Dimensiones:<\/strong> 135 \u00d7 129 \u00d7 223.7 mm (5.3 \u00d7 5.1 \u00d7 8.8&#8242;)<\/li>\n<li style='margin-bottom: 5px;'><strong>Peso:<\/strong> 1.3 kg (2.85 lb)<\/li>\n<li style='margin-bottom: 5px;'><strong>Material del gabinete:<\/strong> policarbonato<\/li>\n<li style='margin-bottom: 5px;'><strong>Indicadores LED:<\/strong> sistema<\/li>\n<li style='margin-bottom: 5px;'><strong>Temperatura de operaci\u00f3n:<\/strong> -5 a 40 \u00b0C (23 a 104 \u00b0F)<\/li>\n<li style='margin-bottom: 5px;'><strong>Humedad de operaci\u00f3n:<\/strong> 10 a 90% sin condensaci\u00f3n<\/li>\n<\/ul><\/div>\n<\/p><\/div>\n<p> <!-- Card: Software y funciones --> <\/p>\n<div style='flex: 1 1 250px; border: 1px solid rgba(150&comma;150&comma;150&comma;0.4); border-radius: 8px; overflow: hidden; display: flex; flex-direction: column;'>\n<div style='padding: 15px; border-bottom: 1px solid rgba(150&comma;150&comma;150&comma;0.2); font-weight: bold; font-size: 18px; color: inherit;'>Software y funciones<\/div>\n<div style='padding: 15px; color: inherit;'>\n<ul style='padding-left: 20px; margin: 0; font-size: 14px; list-style-type: disc;'>\n<li style='margin-bottom: 5px;'><strong>Aplicaci\u00f3n:<\/strong> UniFi Drive (versi\u00f3n 3.1.7 o posterior)<\/li>\n<li style='margin-bottom: 5px;'><strong>App m\u00f3vil:<\/strong> iOS 10.28.0+ \/ Android 10.28.3+<\/li>\n<li style='margin-bottom: 5px;'><strong>Protocolos:<\/strong> NFS y SMB<\/li>\n<li style='margin-bottom: 5px;'><strong>RAID:<\/strong> RAID 1 (grupo \u00fanico)<\/li>\n<li style='margin-bottom: 5px;'><strong>Unidades:<\/strong> personal y compartida<\/li>\n<li style='margin-bottom: 5px;'><strong>Cifrado de archivos:<\/strong> \u2713<\/li>\n<li style='margin-bottom: 5px;'><strong>Respaldo:<\/strong> a UNAS remoto \/ a servidor CIFS\/SMB \/ a nube (Google Drive&comma; OneDrive&comma; Dropbox&comma; Amazon S3&comma; Backblaze B2&comma; Wasabi)<\/li>\n<li style='margin-bottom: 5px;'><strong>Snapshots<\/strong>&comma; <strong>links de compartici\u00f3n<\/strong> y <strong>Time Machine<\/strong>: \u2713<\/li>\n<li style='margin-bottom: 5px;'><strong>Soporte de app cliente<\/strong> y <strong>grupos de usuarios<\/strong>: \u2713<\/li>\n<\/ul><\/div>\n<\/p><\/div>\n<p> <!-- Card: Cumplimiento --> <\/p>\n<div style='flex: 1 1 250px; border: 1px solid rgba(150&comma;150&comma;150&comma;0.4); border-radius: 8px; overflow: hidden; display: flex; flex-direction: column;'>\n<div style='padding: 15px; border-bottom: 1px solid rgba(150&comma;150&comma;150&comma;0.2); font-weight: bold; font-size: 18px; color: inherit;'>Cumplimiento<\/div>\n<div style='padding: 15px; color: inherit;'>\n<ul style='padding-left: 20px; margin: 0; font-size: 14px; list-style-type: disc;'>\n<li style='margin-bottom: 5px;'><strong>Cumplimiento NDAA:<\/strong> \u2713<\/li>\n<li style='margin-bottom: 5px;'><strong>Certificaciones:<\/strong> FCC&comma; CE&comma; IC<\/li>\n<\/ul><\/div>\n<\/p><\/div>\n<\/p><\/div>\n<p> <!-- Vista del producto --> <\/p>\n<div style='border: 1px solid rgba(150&comma;150&comma;150&comma;0.3); border-radius: 8px; padding: 20px; margin-bottom: 30px; text-align: center;'>\n<h3 style='font-size: 20px; margin: 0 0 20px; color: inherit; border-bottom: 2px solid currentColor; padding-bottom: 8px;'>Vista del producto<\/h3>\n<div style='display: flex; flex-wrap: wrap; justify-content: center; gap: 20px;'> <img style='width: 100%; max-width: 480px; height: auto; border: 1px solid rgba(150&comma;150&comma;150&comma;0.3); border-radius: 8px;' src='https:\/\/ftp3.syscom.mx\/usuarios\/adiaz\/Ubiquiti\/Imagenes\/UNAS2\/vista1b.png' alt='UNAS-2 vista 1'> <img style='width: 100%; max-width: 480px; height: auto; border: 1px solid rgba(150&comma;150&comma;150&comma;0.3); border-radius: 8px;' src='https:\/\/ftp3.syscom.mx\/usuarios\/adiaz\/Ubiquiti\/Imagenes\/UNAS2\/vista2b.png' alt='UNAS-2 vista 2'> <\/div>\n<\/p><\/div>\n<p> <!-- Contenido del Paquete --> <\/p>\n<div style='border: 1px solid rgba(150&comma;150&comma;150&comma;0.3); border-radius: 8px; padding: 20px; margin-bottom: 30px; text-align: center;'>\n<h3 style='font-size: 20px; margin: 0 0 20px; color: inherit; border-bottom: 2px solid currentColor; padding-bottom: 8px;'>Contenido del Paquete<\/h3>\n<p> <img style='width: 100%; max-width: 600px; height: auto; border: 1px solid rgba(150&comma;150&comma;150&comma;0.3); border-radius: 8px;' src='https:\/\/ftp3.syscom.mx\/usuarios\/adiaz\/Ubiquiti\/Imagenes\/UNAS2\/contenidob.png' alt='Contenido del paquete UNAS-2'> <\/div>\n<\/p><\/div>\n","protected":false},"excerpt":{"rendered":"<p>UniFi UNAS-2 \u2013 Almacenamiento en Red (NAS) Compacto con 2 Bah\u00edas para HDD de 3.5\u201d, Puerto de Red 2.5 GbE, Conectividad USB-C y Adaptador PoE++ Incluido<\/p>\n","protected":false},"featured_media":102544,"comment_status":"open","ping_status":"closed","template":"","meta":[],"product_brand":[],"product_cat":[2064],"product_tag":[2066,2065,166],"class_list":{"0":"post-102545","1":"product","2":"type-product","3":"status-publish","4":"has-post-thumbnail","6":"product_cat-almacenamiento-nas-san-esata","7":"product_tag-almacenamiento-nas-san-esata","8":"product_tag-servidores-almacenamiento","9":"product_tag-ubiquiti","11":"first","12":"outofstock","13":"sale","14":"shipping-taxable","15":"purchasable","16":"product-type-simple"},"_links":{"self":[{"href":"https:\/\/soydeaqui.ddns.net\/pachuca\/index.php\/wp-json\/wp\/v2\/product\/102545","targetHints":{"allow":["GET"]}}],"collection":[{"href":"https:\/\/soydeaqui.ddns.net\/pachuca\/index.php\/wp-json\/wp\/v2\/product"}],"about":[{"href":"https:\/\/soydeaqui.ddns.net\/pachuca\/index.php\/wp-json\/wp\/v2\/types\/product"}],"replies":[{"embeddable":true,"href":"https:\/\/soydeaqui.ddns.net\/pachuca\/index.php\/wp-json\/wp\/v2\/comments?post=102545"}],"wp:featuredmedia":[{"embeddable":true,"href":"https:\/\/soydeaqui.ddns.net\/pachuca\/index.php\/wp-json\/wp\/v2\/media\/102544"}],"wp:attachment":[{"href":"https:\/\/soydeaqui.ddns.net\/pachuca\/index.php\/wp-json\/wp\/v2\/media?parent=102545"}],"wp:term":[{"taxonomy":"product_brand","embeddable":true,"href":"https:\/\/soydeaqui.ddns.net\/pachuca\/index.php\/wp-json\/wp\/v2\/product_brand?post=102545"},{"taxonomy":"product_cat","embeddable":true,"href":"https:\/\/soydeaqui.ddns.net\/pachuca\/index.php\/wp-json\/wp\/v2\/product_cat?post=102545"},{"taxonomy":"product_tag","embeddable":true,"href":"https:\/\/soydeaqui.ddns.net\/pachuca\/index.php\/wp-json\/wp\/v2\/product_tag?post=102545"}],"curies":[{"name":"wp","href":"https:\/\/api.w.org\/{rel}","templated":true}]}}