{"id":102543,"date":"2026-03-20T12:57:48","date_gmt":"2026-03-20T12:57:48","guid":{"rendered":"https:\/\/soydeaqui.ddns.net\/pachuca\/index.php\/producto\/ptz-punta-de-poste-ip-dual-lente-termico-100-mm-640-x-512-lente-optico-56x-zoom-4-mp-800-mts-ir-laser-36-vcc-ip66-recubrimiento-anticorrosivo-3\/"},"modified":"2026-03-20T12:57:49","modified_gmt":"2026-03-20T12:57:49","slug":"ptz-punta-de-poste-ip-dual-lente-termico-100-mm-640-x-512-lente-optico-56x-zoom-4-mp-800-mts-ir-laser-36-vcc-ip66-recubrimiento-anticorrosivo-3","status":"publish","type":"product","link":"https:\/\/soydeaqui.ddns.net\/pachuca\/index.php\/producto\/ptz-punta-de-poste-ip-dual-lente-termico-100-mm-640-x-512-lente-optico-56x-zoom-4-mp-800-mts-ir-laser-36-vcc-ip66-recubrimiento-anticorrosivo-3\/","title":{"rendered":"PTZ Punta de Poste IP Dual \/ Lente T\u00e9rmico 100 mm (640 X 512) \/ Lente \u00d3ptico 56X Zoom (4 MP) \/ 800 mts IR Laser \/ 36 VCC \/ IP66 \/ Recubrimiento Anticorrosivo"},"content":{"rendered":"<div style=\"width: 100%; max-width: 1200px; margin: 0 auto; font-family: sans-serif; line-height: 1.6; color: inherit; background-color: transparent;\"><!-- Logo HIKMICRO --><\/p>\n<div style=\"text-align: center; margin: 30px 0;\"><img decoding=\"async\" style=\"width: 100%; max-width: 45%; height: auto; border: 1px solid rgba(150&comma; 150&comma; 150&comma; 0.3); border-radius: 8px;\" src=\"https:\/\/ftp3.syscom.mx\/usuarios\/fotos\/HMTP2310VF\/WM30\/200759-logo-hikmicro.png\" alt=\"Logo HikMicro\" class=\"fr-fic fr-dii\"><\/div>\n<p><!-- T\u00edtulo del producto --><\/p>\n<h3 style=\"font-size: 22px; border-bottom: 2px solid currentColor; padding-bottom: 5px; margin-top: 30px; margin-bottom: 20px; color: inherit; opacity: 0.8; text-align: center;\"><\/h3>\n<p><!-- Descripci\u00f3n General en caja roja --><\/p>\n<div style=\"display: flex; flex-wrap: wrap; gap: 30px; margin: 30px 0;\">\n<div style=\"flex: 1 1 100%; min-width: 300px;\">\n<div style=\"border: 1px solid rgba(150&comma; 150&comma; 150&comma; 0.4); border-radius: 8px; overflow: hidden; display: flex; flex-direction: column;\">\n<div style=\"padding: 15px; background: #df001e; border-bottom: 1px solid #a80000; font-weight: bold; font-size: 18px; color: white; opacity: 0.95;\">DESCRIPCI&Oacute;N GENERAL<\/div>\n<div style=\"padding: 15px; color: inherit;\">\n<p style=\"font-size: 15px; margin: 0;\">Sistema de posicionamiento bi-espectro con recubrimiento anticorrosivo&comma; dise&ntilde;ado para protecci&oacute;n perimetral y prevenci&oacute;n de incendios en puertos&comma; muelles&comma; islas y granjas acu&iacute;colas. Cuenta con m&oacute;dulo t&eacute;rmico de alta resoluci&oacute;n 640&times;512&comma; lente &oacute;ptica zoom 60&times;&comma; sistema PTZ de alta precisi&oacute;n&comma; detecci&oacute;n de incendios y humo&comma; m&oacute;dulo de autolimpieza y garant&iacute;a de 10 a&ntilde;os en el detector.<\/p>\n<\/div>\n<\/div>\n<\/div>\n<\/div>\n<p><!-- SECCI\u00d3N 1: M\u00f3dulos T\u00e9rmico y \u00d3ptico combinados --><\/p>\n<div style=\"display: flex; flex-wrap: wrap; gap: 30px; margin: 30px 0;\">\n<div style=\"flex: 1 1 100%; min-width: 300px;\">\n<div style=\"border: 1px solid rgba(150&comma;150&comma;150&comma;0.4); border-radius: 8px; overflow: hidden;\">\n<div style=\"background: #df001e; color: #ffffff; padding: 15px; font-weight: bold; font-size: 18px; border-bottom: 2px solid #a80000;\">M&Oacute;DULOS T&Eacute;RMICO Y &Oacute;PTICO<\/div>\n<div style=\"padding: 15px; background-color: #f9f9f9;\">\n<div style=\"display: grid; grid-template-columns: 1fr 1fr; gap: 30px;\">\n<div>\n<h4 style=\"font-size: 16px; font-weight: bold; margin-bottom: 10px; color: #df001e;\">C&aacute;mara T&eacute;rmica<\/h4>\n<ul style=\"padding-left: 20px; margin: 0; font-size: 14px;\">\n<li><strong>Resoluci&oacute;n:<\/strong> 640 &times; 512<\/li>\n<li><strong>Sensor:<\/strong> VOx Uncooled FPA<\/li>\n<li><strong>Pixel Interval:<\/strong> 12 &mu;m<\/li>\n<li><strong>NETD:<\/strong> &le; 20 mK (@25&deg;C&comma; F1.0)<\/li>\n<li><strong>Banda espectral:<\/strong> 8 &mu;m a 14 &mu;m<\/li>\n<li><strong>Distancia Focal:<\/strong> 100 mm<\/li>\n<li><strong>IFOV:<\/strong> 0.12 mrad<\/li>\n<li><strong>Campo de Visi&oacute;n:<\/strong> 4.4&deg; (H) &times; 3.5&deg; (V)<\/li>\n<li><strong>Min. Enfoque:<\/strong> 8 m<\/li>\n<li><strong>Zoom Digital:<\/strong> &times;2&comma; &times;4&comma; &times;8<\/li>\n<li><strong>Enfoque:<\/strong> Semi-auto \/ Manual<\/li>\n<\/ul>\n<\/div>\n<div>\n<h4 style=\"font-size: 16px; font-weight: bold; margin-bottom: 10px; color: #df001e;\">C&aacute;mara &Oacute;ptica<\/h4>\n<ul style=\"padding-left: 20px; margin: 0; font-size: 14px;\">\n<li><strong>Resoluci&oacute;n:<\/strong> 4MP (2688 &times; 1520)<\/li>\n<li><strong>Sensor:<\/strong> 1\/1.8&quot; CMOS<\/li>\n<li><strong>Iluminaci&oacute;n M&iacute;nima:<\/strong> Color: 0.002 Lux&comma; B\/N: 0.0002 Lux<\/li>\n<li><strong>Distancia Focal:<\/strong> 6-360 mm (60&times; zoom)<\/li>\n<li><strong>Campo de Visi&oacute;n:<\/strong> 55.56&deg; a 1.86&deg; (H)<\/li>\n<li><strong>Apertura:<\/strong> F1.59 a F5.42<\/li>\n<li><strong>WDR:<\/strong> 120 dB<\/li>\n<li><strong>Zoom Digital:<\/strong> &times;2&comma; &times;4&comma; &times;8&comma; &times;16<\/li>\n<li><strong>Optical Defog:<\/strong> S&iacute;<\/li>\n<li><strong>Enfoque:<\/strong> Auto \/ Semi-auto \/ Manual<\/li>\n<\/ul>\n<\/div>\n<\/div>\n<\/div>\n<\/div>\n<\/div>\n<\/div>\n<p><!-- SECCI\u00d3N 2: Sistema PTZ y Estabilizaci\u00f3n --><\/p>\n<div style=\"display: flex; flex-wrap: wrap; gap: 30px; margin: 30px 0;\">\n<div style=\"flex: 1 1 100%; min-width: 300px;\">\n<div style=\"border: 1px solid rgba(150&comma;150&comma;150&comma;0.4); border-radius: 8px; overflow: hidden;\">\n<div style=\"background: #df001e; color: #ffffff; padding: 15px; font-weight: bold; font-size: 18px; border-bottom: 2px solid #a80000;\">SISTEMA PTZ Y ESTABILIZACI&Oacute;N<\/div>\n<div style=\"padding: 15px; background-color: #f9f9f9;\">\n<div style=\"display: grid; grid-template-columns: 1fr 1fr; gap: 30px;\">\n<div>\n<h4 style=\"font-size: 16px; font-weight: bold; margin-bottom: 10px; color: #df001e;\">Movimiento<\/h4>\n<ul style=\"padding-left: 20px; margin: 0; font-size: 14px;\">\n<li><strong>Pan:<\/strong> 360&deg; continuo<\/li>\n<li><strong>Tilt:<\/strong> -85&deg; a +85&deg; (auto flip)<\/li>\n<li><strong>Velocidad Pan:<\/strong> 0.01&deg;\/s a 110&deg;\/s<\/li>\n<li><strong>Velocidad Tilt:<\/strong> 0.01&deg;\/s a 50&deg;\/s<\/li>\n<li><strong>Zoom proporcional:<\/strong> S&iacute;<\/li>\n<li><strong>Presets:<\/strong> 300 total<\/li>\n<li><strong>Patrol Scan:<\/strong> 8&comma; hasta 32 presets<\/li>\n<li><strong>Pattern Scan:<\/strong> 4&comma; &gt;10 minutos<\/li>\n<li><strong>Power Off Memory:<\/strong> S&iacute;<\/li>\n<\/ul>\n<\/div>\n<div>\n<h4 style=\"font-size: 16px; font-weight: bold; margin-bottom: 10px; color: #df001e;\">Estabilizaci&oacute;n<\/h4>\n<ul style=\"padding-left: 20px; margin: 0; font-size: 14px;\">\n<li><strong>EIS:<\/strong> Estabilizaci&oacute;n electr&oacute;nica (t&eacute;rmica)<\/li>\n<li><strong>OIS:<\/strong> Estabilizaci&oacute;n &oacute;ptica (&oacute;ptica)<\/li>\n<\/ul>\n<h4 style=\"font-size: 16px; font-weight: bold; margin: 15px 0 10px; color: #df001e;\">Imagen<\/h4>\n<ul style=\"padding-left: 20px; margin: 0; font-size: 14px;\">\n<li><strong>Picture in Picture:<\/strong> S&iacute;<\/li>\n<li><strong>Coloraci&oacute;n objetivo:<\/strong> White hot\/Black hot<\/li>\n<li><strong>Paletas de color:<\/strong> 15 tipos<\/li>\n<\/ul>\n<\/div>\n<\/div>\n<\/div>\n<\/div>\n<\/div>\n<\/div>\n<p><!-- SECCI\u00d3N 3: Funciones Inteligentes (VCA + Temperatura + Detecciones) --><\/p>\n<div style=\"display: flex; flex-wrap: wrap; gap: 30px; margin: 30px 0;\">\n<div style=\"flex: 1 1 100%; min-width: 300px;\">\n<div style=\"border: 1px solid rgba(150&comma;150&comma;150&comma;0.4); border-radius: 8px; overflow: hidden;\">\n<div style=\"background: #df001e; color: #ffffff; padding: 15px; font-weight: bold; font-size: 18px; border-bottom: 2px solid #a80000;\">FUNCIONES INTELIGENTES<\/div>\n<div style=\"padding: 15px; background-color: #f9f9f9;\">\n<div style=\"display: grid; grid-template-columns: 1fr 1fr; gap: 30px;\">\n<div>\n<h4 style=\"font-size: 16px; font-weight: bold; margin-bottom: 10px; color: #df001e;\">VCA (Protecci&oacute;n Perimetral)<\/h4>\n<ul style=\"padding-left: 20px; margin: 0; font-size: 14px;\">\n<li>4 tipos: cruce de l&iacute;nea&comma; intrusi&oacute;n&comma; entrada\/salida<\/li>\n<li>Hasta 10 escenas<\/li>\n<li>8 reglas VCA por escena<\/li>\n<li>Detecci&oacute;n extendida con IA GUANLAN<\/li>\n<\/ul>\n<h4 style=\"font-size: 16px; font-weight: bold; margin: 15px 0 10px; color: #df001e;\">Medici&oacute;n Temperatura<\/h4>\n<ul style=\"padding-left: 20px; margin: 0; font-size: 14px;\">\n<li><strong>Rango:<\/strong> -20&deg;C a 150&deg;C<\/li>\n<li><strong>Precisi&oacute;n:<\/strong> &plusmn;8&deg;C (&plusmn;14.4&deg;F)<\/li>\n<li>273 presets como escena<\/li>\n<li>21 reglas por escena (10 puntos&comma; 10 &aacute;reas&comma; 1 l&iacute;nea)<\/li>\n<li>Alarma por excepci&oacute;n de temperatura<\/li>\n<\/ul>\n<\/div>\n<div>\n<h4 style=\"font-size: 16px; font-weight: bold; margin-bottom: 10px; color: #df001e;\">Detecci&oacute;n de Incendios<\/h4>\n<ul style=\"padding-left: 20px; margin: 0; font-size: 14px;\">\n<li><strong>Fire Detection:<\/strong> Hasta 10 puntos de fuego<\/li>\n<li><strong>Smoke Detection:<\/strong> Hasta 6 km de detecci&oacute;n (5&times;5m)<\/li>\n<\/ul>\n<h4 style=\"font-size: 16px; font-weight: bold; margin: 15px 0 10px; color: #df001e;\">Iluminador<\/h4>\n<ul style=\"padding-left: 20px; margin: 0; font-size: 14px;\">\n<li><strong>L&aacute;ser distancia:<\/strong> Hasta 2000 m<\/li>\n<li>Intensidad y &aacute;ngulo autom&aacute;ticos<\/li>\n<\/ul>\n<\/div>\n<\/div>\n<\/div>\n<\/div>\n<\/div>\n<\/div>\n<p><!-- SECCI\u00d3N 4: Rangos de Detecci\u00f3n (VCA + DORI + Temperatura + Incendios) --><\/p>\n<div style=\"display: flex; flex-wrap: wrap; gap: 30px; margin: 30px 0;\">\n<div style=\"flex: 1 1 100%; min-width: 300px;\">\n<div style=\"border: 1px solid rgba(150&comma;150&comma;150&comma;0.4); border-radius: 8px; overflow: hidden;\">\n<div style=\"background: #df001e; color: #ffffff; padding: 15px; font-weight: bold; font-size: 18px; border-bottom: 2px solid #a80000;\">RANGOS DE DETECCI&Oacute;N<\/div>\n<div style=\"padding: 15px; background-color: #f9f9f9;\">\n<div style=\"display: grid; grid-template-columns: 1fr 1fr; gap: 30px;\">\n<div>\n<h4 style=\"font-size: 16px; font-weight: bold; margin-bottom: 10px; color: #df001e;\">VCA Range<\/h4>\n<ul style=\"padding-left: 20px; margin: 0; font-size: 14px;\">\n<li><strong>Humanos (1.8&times;0.5m):<\/strong> 1300 m<\/li>\n<li><strong>Veh&iacute;culos (1.4&times;4.0m):<\/strong> 3000 m<\/li>\n<li><strong>Embarcaciones (10&times;5m):<\/strong> 4000 m<\/li>\n<\/ul>\n<h4 style=\"font-size: 16px; font-weight: bold; margin: 15px 0 10px; color: #df001e;\">Medici&oacute;n Temperatura<\/h4>\n<ul style=\"padding-left: 20px; margin: 0; font-size: 14px;\">\n<li><strong>Objeto 1&times;1m:<\/strong> 1667 m<\/li>\n<\/ul>\n<\/div>\n<div>\n<h4 style=\"font-size: 16px; font-weight: bold; margin-bottom: 10px; color: #df001e;\">Detecci&oacute;n Incendios<\/h4>\n<ul style=\"padding-left: 20px; margin: 0; font-size: 14px;\">\n<li><strong>Fuego (1&times;1m):<\/strong> 4000 m<\/li>\n<li><strong>Humo (5&times;5m):<\/strong> 6000 m<\/li>\n<\/ul>\n<h4 style=\"font-size: 16px; font-weight: bold; margin: 15px 0 10px; color: #df001e;\">DORI&nbsp;<\/h4>\n<ul style=\"padding-left: 20px; margin: 0; font-size: 14px;\">\n<li><strong>Detecci&oacute;n Humanos:<\/strong> 4167 m<\/li>\n<li><strong>Detecci&oacute;n Veh&iacute;culos:<\/strong> 12778 m<\/li>\n<li><strong>Reconocimiento Humanos:<\/strong> 1042 m<\/li>\n<li><strong>Reconocimiento Veh&iacute;culos:<\/strong> 3194 m<\/li>\n<li><strong>Identificaci&oacute;n Humanos:<\/strong> 521 m<\/li>\n<li><strong>Identificaci&oacute;n Veh&iacute;culos:<\/strong> 1597 m<\/li>\n<\/ul>\n<\/div>\n<\/div>\n<\/div>\n<\/div>\n<\/div>\n<\/div>\n<p><!-- SECCI\u00d3N 5: Video&comma; Audio y Red --><\/p>\n<div style=\"display: flex; flex-wrap: wrap; gap: 30px; margin: 30px 0;\">\n<div style=\"flex: 1 1 100%; min-width: 300px;\">\n<div style=\"border: 1px solid rgba(150&comma;150&comma;150&comma;0.4); border-radius: 8px; overflow: hidden;\">\n<div style=\"background: #df001e; color: #ffffff; padding: 15px; font-weight: bold; font-size: 18px; border-bottom: 2px solid #a80000;\">VIDEO&comma; AUDIO Y RED<\/div>\n<div style=\"padding: 15px; background-color: #f9f9f9;\">\n<div style=\"display: grid; grid-template-columns: 1fr 1fr 1fr; gap: 20px;\">\n<div>\n<h4 style=\"font-size: 16px; font-weight: bold; margin-bottom: 10px; color: #df001e;\">Video<\/h4>\n<ul style=\"padding-left: 20px; margin: 0; font-size: 14px;\">\n<li><strong>Compresi&oacute;n:<\/strong> H.265\/H.264<\/li>\n<li><strong>Main Stream &Oacute;ptico:<\/strong> 25\/30 fps (2688&times;1520)<\/li>\n<li><strong>Main Stream T&eacute;rmico:<\/strong> 25 fps (1920&times;1080)<\/li>\n<\/ul>\n<h4 style=\"font-size: 16px; font-weight: bold; margin: 15px 0 10px; color: #df001e;\">Audio<\/h4>\n<ul style=\"padding-left: 20px; margin: 0; font-size: 14px;\">\n<li><strong>Compresi&oacute;n:<\/strong> G.711u\/a&comma; G.722.1&comma; MP2L2&comma; G.726&comma; PCM<\/li>\n<\/ul>\n<\/div>\n<div>\n<h4 style=\"font-size: 16px; font-weight: bold; margin-bottom: 10px; color: #df001e;\">Protocolos<\/h4>\n<ul style=\"padding-left: 20px; margin: 0; font-size: 14px;\">\n<li>IPv4\/IPv6&comma; HTTP&comma; HTTPS&comma; FTP&comma; SMTP<\/li>\n<li>UPnP&comma; SNMP&comma; DNS&comma; DDNS&comma; NTP<\/li>\n<li>RTSP&comma; RTP&comma; TCP&comma; UDP&comma; IGMP&comma; ICMP<\/li>\n<li>DHCP&comma; PPPoE&comma; 802.1x&comma; QoS<\/li>\n<\/ul>\n<\/div>\n<div>\n<h4 style=\"font-size: 16px; font-weight: bold; margin-bottom: 10px; color: #df001e;\">Compatibilidad<\/h4>\n<ul style=\"padding-left: 20px; margin: 0; font-size: 14px;\">\n<li><strong>API:<\/strong> ISAPI&comma; ISUP&comma; SDK<\/li>\n<li><strong>ONVIF:<\/strong> Profile S&comma; G&comma; T<\/li>\n<li><strong>Clientes:<\/strong> iVMS-4200&comma; Hik-Connect<\/li>\n<li><strong>Usuarios:<\/strong> Hasta 20 canales<\/li>\n<li><strong>Seguridad:<\/strong> Autenticaci&oacute;n&comma; HTTPS&comma; 802.1x<\/li>\n<\/ul>\n<\/div>\n<\/div>\n<\/div>\n<\/div>\n<\/div>\n<\/div>\n<p><!-- SECCI\u00d3N 6: Caracter\u00edsticas F\u00edsicas&comma; El\u00e9ctricas&comma; Interfaces y Accesorios --><\/p>\n<div style=\"display: flex; flex-wrap: wrap; gap: 30px; margin: 30px 0;\">\n<div style=\"flex: 1 1 100%; min-width: 300px;\">\n<div style=\"border: 1px solid rgba(150&comma;150&comma;150&comma;0.4); border-radius: 8px; overflow: hidden;\">\n<div style=\"background: #df001e; color: #ffffff; padding: 15px; font-weight: bold; font-size: 18px; border-bottom: 2px solid #a80000;\">CARACTER&Iacute;STICAS F&Iacute;SICAS&comma; EL&Eacute;CTRICAS E INTERFACES<\/div>\n<div style=\"padding: 15px; background-color: #f9f9f9;\">\n<div style=\"display: grid; grid-template-columns: 1fr 1fr 1fr; gap: 20px;\">\n<div>\n<h4 style=\"font-size: 16px; font-weight: bold; margin-bottom: 10px; color: #df001e;\">Alimentaci&oacute;n<\/h4>\n<ul style=\"padding-left: 20px; margin: 0; font-size: 14px;\">\n<li>36 VDC &plusmn; 20%<\/li>\n<li>48 VDC &plusmn; 20%<\/li>\n<li><strong>Consumo:<\/strong> Max. 150 W<\/li>\n<\/ul>\n<h4 style=\"font-size: 16px; font-weight: bold; margin: 15px 0 10px; color: #df001e;\">Protecci&oacute;n<\/h4>\n<ul style=\"padding-left: 20px; margin: 0; font-size: 14px;\">\n<li><strong>IP66&comma; NEMA 4X<\/strong><\/li>\n<li>TVS 6000V: rayos&comma; sobretensiones<\/li>\n<li>Limpiaparabrisas integrado<\/li>\n<li>M&oacute;dulo autolimpieza<\/li>\n<\/ul>\n<\/div>\n<div>\n<h4 style=\"font-size: 16px; font-weight: bold; margin-bottom: 10px; color: #df001e;\">Ambientales<\/h4>\n<ul style=\"padding-left: 20px; margin: 0; font-size: 14px;\">\n<li><strong>Temperatura:<\/strong> -40&deg;C a 70&deg;C<\/li>\n<li><strong>Humedad:<\/strong> 95% m&aacute;x.<\/li>\n<li><strong>Dimensiones:<\/strong> 543.8&times;399.7&times;390.3 mm<\/li>\n<li><strong>Peso:<\/strong> 27.5 kg<\/li>\n<li>Protecci&oacute;n anticorrosi&oacute;n moderada<\/li>\n<\/ul>\n<\/div>\n<div>\n<h4 style=\"font-size: 16px; font-weight: bold; margin-bottom: 10px; color: #df001e;\">Interfaces<\/h4>\n<ul style=\"padding-left: 20px; margin: 0; font-size: 14px;\">\n<li><strong>Alarma IN:<\/strong> 7 (0-5 VDC)<\/li>\n<li><strong>Alarma OUT:<\/strong> 2 rel&eacute;s<\/li>\n<li><strong>Audio IN\/OUT:<\/strong> 1\/1 (3.5mm)<\/li>\n<li><strong>RJ45:<\/strong> 10\/100M<\/li>\n<li><strong>RS-485:<\/strong> 1<\/li>\n<li><strong>Salida Anal&oacute;gica:<\/strong> BNC<\/li>\n<\/ul>\n<h4 style=\"font-size: 16px; font-weight: bold; margin: 15px 0 10px; color: #df001e;\">Certificaciones<\/h4>\n<ul style=\"padding-left: 20px; margin: 0; font-size: 14px;\">\n<li>CE-EMC&comma; CE-LVD&comma; CE-RoHS<\/li>\n<li>CB&comma; IC&comma; NEMA 4X<\/li>\n<\/ul>\n<\/div>\n<\/div>\n<\/div>\n<\/div>\n<\/div>\n<\/div>\n<p><!-- SECCI\u00d3N 7: Modelo Disponible --> <!-- Banner final --><\/p>\n<hr style=\"border: 0; border-top: 1px solid rgba(150&comma; 150&comma; 150&comma; 0.3); margin: 40px 0;\">\n<div style=\"text-align: center; margin: 30px 0;\"><img decoding=\"async\" style=\"width: 100%; border: 1px solid rgba(150&comma; 150&comma; 150&comma; 0.3); border-radius: 8px;\" src=\"https:\/\/ftp3.syscom.mx\/usuarios\/smendoza\/smendozaro\/Hikmicro\/hikmicro_camtermica.jpg\" alt=\"Banner final HikMicro\" class=\"fr-fic fr-dii\"><\/div>\n<\/div>\n","protected":false},"excerpt":{"rendered":"<p>PTZ Punta de Poste IP Dual \/ Lente T\u00e9rmico 100 mm (640 X 512) \/ Lente \u00d3ptico 56X Zoom (4 MP) \/ 800 mts IR Laser \/ 36 VCC \/ IP66 \/ Recubrimiento Anticorrosivo<\/p>\n","protected":false},"featured_media":102542,"comment_status":"open","ping_status":"closed","template":"","meta":[],"product_brand":[],"product_cat":[1224],"product_tag":[122,54,1225],"class_list":{"0":"post-102543","1":"product","2":"type-product","3":"status-publish","4":"has-post-thumbnail","6":"product_cat-ptz","7":"product_tag-camaras-ip-y-nvrs","8":"product_tag-hikvision","9":"product_tag-ptz","11":"first","12":"instock","13":"sale","14":"shipping-taxable","15":"purchasable","16":"product-type-simple"},"_links":{"self":[{"href":"https:\/\/soydeaqui.ddns.net\/pachuca\/index.php\/wp-json\/wp\/v2\/product\/102543","targetHints":{"allow":["GET"]}}],"collection":[{"href":"https:\/\/soydeaqui.ddns.net\/pachuca\/index.php\/wp-json\/wp\/v2\/product"}],"about":[{"href":"https:\/\/soydeaqui.ddns.net\/pachuca\/index.php\/wp-json\/wp\/v2\/types\/product"}],"replies":[{"embeddable":true,"href":"https:\/\/soydeaqui.ddns.net\/pachuca\/index.php\/wp-json\/wp\/v2\/comments?post=102543"}],"wp:featuredmedia":[{"embeddable":true,"href":"https:\/\/soydeaqui.ddns.net\/pachuca\/index.php\/wp-json\/wp\/v2\/media\/102542"}],"wp:attachment":[{"href":"https:\/\/soydeaqui.ddns.net\/pachuca\/index.php\/wp-json\/wp\/v2\/media?parent=102543"}],"wp:term":[{"taxonomy":"product_brand","embeddable":true,"href":"https:\/\/soydeaqui.ddns.net\/pachuca\/index.php\/wp-json\/wp\/v2\/product_brand?post=102543"},{"taxonomy":"product_cat","embeddable":true,"href":"https:\/\/soydeaqui.ddns.net\/pachuca\/index.php\/wp-json\/wp\/v2\/product_cat?post=102543"},{"taxonomy":"product_tag","embeddable":true,"href":"https:\/\/soydeaqui.ddns.net\/pachuca\/index.php\/wp-json\/wp\/v2\/product_tag?post=102543"}],"curies":[{"name":"wp","href":"https:\/\/api.w.org\/{rel}","templated":true}]}}