{"id":10250,"date":"2026-03-18T07:33:19","date_gmt":"2026-03-18T07:33:19","guid":{"rendered":"https:\/\/soydeaqui.ddns.net\/pachuca\/index.php\/producto\/placa-adaptadora-quick-pack-ciega-color-negro\/"},"modified":"2026-03-18T07:33:24","modified_gmt":"2026-03-18T07:33:24","slug":"placa-adaptadora-quick-pack-ciega-color-negro","status":"publish","type":"product","link":"https:\/\/soydeaqui.ddns.net\/pachuca\/index.php\/producto\/placa-adaptadora-quick-pack-ciega-color-negro\/","title":{"rendered":"Placa adaptadora Quick-Pack, Ciega, Color Negro"},"content":{"rendered":"<div style='width: 100%; max-width: 1200px; margin: 0 auto; font-family: sans-serif; line-height: 1.6; color: inherit; background-color: transparent;'> <!-- Secci\u00f3n de introducci\u00f3n --> <\/p>\n<div style='margin-bottom: 30px; font-size: 15px;'>\n<p style='margin-bottom: 15px;'>Las placas adaptadoras Quick-Pack para organizadores de fibra cuentan con una patente de retenci\u00f3n integrada&comma; que permite realizar instalaciones y actualizaciones de manera m\u00e1s f\u00e1cil&comma; a\u00fan en ambientes de alta densidad. Esta l\u00ednea cuenta con una amplia variedad de opciones para fibra monomodo y multimodo con conectores: ST-SC&comma; FC&comma; LC&comma; ST y SC.<\/p>\n<p style='margin-bottom: 0;'>Para uso con paneles organizadores de fibra \u00f3ptica: FCP3&comma; SWIC3 y RIC3<\/p>\n<\/p><\/div>\n<p> <!-- Secci\u00f3n de caracter\u00edsticas principales --> <\/p>\n<div style='display: flex; flex-wrap: wrap; gap: 30px; margin-bottom: 30px;'>\n<div style='flex: 1 1 300px; min-width: 280px;'>\n<h3 style='font-size: 22px; border-bottom: 2px solid currentColor; padding-bottom: 5px; margin-top: 0; color: inherit; opacity: 0.8;'>Caracter\u00edsticas t\u00e9cnicas<\/h3>\n<ul style='padding-left: 20px; font-size: 15px; color: inherit;'>\n<li style='margin-bottom: 5px;'>Patente de retenci\u00f3n integrada para f\u00e1cil instalaci\u00f3n y actualizaci\u00f3n<\/li>\n<li style='margin-bottom: 5px;'>Dise\u00f1o optimizado para ambientes de alta densidad<\/li>\n<li style='margin-bottom: 5px;'>Compatibilidad con conectores: ST-SC&comma; FC&comma; LC&comma; ST y SC<\/li>\n<li style='margin-bottom: 5px;'>Para uso con paneles organizadores de fibra \u00f3ptica: FCP3&comma; SWIC3 y RIC3<\/li>\n<li style='margin-bottom: 5px;'>Disponible en color negro<\/li>\n<\/ul><\/div>\n<p> <!-- Secci\u00f3n de aplicaciones --> <\/p>\n<div style='flex: 1 1 300px; min-width: 280px;'>\n<h3 style='font-size: 22px; border-bottom: 2px solid currentColor; padding-bottom: 5px; margin-top: 0; color: inherit; opacity: 0.8;'>Aplicaciones<\/h3>\n<ul style='padding-left: 20px; font-size: 15px; color: inherit;'>\n<li style='margin-bottom: 5px;'>Instalaciones de fibra \u00f3ptica en ambientes de alta densidad<\/li>\n<li style='margin-bottom: 5px;'>Centros de datos y salas de telecomunicaciones<\/li>\n<li style='margin-bottom: 5px;'>Sistemas de fibra \u00f3ptica para edificios comerciales<\/li>\n<li style='margin-bottom: 5px;'>Actualizaciones y mantenimiento de infraestructuras de fibra existentes<\/li>\n<\/ul><\/div>\n<\/p><\/div>\n<p> <!-- Secci\u00f3n de especificaciones t\u00e9cnicas --> <\/p>\n<div style='display: flex; flex-wrap: wrap; gap: 20px; margin-bottom: 30px;'>\n<div style='flex: 1 1 250px; border: 1px solid rgba(150&comma; 150&comma; 150&comma; 0.4); border-radius: 8px; overflow: hidden; display: flex; flex-direction: column;'>\n<div style='padding: 15px; border-bottom: 1px solid rgba(150&comma; 150&comma; 150&comma; 0.2); font-weight: bold; font-size: 18px; color: inherit;'>Capacidad de fibra<\/div>\n<div style='padding: 15px; color: inherit;'>\n<ul style='padding-left: 20px; margin: 0; font-size: 14px; list-style-type: disc;'>\n<li style='margin-bottom: 5px;'><strong>6 Fibers:<\/strong> 3 duplex SC adapters<\/li>\n<li style='margin-bottom: 5px;'><strong>8 Fibers:<\/strong> 4 duplex SC adapters<\/li>\n<li style='margin-bottom: 5px;'><strong>12 Fibers:<\/strong> 6 duplex SC adapters<\/li>\n<li style='margin-bottom: 5px;'><strong>16 Fibers:<\/strong> 4 quad LC adapters<\/li>\n<li style='margin-bottom: 5px;'><strong>24 Fibers:<\/strong> 6 quad LC adapters<\/li>\n<\/ul><\/div>\n<\/p><\/div>\n<div style='flex: 1 1 250px; border: 1px solid rgba(150&comma; 150&comma; 150&comma; 0.4); border-radius: 8px; overflow: hidden; display: flex; flex-direction: column;'>\n<div style='padding: 15px; border-bottom: 1px solid rgba(150&comma; 150&comma; 150&comma; 0.2); font-weight: bold; font-size: 18px; color: inherit;'>Compatibilidad<\/div>\n<div style='padding: 15px; color: inherit;'>\n<ul style='padding-left: 20px; margin: 0; font-size: 14px; list-style-type: disc;'>\n<li style='margin-bottom: 5px;'><strong>FCP3:<\/strong> Panel organizador de fibra \u00f3ptica<\/li>\n<li style='margin-bottom: 5px;'><strong>SWIC3:<\/strong> Panel organizador de fibra \u00f3ptica<\/li>\n<li style='margin-bottom: 5px;'><strong>RIC3:<\/strong> Panel organizador de fibra \u00f3ptica<\/li>\n<\/ul><\/div>\n<\/p><\/div>\n<div style='flex: 1 1 250px; border: 1px solid rgba(150&comma; 150&comma; 150&comma; 0.4); border-radius: 8px; overflow: hidden; display: flex; flex-direction: column;'>\n<div style='padding: 15px; border-bottom: 1px solid rgba(150&comma; 150&comma; 150&comma; 0.2); font-weight: bold; font-size: 18px; color: inherit;'>Opciones de conectores<\/div>\n<div style='padding: 15px; color: inherit;'>\n<ul style='padding-left: 20px; margin: 0; font-size: 14px; list-style-type: disc;'>\n<li style='margin-bottom: 5px;'>ST<\/li>\n<li style='margin-bottom: 5px;'>SC<\/li>\n<li style='margin-bottom: 5px;'>LC<\/li>\n<li style='margin-bottom: 5px;'>MT-RJ<\/li>\n<li style='margin-bottom: 5px;'>FC<\/li>\n<li style='margin-bottom: 5px;'>ST-SC<\/li>\n<\/ul><\/div>\n<\/p><\/div>\n<\/p><\/div>\n<p> <!-- Separador --> <\/p>\n<hr style='border: 0; border-top: 1px solid rgba(150&comma; 150&comma; 150&comma; 0.3); margin: 30px 0;'> <!-- Secci\u00f3n de informaci\u00f3n adicional --> <\/p>\n<div style='display: flex; flex-wrap: wrap; gap: 30px; margin-bottom: 30px;'>\n<div style='flex: 1 1 300px; min-width: 280px;'>\n<h3 style='font-size: 22px; border-bottom: 2px solid currentColor; padding-bottom: 5px; margin-top: 0; color: inherit; opacity: 0.8;'>Informaci\u00f3n adicional<\/h3>\n<ul style='padding-left: 20px; font-size: 15px; color: inherit;'>\n<li style='margin-bottom: 5px;'><strong>Color:<\/strong> Negro<\/li>\n<li style='margin-bottom: 5px;'><strong>Modelo:<\/strong> RICFBLNK01<\/li>\n<li style='margin-bottom: 5px;'><strong>Tipo:<\/strong> Placa adaptadora ciega<\/li>\n<li style='margin-bottom: 5px;'><strong>Uso:<\/strong> Para organizadores de fibra \u00f3ptica<\/li>\n<\/ul><\/div>\n<div style='flex: 1 1 300px; min-width: 280px;'>\n<h3 style='font-size: 22px; border-bottom: 2px solid currentColor; padding-bottom: 5px; margin-top: 0; color: inherit; opacity: 0.8;'>Compatibilidad con splicing<\/h3>\n<ul style='padding-left: 20px; font-size: 15px; color: inherit;'>\n<li style='margin-bottom: 5px;'><strong>Splicing por fusi\u00f3n:<\/strong> Hasta 72 splices en FCP3<\/li>\n<li style='margin-bottom: 5px;'><strong>Splicing mec\u00e1nico:<\/strong> Compatibilidad con bandejas de splicing est\u00e1ndar<\/li>\n<li style='margin-bottom: 5px;'><strong>Bandejas de splicing:<\/strong> Disponibles por separado (hasta 24 splices est\u00e1ndar o 12 splices mini)<\/li>\n<\/ul><\/div>\n<\/p><\/div>\n<\/p><\/div>\n","protected":false},"excerpt":{"rendered":"<p>Placa adaptadora Quick-Pack, Ciega, Color Negro<\/p>\n","protected":false},"featured_media":10249,"comment_status":"open","ping_status":"closed","template":"","meta":[],"product_brand":[],"product_cat":[621],"product_tag":[622,611,600],"class_list":{"0":"post-10250","1":"product","2":"type-product","3":"status-publish","4":"has-post-thumbnail","6":"product_cat-distribuidores-de-fibra-optica","7":"product_tag-distribuidores-de-fibra-optica","8":"product_tag-fibra-optica","9":"product_tag-siemon","11":"first","12":"outofstock","13":"sale","14":"shipping-taxable","15":"purchasable","16":"product-type-simple"},"_links":{"self":[{"href":"https:\/\/soydeaqui.ddns.net\/pachuca\/index.php\/wp-json\/wp\/v2\/product\/10250","targetHints":{"allow":["GET"]}}],"collection":[{"href":"https:\/\/soydeaqui.ddns.net\/pachuca\/index.php\/wp-json\/wp\/v2\/product"}],"about":[{"href":"https:\/\/soydeaqui.ddns.net\/pachuca\/index.php\/wp-json\/wp\/v2\/types\/product"}],"replies":[{"embeddable":true,"href":"https:\/\/soydeaqui.ddns.net\/pachuca\/index.php\/wp-json\/wp\/v2\/comments?post=10250"}],"wp:featuredmedia":[{"embeddable":true,"href":"https:\/\/soydeaqui.ddns.net\/pachuca\/index.php\/wp-json\/wp\/v2\/media\/10249"}],"wp:attachment":[{"href":"https:\/\/soydeaqui.ddns.net\/pachuca\/index.php\/wp-json\/wp\/v2\/media?parent=10250"}],"wp:term":[{"taxonomy":"product_brand","embeddable":true,"href":"https:\/\/soydeaqui.ddns.net\/pachuca\/index.php\/wp-json\/wp\/v2\/product_brand?post=10250"},{"taxonomy":"product_cat","embeddable":true,"href":"https:\/\/soydeaqui.ddns.net\/pachuca\/index.php\/wp-json\/wp\/v2\/product_cat?post=10250"},{"taxonomy":"product_tag","embeddable":true,"href":"https:\/\/soydeaqui.ddns.net\/pachuca\/index.php\/wp-json\/wp\/v2\/product_tag?post=10250"}],"curies":[{"name":"wp","href":"https:\/\/api.w.org\/{rel}","templated":true}]}}