{"id":102494,"date":"2026-03-20T12:55:24","date_gmt":"2026-03-20T12:55:24","guid":{"rendered":"https:\/\/soydeaqui.ddns.net\/pachuca\/index.php\/producto\/ptz-ip-4-megapixel-32x-zoom-darkfighter-acusense-evita-falsas-alarmas-exterior-ip66-wdr-120-db-poe-alarmas-y-audio-i-o-micro-sd-metal-24-vca\/"},"modified":"2026-03-20T12:55:25","modified_gmt":"2026-03-20T12:55:25","slug":"ptz-ip-4-megapixel-32x-zoom-darkfighter-acusense-evita-falsas-alarmas-exterior-ip66-wdr-120-db-poe-alarmas-y-audio-i-o-micro-sd-metal-24-vca","status":"publish","type":"product","link":"https:\/\/soydeaqui.ddns.net\/pachuca\/index.php\/producto\/ptz-ip-4-megapixel-32x-zoom-darkfighter-acusense-evita-falsas-alarmas-exterior-ip66-wdr-120-db-poe-alarmas-y-audio-i-o-micro-sd-metal-24-vca\/","title":{"rendered":"PTZ IP 4 Megapixel \/ 32X Zoom  \/ DARKFIGHTER \/ ACUSENSE (Evita Falsas Alarmas) \/ Exterior IP66 \/ WDR 120 dB \/ PoE+ \/ Alarmas y Audio I\/O \/ Micro SD \/ Metal \/ 24 VCA"},"content":{"rendered":"<div style='width: 100%; max-width: 1200px; margin: 0 auto; font-family: sans-serif; line-height: 1.6; color: inherit; background-color: transparent;'>\n<p style='text-align: center; margin: 0;'> <img style='width: 45%; height: auto; border: 1px solid rgba(150&comma;150&comma;150&comma;0.3); border-radius: 8px;' src='https:\/\/ftp3.syscom.mx\/usuarios\/jsosa\/HIKVISION\/imagenes\/logo\/hikvision%20see%20far.png' alt='Logo Hikvision'> <\/p>\n<p> <!-- Secci\u00f3n de cards con caracter\u00edsticas --> <\/p>\n<div style='display: flex; flex-wrap: wrap; gap: 30px; margin: 30px 0;'> <!-- Caracter\u00edsticas Principales --> <\/p>\n<div style='flex: 1 1 300px; min-width: 280px;'>\n<div style='border: 1px solid rgba(150&comma;150&comma;150&comma;0.4); border-radius: 8px; overflow: hidden; display: flex; flex-direction: column;'>\n<div style='padding: 15px; border-bottom: 1px solid rgba(150&comma;150&comma;150&comma;0.2); font-weight: bold; font-size: 18px; color: #ffffff; background-color: #df001e;'>Caracter\u00edsticas Principales<\/div>\n<div style='padding: 15px; color: inherit;'>\n<ul style='padding-left: 20px; margin: 0; font-size: 14px; list-style-type: disc;'>\n<li style='margin-bottom: 5px;'>Resoluci\u00f3n m\u00e1xima: 4 Megapixel (2560 \u00d7 1440)<\/li>\n<li style='margin-bottom: 5px;'>Iluminaci\u00f3n m\u00ednima: color 0.005 Lux @ (F1.6&comma; AGC ON)<\/li>\n<li style='margin-bottom: 5px;'>Distancia focal: 4.8 a 153.6 mm (32X zoom \u00f3ptico \/ 16X zoom digital)<\/li>\n<li style='margin-bottom: 5px;'>Sensor CMOS 1\/2.8\u201d scan progresivo<\/li>\n<li style='margin-bottom: 5px;'>Funci\u00f3n D\u00eda\/Noche Real<\/li>\n<li style='margin-bottom: 5px;'>Compatible con la plataforma de Hik-Connect (<a href='https:\/\/appstore.hikvision.com\/' target='_blank' rel='noopener' style='color: #0d6efd; text-decoration: none;'>https:\/\/appstore.hikvision.com\/<\/a>)<\/li>\n<\/ul><\/div>\n<\/p><\/div>\n<\/p><\/div>\n<p> <!-- Caracter\u00edsticas F\u00edsicas y El\u00e9ctricas --> <\/p>\n<div style='flex: 1 1 300px; min-width: 280px;'>\n<div style='border: 1px solid rgba(150&comma;150&comma;150&comma;0.4); border-radius: 8px; overflow: hidden; display: flex; flex-direction: column;'>\n<div style='padding: 15px; border-bottom: 1px solid rgba(150&comma;150&comma;150&comma;0.2); font-weight: bold; font-size: 18px; color: #ffffff; background-color: #df001e;'>Caracter\u00edsticas F\u00edsicas y El\u00e9ctricas<\/div>\n<div style='padding: 15px; color: inherit;'>\n<ul style='padding-left: 20px; margin: 0; font-size: 14px; list-style-type: disc;'>\n<li style='margin-bottom: 5px;'>Protecci\u00f3n contra picos de corriente y descargas atmosf\u00e9ricas<\/li>\n<li style='margin-bottom: 5px;'>Temperatura de Operaci\u00f3n: -30 ~ 65\u00baC<\/li>\n<li style='margin-bottom: 5px;'>Alimentaci\u00f3n: 24 VCA (Fuente recomendada <a href='https:\/\/www.syscom.mx\/products\/184663' style='color: #0d6efd; text-decoration: none;'>RT2460LY<\/a>)<\/li>\n<li style='margin-bottom: 5px;'>36 VDC (Fuente recomendada <a href='https:\/\/www.syscom.mx\/products\/210378' style='color: #0d6efd; text-decoration: none;'>PL-36V-2A<\/a>)<\/li>\n<li style='margin-bottom: 5px;'>Compatible con 802.3at (PoE+)<\/li>\n<li style='margin-bottom: 5px;'>Dimensiones: 220 x 280 mm<\/li>\n<li style='margin-bottom: 5px;'>Peso: 3.0 Kg<\/li>\n<li style='margin-bottom: 5px; font-weight: bold;'>No incluye fuente de alimentaci\u00f3n<\/li>\n<li style='margin-top: 15px;'> <a href='https:\/\/ftp3.syscom.mx\/usuarios\/alexh\/Hikvision\/manuales\/DS-2DE5432WG1-E_Datasheet.pdf' target='_blank' rel='noopener' style='color: #0d6efd; text-decoration: none; font-weight: bold;'>Consulte la ficha t\u00e9cnica para validar los accesorios compatibles<\/a> <\/li>\n<\/ul><\/div>\n<\/p><\/div>\n<\/p><\/div>\n<\/p><\/div>\n<p> <!-- Secci\u00f3n de interfaces y caracter\u00edsticas generales --> <\/p>\n<div style='display: flex; flex-wrap: wrap; gap: 30px; margin: 30px 0;'> <!-- Interfaces Entradas y Salidas --> <\/p>\n<div style='flex: 1 1 300px; min-width: 280px;'>\n<div style='border: 1px solid rgba(150&comma;150&comma;150&comma;0.4); border-radius: 8px; overflow: hidden; display: flex; flex-direction: column;'>\n<div style='padding: 15px; border-bottom: 1px solid rgba(150&comma;150&comma;150&comma;0.2); font-weight: bold; font-size: 18px; color: #ffffff; background-color: #df001e;'>Interfaces Entradas y Salidas<\/div>\n<div style='padding: 15px; color: inherit;'>\n<ul style='padding-left: 20px; margin: 0; font-size: 14px; list-style-type: disc;'>\n<li style='margin-bottom: 5px;'>Entrada de alarmas: 2<\/li>\n<li style='margin-bottom: 5px;'>Salida de alarmas: 1<\/li>\n<li style='margin-bottom: 5px;'>Entrada de audio: 1<\/li>\n<li style='margin-bottom: 5px;'>Salida de audio: 1<\/li>\n<li style='margin-bottom: 5px;'>Soporta memoria micro SD de hasta 256 GB (no incluido)<\/li>\n<li style='margin-bottom: 5px;'>Puerto de red: 1 (10 \/ 100 Mbps \/ PoE+)<\/li>\n<li style='margin-bottom: 5px;'>Almacenamiento micro SD de hasta 256 GB \/ ANR (Automatic Network Recovery)<\/li>\n<li style='margin-bottom: 5px;'>Soporta ONVIF (Profile S&comma; Profile G&comma; Profile T) \/ ISUP<\/li>\n<\/ul><\/div>\n<\/p><\/div>\n<\/p><\/div>\n<p> <!-- Caracter\u00edsticas Generales --> <\/p>\n<div style='flex: 1 1 300px; min-width: 280px;'>\n<div style='border: 1px solid rgba(150&comma;150&comma;150&comma;0.4); border-radius: 8px; overflow: hidden; display: flex; flex-direction: column;'>\n<div style='padding: 15px; border-bottom: 1px solid rgba(150&comma;150&comma;150&comma;0.2); font-weight: bold; font-size: 18px; color: #ffffff; background-color: #df001e;'>Caracter\u00edsticas Generales<\/div>\n<div style='padding: 15px; color: inherit;'>\n<ul style='padding-left: 20px; margin: 0; font-size: 14px; list-style-type: disc;'>\n<li style='margin-bottom: 5px;'>Paneo: 360\u00b0<\/li>\n<li style='margin-bottom: 5px;'>Tildeo: -5\u00b0 a 90\u00ba (auto flip)<\/li>\n<li style='margin-bottom: 5px;'>Preset \/ Patrol \/ Pattern: 300 \/ 8 \/ 4<\/li>\n<li style='margin-bottom: 5px;'>Reducci\u00f3n de falsas alarmas (ACUSENSE)<\/li>\n<li style='margin-bottom: 5px;'>Funci\u00f3n de PARK ACTION<\/li>\n<li style='margin-bottom: 5px;'>Soporta tareas calendarizadas<\/li>\n<li style='margin-bottom: 5px;'>Soporta hasta 20 usuarios simult\u00e1neos<\/li>\n<\/ul><\/div>\n<\/p><\/div>\n<\/p><\/div>\n<\/p><\/div>\n<p> <!-- Secci\u00f3n de caracter\u00edsticas destacadas --> <\/p>\n<div style='margin: 30px 0;'>\n<div style='border: 1px solid rgba(150&comma;150&comma;150&comma;0.4); border-radius: 8px; overflow: hidden;'>\n<div style='padding: 15px; border-bottom: 1px solid rgba(150&comma;150&comma;150&comma;0.2); font-weight: bold; font-size: 18px; color: #ffffff; background-color: #df001e;'>Caracter\u00edsticas Destacadas<\/div>\n<div style='padding: 15px; color: inherit;'>\n<div style='margin-bottom: 20px;'>\n<h4 style='margin: 0 0 10px 0; font-size: 16px; font-weight: bold;'>Tecnolog\u00eda DarkFighter y Bajo Rendimiento de Luz<\/h4>\n<ul style='padding-left: 20px; margin: 0; font-size: 14px; list-style-type: circle;'>\n<li style='margin-bottom: 5px;'>Ofrece una excelente calidad de imagen en condiciones de poca luz&comma; con una iluminaci\u00f3n<\/li>\n<\/ul><\/div>\n<div style='margin-bottom: 20px;'>\n<h4 style='margin: 0 0 10px 0; font-size: 16px; font-weight: bold;'>Acusense con Clasificaci\u00f3n de Objetos mediante Deep Learning<\/h4>\n<ul style='padding-left: 20px; margin: 0; font-size: 14px; list-style-type: circle;'>\n<li style='margin-bottom: 5px;'>Utiliza algoritmos de aprendizaje profundo para clasificar personas y veh\u00edculos&comma; reduciendo falsas alarmas y mejorando la eficacia en la detecci\u00f3n<\/li>\n<\/ul><\/div>\n<div>\n<h4 style='margin: 0 0 10px 0; font-size: 16px; font-weight: bold;'>Zoom \u00d3ptico de Largo Alcance (32x) + Enfoque Inteligente<\/h4>\n<ul style='padding-left: 20px; margin: 0; font-size: 14px; list-style-type: disc;'>\n<li style='margin-bottom: 5px;'>Permite ver detalles a distancias extremas (desde 4.8 mm hasta 153.6 mm)<\/li>\n<li style='margin-bottom: 5px;'>Tecnolog\u00eda: Auto-enfoque con aprendizaje autom\u00e1tico que mantiene la imagen n\u00edtida aunque cambie la distancia o condiciones de luz<\/li>\n<\/ul><\/div>\n<\/p><\/div>\n<\/p><\/div>\n<\/p><\/div>\n<p> <!-- Banner final --> <\/p>\n<div style='margin: 30px 0;'> <img style='width: 100%; height: auto; border: 1px solid rgba(150&comma;150&comma;150&comma;0.3); border-radius: 8px;' src='https:\/\/ftp3.syscom.mx\/usuarios\/jsosa\/HIKVISION\/imagenes\/banners\/solution%20complete.png' alt='Banner de soluci\u00f3n completa'> <\/div>\n<\/p><\/div>\n","protected":false},"excerpt":{"rendered":"<p>PTZ IP 4 Megapixel \/ 32X Zoom  \/ DARKFIGHTER \/ ACUSENSE (Evita Falsas Alarmas) \/ Exterior IP66 \/ WDR 120 dB \/ PoE+ \/ Alarmas y Audio I\/O \/ Micro SD \/ Metal \/ 24 VCA<\/p>\n","protected":false},"featured_media":102493,"comment_status":"open","ping_status":"closed","template":"","meta":[],"product_brand":[],"product_cat":[1224],"product_tag":[122,54,1225],"class_list":{"0":"post-102494","1":"product","2":"type-product","3":"status-publish","4":"has-post-thumbnail","6":"product_cat-ptz","7":"product_tag-camaras-ip-y-nvrs","8":"product_tag-hikvision","9":"product_tag-ptz","11":"first","12":"instock","13":"sale","14":"shipping-taxable","15":"purchasable","16":"product-type-simple"},"_links":{"self":[{"href":"https:\/\/soydeaqui.ddns.net\/pachuca\/index.php\/wp-json\/wp\/v2\/product\/102494","targetHints":{"allow":["GET"]}}],"collection":[{"href":"https:\/\/soydeaqui.ddns.net\/pachuca\/index.php\/wp-json\/wp\/v2\/product"}],"about":[{"href":"https:\/\/soydeaqui.ddns.net\/pachuca\/index.php\/wp-json\/wp\/v2\/types\/product"}],"replies":[{"embeddable":true,"href":"https:\/\/soydeaqui.ddns.net\/pachuca\/index.php\/wp-json\/wp\/v2\/comments?post=102494"}],"wp:featuredmedia":[{"embeddable":true,"href":"https:\/\/soydeaqui.ddns.net\/pachuca\/index.php\/wp-json\/wp\/v2\/media\/102493"}],"wp:attachment":[{"href":"https:\/\/soydeaqui.ddns.net\/pachuca\/index.php\/wp-json\/wp\/v2\/media?parent=102494"}],"wp:term":[{"taxonomy":"product_brand","embeddable":true,"href":"https:\/\/soydeaqui.ddns.net\/pachuca\/index.php\/wp-json\/wp\/v2\/product_brand?post=102494"},{"taxonomy":"product_cat","embeddable":true,"href":"https:\/\/soydeaqui.ddns.net\/pachuca\/index.php\/wp-json\/wp\/v2\/product_cat?post=102494"},{"taxonomy":"product_tag","embeddable":true,"href":"https:\/\/soydeaqui.ddns.net\/pachuca\/index.php\/wp-json\/wp\/v2\/product_tag?post=102494"}],"curies":[{"name":"wp","href":"https:\/\/api.w.org\/{rel}","templated":true}]}}