{"id":102481,"date":"2026-03-20T12:54:48","date_gmt":"2026-03-20T12:54:48","guid":{"rendered":"https:\/\/soydeaqui.ddns.net\/pachuca\/index.php\/producto\/mini-domo-panovu-4-megapixel-1-ptz-4x-zoom-3-lentes-panoramicos-360-h-265-10-mts-ir-uso-en-interior-poe-dwdr-micro-sd\/"},"modified":"2026-03-20T12:54:52","modified_gmt":"2026-03-20T12:54:52","slug":"mini-domo-panovu-4-megapixel-1-ptz-4x-zoom-3-lentes-panoramicos-360-h-265-10-mts-ir-uso-en-interior-poe-dwdr-micro-sd","status":"publish","type":"product","link":"https:\/\/soydeaqui.ddns.net\/pachuca\/index.php\/producto\/mini-domo-panovu-4-megapixel-1-ptz-4x-zoom-3-lentes-panoramicos-360-h-265-10-mts-ir-uso-en-interior-poe-dwdr-micro-sd\/","title":{"rendered":"Mini Domo PanoVu 4 Megapixel \/ 1 PTZ 4X Zoom + 3 Lentes Panor\u00e1micos 360\u00b0 \/ H.265 \/ 10 mts IR \/ Uso en Interior \/ PoE+ \/ dWDR \/ Micro SD"},"content":{"rendered":"<div style=\"width: 100%; max-width: 1200px; margin: 0 auto; font-family: sans-serif; line-height: 1.6; color: inherit; background-color: transparent;\">\n<p style=\"text-align: center; margin: 0; padding: 0;\"><img decoding=\"async\" style=\"width: 100%; max-width: 45%; height: auto; border: 1px solid rgba(150&comma;150&comma;150&comma;0.3); border-radius: 8px;\" src=\"https:\/\/ftp3.syscom.mx\/usuarios\/jsosa\/HIKVISION\/imagenes\/logo\/hikvision%20see%20far.png\" alt=\"Logo Hikvision\" \/><\/p>\n<p style=\"margin: 20px 0;\">&nbsp;<\/p>\n<div style=\"display: flex; flex-wrap: wrap; gap: 30px;\"><!-- Caracter\u00edsticas C\u00e1mara Panor\u00e1mica --> <\/p>\n<div style=\"flex: 1 1 300px; min-width: 280px;\">\n<div style=\"border-left: 5px solid #ff0000; border-radius: 5px; padding: 15px; background-color: rgba(200&comma; 200&comma; 200&comma; 0.1);\">\n<h3 style=\"font-size: 20px; margin-top: 0; margin-bottom: 15px; color: inherit;\">Caracter&iacute;sticas c&aacute;mara panor&aacute;mica<\/h3>\n<ul style=\"padding-left: 20px; font-size: 15px; color: inherit; list-style-type: disc;\">\n<li style=\"margin-bottom: 8px;\">Three 1\/2.8&#8242; Scan Progresivo CMOS<\/li>\n<li style=\"margin-bottom: 8px;\">Resoluci&oacute;n 4 Megapixel (2560 x 1440)<\/li>\n<li style=\"margin-bottom: 8px;\">Iluminaci&oacute;n M&iacute;nima:\n<ul style=\"padding-left: 25px; margin-top: 5px; margin-bottom: 5px;\">\n<li style=\"margin-bottom: 5px;\">Color: 0.03 Lux (F2.3 0&comma; AGC ON)<\/li>\n<li style=\"margin-bottom: 5px;\">B\/W: 0.01 Lux (F2.0&comma; AGC ON)<\/li>\n<\/ul>\n<\/li>\n<li style=\"margin-bottom: 8px;\">D&iacute;a \/ Noche: Real Filtro ICR<\/li>\n<li style=\"margin-bottom: 8px;\">&Aacute;ngulo de visi&oacute;n: 360&ordm;<\/li>\n<li style=\"margin-bottom: 8px;\">Funciones:&nbsp; WDR \/ HLC \/ BLC&nbsp; \/ 3D DNR<\/li>\n<\/ul>\n<h3 style=\"font-size: 20px; margin-top: 20px; margin-bottom: 15px; color: inherit;\">Caracter&iacute;sticas c&aacute;mara PTZ<\/h3>\n<ul style=\"padding-left: 20px; font-size: 15px; color: inherit; list-style-type: disc;\">\n<li style=\"margin-bottom: 8px;\">CMOS 1\/2.8&#8242; Scan Progresivo<\/li>\n<li style=\"margin-bottom: 8px;\">Iluminaci&oacute;n M&iacute;nima:\n<ul style=\"padding-left: 25px; margin-top: 5px; margin-bottom: 5px;\">\n<li style=\"margin-bottom: 5px;\">Color: 0.05 Lux (F1.2&comma; AGC ON)<\/li>\n<li style=\"margin-bottom: 5px;\">B\/N: 0.01 Lux (F1.2&comma; AGC ON)<\/li>\n<\/ul>\n<\/li>\n<li style=\"margin-bottom: 8px;\">D&iacute;a \/ Noche real (Filtro ICR)<\/li>\n<li style=\"margin-bottom: 8px;\">Longitud focal: 40X Zoom &oacute;ptico (2.8 &#8211; 12 mm) \/ 4X digital<\/li>\n<li style=\"margin-bottom: 8px;\">Funciones: dWDR \/ HLC \/ BLC \/ EIS \/ 3D DNR<\/li>\n<li style=\"margin-bottom: 8px;\">Funciones smart: Detecci&oacute;n de intrusi&oacute;n \/ Detecci&oacute;n de cruce de l&iacute;nea<\/li>\n<\/ul><\/div>\n<\/p><\/div>\n<p> <!-- Caracter\u00edsticas F\u00edsicas y El\u00e9ctricas --> <\/p>\n<div style=\"flex: 1 1 300px; min-width: 280px;\">\n<div style=\"border-left: 5px solid #ff0000; border-radius: 5px; padding: 15px; background-color: rgba(200&comma; 200&comma; 200&comma; 0.1);\">\n<h3 style=\"font-size: 20px; margin-top: 0; margin-bottom: 15px; color: inherit;\">Caracter&iacute;sticas F&iacute;sicas y El&eacute;ctricas<\/h3>\n<ul style=\"padding-left: 20px; font-size: 15px; color: inherit; list-style-type: disc;\">\n<li style=\"margin-bottom: 8px;\">Alimentaci&oacute;n: 12 Vcc&comma; 2 Amper \/ PoE+ (802.3 at) \/ 24 W<\/li>\n<li style=\"margin-bottom: 8px;\">Temperatura de operaci&oacute;n: -10&deg;C a 50&deg;C \/ Humedad al 90% m&aacute;ximo<\/li>\n<li style=\"margin-bottom: 8px;\">Uso en interior<\/li>\n<li style=\"margin-bottom: 8px;\">Protecci&oacute;n contra sobretensiones y protecci&oacute;n contra voltajes transitorios<\/li>\n<li style=\"margin-bottom: 8px;\">Dimensiones: 183 x 128.6 mm<\/li>\n<li style=\"margin-bottom: 8px;\">Peso: 0.9 grs<\/li>\n<li style=\"margin-bottom: 8px;\">No incluye fuente de alimentaci&oacute;n<\/li>\n<\/ul>\n<h4 style=\"font-size: 18px; margin-top: 20px; margin-bottom: 10px; color: inherit;\">Accesorios<\/h4>\n<ul style=\"padding-left: 20px; font-size: 15px; color: inherit; list-style-type: disc;\">\n<li style=\"margin-bottom: 8px;\">Montaje de Techo para interior&comma; modelo: <a style=\"color: inherit; text-decoration: underline;\" href=\"https:\/\/www.syscom.mx\/producto\/DS-1294ZJ-TRL-HIKVISION-156795.html\">DS-1294ZJ-TRL<\/a><\/li>\n<li style=\"margin-bottom: 8px;\">Montaje de Techo para interior&comma; modelo: <a style=\"color: inherit; text-decoration: underline;\" href=\"https:\/\/www.syscom.mx\/producto\/DS-1271ZJ-PT10-HIKVISION-159536.html\" target=\"_blank\" rel=\"noopener\">DS-1271ZJ-PT10<\/a><\/li>\n<\/ul><\/div>\n<\/p><\/div>\n<p> <!-- PAN \/ TILT e Interfaces --> <\/p>\n<div style=\"flex: 1 1 300px; min-width: 280px;\">\n<div style=\"border-left: 5px solid #ff0000; border-radius: 5px; padding: 15px; background-color: rgba(200&comma; 200&comma; 200&comma; 0.1);\">\n<h3 style=\"font-size: 20px; margin-top: 0; margin-bottom: 15px; color: inherit;\">PAN \/ TILT<\/h3>\n<ul style=\"padding-left: 20px; font-size: 15px; color: inherit; list-style-type: disc;\">\n<li style=\"margin-bottom: 8px;\">Pan: 340&deg;<\/li>\n<li style=\"margin-bottom: 8px;\">Tilt: -0&deg;~90&deg;<\/li>\n<li style=\"margin-bottom: 8px;\">No. presets: 300 (No soporta patrol \/ pattern)<\/li>\n<li style=\"margin-bottom: 8px;\">Tareas calendarizadas<\/li>\n<\/ul>\n<h3 style=\"font-size: 20px; margin-top: 20px; margin-bottom: 15px; color: inherit;\">Interfaces<\/h3>\n<ul style=\"padding-left: 20px; font-size: 15px; color: inherit; list-style-type: disc;\">\n<li style=\"margin-bottom: 8px;\">Red: RJ45 (10M \/ 100M)<\/li>\n<li style=\"margin-bottom: 8px;\">Entrada de Audio: 1 puerto<\/li>\n<li style=\"margin-bottom: 8px;\">Salida de Audio: 1 puerto<\/li>\n<li style=\"margin-bottom: 8px;\">Entra de Alarma: N\/A<\/li>\n<li style=\"margin-bottom: 8px;\">Salida de Alarma: N\/A<\/li>\n<li style=\"margin-bottom: 8px;\">Tarjeta de memoria: Micro SD\/SDHC\/SDXC hasta 512 GB (No incluida)<\/li>\n<li style=\"margin-bottom: 8px;\">Soporta Hik-Connect<\/li>\n<li style=\"margin-bottom: 8px;\">Soporta ONVIF<\/li>\n<\/ul><\/div>\n<\/p><\/div>\n<\/p><\/div>\n<p style=\"margin: 30px 0;\">&nbsp;<\/p>\n<p> <!-- Imagen final --> <\/p>\n<div style=\"width: 100%; margin: 30px 0;\"><img decoding=\"async\" style=\"width: 100%; height: auto; border: 1px solid rgba(150&comma;150&comma;150&comma;0.3); border-radius: 8px;\" src=\"https:\/\/ftp3.syscom.mx\/usuarios\/jsosa\/HIKVISION\/imagenes\/banners\/solution%20complete.png\" alt=\"Banner de soluci&oacute;n completa\" \/><\/div>\n<\/p><\/div>\n","protected":false},"excerpt":{"rendered":"<p>Mini Domo PanoVu 4 Megapixel \/ 1 PTZ 4X Zoom + 3 Lentes Panor\u00e1micos 360\u00b0 \/ H.265 \/ 10 mts IR \/ Uso en Interior \/ PoE+ \/ dWDR \/ Micro SD<\/p>\n","protected":false},"featured_media":102480,"comment_status":"open","ping_status":"closed","template":"","meta":[],"product_brand":[],"product_cat":[2248],"product_tag":[122,2249,54],"class_list":{"0":"post-102481","1":"product","2":"type-product","3":"status-publish","4":"has-post-thumbnail","6":"product_cat-fisheye-y-hemisfericas","7":"product_tag-camaras-ip-y-nvrs","8":"product_tag-fisheye-y-hemisfericas","9":"product_tag-hikvision","11":"first","12":"instock","13":"sale","14":"shipping-taxable","15":"purchasable","16":"product-type-simple"},"_links":{"self":[{"href":"https:\/\/soydeaqui.ddns.net\/pachuca\/index.php\/wp-json\/wp\/v2\/product\/102481","targetHints":{"allow":["GET"]}}],"collection":[{"href":"https:\/\/soydeaqui.ddns.net\/pachuca\/index.php\/wp-json\/wp\/v2\/product"}],"about":[{"href":"https:\/\/soydeaqui.ddns.net\/pachuca\/index.php\/wp-json\/wp\/v2\/types\/product"}],"replies":[{"embeddable":true,"href":"https:\/\/soydeaqui.ddns.net\/pachuca\/index.php\/wp-json\/wp\/v2\/comments?post=102481"}],"wp:featuredmedia":[{"embeddable":true,"href":"https:\/\/soydeaqui.ddns.net\/pachuca\/index.php\/wp-json\/wp\/v2\/media\/102480"}],"wp:attachment":[{"href":"https:\/\/soydeaqui.ddns.net\/pachuca\/index.php\/wp-json\/wp\/v2\/media?parent=102481"}],"wp:term":[{"taxonomy":"product_brand","embeddable":true,"href":"https:\/\/soydeaqui.ddns.net\/pachuca\/index.php\/wp-json\/wp\/v2\/product_brand?post=102481"},{"taxonomy":"product_cat","embeddable":true,"href":"https:\/\/soydeaqui.ddns.net\/pachuca\/index.php\/wp-json\/wp\/v2\/product_cat?post=102481"},{"taxonomy":"product_tag","embeddable":true,"href":"https:\/\/soydeaqui.ddns.net\/pachuca\/index.php\/wp-json\/wp\/v2\/product_tag?post=102481"}],"curies":[{"name":"wp","href":"https:\/\/api.w.org\/{rel}","templated":true}]}}