{"id":102477,"date":"2026-03-20T12:54:39","date_gmt":"2026-03-20T12:54:39","guid":{"rendered":"https:\/\/soydeaqui.ddns.net\/pachuca\/index.php\/producto\/proteccion-activa-ptz-ip-4-megapixel-25x-zoom-200-mts-ir-acusense-ip66-ik10-alerta-audible-y-luz-estroboscopica-autoseguimiento-2-0-hi-poe-darkfighter-rapid-focus-microsd-acus\/"},"modified":"2026-03-20T12:54:41","modified_gmt":"2026-03-20T12:54:41","slug":"proteccion-activa-ptz-ip-4-megapixel-25x-zoom-200-mts-ir-acusense-ip66-ik10-alerta-audible-y-luz-estroboscopica-autoseguimiento-2-0-hi-poe-darkfighter-rapid-focus-microsd-acus","status":"publish","type":"product","link":"https:\/\/soydeaqui.ddns.net\/pachuca\/index.php\/producto\/proteccion-activa-ptz-ip-4-megapixel-25x-zoom-200-mts-ir-acusense-ip66-ik10-alerta-audible-y-luz-estroboscopica-autoseguimiento-2-0-hi-poe-darkfighter-rapid-focus-microsd-acus\/","title":{"rendered":"[PROTECCI\u00d3N ACTIVA] PTZ IP 4 Megapixel \/ 25X Zoom \/ 200 mts IR \/ ACUSENSE \/ IP66 \/ IK10 \/ Alerta Audible y Luz Estrobosc\u00f3pica \/ Autoseguimiento 2.0 \/ Hi-PoE \/ DARKFIGHTER \/ Rapid Focus\/ microSD \/ AcuSearch"},"content":{"rendered":"<div style='width: 100%; max-width: 1200px; margin: 0 auto; font-family: sans-serif; line-height: 1.6; color: inherit; background-color: transparent;'> <!-- Banner inicial --> <\/p>\n<p style='text-align: center; margin: 30px 0;'><span style='display: flex; justify-content: center;'><img style='width: 100%; max-width: 500px; height: auto; border: 1px solid rgba(150&comma;150&comma;150&comma;0.3); border-radius: 8px;' src='https:\/\/ftp3.syscom.mx\/usuarios\/jsosa\/HIKVISION\/imagenes\/logo\/hikvision%20see%20far.png' alt='Banner Inicial'><\/span><\/p>\n<p> <!-- T\u00edtulo --> <\/p>\n<div style='margin-bottom: 30px; text-align: center;'>\n<h1 style='color: #232a6f; font-size: 28px; margin: 0; font-weight: bold;'>Especif\u00edcaciones<\/h1>\n<\/p><\/div>\n<p> <!-- Secci\u00f3n de caracter\u00edsticas principales --> <\/p>\n<div style='display: flex; flex-wrap: wrap; gap: 30px; margin-bottom: 30px;'>\n<div style='flex: 1 1 300px; min-width: 280px;'>\n<h3 style='font-size: 22px; border-bottom: 2px solid currentColor; padding-bottom: 5px; margin-top: 0; color: inherit; opacity: 0.8;'>Caracter\u00edsticas Principales<\/h3>\n<ul style='padding-left: 20px; font-size: 15px; color: inherit;'>\n<li style='margin-bottom: 5px;'>Resoluci\u00f3n m\u00e1xima: <strong>4 Megapixel (2560 \u00d7 1440)<\/strong><\/li>\n<li style='margin-bottom: 5px;'>Iluminaci\u00f3n m\u00ednima: <strong>0.005 Lux @ (F1.2&comma; AGC ON)<\/strong><\/li>\n<li style='margin-bottom: 5px;'>D\u00eda \/ Noche Real (<strong>Filtro ICR<\/strong>)<\/li>\n<li style='margin-bottom: 5px;'>Distancia focal: <strong>4.8 a 120 mm (25X zoom \u00f3ptico \/ 16X zoom digital)<\/strong><\/li>\n<li style='margin-bottom: 5px;'>Distancia de infrarrojo: <strong>200 mts Smart IR<\/strong><\/li>\n<li style='margin-bottom: 5px;'>Funciones normales: <strong>HLC \/ ROI \/ WDR 120 dB \/ BLC \/ Intrusi\u00f3n de \u00e1rea \/ Cruce de l\u00ednea \/ Defog \/ EIS<\/strong><\/li>\n<li style='margin-bottom: 5px;'>Compresi\u00f3n: <strong>H.265+ \/ H.265 \/ H.264+ \/ H.264<\/strong><\/li>\n<li style='margin-bottom: 5px;'>Compatible con la plataforma de Hik-Connect: <a style='color: #0d6efd; text-decoration: none;' href='https:\/\/appstore.hikvision.com\/' target='_blank' rel='noopener'>https:\/\/appstore.hikvision.com\/<\/a><\/li>\n<li style='margin-bottom: 5px; font-weight: bold;'>Alerta audible (<strong>Bocina integrada<\/strong>)<\/li>\n<li style='margin-bottom: 5px; font-weight: bold;'>Luz estrobosc\u00f3pica (<strong>Luz blanca<\/strong>)<\/li>\n<\/ul><\/div>\n<p> <!-- Caracter\u00edsticas F\u00edsicas y El\u00e9ctricas --> <\/p>\n<div style='flex: 1 1 300px; min-width: 280px;'>\n<h3 style='font-size: 22px; border-bottom: 2px solid currentColor; padding-bottom: 5px; margin-top: 0; color: inherit; opacity: 0.8;'>Caracter\u00edsticas F\u00edsicas y El\u00e9ctricas<\/h3>\n<ul style='padding-left: 20px; font-size: 15px; color: inherit;'>\n<li style='margin-bottom: 5px;'>Alimentaci\u00f3n: <strong>36 VDC \/ Hi-PoE \/ 42 W<\/strong><\/li>\n<li style='margin-bottom: 5px;'>Temperatura de operaci\u00f3n: <strong>-30\u00b0C a 65\u00b0C \/ Humedad al 90% m\u00e1ximo<\/strong><\/li>\n<li style='margin-bottom: 5px;'>Uso en exterior: <strong>IP67<\/strong><\/li>\n<li style='margin-bottom: 5px;'>Antivand\u00e1lico: <strong>IK10<\/strong><\/li>\n<li style='margin-bottom: 5px;'>El PTZ incluye brazo de pared: <a style='color: #0d6efd; text-decoration: none;' href='https:\/\/www.syscom.mx\/producto\/DS-1602ZJ-HIKVISION-77700.html' target='_blank' rel='noopener'><strong>DS-1602ZJ<\/strong><\/a><\/li>\n<li style='margin-bottom: 5px;'>Protecci\u00f3n contra sobretensiones y protecci\u00f3n contra voltajes transistorios<\/li>\n<li style='margin-bottom: 5px;'>Dimensiones: <strong>220 x 363.3 mm<\/strong><\/li>\n<li style='margin-bottom: 5px;'>Peso: <strong>5 Kgs<\/strong><\/li>\n<li style='margin-bottom: 5px;'>Se recomienda usar el modelo: <a style='color: #0d6efd; text-decoration: none;' href='https:\/\/www.syscom.mx\/producto\/LAS60-57CN-RJ45-HIKVISION-72655.html' target='_blank' rel='noopener'><strong>LAS-6057-CNRJ45<\/strong><\/a> en caso de que requieran alimentar el domo por medio de PoE<\/li>\n<li style='margin-bottom: 5px; font-weight: bold;'>No incluye fuente de alimentaci\u00f3n<\/li>\n<li style='margin-bottom: 5px; font-weight: bold;'>Consulte la ficha t\u00e9cnica para validar los accesorios compatibles: <a style='color: #0d6efd; text-decoration: none;' href='https:\/\/ftp3.syscom.mx\/usuarios\/alexh\/Hikvision\/Specsheet\/DS-2DE7A425IWG1-E_Datasheet_20250922.pdf' target='_blank' rel='noopener'>Aqu\u00ed<\/a><\/li>\n<\/ul><\/div>\n<\/p><\/div>\n<p> <!-- Interfaces Entradas y Salidas --> <\/p>\n<div style='display: flex; flex-wrap: wrap; gap: 30px; margin-bottom: 30px;'>\n<div style='flex: 1 1 300px; min-width: 280px;'>\n<h3 style='font-size: 22px; border-bottom: 2px solid currentColor; padding-bottom: 5px; margin-top: 0; color: inherit; opacity: 0.8;'>Interfaces Entradas y Salidas<\/h3>\n<ul style='padding-left: 20px; font-size: 15px; color: inherit;'>\n<li style='margin-bottom: 5px;'>Entradas de alarma: <strong>2<\/strong><\/li>\n<li style='margin-bottom: 5px;'>Salidas de alarma: <strong>1<\/strong><\/li>\n<li style='margin-bottom: 5px;'>Entradas de audio: <strong>1<\/strong><\/li>\n<li style='margin-bottom: 5px;'>Salidas de audio: <strong>1<\/strong><\/li>\n<li style='margin-bottom: 5px;'>Puerto de red: <strong>1 (10 \/ 100 Mbps \/ Hi-PoE)<\/strong><\/li>\n<li style='margin-bottom: 5px;'>Almacenamiento micro SD: <strong>Hasta 512 GB \/ ANR (Automatic Network Recovery)<\/strong><\/li>\n<li style='margin-bottom: 5px;'>Soporta: <strong>ONVIF (Profile S&comma; Profile G&comma; Profile T) \/ ISUP<\/strong><\/li>\n<\/ul><\/div>\n<p> <!-- Caracter\u00edsticas Generales --> <\/p>\n<div style='flex: 1 1 300px; min-width: 280px;'>\n<h3 style='font-size: 22px; border-bottom: 2px solid currentColor; padding-bottom: 5px; margin-top: 0; color: inherit; opacity: 0.8;'>Caracter\u00edsticas Generales<\/h3>\n<ul style='padding-left: 20px; font-size: 15px; color: inherit;'>\n<li style='margin-bottom: 5px;'>Paneo: <strong>360\u00b0<\/strong><\/li>\n<li style='margin-bottom: 5px;'>Tildeo: <strong>-15\u00b0 a 90\u00ba (auto flip)<\/strong><\/li>\n<li style='margin-bottom: 5px;'>Preset \/ Patrol \/ Pattern: <strong>300 \/ 8 \/ 4<\/strong><\/li>\n<li style='margin-bottom: 5px;'>Reducci\u00f3n de falsas alarmas: <strong>ACUSENSE<\/strong><\/li>\n<li style='margin-bottom: 5px;'>Funci\u00f3n: <strong>PARK ACTION<\/strong><\/li>\n<li style='margin-bottom: 5px;'>Soporta tareas calendarizadas<\/li>\n<li style='margin-bottom: 5px;'>Soporta hasta <strong>20 usuarios simult\u00e1neos<\/strong><\/li>\n<\/ul><\/div>\n<\/p><\/div>\n<p> <!-- Caracter\u00edsticas destacadas --> <\/p>\n<div style='margin-bottom: 30px;'>\n<h3 style='font-size: 22px; border-bottom: 2px solid currentColor; padding-bottom: 5px; margin-top: 0; color: inherit; opacity: 0.8;'>Caracter\u00edsticas destacadas<\/h3>\n<div style='margin-top: 20px;'>\n<h4 style='font-size: 18px; margin-top: 0; color: inherit;'>Tecnolog\u00eda DarkFighter y Bajo Rendimiento de Luz<\/h4>\n<ul style='padding-left: 20px; font-size: 15px; color: inherit;'>\n<li style='margin-bottom: 5px;'>Ofrece una excelente calidad de imagen en condiciones de poca luz<\/li>\n<\/ul><\/div>\n<div style='margin-top: 20px;'>\n<h4 style='font-size: 18px; margin-top: 0; color: inherit;'>Acusense con Clasificaci\u00f3n de Objetos mediante Deep Learning<\/h4>\n<ul style='padding-left: 20px; font-size: 15px; color: inherit;'>\n<li style='margin-bottom: 5px;'>Utiliza algoritmos de aprendizaje profundo para clasificar personas y veh\u00edculos&comma; reduciendo falsas alarmas y mejorando la eficacia en la detecci\u00f3n<\/li>\n<\/ul><\/div>\n<div style='margin-top: 20px;'>\n<h4 style='font-size: 18px; margin-top: 0; color: inherit;'>Alarma visual disuasoria<\/h4>\n<ul style='padding-left: 20px; font-size: 15px; color: inherit;'>\n<li style='margin-bottom: 5px;'>Cuando la c\u00e1mara detecta un evento configurado (por ejemplo&comma; intrusi\u00f3n&comma; cruce de l\u00ednea)&comma; puede activar un destello de luz blanca intermitente<\/li>\n<li style='margin-bottom: 5px;'>Su objetivo principal es ahuyentar intrusos&comma; llamar la atenci\u00f3n y disuadir actividades sospechosas en tiempo real<\/li>\n<\/ul><\/div>\n<div style='margin-top: 20px;'>\n<h4 style='font-size: 18px; margin-top: 0; color: inherit;'>Recomendaci\u00f3n de NVRs<\/h4>\n<ul style='padding-left: 20px; font-size: 15px; color: inherit;'>\n<li style='margin-bottom: 5px;'>Se recomienda usar NVRs: <strong>NXI-K&comma; NI-K&comma; NI-I&comma; NI-M&comma; NXI-I&comma; NXI-M<\/strong><\/li>\n<\/ul><\/div>\n<\/p><\/div>\n<p> <!-- Separador --> <\/p>\n<hr style='border: 0; border-top: 1px solid rgba(150&comma; 150&comma; 150&comma; 0.3); margin: 30px 0;'> <!-- Videos AcuSense --> <\/p>\n<div style='margin-bottom: 30px;'>\n<h3 style='font-size: 22px; border-bottom: 2px solid currentColor; padding-bottom: 5px; margin-top: 0; margin-bottom: 20px; color: inherit; opacity: 0.8;'>AcuSense<\/h3>\n<div style='display: flex; flex-wrap: wrap; gap: 30px; justify-content: center;'>\n<div style='flex: 1 1 560px; min-width: 300px;'>\n<div style='position: relative; padding-bottom: 56.25%; height: 0; overflow: hidden; margin-bottom: 30px;'>   <\/div>\n<p style='text-align: center; margin: 0;'>AcuSense \u00c1reas Restringidas<\/p>\n<\/p><\/div>\n<div style='flex: 1 1 560px; min-width: 300px;'>\n<div style='position: relative; padding-bottom: 56.25%; height: 0; overflow: hidden; margin-bottom: 30px;'>   <\/div>\n<p style='text-align: center; margin: 0;'>AcuSense Almacenes<\/p>\n<\/p><\/div>\n<\/p><\/div>\n<\/p><\/div>\n<p> <!-- Videos Zoom y DarkFighter --> <\/p>\n<div style='margin-bottom: 30px;'>\n<h3 style='font-size: 22px; border-bottom: 2px solid currentColor; padding-bottom: 5px; margin-top: 0; margin-bottom: 20px; color: inherit; opacity: 0.8;'>Zoom y DarkFighter<\/h3>\n<div style='display: flex; flex-wrap: wrap; gap: 30px; justify-content: center;'>\n<div style='flex: 1 1 560px; min-width: 300px;'>\n<div style='position: relative; padding-bottom: 56.25%; height: 0; overflow: hidden; margin-bottom: 30px;'>   <\/div>\n<p style='text-align: center; margin: 0;'>Zoom \u00d3ptico<\/p>\n<\/p><\/div>\n<div style='flex: 1 1 560px; min-width: 300px;'>\n<div style='position: relative; padding-bottom: 56.25%; height: 0; overflow: hidden; margin-bottom: 30px;'>   <\/div>\n<p style='text-align: center; margin: 0;'>DARK FIGHTER Evidencia a Color<\/p>\n<\/p><\/div>\n<div style='flex: 1 1 560px; min-width: 300px;'>\n<div style='position: relative; padding-bottom: 56.25%; height: 0; overflow: hidden; margin-bottom: 30px;'>   <\/div>\n<p style='text-align: center; margin: 0;'>Hikvision DARK FIGHTER<\/p>\n<\/p><\/div>\n<\/p><\/div>\n<\/p><\/div>\n<p> <!-- Videos Adicionales --> <\/p>\n<div style='margin-bottom: 30px;'>\n<h3 style='font-size: 22px; border-bottom: 2px solid currentColor; padding-bottom: 5px; margin-top: 0; margin-bottom: 20px; color: inherit; opacity: 0.8;'>Caracter\u00edsticas Adicionales<\/h3>\n<div style='display: flex; flex-wrap: wrap; gap: 30px; justify-content: center;'>\n<div style='flex: 1 1 560px; min-width: 300px;'>\n<div style='position: relative; padding-bottom: 56.25%; height: 0; overflow: hidden; margin-bottom: 30px;'>   <\/div>\n<p style='text-align: center; margin: 0;'>Auto Seguimiento de Noche<\/p>\n<\/p><\/div>\n<div style='flex: 1 1 560px; min-width: 300px;'>\n<div style='position: relative; padding-bottom: 56.25%; height: 0; overflow: hidden; margin-bottom: 30px;'>   <\/div>\n<p style='text-align: center; margin: 0;'>DARK FIGHTER 8MP<\/p>\n<\/p><\/div>\n<div style='flex: 1 1 560px; min-width: 300px;'>\n<div style='position: relative; padding-bottom: 56.25%; height: 0; overflow: hidden; margin-bottom: 30px;'>   <\/div>\n<p style='text-align: center; margin: 0;'>DARK FIGHTER 2MP<\/p>\n<\/p><\/div>\n<\/p><\/div>\n<\/p><\/div>\n<p> <!-- Imagen DARKFIGHTER --> <\/p>\n<div style='margin-bottom: 30px;'>\n<h3 style='font-size: 22px; border-bottom: 2px solid currentColor; padding-bottom: 5px; margin-top: 0; margin-bottom: 20px; color: inherit; opacity: 0.8;'>DARKFIGHTER<\/h3>\n<div style='display: flex; flex-wrap: wrap; gap: 30px; align-items: center;'>\n<div style='flex: 1 1 300px; min-width: 280px;'>\n<ul style='padding-left: 20px; font-size: 15px; color: inherit;'>\n<li style='margin-bottom: 5px;'>Imagen a color con muy poca iluminaci\u00f3n<\/li>\n<li style='margin-bottom: 5px;'>Con la iluminaci\u00f3n natural o con el poco alumbrado p\u00fablico logra mostrar mayor detalle en la imagen<\/li>\n<\/ul><\/div>\n<div style='flex: 1 1 500px; min-width: 300px;'> <img style='width: 100%; height: auto; border: 1px solid rgba(150&comma;150&comma;150&comma;0.3); border-radius: 8px;' src='https:\/\/ftp3.syscom.mx\/usuarios\/jsosa\/HIKVISION\/videos\/ids\/4%20MP%20DarkFighter%20Performance%20Test.gif' alt='DARKFIGHTER Performance Test'> <\/div>\n<\/p><\/div>\n<\/p><\/div>\n<p> <!-- Imagen soluci\u00f3n completa --> <\/p>\n<div style='margin-bottom: 30px;'> <img style='width: 100%; height: auto; border: 1px solid rgba(150&comma;150&comma;150&comma;0.3); border-radius: 8px;' src='https:\/\/ftp3.syscom.mx\/usuarios\/jsosa\/HIKVISION\/imagenes\/banners\/solution%20complete.png' alt='Soluci\u00f3n completa Hikvision'> <\/div>\n<\/p><\/div>\n","protected":false},"excerpt":{"rendered":"<p>[PROTECCI\u00d3N ACTIVA] PTZ IP 4 Megapixel \/ 25X Zoom \/ 200 mts IR \/ ACUSENSE \/ IP66 \/ IK10 \/ Alerta Audible y Luz Estrobosc\u00f3pica \/ Autoseguimiento 2.0 \/ Hi-PoE \/ DARKFIGHTER \/ Rapid Focus\/ microSD \/ AcuSearch<\/p>\n","protected":false},"featured_media":102476,"comment_status":"open","ping_status":"closed","template":"","meta":[],"product_brand":[],"product_cat":[1224],"product_tag":[122,54,1225],"class_list":{"0":"post-102477","1":"product","2":"type-product","3":"status-publish","4":"has-post-thumbnail","6":"product_cat-ptz","7":"product_tag-camaras-ip-y-nvrs","8":"product_tag-hikvision","9":"product_tag-ptz","11":"first","12":"outofstock","13":"sale","14":"shipping-taxable","15":"purchasable","16":"product-type-simple"},"_links":{"self":[{"href":"https:\/\/soydeaqui.ddns.net\/pachuca\/index.php\/wp-json\/wp\/v2\/product\/102477","targetHints":{"allow":["GET"]}}],"collection":[{"href":"https:\/\/soydeaqui.ddns.net\/pachuca\/index.php\/wp-json\/wp\/v2\/product"}],"about":[{"href":"https:\/\/soydeaqui.ddns.net\/pachuca\/index.php\/wp-json\/wp\/v2\/types\/product"}],"replies":[{"embeddable":true,"href":"https:\/\/soydeaqui.ddns.net\/pachuca\/index.php\/wp-json\/wp\/v2\/comments?post=102477"}],"wp:featuredmedia":[{"embeddable":true,"href":"https:\/\/soydeaqui.ddns.net\/pachuca\/index.php\/wp-json\/wp\/v2\/media\/102476"}],"wp:attachment":[{"href":"https:\/\/soydeaqui.ddns.net\/pachuca\/index.php\/wp-json\/wp\/v2\/media?parent=102477"}],"wp:term":[{"taxonomy":"product_brand","embeddable":true,"href":"https:\/\/soydeaqui.ddns.net\/pachuca\/index.php\/wp-json\/wp\/v2\/product_brand?post=102477"},{"taxonomy":"product_cat","embeddable":true,"href":"https:\/\/soydeaqui.ddns.net\/pachuca\/index.php\/wp-json\/wp\/v2\/product_cat?post=102477"},{"taxonomy":"product_tag","embeddable":true,"href":"https:\/\/soydeaqui.ddns.net\/pachuca\/index.php\/wp-json\/wp\/v2\/product_tag?post=102477"}],"curies":[{"name":"wp","href":"https:\/\/api.w.org\/{rel}","templated":true}]}}