{"id":102453,"date":"2026-03-20T12:53:25","date_gmt":"2026-03-20T12:53:25","guid":{"rendered":"https:\/\/soydeaqui.ddns.net\/pachuca\/index.php\/producto\/camera-compact-junction-box-caja-de-conexiones-antimanipulacion-para-camaras-compactas-dome-y-turret-color-negro\/"},"modified":"2026-03-20T12:53:42","modified_gmt":"2026-03-20T12:53:42","slug":"camera-compact-junction-box-caja-de-conexiones-antimanipulacion-para-camaras-compactas-dome-y-turret-color-negro","status":"publish","type":"product","link":"https:\/\/soydeaqui.ddns.net\/pachuca\/index.php\/producto\/camera-compact-junction-box-caja-de-conexiones-antimanipulacion-para-camaras-compactas-dome-y-turret-color-negro\/","title":{"rendered":"Camera Compact Junction Box \u2013 Caja de Conexiones Antimanipulaci\u00f3n para C\u00e1maras Compactas Dome y Turret Color Negro"},"content":{"rendered":"<div style='width: 100%; max-width: 1200px; margin: 0 auto; font-family: sans-serif; line-height: 1.6; color: inherit; background-color: transparent;'> <!-- Hero Section --> <\/p>\n<div style='display: flex; flex-wrap: wrap; gap: 30px; align-items: center; border: 1px solid rgba(150&comma;150&comma;150&comma;0.3); border-radius: 12px; padding: 20px; margin-bottom: 30px;'>\n<div style='flex: 1 1 320px; min-width: 280px;'>\n<div style='position: relative; padding-bottom: 56.25%; height: 0; overflow: hidden;'> <video style='position: absolute; top: 0; left: 0; width: 100%; height: 100%; border: 1px solid rgba(150&comma;150&comma;150&comma;0.3); border-radius: 12px; display: block;' autoplay muted loop playsinline preload='metadata'><source src='https:\/\/ftp3.syscom.mx\/usuarios\/adiaz\/Ubiquiti\/Imagenes\/Accesorios\/Camaras\/UACC-Camera-CJB\/loop.mp4' type='video\/mp4'><img style='width: 100%; height: auto; border: 1px solid rgba(150&comma;150&comma;150&comma;0.3); border-radius: 12px; display: block;' src='https:\/\/ftp3.syscom.mx\/usuarios\/adiaz\/Ubiquiti\/Imagenes\/Accesorios\/Camaras\/UACC-Camera-CJB\/fallback.png' alt='Ubiquiti UACC-Camera-CJB-B'><\/video> <\/div>\n<\/p><\/div>\n<div style='flex: 1 1 360px; min-width: 280px;'>\n<h2 style='font-size: 24px; margin-top: 0; margin-bottom: 8px; color: inherit; opacity: 0.95;'>Camera Compact Junction Box<\/h2>\n<div style='margin-bottom: 12px; font-weight: 600; opacity: 0.85; color: inherit;'>Modelo: <span style='font-weight: 700; opacity: 1; color: inherit;'>UACC-Camera-CJB-B<\/span><\/div>\n<p style='margin: 0; color: inherit;'>Caja de conexiones <strong>antimanipulaci\u00f3n<\/strong> para c\u00e1maras compactas UniFi <strong>Dome<\/strong> y <strong>Turret<\/strong>. Mejora la durabilidad del montaje&comma; la est\u00e9tica y facilita el mantenimiento.<\/p>\n<\/p><\/div>\n<\/p><\/div>\n<p> <!-- Especificaciones --> <\/p>\n<div style='text-align: center; margin: 30px 0 20px;'> <span style='font-size: 1.5rem; font-weight: 700; color: inherit; border-bottom: 2px solid currentColor; padding-bottom: 5px;'>Especificaciones<\/span> <\/div>\n<p> <!-- Grid de tarjetas --> <\/p>\n<div style='display: flex; flex-wrap: wrap; gap: 20px; margin-bottom: 30px;'> <!-- Card: F\u00edsicas y el\u00e9ctricas --> <\/p>\n<div style='flex: 1 1 250px; border: 1px solid rgba(150&comma; 150&comma; 150&comma; 0.4); border-radius: 8px; overflow: hidden; display: flex; flex-direction: column;'>\n<div style='padding: 15px; border-bottom: 1px solid rgba(150&comma; 150&comma; 150&comma; 0.2); font-weight: bold; font-size: 18px; color: inherit;'>Caracter\u00edsticas f\u00edsicas y el\u00e9ctricas<\/div>\n<div style='padding: 15px; color: inherit;'>\n<ul style='padding-left: 20px; margin: 0; font-size: 14px; list-style-type: disc;'>\n<li style='margin-bottom: 5px;'><strong>Dimensiones:<\/strong> <em>Soporte largo<\/em> <strong>87 \u00d7 147 \u00d7 49 mm<\/strong> (3.4 \u00d7 5.8 \u00d7 1.9&#8242;)<br \/><em>Tapa corta<\/em> <strong>87 \u00d7 110 \u00d7 49 mm<\/strong> (3.4 \u00d7 4.3 \u00d7 1.9&#8242;)<\/li>\n<li style='margin-bottom: 5px;'><strong>Di\u00e1metro de montaje en poste:<\/strong> <strong>1.5\u20132&#8242;<\/strong> (38\u201350 mm)<\/li>\n<li style='margin-bottom: 5px;'><strong>Peso:<\/strong> <em>Caja<\/em> <strong>270 g<\/strong> (9.5 oz) | <em>Soporte largo<\/em> <strong>125 g<\/strong> (4.4 oz) | <em>Tapa corta<\/em> <strong>80 g<\/strong> (2.8 oz)<\/li>\n<li style='margin-bottom: 5px;'><strong>Material de la carcasa:<\/strong> <strong>aleaci\u00f3n de aluminio<\/strong> y <strong>policarbonato<\/strong><\/li>\n<\/ul><\/div>\n<\/p><\/div>\n<p> <!-- Card: Compatibilidad --> <\/p>\n<div style='flex: 1 1 250px; border: 1px solid rgba(150&comma; 150&comma; 150&comma; 0.4); border-radius: 8px; overflow: hidden; display: flex; flex-direction: column;'>\n<div style='padding: 15px; border-bottom: 1px solid rgba(150&comma; 150&comma; 150&comma; 0.2); font-weight: bold; font-size: 18px; color: inherit;'>Compatibilidad<\/div>\n<div style='padding: 15px; color: inherit;'>\n<ul style='padding-left: 20px; margin: 0; font-size: 14px; list-style-type: disc;'>\n<li style='margin-bottom: 5px;'><strong>UVC-G5-Dome-Ultra<\/strong><\/li>\n<li style='margin-bottom: 5px;'><strong>UVC-G5-Turret-Ultra<\/strong><\/li>\n<li style='margin-bottom: 5px;'><strong>UVC-G6-Bullet<\/strong><\/li>\n<\/ul><\/div>\n<\/p><\/div>\n<\/p><\/div>\n<p> <!-- Contenido del paquete --> <\/p>\n<div style='border: 1px solid rgba(150&comma; 150&comma; 150&comma; 0.4); border-radius: 8px; overflow: hidden; margin-top: 30px;'>\n<div style='padding: 15px; border-bottom: 1px solid rgba(150&comma; 150&comma; 150&comma; 0.2); font-weight: bold; font-size: 18px; color: inherit;'>Contenido del paquete<\/div>\n<div style='padding: 15px; text-align: center; color: inherit;'> <img style='width: 100%; height: auto; border: 1px solid rgba(150&comma;150&comma;150&comma;0.3); border-radius: 8px; display: inline-block; max-width: 400px;' src='https:\/\/ftp3.syscom.mx\/usuarios\/adiaz\/Ubiquiti\/Imagenes\/Accesorios\/Camaras\/UACC-Camera-CJB\/contenido.png' alt='Contenido del paquete UACC-Camera-CJB-B'> <\/div>\n<\/p><\/div>\n<p> <!-- Separador final --> <\/p>\n<hr style='border: 0; border-top: 1px solid rgba(150&comma; 150&comma; 150&comma; 0.3); margin: 40px 0;'> <\/div>\n","protected":false},"excerpt":{"rendered":"<p>Camera Compact Junction Box \u2013 Caja de Conexiones Antimanipulaci\u00f3n para C\u00e1maras Compactas Dome y Turret Color Negro<\/p>\n","protected":false},"featured_media":102452,"comment_status":"open","ping_status":"closed","template":"","meta":[],"product_brand":[],"product_cat":[416],"product_tag":[417,418,166],"class_list":{"0":"post-102453","1":"product","2":"type-product","3":"status-publish","4":"has-post-thumbnail","6":"product_cat-montajes-y-brackets-para-camaras","7":"product_tag-accesorios-generales","8":"product_tag-montajes-y-brackets-para-camaras","9":"product_tag-ubiquiti","11":"first","12":"outofstock","13":"sale","14":"shipping-taxable","15":"purchasable","16":"product-type-simple"},"_links":{"self":[{"href":"https:\/\/soydeaqui.ddns.net\/pachuca\/index.php\/wp-json\/wp\/v2\/product\/102453","targetHints":{"allow":["GET"]}}],"collection":[{"href":"https:\/\/soydeaqui.ddns.net\/pachuca\/index.php\/wp-json\/wp\/v2\/product"}],"about":[{"href":"https:\/\/soydeaqui.ddns.net\/pachuca\/index.php\/wp-json\/wp\/v2\/types\/product"}],"replies":[{"embeddable":true,"href":"https:\/\/soydeaqui.ddns.net\/pachuca\/index.php\/wp-json\/wp\/v2\/comments?post=102453"}],"wp:featuredmedia":[{"embeddable":true,"href":"https:\/\/soydeaqui.ddns.net\/pachuca\/index.php\/wp-json\/wp\/v2\/media\/102452"}],"wp:attachment":[{"href":"https:\/\/soydeaqui.ddns.net\/pachuca\/index.php\/wp-json\/wp\/v2\/media?parent=102453"}],"wp:term":[{"taxonomy":"product_brand","embeddable":true,"href":"https:\/\/soydeaqui.ddns.net\/pachuca\/index.php\/wp-json\/wp\/v2\/product_brand?post=102453"},{"taxonomy":"product_cat","embeddable":true,"href":"https:\/\/soydeaqui.ddns.net\/pachuca\/index.php\/wp-json\/wp\/v2\/product_cat?post=102453"},{"taxonomy":"product_tag","embeddable":true,"href":"https:\/\/soydeaqui.ddns.net\/pachuca\/index.php\/wp-json\/wp\/v2\/product_tag?post=102453"}],"curies":[{"name":"wp","href":"https:\/\/api.w.org\/{rel}","templated":true}]}}