{"id":102436,"date":"2026-03-20T12:52:27","date_gmt":"2026-03-20T12:52:27","guid":{"rendered":"https:\/\/soydeaqui.ddns.net\/pachuca\/index.php\/producto\/unifi-protect-g6-pro-bullet-camara-4k-poe-todo-clima-con-motor-de-ia-multi-tops-zoom-optico-2-36x-y-sensor-cmos-1-1-2-que-ofrece-un-desempeno-sobresaliente-en-entornos-de-baja-ilumin\/"},"modified":"2026-03-20T12:52:45","modified_gmt":"2026-03-20T12:52:45","slug":"unifi-protect-g6-pro-bullet-camara-4k-poe-todo-clima-con-motor-de-ia-multi-tops-zoom-optico-2-36x-y-sensor-cmos-1-1-2-que-ofrece-un-desempeno-sobresaliente-en-entornos-de-baja-ilumin","status":"publish","type":"product","link":"https:\/\/soydeaqui.ddns.net\/pachuca\/index.php\/producto\/unifi-protect-g6-pro-bullet-camara-4k-poe-todo-clima-con-motor-de-ia-multi-tops-zoom-optico-2-36x-y-sensor-cmos-1-1-2-que-ofrece-un-desempeno-sobresaliente-en-entornos-de-baja-ilumin\/","title":{"rendered":"UniFi Protect G6 Pro Bullet \u2013 C\u00e1mara 4K PoE+ Todo Clima con Motor de IA Multi-TOPS, Zoom \u00d3ptico 2.36\u00d7 y Sensor CMOS 1\/1.2, que Ofrece un Desempe\u00f1o Sobresaliente en Entornos de Baja Iluminaci\u00f3n"},"content":{"rendered":"<div style='width: 100%; max-width: 1200px; margin: 0 auto; font-family: sans-serif; line-height: 1.6; color: inherit; background-color: transparent;'> <!-- Hero section --> <\/p>\n<div style='display: flex; flex-wrap: wrap; gap: 30px; align-items: center; border: 1px solid rgba(150&comma;150&comma;150&comma;0.3); border-radius: 12px; padding: 20px; margin-bottom: 30px;'>\n<div style='flex: 1 1 320px; min-width: 280px;'>\n<div style='position: relative; width: 100%; padding-bottom: 56.25%; height: 0; overflow: hidden;'> <video style='position: absolute; top: 0; left: 0; width: 100%; height: 100%; border: 1px solid rgba(150&comma;150&comma;150&comma;0.3); border-radius: 8px;' autoplay muted loop playsinline preload='metadata'><source src='https:\/\/ftp3.syscom.mx\/usuarios\/adiaz\/Ubiquiti\/Imagenes\/UVCG6PROBULLET\/loopb.mp4' type='video\/mp4'><img src='https:\/\/ftp3.syscom.mx\/usuarios\/adiaz\/Ubiquiti\/Imagenes\/UVCG6PROBULLET\/vista1b.png' alt='Ubiquiti UVC-G6-Pro-Bullet' style='width: 100%; height: auto; border: 1px solid rgba(150&comma;150&comma;150&comma;0.3); border-radius: 8px;'><\/video> <\/div>\n<\/p><\/div>\n<div style='flex: 1 1 360px; min-width: 280px;'>\n<h2 style='font-size: 22px; margin: 0 0 10px; color: inherit; opacity: 0.8;'>UniFi Protect G6 Pro Bullet<\/h2>\n<div style='margin-bottom: 15px; font-weight: 600; color: inherit; opacity: 0.7;'>Modelo: <span style='font-weight: 700; opacity: 1;'>UVC-G6-Pro-Bullet-B<\/span><\/div>\n<ul style='padding-left: 20px; font-size: 15px; color: inherit;'>\n<li style='margin-bottom: 5px;'><strong>Resoluci\u00f3n 4K (8MP)<\/strong><\/li>\n<li style='margin-bottom: 5px;'><strong>Zoom \u00f3ptico 2.36\u00d7<\/strong><\/li>\n<li style='margin-bottom: 5px;'><strong>Audio bidireccional<\/strong><\/li>\n<li style='margin-bottom: 5px;'><strong>Visi\u00f3n nocturna IR<\/strong><\/li>\n<li style='margin-bottom: 5px;'><strong>Detecciones inteligentes<\/strong><\/li>\n<li style='margin-bottom: 5px;'><strong>Alimentaci\u00f3n PoE+<\/strong><\/li>\n<\/ul><\/div>\n<\/p><\/div>\n<p> <!-- Especificaciones --> <\/p>\n<div style='text-align: center; margin: 30px 0 20px;'> <span style='font-size: 20px; font-weight: 700; color: inherit;'>Especificaciones<\/span> <\/div>\n<p> <!-- Cards de especificaciones --> <\/p>\n<div style='display: flex; flex-wrap: wrap; gap: 20px; margin-bottom: 30px;'> <!-- Caracter\u00edsticas principales --> <\/p>\n<div style='flex: 1 1 250px; border: 1px solid rgba(150&comma;150&comma;150&comma;0.4); border-radius: 8px; overflow: hidden; display: flex; flex-direction: column;'>\n<div style='padding: 15px; border-bottom: 1px solid rgba(150&comma;150&comma;150&comma;0.2); font-weight: bold; font-size: 18px; color: inherit;'>Caracter\u00edsticas principales<\/div>\n<div style='padding: 15px; color: inherit;'>\n<ul style='padding-left: 20px; margin: 0; font-size: 14px; list-style-type: disc;'>\n<li style='margin-bottom: 5px;'><strong>Resoluci\u00f3n<\/strong>: 4K<\/li>\n<li style='margin-bottom: 5px;'><strong>Visi\u00f3n nocturna IR<\/strong>: 40 m (131 ft) | hasta <strong>60 m<\/strong> (197 ft) con <strong>Vision Enhancer<\/strong><\/li>\n<li style='margin-bottom: 5px;'><strong>Zoom<\/strong>: 2.36\u00d7 \u00f3ptico<\/li>\n<li style='margin-bottom: 5px;'><strong>Detecciones inteligentes<\/strong> (personas&comma; veh\u00edculos&comma; animales): \u2713<\/li>\n<li style='margin-bottom: 5px;'><strong>Reconocimiento facial<\/strong>: \u2713<\/li>\n<li style='margin-bottom: 5px;'><strong>Reconocimiento de matr\u00edculas<\/strong>: \u2713<\/li>\n<li style='margin-bottom: 5px;'><strong>Audio<\/strong>: bidireccional<\/li>\n<li style='margin-bottom: 5px;'><strong>Protecci\u00f3n<\/strong>: IP66 \/ IK04<\/li>\n<\/ul><\/div>\n<\/p><\/div>\n<p> <!-- Video --> <\/p>\n<div style='flex: 1 1 250px; border: 1px solid rgba(150&comma;150&comma;150&comma;0.4); border-radius: 8px; overflow: hidden; display: flex; flex-direction: column;'>\n<div style='padding: 15px; border-bottom: 1px solid rgba(150&comma;150&comma;150&comma;0.2); font-weight: bold; font-size: 18px; color: inherit;'>Video<\/div>\n<div style='padding: 15px; color: inherit;'>\n<ul style='padding-left: 20px; margin: 0; font-size: 14px; list-style-type: disc;'>\n<li style='margin-bottom: 5px;'><strong>Resoluci\u00f3n m\u00e1x.<\/strong>: 8MP 3840 \u00d7 2160 (16:9)<\/li>\n<li style='margin-bottom: 5px;'><strong>FPS m\u00e1x.<\/strong>: 30<\/li>\n<li style='margin-bottom: 5px;'><strong>Ajustes de imagen<\/strong>: color&comma; brillo&comma; nitidez&comma; contraste&comma; balance de blancos&comma; control de exposici\u00f3n&comma; 2DNR&comma; 3DNR&comma; NR por movimiento&comma; enmascaramiento&comma; overlay de texto&comma; HDR<\/li>\n<\/ul><\/div>\n<\/p><\/div>\n<p> <!-- \u00d3ptica --> <\/p>\n<div style='flex: 1 1 250px; border: 1px solid rgba(150&comma;150&comma;150&comma;0.4); border-radius: 8px; overflow: hidden; display: flex; flex-direction: column;'>\n<div style='padding: 15px; border-bottom: 1px solid rgba(150&comma;150&comma;150&comma;0.2); font-weight: bold; font-size: 18px; color: inherit;'>\u00d3ptica<\/div>\n<div style='padding: 15px; color: inherit;'>\n<ul style='padding-left: 20px; margin: 0; font-size: 14px; list-style-type: disc;'>\n<li style='margin-bottom: 5px;'><strong>Sensor<\/strong>: 1\/1.2&#8242; 8MP<\/li>\n<li style='margin-bottom: 5px;'><strong>Lente<\/strong>: F 5.9\u201313.8 mm; \u0192\/1.5\u2013\u0192\/2.9<\/li>\n<li style='margin-bottom: 5px;'><strong>Modo nocturno<\/strong>: iluminaci\u00f3n IR LED adaptativa integrada y filtro IR cut<\/li>\n<li style='margin-bottom: 5px;'><strong>Campo de visi\u00f3n<\/strong>:<\/li>\n<li style='margin-bottom: 5px; margin-left: 20px; font-size: 14px; opacity: 0.8;'><strong>Wide:<\/strong> H 113.8\u00b0&comma; V 61.9\u00b0&comma; D 134\u00b0<\/li>\n<li style='margin-bottom: 5px; margin-left: 20px; font-size: 14px; opacity: 0.8;'><strong>Tele:<\/strong> H 45.5\u00b0&comma; V 25.8\u00b0&comma; D 52\u00b0<\/li>\n<\/ul><\/div>\n<\/p><\/div>\n<p> <!-- F\u00edsicas&comma; energ\u00eda y red --> <\/p>\n<div style='flex: 1 1 250px; border: 1px solid rgba(150&comma;150&comma;150&comma;0.4); border-radius: 8px; overflow: hidden; display: flex; flex-direction: column;'>\n<div style='padding: 15px; border-bottom: 1px solid rgba(150&comma;150&comma;150&comma;0.2); font-weight: bold; font-size: 18px; color: inherit;'>F\u00edsicas&comma; energ\u00eda y red<\/div>\n<div style='padding: 15px; color: inherit;'>\n<ul style='padding-left: 20px; margin: 0; font-size: 14px; list-style-type: disc;'>\n<li style='margin-bottom: 5px;'><strong>Dimensiones<\/strong>: sin montaje \u00d885.8 \u00d7 106.2 mm (\u00d83.4 \u00d7 4.2&#8242;); con montaje de pared \u00d885.8 \u00d7 210 mm (\u00d83.4 \u00d7 8.3&#8242;)<\/li>\n<li style='margin-bottom: 5px;'><strong>Interfaz de red<\/strong>: puerto GbE RJ45<\/li>\n<li style='margin-bottom: 5px;'><strong>M\u00e9todo de alimentaci\u00f3n<\/strong>: PoE+<\/li>\n<li style='margin-bottom: 5px;'><strong>Rango de voltaje soportado<\/strong>: 37\u201357 V DC<\/li>\n<li style='margin-bottom: 5px;'><strong>Consumo m\u00e1ximo<\/strong>: 15 W<\/li>\n<li style='margin-bottom: 5px;'><strong>Peso<\/strong>: sin montaje 755 g (1.7 lb); con montaje 980 g (2.2 lb)<\/li>\n<li style='margin-bottom: 5px;'><strong>Material del gabinete<\/strong>: policarbonato&comma; aleaci\u00f3n de aluminio<\/li>\n<\/ul><\/div>\n<\/p><\/div>\n<p> <!-- Montaje y cumplimiento --> <\/p>\n<div style='flex: 1 1 250px; border: 1px solid rgba(150&comma;150&comma;150&comma;0.4); border-radius: 8px; overflow: hidden; display: flex; flex-direction: column;'>\n<div style='padding: 15px; border-bottom: 1px solid rgba(150&comma;150&comma;150&comma;0.2); font-weight: bold; font-size: 18px; color: inherit;'>Montaje y cumplimiento<\/div>\n<div style='padding: 15px; color: inherit;'>\n<ul style='padding-left: 20px; margin: 0; font-size: 14px; list-style-type: disc;'>\n<li style='margin-bottom: 5px;'><strong>Montaje<\/strong>: pared&comma; techo y poste (incluido); caja de conexiones y base angular (opcional)<\/li>\n<li style='margin-bottom: 5px;'><strong>Temperatura de operaci\u00f3n<\/strong>: -20 a 50 \u00b0C (-4 a 122 \u00b0F)<\/li>\n<li style='margin-bottom: 5px;'><strong>Humedad de operaci\u00f3n<\/strong>: 0\u201390% sin condensaci\u00f3n<\/li>\n<li style='margin-bottom: 5px;'><strong>Cumplimiento NDAA<\/strong>: \u2713<\/li>\n<li style='margin-bottom: 5px;'><strong>Certificaciones<\/strong>: CE&comma; FCC&comma; IC<\/li>\n<\/ul><\/div>\n<\/p><\/div>\n<\/p><\/div>\n<p> <!-- Galer\u00eda de im\u00e1genes --> <\/p>\n<div style='border: 1px solid rgba(150&comma;150&comma;150&comma;0.3); border-radius: 8px; padding: 20px; margin: 30px 0; text-align: center;'>\n<h3 style='font-size: 18px; margin: 0 0 15px; color: inherit; opacity: 0.8;'>Vista del producto<\/h3>\n<div style='display: flex; flex-wrap: wrap; justify-content: center; gap: 20px;'> <img style='width: 100%; max-width: 480px; height: auto; border: 1px solid rgba(150&comma;150&comma;150&comma;0.3); border-radius: 8px;' src='https:\/\/ftp3.syscom.mx\/usuarios\/adiaz\/Ubiquiti\/Imagenes\/UVCG6PROBULLET\/vista1b.png' alt='UVC-G6-Pro-Bullet vista 1'> <img style='width: 100%; max-width: 480px; height: auto; border: 1px solid rgba(150&comma;150&comma;150&comma;0.3); border-radius: 8px;' src='https:\/\/ftp3.syscom.mx\/usuarios\/adiaz\/Ubiquiti\/Imagenes\/UVCG6PROBULLET\/vista2b.png' alt='UVC-G6-Pro-Bullet vista 2'> <\/div>\n<\/p><\/div>\n<p> <!-- Contenido del paquete --> <\/p>\n<div style='border: 1px solid rgba(150&comma;150&comma;150&comma;0.3); border-radius: 8px; padding: 20px; margin: 30px 0; text-align: center;'>\n<h3 style='font-size: 18px; margin: 0 0 15px; color: inherit; opacity: 0.8;'>Contenido del Paquete<\/h3>\n<p> <img style='width: 100%; max-width: 600px; height: auto; border: 1px solid rgba(150&comma;150&comma;150&comma;0.3); border-radius: 8px;' src='https:\/\/ftp3.syscom.mx\/usuarios\/adiaz\/Ubiquiti\/Imagenes\/UVCG6PROBULLET\/contenidob.png' alt='Contenido del paquete UVC-G6-Pro-Bullet'> <\/div>\n<\/p><\/div>\n","protected":false},"excerpt":{"rendered":"<p>UniFi Protect G6 Pro Bullet \u2013 C\u00e1mara 4K PoE+ Todo Clima con Motor de IA Multi-TOPS, Zoom \u00d3ptico 2.36\u00d7 y Sensor CMOS 1\/1.2, que Ofrece un Desempe\u00f1o Sobresaliente en Entornos de Baja Iluminaci\u00f3n<\/p>\n","protected":false},"featured_media":102435,"comment_status":"open","ping_status":"closed","template":"","meta":[],"product_brand":[],"product_cat":[438],"product_tag":[439,122,166],"class_list":{"0":"post-102436","1":"product","2":"type-product","3":"status-publish","4":"has-post-thumbnail","6":"product_cat-bala","7":"product_tag-bala","8":"product_tag-camaras-ip-y-nvrs","9":"product_tag-ubiquiti","11":"first","12":"outofstock","13":"sale","14":"shipping-taxable","15":"purchasable","16":"product-type-simple"},"_links":{"self":[{"href":"https:\/\/soydeaqui.ddns.net\/pachuca\/index.php\/wp-json\/wp\/v2\/product\/102436","targetHints":{"allow":["GET"]}}],"collection":[{"href":"https:\/\/soydeaqui.ddns.net\/pachuca\/index.php\/wp-json\/wp\/v2\/product"}],"about":[{"href":"https:\/\/soydeaqui.ddns.net\/pachuca\/index.php\/wp-json\/wp\/v2\/types\/product"}],"replies":[{"embeddable":true,"href":"https:\/\/soydeaqui.ddns.net\/pachuca\/index.php\/wp-json\/wp\/v2\/comments?post=102436"}],"wp:featuredmedia":[{"embeddable":true,"href":"https:\/\/soydeaqui.ddns.net\/pachuca\/index.php\/wp-json\/wp\/v2\/media\/102435"}],"wp:attachment":[{"href":"https:\/\/soydeaqui.ddns.net\/pachuca\/index.php\/wp-json\/wp\/v2\/media?parent=102436"}],"wp:term":[{"taxonomy":"product_brand","embeddable":true,"href":"https:\/\/soydeaqui.ddns.net\/pachuca\/index.php\/wp-json\/wp\/v2\/product_brand?post=102436"},{"taxonomy":"product_cat","embeddable":true,"href":"https:\/\/soydeaqui.ddns.net\/pachuca\/index.php\/wp-json\/wp\/v2\/product_cat?post=102436"},{"taxonomy":"product_tag","embeddable":true,"href":"https:\/\/soydeaqui.ddns.net\/pachuca\/index.php\/wp-json\/wp\/v2\/product_tag?post=102436"}],"curies":[{"name":"wp","href":"https:\/\/api.w.org\/{rel}","templated":true}]}}