{"id":102427,"date":"2026-03-20T12:51:54","date_gmt":"2026-03-20T12:51:54","guid":{"rendered":"https:\/\/soydeaqui.ddns.net\/pachuca\/index.php\/producto\/caja-de-analiticos-de-inteligencia-artificial-8-canales-para-camaras-hanwha-deteccion-de-personas-y-vehiculos-conteo-de-personas-y-vehiculos-analiticos-de-intrusion-2\/"},"modified":"2026-03-20T12:52:04","modified_gmt":"2026-03-20T12:52:04","slug":"caja-de-analiticos-de-inteligencia-artificial-8-canales-para-camaras-hanwha-deteccion-de-personas-y-vehiculos-conteo-de-personas-y-vehiculos-analiticos-de-intrusion-2","status":"publish","type":"product","link":"https:\/\/soydeaqui.ddns.net\/pachuca\/index.php\/producto\/caja-de-analiticos-de-inteligencia-artificial-8-canales-para-camaras-hanwha-deteccion-de-personas-y-vehiculos-conteo-de-personas-y-vehiculos-analiticos-de-intrusion-2\/","title":{"rendered":"Caja de analiticos de inteligencia artificial 8 canales para camaras Hanwha, Deteccion de personas y vehiculos, conteo de personas y vehiculos, analiticos de intrusion"},"content":{"rendered":"<div style='width: 100%; max-width: 1200px; margin: 0 auto; font-family: sans-serif; line-height: 1.6; color: inherit; background-color: transparent;'>\n<div style='display: flex; flex-wrap: wrap; gap: 30px; margin-bottom: 30px;'>\n<div style='flex: 1 1 300px; min-width: 280px;'>\n<h3 style='font-size: 22px; border-bottom: 2px solid currentColor; padding-bottom: 5px; margin-top: 0; color: inherit; opacity: 0.8;'>Caracter\u00edsticas b\u00e1sicas<\/h3>\n<ul style='padding-left: 20px; font-size: 15px; color: inherit;'>\n<li style='margin-bottom: 5px;'><strong>Caja de anal\u00edticos<\/strong>: Para 8 canales<\/li>\n<li style='margin-bottom: 5px;'><strong>Resoluciones<\/strong>: CIF a 32MP<\/li>\n<li style='margin-bottom: 5px;'><strong>N\u00famero m\u00e1ximo de flujos de video<\/strong>: 80 flujos<\/li>\n<\/ul>\n<h3 style='font-size: 22px; border-bottom: 2px solid currentColor; padding-bottom: 5px; margin-top: 20px; color: inherit; opacity: 0.8;'>Anal\u00edticos<\/h3>\n<ul style='padding-left: 20px; font-size: 15px; color: inherit;'>\n<li style='margin-bottom: 5px;'><strong>Clasificaci\u00f3n de objetos<\/strong>: Personas y veh\u00edculos<\/li>\n<li style='margin-bottom: 5px;'><strong>Anal\u00edticos basados en IA<\/strong>: Detecci\u00f3n de movimiento&comma; detecci\u00f3n de objetos&comma; l\u00ednea virtual (cruce\/direcci\u00f3n)&comma; \u00e1rea virtual (merodeo\/intrusi\u00f3n\/entrada\/salida)<\/li>\n<li style='margin-bottom: 5px;'><strong>Inteligencia de negocios<\/strong>: Conteo de personas&comma; conteo de veh\u00edculos&comma; manejo de filas&comma; mapa de calor<\/li>\n<li style='margin-bottom: 5px;'><strong>Compatibilidad<\/strong>: C\u00e1maras HANWHA<\/li>\n<\/ul><\/div>\n<div style='flex: 1 1 300px; min-width: 280px;'>\n<h3 style='font-size: 22px; border-bottom: 2px solid currentColor; padding-bottom: 5px; margin-top: 0; color: inherit; opacity: 0.8;'>Interfaces<\/h3>\n<ul style='padding-left: 20px; font-size: 15px; color: inherit;'>\n<li style='margin-bottom: 5px;'><strong>Interfaces de red<\/strong>: 1 x RJ45&comma; Gigabit Ethernet<\/li>\n<li style='margin-bottom: 5px;'><strong>Salidas de video<\/strong>: No incluye<\/li>\n<li style='margin-bottom: 5px;'><strong>Puertos USB<\/strong>: 1 puerto USB 3.0 para depuraci\u00f3n<\/li>\n<li style='margin-bottom: 5px;'><strong>CPU<\/strong>: NVIDIA ORIN NX 8GB (SOM)<\/li>\n<\/ul>\n<h3 style='font-size: 22px; border-bottom: 2px solid currentColor; padding-bottom: 5px; margin-top: 20px; color: inherit; opacity: 0.8;'>Caracter\u00edsticas f\u00edsicas y el\u00e9ctricas<\/h3>\n<ul style='padding-left: 20px; font-size: 15px; color: inherit;'>\n<li style='margin-bottom: 5px;'><strong>Alimentaci\u00f3n<\/strong>: 12VCD&comma; 4A<\/li>\n<li style='margin-bottom: 5px;'><strong>Consumo m\u00e1ximo<\/strong>: 28W<\/li>\n<\/ul><\/div>\n<div style='flex: 1 1 300px; min-width: 280px;'>\n<h3 style='font-size: 22px; border-bottom: 2px solid currentColor; padding-bottom: 5px; margin-top: 0; color: inherit; opacity: 0.8;'>Especificaciones mec\u00e1nicas<\/h3>\n<ul style='padding-left: 20px; font-size: 15px; color: inherit;'>\n<li style='margin-bottom: 5px;'><strong>Forma del equipo<\/strong>: Mini Chassis<\/li>\n<li style='margin-bottom: 5px;'><strong>Color \/ Material<\/strong>: Negro \/ Metal<\/li>\n<li style='margin-bottom: 5px;'><strong>Dimensiones<\/strong>: 11.81&#8242; (300 mm) x 1.87&#8242; (47.6 mm) x 9.48&#8242; (240.9 mm)<\/li>\n<li style='margin-bottom: 5px;'><strong>Peso<\/strong>: 1.39Kg<\/li>\n<\/ul>\n<h3 style='font-size: 22px; border-bottom: 2px solid currentColor; padding-bottom: 5px; margin-top: 20px; color: inherit; opacity: 0.8;'>Condiciones ambientales<\/h3>\n<ul style='padding-left: 20px; font-size: 15px; color: inherit;'>\n<li style='margin-bottom: 5px;'><strong>Temperatura de operaci\u00f3n<\/strong>: 10 a 40 \u00baC<\/li>\n<li style='margin-bottom: 5px;'><strong>Humedad de operaci\u00f3n<\/strong>: 20% a 85% RH sin condensaci\u00f3n<\/li>\n<\/ul><\/div>\n<\/p><\/div>\n<\/p><\/div>\n","protected":false},"excerpt":{"rendered":"<p>Caja de analiticos de inteligencia artificial 8 canales para camaras Hanwha, Deteccion de personas y vehiculos, conteo de personas y vehiculos, analiticos de intrusion<\/p>\n","protected":false},"featured_media":102426,"comment_status":"open","ping_status":"closed","template":"","meta":[],"product_brand":[],"product_cat":[438],"product_tag":[439,122,1055],"class_list":{"0":"post-102427","1":"product","2":"type-product","3":"status-publish","4":"has-post-thumbnail","6":"product_cat-bala","7":"product_tag-bala","8":"product_tag-camaras-ip-y-nvrs","9":"product_tag-hanwha-vision","11":"first","12":"instock","13":"sale","14":"shipping-taxable","15":"purchasable","16":"product-type-simple"},"_links":{"self":[{"href":"https:\/\/soydeaqui.ddns.net\/pachuca\/index.php\/wp-json\/wp\/v2\/product\/102427","targetHints":{"allow":["GET"]}}],"collection":[{"href":"https:\/\/soydeaqui.ddns.net\/pachuca\/index.php\/wp-json\/wp\/v2\/product"}],"about":[{"href":"https:\/\/soydeaqui.ddns.net\/pachuca\/index.php\/wp-json\/wp\/v2\/types\/product"}],"replies":[{"embeddable":true,"href":"https:\/\/soydeaqui.ddns.net\/pachuca\/index.php\/wp-json\/wp\/v2\/comments?post=102427"}],"wp:featuredmedia":[{"embeddable":true,"href":"https:\/\/soydeaqui.ddns.net\/pachuca\/index.php\/wp-json\/wp\/v2\/media\/102426"}],"wp:attachment":[{"href":"https:\/\/soydeaqui.ddns.net\/pachuca\/index.php\/wp-json\/wp\/v2\/media?parent=102427"}],"wp:term":[{"taxonomy":"product_brand","embeddable":true,"href":"https:\/\/soydeaqui.ddns.net\/pachuca\/index.php\/wp-json\/wp\/v2\/product_brand?post=102427"},{"taxonomy":"product_cat","embeddable":true,"href":"https:\/\/soydeaqui.ddns.net\/pachuca\/index.php\/wp-json\/wp\/v2\/product_cat?post=102427"},{"taxonomy":"product_tag","embeddable":true,"href":"https:\/\/soydeaqui.ddns.net\/pachuca\/index.php\/wp-json\/wp\/v2\/product_tag?post=102427"}],"curies":[{"name":"wp","href":"https:\/\/api.w.org\/{rel}","templated":true}]}}