{"id":102382,"date":"2026-03-20T12:49:39","date_gmt":"2026-03-20T12:49:39","guid":{"rendered":"https:\/\/soydeaqui.ddns.net\/pachuca\/index.php\/producto\/montaje-de-pared-universal-con-inclinacion-para-pantallas-de-40-a-75-inclinacion-15-a-5-capacidad-carga-79-kg-sistema-hook-and-hang-instalacion-individual\/"},"modified":"2026-03-20T12:49:44","modified_gmt":"2026-03-20T12:49:44","slug":"montaje-de-pared-universal-con-inclinacion-para-pantallas-de-40-a-75-inclinacion-15-a-5-capacidad-carga-79-kg-sistema-hook-and-hang-instalacion-individual","status":"publish","type":"product","link":"https:\/\/soydeaqui.ddns.net\/pachuca\/index.php\/producto\/montaje-de-pared-universal-con-inclinacion-para-pantallas-de-40-a-75-inclinacion-15-a-5-capacidad-carga-79-kg-sistema-hook-and-hang-instalacion-individual\/","title":{"rendered":"Montaje de pared Universal con inclinacion para Pantallas de 40&#8243; a 75&#8243; \/ Inclinaci\u00f3n +15\u00b0 a -5\u00b0 \/ Capacidad Carga 79 kg \/ Sistema Hook-and-Hang Instalaci\u00f3n Individual"},"content":{"rendered":"<div style='width: 100%; max-width: 1200px; margin: 0 auto; font-family: sans-serif; line-height: 1.6; color: inherit; background-color: transparent;'>\n<div style='margin-bottom: 30px;'>\n<p style='font-size: 17px; line-height: 1.6; margin: 0 0 20px; color: inherit;'>El soporte mural universal SmartMount\u00ae de inclinaci\u00f3n ofrece la soluci\u00f3n m\u00e1s vers\u00e1til para instalaci\u00f3n de pantallas de 39&#8242; a 75&#8242;. Con tecnolog\u00eda IncreLok\u2122 que permite bloquear el \u00e1ngulo de inclinaci\u00f3n en incrementos de 5\u00b0 para evitar manipulaciones no deseadas. Su dise\u00f1o de placa mural abierta proporciona acceso total a la pared para mejor gesti\u00f3n de cables el\u00e9ctricos. El sistema Hook-and-Hang\u2122 permite instalaci\u00f3n r\u00e1pida y segura por una sola persona.<\/p>\n<\/p><\/div>\n<div style='margin-bottom: 30px;'>\n<h2 style='font-size: 22px; margin: 0 0 15px; color: inherit; opacity: 0.9;'>Caracter\u00edsticas Principales<\/h2>\n<div style='display: flex; flex-wrap: wrap; gap: 20px;'>\n<div style='flex: 1 1 250px; min-width: 280px;'>\n<div style='border: 1px solid rgba(150&comma; 150&comma; 150&comma; 0.4); border-radius: 8px; overflow: hidden; display: flex; flex-direction: column; height: 100%;'>\n<div style='padding: 15px; border-bottom: 1px solid rgba(150&comma; 150&comma; 150&comma; 0.2); font-weight: bold; font-size: 18px; color: inherit;'>Caracter\u00edsticas<\/div>\n<div style='padding: 15px; color: inherit;'>\n<ul style='padding-left: 20px; margin: 0; font-size: 14px; list-style-type: disc; color: inherit;'>\n<li style='margin-bottom: 5px; color: inherit;'>Sistema IncreLok\u2122: Bloqueo de inclinaci\u00f3n en incrementos de 5\u00b0 para evitar manipulaciones no deseadas<\/li>\n<li style='margin-bottom: 5px; color: inherit;'>Hook-and-Hang\u2122: Instalaci\u00f3n r\u00e1pida y segura por una sola persona<\/li>\n<li style='margin-bottom: 5px; color: inherit;'>Easy-Glide\u2122: Adaptadores que se enganchan en la placa mural para instalaci\u00f3n simple<\/li>\n<li style='margin-bottom: 5px; color: inherit;'>Ajuste horizontal hasta 203 mm (8&#8242;) para centrar perfectamente la pantalla<\/li>\n<li style='margin-bottom: 5px; color: inherit;'>Ajuste vertical de 6 mm (0.25&#8242;) en cada bracket para nivelaci\u00f3n post-instalaci\u00f3n<\/li>\n<li style='margin-bottom: 5px; color: inherit;'>Placa mural abierta: Acceso total a la pared para gesti\u00f3n avanzada de cables el\u00e9ctricos<\/li>\n<li style='margin-bottom: 5px; color: inherit;'>Compatibilidad universal: Patrones de montaje hasta 742 x 405 mm y patrones VESA\u00ae hasta 600 x 400 mm<\/li>\n<li style='margin-bottom: 5px; color: inherit;'>Opciones de seguridad: Tornillos de seguridad incluidos en modelo ST650 para prevenir robos<\/li>\n<li style='margin-bottom: 5px; color: inherit;'>Certificaci\u00f3n UL: Probado a cuatro veces la capacidad de carga declarada (700 lb)<\/li>\n<\/ul><\/div>\n<\/p><\/div>\n<\/p><\/div>\n<\/p><\/div>\n<\/p><\/div>\n<div style='margin-bottom: 30px;'>\n<h2 style='font-size: 22px; margin: 0 0 15px; color: inherit; opacity: 0.9;'>Detalles T\u00e9cnicos<\/h2>\n<div style='display: flex; flex-wrap: wrap; gap: 20px;'>\n<div style='flex: 1 1 250px; min-width: 280px;'>\n<div style='border: 1px solid rgba(150&comma; 150&comma; 150&comma; 0.4); border-radius: 8px; overflow: hidden; display: flex; flex-direction: column;'>\n<div style='padding: 15px; border-bottom: 1px solid rgba(150&comma; 150&comma; 150&comma; 0.2); font-weight: bold; font-size: 18px; color: inherit;'>Especificaciones<\/div>\n<div style='padding: 15px; color: inherit;'>\n<ul style='padding-left: 20px; margin: 0; font-size: 14px; list-style-type: disc; color: inherit;'>\n<li style='margin-bottom: 5px; color: inherit;'>Capacidad m\u00e1xima de carga: 175 lb (79 kg)<\/li>\n<li style='margin-bottom: 5px; color: inherit;'>Rango de inclinaci\u00f3n: +15\u00b0 hacia adelante \/ -5\u00b0 hacia atr\u00e1s<\/li>\n<li style='margin-bottom: 5px; color: inherit;'>Patr\u00f3n de montaje m\u00e1ximo: 742 x 405 mm (29.21&#8242; x 15.95&#8242;)<\/li>\n<li style='margin-bottom: 5px; color: inherit;'>Compatibilidad VESA\u00ae: Hasta 600 x 400 mm<\/li>\n<li style='margin-bottom: 5px; color: inherit;'>Peso del producto: 8.15 lb (3.70 kg)<\/li>\n<li style='margin-bottom: 5px; color: inherit;'>Dimensiones del producto: 794 x 429 x 67-137 mm (31.26&#8242; x 16.89&#8242; x 2.62&#8242;-5.40&#8242;)<\/li>\n<li style='margin-bottom: 5px; color: inherit;'>Acabado: Epoxy fusionado resistente a rayones&comma; negro semi-brillante<\/li>\n<\/ul><\/div>\n<\/p><\/div>\n<\/p><\/div>\n<div style='flex: 1 1 250px; min-width: 280px;'>\n<div style='border: 1px solid rgba(150&comma; 150&comma; 150&comma; 0.4); border-radius: 8px; overflow: hidden; display: flex; flex-direction: column;'>\n<div style='padding: 15px; border-bottom: 1px solid rgba(150&comma; 150&comma; 150&comma; 0.2); font-weight: bold; font-size: 18px; color: inherit;'>Interfaces y Conectividad<\/div>\n<div style='padding: 15px; color: inherit;'>\n<ul style='padding-left: 20px; margin: 0; font-size: 14px; list-style-type: disc; color: inherit;'>\n<li style='margin-bottom: 5px; color: inherit;'>Sistema de montaje universal: Compatible con m\u00faltiples patrones VESA<\/li>\n<li style='margin-bottom: 5px; color: inherit;'>Hardware incluido: Tornillos para pared y pantalla completos<\/li>\n<li style='margin-bottom: 5px; color: inherit;'>Opciones de seguridad: Tornillos anti-manipulaci\u00f3n<\/li>\n<\/ul><\/div>\n<\/p><\/div>\n<\/p><\/div>\n<\/p><\/div>\n<\/p><\/div>\n<div style='margin-bottom: 30px;'>\n<h2 style='font-size: 22px; margin: 0 0 15px; color: inherit; opacity: 0.9;'>Aplicaciones y Casos de Uso<\/h2>\n<div style='display: flex; flex-wrap: wrap; gap: 20px;'>\n<div style='flex: 1 1 250px; min-width: 280px;'>\n<div style='border: 1px solid rgba(150&comma; 150&comma; 150&comma; 0.4); border-radius: 8px; overflow: hidden; display: flex; flex-direction: column;'>\n<div style='padding: 15px; border-bottom: 1px solid rgba(150&comma; 150&comma; 150&comma; 0.2); font-weight: bold; font-size: 18px; color: inherit;'>Entornos Corporativos<\/div>\n<div style='padding: 15px; color: inherit;'>\n<p style='margin: 0; font-size: 14px; color: inherit;'>Ideal para salas de conferencias&comma; recepciones y \u00e1reas de trabajo donde se requiere ajuste preciso y seguridad contra manipulaciones.<\/p>\n<\/p><\/div>\n<\/p><\/div>\n<\/p><\/div>\n<div style='flex: 1 1 250px; min-width: 280px;'>\n<div style='border: 1px solid rgba(150&comma; 150&comma; 150&comma; 0.4); border-radius: 8px; overflow: hidden; display: flex; flex-direction: column;'>\n<div style='padding: 15px; border-bottom: 1px solid rgba(150&comma; 150&comma; 150&comma; 0.2); font-weight: bold; font-size: 18px; color: inherit;'>Educaci\u00f3n<\/div>\n<div style='padding: 15px; color: inherit;'>\n<p style='margin: 0; font-size: 14px; color: inherit;'>Perfecto para aulas&comma; laboratorios y bibliotecas donde la gesti\u00f3n de cables y la instalaci\u00f3n sencilla son prioritarias.<\/p>\n<\/p><\/div>\n<\/p><\/div>\n<\/p><\/div>\n<div style='flex: 1 1 250px; min-width: 280px;'>\n<div style='border: 1px solid rgba(150&comma; 150&comma; 150&comma; 0.4); border-radius: 8px; overflow: hidden; display: flex; flex-direction: column;'>\n<div style='padding: 15px; border-bottom: 1px solid rgba(150&comma; 150&comma; 150&comma; 0.2); font-weight: bold; font-size: 18px; color: inherit;'>Retail y Hospitality<\/div>\n<div style='padding: 15px; color: inherit;'>\n<p style='margin: 0; font-size: 14px; color: inherit;'>Soluci\u00f3n ideal para tiendas&comma; hoteles y restaurantes que requieren montajes seguros con opciones anti-robo.<\/p>\n<\/p><\/div>\n<\/p><\/div>\n<\/p><\/div>\n<\/p><\/div>\n<\/p><\/div>\n<hr style='border: 0; border-top: 1px solid rgba(150&comma; 150&comma; 150&comma; 0.3); margin: 30px 0;'> <\/div>\n","protected":false},"excerpt":{"rendered":"<p>Montaje de pared Universal con inclinacion para Pantallas de 40&#8243; a 75&#8243; \/ Inclinaci\u00f3n +15\u00b0 a -5\u00b0 \/ Capacidad Carga 79 kg \/ Sistema Hook-and-Hang Instalaci\u00f3n Individual<\/p>\n","protected":false},"featured_media":102381,"comment_status":"open","ping_status":"closed","template":"","meta":[],"product_brand":[],"product_cat":[2115],"product_tag":[93,2089,903],"class_list":{"0":"post-102382","1":"product","2":"type-product","3":"status-publish","4":"has-post-thumbnail","6":"product_cat-accesorios-monitores-pantallas-y-mobiliario","7":"product_tag-accesorios","8":"product_tag-monitores-pantallas-y-mobiliario","9":"product_tag-peerlees","11":"first","12":"outofstock","13":"sale","14":"shipping-taxable","15":"purchasable","16":"product-type-simple"},"_links":{"self":[{"href":"https:\/\/soydeaqui.ddns.net\/pachuca\/index.php\/wp-json\/wp\/v2\/product\/102382","targetHints":{"allow":["GET"]}}],"collection":[{"href":"https:\/\/soydeaqui.ddns.net\/pachuca\/index.php\/wp-json\/wp\/v2\/product"}],"about":[{"href":"https:\/\/soydeaqui.ddns.net\/pachuca\/index.php\/wp-json\/wp\/v2\/types\/product"}],"replies":[{"embeddable":true,"href":"https:\/\/soydeaqui.ddns.net\/pachuca\/index.php\/wp-json\/wp\/v2\/comments?post=102382"}],"wp:featuredmedia":[{"embeddable":true,"href":"https:\/\/soydeaqui.ddns.net\/pachuca\/index.php\/wp-json\/wp\/v2\/media\/102381"}],"wp:attachment":[{"href":"https:\/\/soydeaqui.ddns.net\/pachuca\/index.php\/wp-json\/wp\/v2\/media?parent=102382"}],"wp:term":[{"taxonomy":"product_brand","embeddable":true,"href":"https:\/\/soydeaqui.ddns.net\/pachuca\/index.php\/wp-json\/wp\/v2\/product_brand?post=102382"},{"taxonomy":"product_cat","embeddable":true,"href":"https:\/\/soydeaqui.ddns.net\/pachuca\/index.php\/wp-json\/wp\/v2\/product_cat?post=102382"},{"taxonomy":"product_tag","embeddable":true,"href":"https:\/\/soydeaqui.ddns.net\/pachuca\/index.php\/wp-json\/wp\/v2\/product_tag?post=102382"}],"curies":[{"name":"wp","href":"https:\/\/api.w.org\/{rel}","templated":true}]}}