{"id":102331,"date":"2026-03-20T12:46:59","date_gmt":"2026-03-20T12:46:59","guid":{"rendered":"https:\/\/soydeaqui.ddns.net\/pachuca\/index.php\/producto\/domo-ptz-turbohd-2-megapixel-1080p-32x-zoom-150-mts-ir-exterior-ip66-ik10-wdr-120-db-ultra-baja-iluminacion\/"},"modified":"2026-03-20T12:47:14","modified_gmt":"2026-03-20T12:47:14","slug":"domo-ptz-turbohd-2-megapixel-1080p-32x-zoom-150-mts-ir-exterior-ip66-ik10-wdr-120-db-ultra-baja-iluminacion","status":"publish","type":"product","link":"https:\/\/soydeaqui.ddns.net\/pachuca\/index.php\/producto\/domo-ptz-turbohd-2-megapixel-1080p-32x-zoom-150-mts-ir-exterior-ip66-ik10-wdr-120-db-ultra-baja-iluminacion\/","title":{"rendered":"Domo PTZ TURBOHD 2 Megapixel (1080P) \/ 32X Zoom \/ 150 mts IR \/ Exterior IP66 \/ IK10 \/ WDR 120 dB \/ Ultra Baja Iluminaci\u00f3n"},"content":{"rendered":"<div style=\"width: 100%; max-width: 1200px; margin: 0 auto; font-family: sans-serif; line-height: 1.6; color: inherit; background-color: transparent;\"><!-- Imagen logo Hikvision --> <\/p>\n<div style=\"text-align: center; margin-bottom: 30px;\"><img decoding=\"async\" style=\"width: 45%; max-width: 300px; height: auto; border: 1px solid rgba(150&comma;150&comma;150&comma;0.3); border-radius: 8px;\" src=\"https:\/\/ftp3.syscom.mx\/usuarios\/jsosa\/HIKVISION\/imagenes\/logo\/hikvision%20see%20far.png\" alt=\"Logo Hikvision\" \/><\/div>\n<p> <!-- Secci\u00f3n de caracter\u00edsticas con flex --> <\/p>\n<div style=\"display: flex; flex-wrap: wrap; gap: 30px; margin-bottom: 30px;\"><!-- Caracter\u00edsticas principales --> <\/p>\n<div style=\"flex: 1 1 300px; min-width: 280px;\">\n<h3 style=\"font-size: 22px; border-bottom: 2px solid currentColor; padding-bottom: 5px; margin-top: 0; color: inherit; opacity: 0.8;\">Caracter&iacute;sticas principales<\/h3>\n<ul style=\"padding-left: 20px; font-size: 15px; color: inherit;\">\n<li style=\"margin-bottom: 5px;\"><strong>Resoluci&oacute;n m&aacute;xima:<\/strong> 2 Megapixel (1920 x 1080)<\/li>\n<li style=\"margin-bottom: 5px;\"><strong>Iluminaci&oacute;n m&iacute;nima (Color):<\/strong> 0.005 Lux (F1.6&comma; AGC ON)<\/li>\n<li style=\"margin-bottom: 5px;\"><strong>Iluminaci&oacute;n m&iacute;nima (B\/N):<\/strong> 0.001 Lux (F1.6&comma; AGC ON)<\/li>\n<li style=\"margin-bottom: 5px;\"><strong>Funciones:<\/strong> WDR real 120dB \/ 3D-DNR<\/li>\n<li style=\"margin-bottom: 5px;\"><strong>Distancia Focal:<\/strong> 4.8 a 153 mm (32X Zoom &oacute;ptico \/ 16X Zoom digital)<\/li>\n<li style=\"margin-bottom: 5px;\"><strong>Distancia de Infrarrojos:<\/strong> 150 mts IR (visi&oacute;n nocturna)<\/li>\n<li style=\"margin-bottom: 5px;\"><strong>Soporte de puertos:<\/strong> RS-485 (anal&oacute;gica) y COAXITRON (TURBOHD)<\/li>\n<\/ul><\/div>\n<p> <!-- Caracter\u00edsticas F\u00edsicas y El\u00e9ctricas --> <\/p>\n<div style=\"flex: 1 1 300px; min-width: 280px;\">\n<h3 style=\"font-size: 22px; border-bottom: 2px solid currentColor; padding-bottom: 5px; margin-top: 0; color: inherit; opacity: 0.8;\">Caracter&iacute;sticas F&iacute;sicas y El&eacute;ctricas<\/h3>\n<ul style=\"padding-left: 20px; font-size: 15px; color: inherit;\">\n<li style=\"margin-bottom: 5px;\"><strong>Alimentaci&oacute;n:<\/strong> 24 VCA \/ 40 Watts (Fuente no incluida)<\/li>\n<li style=\"margin-bottom: 5px;\"><strong>Temperatura de operaci&oacute;n:<\/strong> -30&ordm; a 65&ordm; C<\/li>\n<li style=\"margin-bottom: 5px;\"><strong>Protecci&oacute;n:<\/strong> Interior &#8211; Exterior (IP66) \/ Antivand&aacute;lico (IK10)<\/li>\n<li style=\"margin-bottom: 5px;\"><strong>Dimensiones:<\/strong> 220 x 353.4 mm<\/li>\n<li style=\"margin-bottom: 5px;\"><strong>Peso:<\/strong> 4.5 Kgs<\/li>\n<li style=\"margin-bottom: 5px;\"><strong>Recomendaci&oacute;n:<\/strong> Para cuestiones de inducci&oacute;n se recomienda colocar el cople <a style=\"color: inherit; text-decoration: underline;\" href=\"https:\/\/www.syscom.mx\/producto\/DS-1601ZJ-CP-HIKVISION-78253.html\" target=\"_blank\" rel=\"noopener\">DS-1601ZJ-CP<\/a> para aislar el PTZ del brazo de pared y prevenir fallas.<\/li>\n<\/ul>\n<h4 style=\"font-size: 18px; margin-top: 20px; margin-bottom: 10px; color: inherit;\">Accesorios:<\/h4>\n<ul style=\"padding-left: 20px; font-size: 14px; color: inherit;\">\n<li style=\"margin-bottom: 5px;\"><a style=\"color: inherit; text-decoration: underline;\" href=\"https:\/\/www.syscom.mx\/producto\/DS-1602ZJ-HIKVISION-77700.html\" target=\"_blank\" rel=\"noopener\">DS-1602ZJ<\/a> &#8211; Montaje de pared para interior o exterior<\/li>\n<li style=\"margin-bottom: 5px;\"><a style=\"color: inherit; text-decoration: underline;\" href=\"https:\/\/www.syscom.mx\/producto\/DS-1602ZJ-HIKVISION-77700.html\" target=\"_blank\" rel=\"noopener\">DS-1602ZJ-Conner<\/a> &#8211; Montaje de pared para interior o exterior<\/li>\n<li style=\"margin-bottom: 5px;\"><a style=\"color: inherit; text-decoration: underline;\" href=\"https:\/\/www.syscom.mx\/producto\/DS-1602ZJ-POLE-HIKVISION-78569.html\" target=\"_blank\" rel=\"noopener\">DS-1602ZJ-Pole<\/a> &#8211; Montaje de poste vertical<\/li>\n<li style=\"margin-bottom: 5px;\"><a style=\"color: inherit; text-decoration: underline;\" href=\"https:\/\/www.syscom.mx\/producto\/DS-1602ZJ-BOX-HIKVISION-78425.html\" target=\"_blank\" rel=\"noopener\">DS-1602ZJ-Box<\/a> &#8211; Montaje de pared con caja de conexiones<\/li>\n<li style=\"margin-bottom: 5px;\"><a style=\"color: inherit; text-decoration: underline;\" href=\"https:\/\/www.syscom.mx\/producto\/DS-1663ZJ-HIKVISION-75318.html\" target=\"_blank\" rel=\"noopener\">DS-1663ZJ<\/a> &#8211; Montaje de techo sin tubo<\/li>\n<li style=\"margin-bottom: 5px;\"><a style=\"color: inherit; text-decoration: underline;\" href=\"https:\/\/www.syscom.mx\/producto\/DS-1661ZJ-HIKVISION-69425.html\" target=\"_blank\" rel=\"noopener\">DS-1661ZJ<\/a> &#8211; Montaje de techo tipo tubo<\/li>\n<li style=\"margin-bottom: 5px;\"><a style=\"color: inherit; text-decoration: underline;\" href=\"https:\/\/www.syscom.mx\/producto\/DS-1662ZJ-HIKVISION-69426.html\" target=\"_blank\" rel=\"noopener\">DS-1662ZJ<\/a> &#8211; Montaje de techo tipo tubo<\/li>\n<li style=\"margin-bottom: 5px;\"><a style=\"color: inherit; text-decoration: underline;\" href=\"https:\/\/www.syscom.mx\/producto\/DS-1619ZJ-HIKVISION-84690.html\" target=\"_blank\" rel=\"noopener\">DS-1619ZJ<\/a> &#8211; Montaje tipo gancho<\/li>\n<\/ul><\/div>\n<p> <!-- Caracter\u00edsticas Generales --> <\/p>\n<div style=\"flex: 1 1 300px; min-width: 280px;\">\n<h3 style=\"font-size: 22px; border-bottom: 2px solid currentColor; padding-bottom: 5px; margin-top: 0; color: inherit; opacity: 0.8;\">Caracter&iacute;sticas Generales<\/h3>\n<ul style=\"padding-left: 20px; font-size: 15px; color: inherit;\">\n<li style=\"margin-bottom: 5px;\"><strong>Paneo:<\/strong> 360&ordm;<\/li>\n<li style=\"margin-bottom: 5px;\"><strong>Tildado:<\/strong> -15&ordm; a 90&ordm;<\/li>\n<li style=\"margin-bottom: 5px;\"><strong>Preset \/ Patrol \/ Pattern:<\/strong> 256 \/ 10 (32 preset cada uno) \/ 5 (10 minutos en total)<\/li>\n<li style=\"margin-bottom: 5px;\"><strong>Soporta:<\/strong> Tareas calendarizadas<\/li>\n<li style=\"margin-bottom: 5px;\"><strong>Protocolos:<\/strong> HIKVISION \/ Pelco-P \/ Pelco-D<\/li>\n<li style=\"margin-bottom: 5px;\"><strong>Nota:<\/strong> &Uacute;nicamente soporta tecnolog&iacute;a TVI<\/li>\n<\/ul><\/div>\n<\/p><\/div>\n<p> <!-- Consideraciones --> <\/p>\n<div style=\"margin-bottom: 30px;\">\n<h3 style=\"font-size: 22px; border-bottom: 2px solid currentColor; padding-bottom: 5px; margin-top: 0; color: inherit; opacity: 0.8;\">Consideraciones<\/h3>\n<ul style=\"padding-left: 20px; font-size: 15px; color: inherit;\">\n<li>No se especificaron consideraciones adicionales en el contenido original<\/li>\n<\/ul><\/div>\n<p> <!-- Recursos --> <\/p>\n<div style=\"margin-bottom: 30px;\">\n<h2 style=\"text-align: center; font-size: 24px; margin-bottom: 20px; color: inherit;\">Recursos<\/h2>\n<p> <!-- Im\u00e1genes de recursos --> <\/p>\n<div style=\"display: flex; flex-wrap: wrap; gap: 20px; justify-content: center;\">\n<div style=\"flex: 1 1 200px; min-width: 180px; max-width: 300px;\"><a style=\"display: block;\" href=\"https:\/\/www.hikvision.com\/es-la\/support\/download\/software\/ivms4200-series\/?q=serie%20ivms4200&amp;position=1\" target=\"_blank\" rel=\"noopener\"> <img decoding=\"async\" style=\"width: 100%; height: auto; border: 1px solid rgba(150&comma;150&comma;150&comma;0.3); border-radius: 8px;\" src=\"https:\/\/ftp3.syscom.mx\/usuarios\/gmagos\/HIK\/IP\/IPC\/Imagenes%20pagina\/Descargas%20IVMS4200.jpg\" alt=\"IVMS4200\" \/> <\/a><\/div>\n<div style=\"flex: 1 1 200px; min-width: 180px; max-width: 300px;\"><a style=\"display: block;\" href=\"https:\/\/appstore.hikvision.com\/\" target=\"_blank\" rel=\"noopener\"> <img decoding=\"async\" style=\"width: 100%; height: auto; border: 1px solid rgba(150&comma;150&comma;150&comma;0.3); border-radius: 8px;\" src=\"https:\/\/ftp3.syscom.mx\/usuarios\/gmagos\/HIK\/IP\/IPC\/Imagenes%20pagina\/Descargas%20de%20app.jpg\" alt=\"App Store Hikvision\" \/> <\/a><\/div>\n<div style=\"flex: 1 1 200px; min-width: 180px; max-width: 300px;\"><a style=\"display: block;\" href=\"https:\/\/ftp3.syscom.mx\/usuarios\/jsosa\/HIKVISION\/specs\/analogcam\/PTZ\/DS2AE7232TIAD\/DS-2AE7232TI-A%28D%29%20V3.51%2020191126.pdf\" target=\"_blank\" rel=\"noopener\"> <img decoding=\"async\" style=\"width: 100%; height: auto; border: 1px solid rgba(150&comma;150&comma;150&comma;0.3); border-radius: 8px;\" src=\"https:\/\/ftp3.syscom.mx\/usuarios\/gmagos\/HIK\/IP\/IPC\/Imagenes%20pagina\/Descarga%20de%20PDF.jpg\" alt=\"Ficha t&eacute;cnica PDF\" \/> <\/a><\/div>\n<\/p><\/div>\n<\/p><\/div>\n<p> <!-- Im\u00e1genes adicionales --> <\/p>\n<div style=\"display: flex; flex-wrap: wrap; gap: 20px; margin-bottom: 30px; justify-content: center;\">\n<div style=\"flex: 1 1 400px; min-width: 300px;\"><img decoding=\"async\" style=\"width: 100%; height: auto; border: 1px solid rgba(150&comma;150&comma;150&comma;0.3); border-radius: 8px;\" src=\"http:\/\/ftp3.syscom.mx\/usuarios\/jdelafuente\/EPCOM\/TURBO%20HD\/100%253.png\" alt=\"Imagen de producto\" \/><\/div>\n<div style=\"flex: 1 1 400px; min-width: 300px;\"><img decoding=\"async\" style=\"width: 100%; height: auto; border: 1px solid rgba(150&comma;150&comma;150&comma;0.3); border-radius: 8px;\" src=\"https:\/\/ftp3.syscom.mx\/usuarios\/jsosa\/HIKVISION\/imagenes\/banners\/solution%20complete.png\" alt=\"Soluci&oacute;n completa\" \/><\/div>\n<\/p><\/div>\n<p> <!-- Separador final --><\/p>\n<hr style=\"border: 0; border-top: 1px solid rgba(150&comma;150&comma;150&comma;0.3); margin: 30px 0;\" \/><\/div>\n","protected":false},"excerpt":{"rendered":"<p>Domo PTZ TURBOHD 2 Megapixel (1080P) \/ 32X Zoom \/ 150 mts IR \/ Exterior IP66 \/ IK10 \/ WDR 120 dB \/ Ultra Baja Iluminaci\u00f3n<\/p>\n","protected":false},"featured_media":102330,"comment_status":"open","ping_status":"closed","template":"","meta":[],"product_brand":[],"product_cat":[2344],"product_tag":[2255,54,1225],"class_list":{"0":"post-102331","1":"product","2":"type-product","3":"status-publish","4":"has-post-thumbnail","6":"product_cat-ptz-camaras-y-dvrs-hd-turbohd-ahd-hd-tvi","7":"product_tag-camaras-y-dvrs-hd-turbohd-ahd-hd-tvi","8":"product_tag-hikvision","9":"product_tag-ptz","11":"first","12":"outofstock","13":"sale","14":"shipping-taxable","15":"purchasable","16":"product-type-simple"},"_links":{"self":[{"href":"https:\/\/soydeaqui.ddns.net\/pachuca\/index.php\/wp-json\/wp\/v2\/product\/102331","targetHints":{"allow":["GET"]}}],"collection":[{"href":"https:\/\/soydeaqui.ddns.net\/pachuca\/index.php\/wp-json\/wp\/v2\/product"}],"about":[{"href":"https:\/\/soydeaqui.ddns.net\/pachuca\/index.php\/wp-json\/wp\/v2\/types\/product"}],"replies":[{"embeddable":true,"href":"https:\/\/soydeaqui.ddns.net\/pachuca\/index.php\/wp-json\/wp\/v2\/comments?post=102331"}],"wp:featuredmedia":[{"embeddable":true,"href":"https:\/\/soydeaqui.ddns.net\/pachuca\/index.php\/wp-json\/wp\/v2\/media\/102330"}],"wp:attachment":[{"href":"https:\/\/soydeaqui.ddns.net\/pachuca\/index.php\/wp-json\/wp\/v2\/media?parent=102331"}],"wp:term":[{"taxonomy":"product_brand","embeddable":true,"href":"https:\/\/soydeaqui.ddns.net\/pachuca\/index.php\/wp-json\/wp\/v2\/product_brand?post=102331"},{"taxonomy":"product_cat","embeddable":true,"href":"https:\/\/soydeaqui.ddns.net\/pachuca\/index.php\/wp-json\/wp\/v2\/product_cat?post=102331"},{"taxonomy":"product_tag","embeddable":true,"href":"https:\/\/soydeaqui.ddns.net\/pachuca\/index.php\/wp-json\/wp\/v2\/product_tag?post=102331"}],"curies":[{"name":"wp","href":"https:\/\/api.w.org\/{rel}","templated":true}]}}