{"id":102329,"date":"2026-03-20T12:46:54","date_gmt":"2026-03-20T12:46:54","guid":{"rendered":"https:\/\/soydeaqui.ddns.net\/pachuca\/index.php\/producto\/ptz-ip-2-megapixel-15x-zoom-100-mts-ir-ip66-acusense-darkfighter-wdr-120-db-entrada-y-salida-de-audio-y-alarmas-hlc-eis-poe-microsd\/"},"modified":"2026-03-20T12:46:55","modified_gmt":"2026-03-20T12:46:55","slug":"ptz-ip-2-megapixel-15x-zoom-100-mts-ir-ip66-acusense-darkfighter-wdr-120-db-entrada-y-salida-de-audio-y-alarmas-hlc-eis-poe-microsd","status":"publish","type":"product","link":"https:\/\/soydeaqui.ddns.net\/pachuca\/index.php\/producto\/ptz-ip-2-megapixel-15x-zoom-100-mts-ir-ip66-acusense-darkfighter-wdr-120-db-entrada-y-salida-de-audio-y-alarmas-hlc-eis-poe-microsd\/","title":{"rendered":"PTZ IP 2 Megapixel \/ 15X Zoom \/ 100 mts IR \/ IP66 \/ ACUSENSE \/ DARKFIGHTER \/ WDR 120 dB \/ Entrada y Salida de Audio y Alarmas \/ HLC \/ EIS \/ PoE+ \/ MicroSD"},"content":{"rendered":"<div style='width: 100%; max-width: 1200px; margin: 0 auto; font-family: sans-serif; line-height: 1.6; color: inherit; background-color: transparent;'>\n<div style='display: flex; flex-wrap: wrap; gap: 30px; margin-bottom: 30px;'>\n<div style='flex: 1 1 300px; min-width: 280px;'> <img style='width: 100%; height: auto; border: 1px solid rgba(150&comma;150&comma;150&comma;0.3); border-radius: 8px;' src='https:\/\/ftp3.syscom.mx\/usuarios\/jsosa\/HIKVISION\/imagenes\/logo\/hikvision%20see%20far.png' alt='Logo Hikvision'> <\/div>\n<\/p><\/div>\n<div style='display: flex; flex-wrap: wrap; gap: 30px; margin-bottom: 30px;'>\n<div style='flex: 1 1 300px; min-width: 280px;'>\n<div style='border: 1px solid rgba(150&comma;150&comma;150&comma;0.4); border-radius: 8px; overflow: hidden; display: flex; flex-direction: column;'>\n<div style='padding: 15px; border-bottom: 1px solid rgba(150&comma;150&comma;150&comma;0.2); font-weight: bold; font-size: 18px; color: inherit;'>Caracter\u00edsticas Principales:<\/div>\n<div style='padding: 15px; color: inherit;'>\n<ul style='padding-left: 20px; margin: 0; font-size: 14px; list-style-type: disc;'>\n<li style='margin-bottom: 5px;'>Resoluci\u00f3n m\u00e1xima: 2 Megapixel (1920 x 1080).<\/li>\n<li style='margin-bottom: 5px;'>Sensor CMOS 1\/2.8\u201d scan progresivo (High performance).<\/li>\n<li style='margin-bottom: 5px;'>Iluminacion m\u00ednima: color 0.005 Lux @ (F1.6&comma; AGC ON).<\/li>\n<li style='margin-bottom: 5px;'>D\u00eda \/ Noche Real (filtro ICR).<\/li>\n<li style='margin-bottom: 5px;'>Distancia focal: 5 a 75mm (15X zoom \u00f3ptico \/ 16X zoom digital).<\/li>\n<li style='margin-bottom: 5px;'>Distancia de infrarrojo: 100 mts Smart IR.<\/li>\n<li style='margin-bottom: 5px;'>Funciones normales: WDR 120 dB \/ HLC \/ BLC \/ 3D DNR \/ Defog \/ EIS.<\/li>\n<li style='margin-bottom: 5px;'>Funciones avanzadas: Detecci\u00f3n de rostro \/ Detecci\u00f3n de intrusi\u00f3n \/ Cruce de l\u00ednea \/ Entrada y Salida de regi\u00f3n \/ Objeto olvidado \/ Objeto removido.<\/li>\n<li style='margin-bottom: 5px;'>Compresi\u00f3n: H.265+ \/ H.265 \/ H.264+ \/ H.264.<\/li>\n<li style='margin-bottom: 5px;'>Compatible con la plataforma de Hik-Connect (<a href='https:\/\/appstore.hikvision.com\/' target='_blank' rel='noopener' style='color: inherit; text-decoration: underline;'>https:\/\/appstore.hikvision.com\/<\/a>).<\/li>\n<\/ul><\/div>\n<\/p><\/div>\n<\/p><\/div>\n<div style='flex: 1 1 300px; min-width: 280px;'>\n<div style='border: 1px solid rgba(150&comma;150&comma;150&comma;0.4); border-radius: 8px; overflow: hidden; display: flex; flex-direction: column;'>\n<div style='padding: 15px; border-bottom: 1px solid rgba(150&comma;150&comma;150&comma;0.2); font-weight: bold; font-size: 18px; color: inherit;'>Funciones Generales:<\/div>\n<div style='padding: 15px; color: inherit;'>\n<ul style='padding-left: 20px; margin: 0; font-size: 14px; list-style-type: disc;'>\n<li style='margin-bottom: 5px;'>Paneo: 360\u00b0.<\/li>\n<li style='margin-bottom: 5px;'>Tildeo: -15\u00b0 a 90\u00ba (auto flip).<\/li>\n<li style='margin-bottom: 5px;'>Preset \/ Patrol \/ Pattern: 300 \/ 8 \/ 4.<\/li>\n<li style='margin-bottom: 5px;'>Funci\u00f3n de PARK ACTION (funci\u00f3n de casa).<\/li>\n<li style='margin-bottom: 5px;'>Soporta tareas calendarizadas.<\/li>\n<li style='margin-bottom: 5px;'>Soporta hasta 20 usuarios simult\u00e1neos.<\/li>\n<li style='margin-bottom: 5px;'>Entradas de alarma: 1.<\/li>\n<li style='margin-bottom: 5px;'>Salidas de alarma: 1.<\/li>\n<li style='margin-bottom: 5px;'>Entradas de audio: 1.<\/li>\n<li style='margin-bottom: 5px;'>Salidas de audio: 1.<\/li>\n<li style='margin-bottom: 5px;'>Puerto de red: 1 (10 \/ 100 Mbps \/ PoE 802.3at).<\/li>\n<li style='margin-bottom: 5px;'>Almacenamiento micro SD de hasta 256 GB \/ ANR (Automatic Network Recovery).<\/li>\n<li style='margin-bottom: 5px;'>Soporta ONVIF (Profile S&comma; Profile G&comma; Profile T) \/ ISUP.<\/li>\n<\/ul><\/div>\n<\/p><\/div>\n<\/p><\/div>\n<div style='flex: 1 1 300px; min-width: 280px;'>\n<div style='border: 1px solid rgba(150&comma;150&comma;150&comma;0.4); border-radius: 8px; overflow: hidden; display: flex; flex-direction: column;'>\n<div style='padding: 15px; border-bottom: 1px solid rgba(150&comma;150&comma;150&comma;0.2); font-weight: bold; font-size: 18px; color: inherit;'>Caracter\u00edsticas F\u00edsicas y El\u00e9ctricas:<\/div>\n<div style='padding: 15px; color: inherit;'>\n<ul style='padding-left: 20px; margin: 0; font-size: 14px; list-style-type: disc;'>\n<li style='margin-bottom: 5px;'>Alimentaci\u00f3n: 12 Vcc \/ PoE 802.3 at \/ 18 W.<\/li>\n<li style='margin-bottom: 5px;'>Temperatura de operaci\u00f3n: -30\u00b0C a 65\u00b0C \/ Humedad al 90% m\u00e1ximo.<\/li>\n<li style='margin-bottom: 5px;'>Uso en exterior IP66.<\/li>\n<li style='margin-bottom: 5px;'>El PTZ incluye brazo de pared (DS-1618ZJ).<\/li>\n<li style='margin-bottom: 5px;'>Protecci\u00f3n contra sobretensiones y protecci\u00f3n contra voltajes transistorios.<\/li>\n<li style='margin-bottom: 5px;'>Dimensiones: 164.5 x 290 mm.<\/li>\n<li style='margin-bottom: 5px;'>Peso: 2 Kgs.<\/li>\n<li style='margin-bottom: 5px;'>No incluye fuente de alimentaci\u00f3n.<\/li>\n<\/ul><\/div>\n<\/p><\/div>\n<\/p><\/div>\n<div style='flex: 1 1 300px; min-width: 280px;'>\n<div style='border: 1px solid rgba(150&comma;150&comma;150&comma;0.4); border-radius: 8px; overflow: hidden; display: flex; flex-direction: column;'>\n<div style='padding: 15px; border-bottom: 1px solid rgba(150&comma;150&comma;150&comma;0.2); font-weight: bold; font-size: 18px; color: inherit;'>Accesorios Opcionales:<\/div>\n<div style='padding: 15px; color: inherit;'>\n<ul style='padding-left: 20px; margin: 0; font-size: 14px; list-style-type: disc;'>\n<li style='margin-bottom: 5px;'>Joystick USB&comma; modelo: <a href='https:\/\/www.syscom.mx\/producto\/DS-1005KI-HIKVISION-74492.html' target='_blank' rel='noopener' style='color: inherit; text-decoration: underline;'>DS-1005KI<\/a><\/li>\n<li style='margin-bottom: 5px;'>Montaje de poste&comma; modelo: <a href='https:\/\/www.syscom.mx\/producto\/DS-1604ZJ-POLE-HIKVISION-175737.html' target='_blank' rel='noopener' style='color: inherit; text-decoration: underline;'>DS-1604ZJ-POLE<\/a><\/li>\n<li style='margin-bottom: 5px;'>Montaje de esquina con caja de conexion&comma; modelo: <a href='https:\/\/www.syscom.mx\/producto\/DS-1604ZJ-BOX-CORNER-HIKVISION-201010.html' target='_blank' rel='noopener' style='color: inherit; text-decoration: underline;'>DS-1604ZJ-BOX-CORNER<\/a><\/li>\n<li style='margin-bottom: 5px;'>Montaje de pared para exterior&comma; modelo: <a href='https:\/\/www.syscom.mx\/producto\/DS-1604ZJ-BOX-HIKVISION-190298.html' target='_blank' rel='noopener' style='color: inherit; text-decoration: underline;'>DS-1604ZJ-BOX<\/a><\/li>\n<li style='margin-bottom: 5px;'>Montaje de pared para exterior&comma; modelo: <a href='https:\/\/www.syscom.mx\/producto\/DS-1604ZJ-HIKVISION-157288.html' target='_blank' rel='noopener' style='color: inherit; text-decoration: underline;'>DS-1604ZJ<\/a><\/li>\n<li style='margin-bottom: 5px;'>Montaje de pared para interior o exterior&comma; modelo: <a href='https:\/\/www.syscom.mx\/producto\/DS-1602ZJ-HIKVISION-77700.html' target='_blank' rel='noopener' style='color: inherit; text-decoration: underline;'>DS-1602ZJ<\/a><\/li>\n<li style='margin-bottom: 5px;'>Montaje de techo tipo tubo&comma; modelo: <a href='https:\/\/www.syscom.mx\/producto\/DS-1662ZJ-HIKVISION-69426.html' target='_blank' rel='noopener' style='color: inherit; text-decoration: underline;'>DS-1662ZJ<\/a><\/li>\n<li style='margin-bottom: 5px;'>Montaje de techo sin tubo de extension&comma; modelo: <a href='https:\/\/www.syscom.mx\/producto\/DS-1663ZJ-HIKVISION-75318.html' target='_blank' rel='noopener' style='color: inherit; text-decoration: underline;'>DS-1663ZJ<\/a><\/li>\n<li style='margin-bottom: 5px;'>Montaje de plaf\u00f3n&comma; modelo: <a href='https:\/\/www.syscom.mx\/producto\/DS-1671ZJ-SDM9-HIKVISION-162945.html' target='_blank' rel='noopener' style='color: inherit; text-decoration: underline;'>DS-1671ZJ-SDM9<\/a><\/li>\n<li style='margin-bottom: 5px;'>Montaje parapeto sobre pared&comma; modelo: <a href='https:\/\/www.syscom.mx\/producto\/DS-1660ZJ-HIKVISION-82609.html' target='_blank' rel='noopener' style='color: inherit; text-decoration: underline;'>DS-1660ZJ<\/a><\/li>\n<li style='margin-bottom: 5px;'>Montaje de pared con caja de conexion&comma; modelo: <a href='https:\/\/www.syscom.mx\/producto\/DS-1604ZJ-BOX-POLE-HIKVISION-158618.html' target='_blank' rel='noopener' style='color: inherit; text-decoration: underline;'>DS-1604ZJ-BOX-POLE<\/a><\/li>\n<li style='margin-bottom: 5px;'>Montaje tipo ganzo&comma; modelo: <a href='https:\/\/www.syscom.mx\/producto\/DS-1619ZJ-HIKVISION-84690.html' target='_blank' rel='noopener' style='color: inherit; text-decoration: underline;'>DS-1619ZJ<\/a><\/li>\n<\/ul><\/div>\n<\/p><\/div>\n<\/p><\/div>\n<\/p><\/div>\n<hr style='border: 0; border-top: 1px solid rgba(150&comma;150&comma;150&comma;0.3); margin: 30px 0;'>\n<div style='display: flex; flex-wrap: wrap; gap: 30px; margin-bottom: 30px;'>\n<div style='flex: 1 1 300px; min-width: 280px;'>\n<div style='border: 1px solid rgba(150&comma;150&comma;150&comma;0.4); border-radius: 8px; overflow: hidden; display: flex; flex-direction: column;'>\n<div style='padding: 15px; border-bottom: 1px solid rgba(150&comma;150&comma;150&comma;0.2); font-weight: bold; font-size: 18px; color: inherit;'>Caracter\u00edsticas Destacadas:<\/div>\n<div style='padding: 15px; color: inherit;'>\n<ul style='padding-left: 20px; margin: 0; font-size: 14px; list-style-type: disc;'>\n<li style='margin-bottom: 5px;'>ACUSENSE<\/li>\n<li style='margin-bottom: 5px;'>DARKFIGHTER<\/li>\n<li style='margin-bottom: 5px;'>WDR 120 dB<\/li>\n<li style='margin-bottom: 5px;'>Entrada y Salida de Audio y Alarmas<\/li>\n<li style='margin-bottom: 5px;'>HLC<\/li>\n<li style='margin-bottom: 5px;'>EIS<\/li>\n<li style='margin-bottom: 5px;'>PoE+<\/li>\n<li style='margin-bottom: 5px;'>MicroSD<\/li>\n<\/ul><\/div>\n<\/p><\/div>\n<\/p><\/div>\n<\/p><\/div>\n<div style='display: flex; flex-wrap: wrap; gap: 30px; margin-bottom: 30px;'>\n<div style='flex: 1 1 300px; min-width: 280px;'> <img style='width: 100%; height: auto; border: 1px solid rgba(150&comma;150&comma;150&comma;0.3); border-radius: 8px;' src='https:\/\/ftp3.syscom.mx\/usuarios\/jsosa\/HIKVISION\/imagenes\/banners\/solution%20complete.png' alt='Soluci\u00f3n completa'> <\/div>\n<\/p><\/div>\n<\/p><\/div>\n","protected":false},"excerpt":{"rendered":"<p>PTZ IP 2 Megapixel \/ 15X Zoom \/ 100 mts IR \/ IP66 \/ ACUSENSE \/ DARKFIGHTER \/ WDR 120 dB \/ Entrada y Salida de Audio y Alarmas \/ HLC \/ EIS \/ PoE+ \/ MicroSD<\/p>\n","protected":false},"featured_media":102328,"comment_status":"open","ping_status":"closed","template":"","meta":[],"product_brand":[],"product_cat":[1224],"product_tag":[122,54,1225],"class_list":{"0":"post-102329","1":"product","2":"type-product","3":"status-publish","4":"has-post-thumbnail","6":"product_cat-ptz","7":"product_tag-camaras-ip-y-nvrs","8":"product_tag-hikvision","9":"product_tag-ptz","11":"first","12":"outofstock","13":"sale","14":"shipping-taxable","15":"purchasable","16":"product-type-simple"},"_links":{"self":[{"href":"https:\/\/soydeaqui.ddns.net\/pachuca\/index.php\/wp-json\/wp\/v2\/product\/102329","targetHints":{"allow":["GET"]}}],"collection":[{"href":"https:\/\/soydeaqui.ddns.net\/pachuca\/index.php\/wp-json\/wp\/v2\/product"}],"about":[{"href":"https:\/\/soydeaqui.ddns.net\/pachuca\/index.php\/wp-json\/wp\/v2\/types\/product"}],"replies":[{"embeddable":true,"href":"https:\/\/soydeaqui.ddns.net\/pachuca\/index.php\/wp-json\/wp\/v2\/comments?post=102329"}],"wp:featuredmedia":[{"embeddable":true,"href":"https:\/\/soydeaqui.ddns.net\/pachuca\/index.php\/wp-json\/wp\/v2\/media\/102328"}],"wp:attachment":[{"href":"https:\/\/soydeaqui.ddns.net\/pachuca\/index.php\/wp-json\/wp\/v2\/media?parent=102329"}],"wp:term":[{"taxonomy":"product_brand","embeddable":true,"href":"https:\/\/soydeaqui.ddns.net\/pachuca\/index.php\/wp-json\/wp\/v2\/product_brand?post=102329"},{"taxonomy":"product_cat","embeddable":true,"href":"https:\/\/soydeaqui.ddns.net\/pachuca\/index.php\/wp-json\/wp\/v2\/product_cat?post=102329"},{"taxonomy":"product_tag","embeddable":true,"href":"https:\/\/soydeaqui.ddns.net\/pachuca\/index.php\/wp-json\/wp\/v2\/product_tag?post=102329"}],"curies":[{"name":"wp","href":"https:\/\/api.w.org\/{rel}","templated":true}]}}