{"id":102316,"date":"2026-03-20T12:46:19","date_gmt":"2026-03-20T12:46:19","guid":{"rendered":"https:\/\/soydeaqui.ddns.net\/pachuca\/index.php\/producto\/mini-domo-ip-ptz-4-megapixel-25x-zoom-50-mts-luz-infrarroja-inteligente-vision-nocturna-autoseguimiento-wdr-120-db-poe-ip66-ultra-baja-iluminacion-microsd-2\/"},"modified":"2026-03-20T12:46:21","modified_gmt":"2026-03-20T12:46:21","slug":"mini-domo-ip-ptz-4-megapixel-25x-zoom-50-mts-luz-infrarroja-inteligente-vision-nocturna-autoseguimiento-wdr-120-db-poe-ip66-ultra-baja-iluminacion-microsd-2","status":"publish","type":"product","link":"https:\/\/soydeaqui.ddns.net\/pachuca\/index.php\/producto\/mini-domo-ip-ptz-4-megapixel-25x-zoom-50-mts-luz-infrarroja-inteligente-vision-nocturna-autoseguimiento-wdr-120-db-poe-ip66-ultra-baja-iluminacion-microsd-2\/","title":{"rendered":"Mini Domo IP PTZ 4 Megapixel \/ 25X Zoom \/ 50 mts Luz Infrarroja Inteligente (Visi\u00f3n Nocturna) \/ Autoseguimiento \/ WDR 120 dB \/ PoE+ \/ IP66 \/ Ultra Baja Iluminaci\u00f3n \/ MicroSD"},"content":{"rendered":"<div style='width: 100%; max-width: 1200px; margin: 0 auto; font-family: sans-serif; line-height: 1.6; color: inherit; background-color: transparent;'>\n<div style='display: flex; flex-wrap: wrap; gap: 30px; margin-bottom: 30px;'>\n<div style='flex: 1 1 300px; min-width: 280px;'> <img style='width: 100%; height: auto; border: 1px solid rgba(150&comma;150&comma;150&comma;0.3); border-radius: 8px;' src='https:\/\/ftp3.syscom.mx\/usuarios\/jsosa\/HIKVISION\/imagenes\/logo\/hikvision%20see%20far.png' alt='Logo Hikvision'> <\/div>\n<\/p><\/div>\n<div style='display: flex; flex-wrap: wrap; gap: 30px; margin-bottom: 30px;'>\n<div style='flex: 1 1 300px; min-width: 280px;'>\n<div style='border: 1px solid rgba(150&comma; 150&comma; 150&comma; 0.4); border-radius: 8px; overflow: hidden; display: flex; flex-direction: column;'>\n<div style='padding: 15px; border-bottom: 1px solid rgba(150&comma; 150&comma; 150&comma; 0.2); font-weight: bold; font-size: 18px; color: inherit; background-color: #df001e; color: white; border-bottom: 1px solid #a80000;'>Caracter\u00edsticas Principales:<\/div>\n<div style='padding: 15px; color: inherit;'>\n<ul style='padding-left: 20px; margin: 0; font-size: 14px; list-style-type: disc;'>\n<li style='margin-bottom: 5px;'><span style='color: inherit; font-family: verdana&comma; geneva&comma; sans-serif; line-height: 1.5;'>Resoluci\u00f3n m\u00e1xima: 4 Megapixel (2560 x 1440).<\/span><\/li>\n<li style='margin-bottom: 5px;'><span style='color: inherit; font-family: verdana&comma; geneva&comma; sans-serif; line-height: 1.5;'>Iluminaci\u00f3n m\u00ednima: color 0.005 Lux @ (F1.6&comma; AGC ON).<\/span><\/li>\n<li style='margin-bottom: 5px;'><span style='color: inherit; font-family: verdana&comma; geneva&comma; sans-serif; line-height: 1.5;'>Iluminaci\u00f3n m\u00ednima: B\/N 0.001 Lux @ (F1.6&comma; AGC ON).<\/span><\/li>\n<li style='margin-bottom: 5px;'><span style='color: inherit; font-family: verdana&comma; geneva&comma; sans-serif; line-height: 1.5;'>Distancia focal: 4.8 a 120 mm (25X zoom \u00f3ptico \/ 16X zoom digital).<\/span><\/li>\n<li style='margin-bottom: 5px;'><span style='color: inherit; font-family: verdana&comma; geneva&comma; sans-serif; line-height: 1.5;'>Distancia de infrarrojo: 50 mts infrarrojos Smart (visi\u00f3n nocturna).<\/span><\/li>\n<li style='margin-bottom: 5px;'><span style='color: inherit; font-family: verdana&comma; geneva&comma; sans-serif; line-height: 1.5;'>Funciones normales: WDR real 120 dB \/ HLC \/ BLC \/ 3D DNR \/ Defog \/ EIS.<\/span><\/li>\n<li style='margin-bottom: 5px;'><span style='color: inherit; font-family: verdana&comma; geneva&comma; sans-serif; line-height: 1.5;'>Funciones especiales: Detecci\u00f3n de rostro \/ Intrusi\u00f3n de \u00e1rea \/ Cruce de l\u00ednea \/ Objeto olvidado \/ Objeto removido.<\/span><\/li>\n<li style='margin-bottom: 5px;'><span style='color: inherit; font-family: verdana&comma; geneva&comma; sans-serif; line-height: 1.5;'>Compresi\u00f3n: H.265+ \/ H.265 \/ H.264+ \/ H.264.<\/span><\/li>\n<li style='margin-bottom: 5px;'><span style='color: inherit; font-family: verdana&comma; geneva&comma; sans-serif; line-height: 1.5;'>Compatible con la plataforma de Hik-Connect.<\/span><\/li>\n<li style='margin-bottom: 5px;'><span style='color: inherit; font-family: verdana&comma; geneva&comma; sans-serif; line-height: 1.5;'>Autoseguimiento inteligente (smart tracking).<\/span><\/li>\n<\/ul><\/div>\n<\/p><\/div>\n<\/p><\/div>\n<div style='flex: 1 1 300px; min-width: 280px;'>\n<div style='border: 1px solid rgba(150&comma; 150&comma; 150&comma; 0.4); border-radius: 8px; overflow: hidden; display: flex; flex-direction: column;'>\n<div style='padding: 15px; border-bottom: 1px solid rgba(150&comma; 150&comma; 150&comma; 0.2); font-weight: bold; font-size: 18px; color: inherit; background-color: #df001e; color: white; border-bottom: 1px solid #a80000;'>Entradas y Salidas de Audio \/ Alarmas \/ Red \/ Almacenamiento:<\/div>\n<div style='padding: 15px; color: inherit;'>\n<ul style='padding-left: 20px; margin: 0; font-size: 14px; list-style-type: disc;'>\n<li style='margin-bottom: 5px;'><span style='color: inherit; font-family: verdana&comma; geneva&comma; sans-serif; line-height: 1.5;'>Entradas de alarma: 2.<\/span><\/li>\n<li style='margin-bottom: 5px;'><span style='color: inherit; font-family: verdana&comma; geneva&comma; sans-serif; line-height: 1.5;'>Salidas de alarma: 2.<\/span><\/li>\n<li style='margin-bottom: 5px;'><span style='color: inherit; font-family: verdana&comma; geneva&comma; sans-serif; line-height: 1.5;'>Entradas de audio: 1.<\/span><\/li>\n<li style='margin-bottom: 5px;'><span style='color: inherit; font-family: verdana&comma; geneva&comma; sans-serif; line-height: 1.5;'>Salidas de audio: 1.<\/span><\/li>\n<li style='margin-bottom: 5px;'><span style='color: inherit; font-family: verdana&comma; geneva&comma; sans-serif; line-height: 1.5;'>Puerto de red: 1 (10 \/ 100 Mbps \/ PoE+ ).<\/span><\/li>\n<li style='margin-bottom: 5px;'><span style='color: inherit; font-family: verdana&comma; geneva&comma; sans-serif; line-height: 1.5;'>Almacenamiento micro SD de hasta 256 GB \/ ANR (Automatic Network Recovery).<\/span><\/li>\n<li style='margin-bottom: 5px;'><span style='color: inherit; font-family: verdana&comma; geneva&comma; sans-serif; line-height: 1.5;'>Soporta ONVIF (Profile S&comma; Profile G&comma; Profile T) \/ ISAPI \/ SDK.<\/span><\/li>\n<\/ul><\/div>\n<\/p><\/div>\n<\/p><\/div>\n<div style='flex: 1 1 300px; min-width: 280px;'>\n<div style='border: 1px solid rgba(150&comma; 150&comma; 150&comma; 0.4); border-radius: 8px; overflow: hidden; display: flex; flex-direction: column;'>\n<div style='padding: 15px; border-bottom: 1px solid rgba(150&comma; 150&comma; 150&comma; 0.2); font-weight: bold; font-size: 18px; color: inherit; background-color: #df001e; color: white; border-bottom: 1px solid #a80000;'>Caracter\u00edsticas F\u00edsicas y El\u00e9ctricas:<\/div>\n<div style='padding: 15px; color: inherit;'>\n<ul style='padding-left: 20px; margin: 0; font-size: 14px; list-style-type: disc;'>\n<li style='margin-bottom: 5px;'><span style='color: inherit; font-family: verdana&comma; geneva&comma; sans-serif; line-height: 1.5;'>Alimentaci\u00f3n: 12 Vcc \/ 24 W \/ PoE+ 802.3at.<\/span><\/li>\n<li style='margin-bottom: 5px;'><span style='color: inherit; font-family: verdana&comma; geneva&comma; sans-serif; line-height: 1.5;'>Temperatura de operaci\u00f3n: -30\u00b0C a 65\u00b0C \/ Humedad al 90% m\u00e1ximo.<\/span><\/li>\n<li style='margin-bottom: 5px;'><span style='color: inherit; font-family: verdana&comma; geneva&comma; sans-serif; line-height: 1.5;'>Uso en Exterior \/ IP66.<\/span><\/li>\n<li style='margin-bottom: 5px;'><span style='color: inherit; font-family: verdana&comma; geneva&comma; sans-serif; line-height: 1.5;'>Protecci\u00f3n contra sobretensiones y protecci\u00f3n contra voltajes transitorios.<\/span><\/li>\n<li style='margin-bottom: 5px;'><span style='color: inherit; font-family: verdana&comma; geneva&comma; sans-serif; line-height: 1.5;'>Dimensiones: 169 x 161 mm<\/span><\/li>\n<li style='margin-bottom: 5px;'><span style='color: inherit; font-family: verdana&comma; geneva&comma; sans-serif; line-height: 1.5;'>Peso: 2.45 kgs.<\/span><\/li>\n<li style='margin-bottom: 5px;'><span style='color: inherit; font-family: verdana&comma; geneva&comma; sans-serif; line-height: 1.5;'><strong>No incluye fuente de alimentaci\u00f3n.<\/strong><\/span><\/li>\n<\/ul><\/div>\n<\/p><\/div>\n<\/p><\/div>\n<div style='flex: 1 1 300px; min-width: 280px;'>\n<div style='border: 1px solid rgba(150&comma; 150&comma; 150&comma; 0.4); border-radius: 8px; overflow: hidden; display: flex; flex-direction: column;'>\n<div style='padding: 15px; border-bottom: 1px solid rgba(150&comma; 150&comma; 150&comma; 0.2); font-weight: bold; font-size: 18px; color: inherit; background-color: #df001e; color: white; border-bottom: 1px solid #a80000;'>Caracter\u00edsticas Generales<\/div>\n<div style='padding: 15px; color: inherit;'>\n<ul style='padding-left: 20px; margin: 0; font-size: 14px; list-style-type: disc;'>\n<li style='margin-bottom: 5px;'><span style='color: inherit; font-family: verdana&comma; geneva&comma; sans-serif; line-height: 1.5;'>Paneo: 360\u00b0.<\/span><\/li>\n<li style='margin-bottom: 5px;'><span style='color: inherit; font-family: verdana&comma; geneva&comma; sans-serif; line-height: 1.5;'>Tildeo: -5\u00b0 a 90.<\/span><\/li>\n<li style='margin-bottom: 5px;'><span style='color: inherit; font-family: verdana&comma; geneva&comma; sans-serif; line-height: 1.5;'>Presets: 300<\/span><\/li>\n<li style='margin-bottom: 5px;'><span style='color: inherit; font-family: verdana&comma; geneva&comma; sans-serif; line-height: 1.5;'>Patrol: 8 (hasta 32 presets por patrol).<\/span><\/li>\n<li style='margin-bottom: 5px;'><span style='color: inherit; font-family: verdana&comma; geneva&comma; sans-serif; line-height: 1.5;'>Pattern: 4 (hasta 10 minutos por pattern).<\/span><\/li>\n<li style='margin-bottom: 5px;'><span style='color: inherit; font-family: verdana&comma; geneva&comma; sans-serif; line-height: 1.5;'>Tareas calendarizadas.<\/span><\/li>\n<li style='margin-bottom: 5px;'><span style='color: inherit; font-family: verdana&comma; geneva&comma; sans-serif; line-height: 1.5;'>Main Stream: 30 fps (1920 \u00d7 1080&comma; 1280 \u00d7 960&comma; 1280 \u00d7 720)<\/span><\/li>\n<li style='margin-bottom: 5px;'><span style='color: inherit; font-family: verdana&comma; geneva&comma; sans-serif; line-height: 1.5;'>Sub Steam: 30 fps (704 \u00d7 480&comma; 640 \u00d7 480&comma; 352 \u00d7 240)<\/span><\/li>\n<li style='margin-bottom: 5px;'><span style='color: inherit; font-family: verdana&comma; geneva&comma; sans-serif; line-height: 1.5;'>Soporta hasta 20 usuarios simult\u00e1neos.<\/span><\/li>\n<\/ul><\/div>\n<\/p><\/div>\n<\/p><\/div>\n<div style='flex: 1 1 300px; min-width: 280px;'>\n<div style='border: 1px solid rgba(150&comma; 150&comma; 150&comma; 0.4); border-radius: 8px; overflow: hidden; display: flex; flex-direction: column;'>\n<div style='padding: 15px; border-bottom: 1px solid rgba(150&comma; 150&comma; 150&comma; 0.2); font-weight: bold; font-size: 18px; color: inherit; background-color: #df001e; color: white; border-bottom: 1px solid #a80000;'>Accesorios Opcionales:<\/div>\n<div style='padding: 15px; color: inherit;'>\n<ul style='padding-left: 20px; margin: 0; font-size: 14px; list-style-type: disc;'>\n<li style='margin-bottom: 5px;'><span style='color: inherit; font-family: verdana&comma; geneva&comma; sans-serif; line-height: 1.5;'>Caja de conexiones&comma; modelo: <a href='https:\/\/www.syscom.mx\/producto\/DS-1280ZJ-SD11-HIKVISION-137469.html' target='_blank' rel='noopener' style='color: #df001e; text-decoration: none; font-weight: bold;'>DS-1280ZJ-SD11<\/a><\/span><\/li>\n<li style='margin-bottom: 5px;'><span style='color: inherit; font-family: verdana&comma; geneva&comma; sans-serif; line-height: 1.5;'>Montaje de pared de brazo corto&comma; modelo: <a href='https:\/\/www.syscom.mx\/producto\/DS-1605ZJ-HIKVISION-137530.html' target='_blank' rel='noopener' style='color: #df001e; text-decoration: none; font-weight: bold;'>DS-1605ZJ<\/a><\/span><\/li>\n<li style='margin-bottom: 5px;'><span style='color: inherit; font-family: verdana&comma; geneva&comma; sans-serif; line-height: 1.5;'>Montaje de plaf\u00f3n&comma; modelo: <a href='https:\/\/www.syscom.mx\/producto\/DS-1671ZJ-SD11-HIKVISION-185682.html' target='_blank' rel='noopener' style='color: #df001e; text-decoration: none; font-weight: bold;'>DS-1671ZJ-SD11<\/a><\/span><\/li>\n<\/ul><\/div>\n<\/p><\/div>\n<\/p><\/div>\n<\/p><\/div>\n<div style='display: flex; flex-wrap: wrap; gap: 30px; margin-bottom: 30px;'>\n<div style='flex: 1 1 300px; min-width: 280px;'>\n<div style='border: 1px solid rgba(150&comma; 150&comma; 150&comma; 0.4); border-radius: 8px; overflow: hidden; display: flex; flex-direction: column;'>\n<div style='padding: 15px; border-bottom: 1px solid rgba(150&comma; 150&comma; 150&comma; 0.2); font-weight: bold; font-size: 18px; color: inherit; background-color: #df001e; color: white; border-bottom: 1px solid #a80000;'>Caracter\u00edsticas Destacadas:<\/div>\n<div style='padding: 15px; color: inherit;'>\n<ul style='padding-left: 20px; margin: 0; font-size: 14px; list-style-type: disc;'>\n<li style='margin-bottom: 5px;'><span style='color: inherit; font-family: verdana&comma; geneva&comma; sans-serif; line-height: 1.5;'> <\/span><\/li>\n<\/ul><\/div>\n<\/p><\/div>\n<\/p><\/div>\n<\/p><\/div>\n<div style='display: flex; flex-wrap: wrap; gap: 30px; margin-bottom: 30px;'>\n<div style='flex: 1 1 300px; min-width: 280px;'> <img style='width: 100%; height: auto; border: 1px solid rgba(150&comma;150&comma;150&comma;0.3); border-radius: 8px;' src='https:\/\/ftp3.syscom.mx\/usuarios\/jsosa\/HIKVISION\/imagenes\/banners\/solution%20complete.png' alt='Soluci\u00f3n completa'> <\/div>\n<\/p><\/div>\n<\/p><\/div>\n","protected":false},"excerpt":{"rendered":"<p>Mini Domo IP PTZ 4 Megapixel \/ 25X Zoom \/ 50 mts Luz Infrarroja Inteligente (Visi\u00f3n Nocturna) \/ Autoseguimiento \/ WDR 120 dB \/ PoE+ \/ IP66 \/ Ultra Baja Iluminaci\u00f3n \/ MicroSD<\/p>\n","protected":false},"featured_media":102315,"comment_status":"open","ping_status":"closed","template":"","meta":[],"product_brand":[],"product_cat":[1224],"product_tag":[122,54,1225],"class_list":{"0":"post-102316","1":"product","2":"type-product","3":"status-publish","4":"has-post-thumbnail","6":"product_cat-ptz","7":"product_tag-camaras-ip-y-nvrs","8":"product_tag-hikvision","9":"product_tag-ptz","11":"first","12":"outofstock","13":"sale","14":"shipping-taxable","15":"purchasable","16":"product-type-simple"},"_links":{"self":[{"href":"https:\/\/soydeaqui.ddns.net\/pachuca\/index.php\/wp-json\/wp\/v2\/product\/102316","targetHints":{"allow":["GET"]}}],"collection":[{"href":"https:\/\/soydeaqui.ddns.net\/pachuca\/index.php\/wp-json\/wp\/v2\/product"}],"about":[{"href":"https:\/\/soydeaqui.ddns.net\/pachuca\/index.php\/wp-json\/wp\/v2\/types\/product"}],"replies":[{"embeddable":true,"href":"https:\/\/soydeaqui.ddns.net\/pachuca\/index.php\/wp-json\/wp\/v2\/comments?post=102316"}],"wp:featuredmedia":[{"embeddable":true,"href":"https:\/\/soydeaqui.ddns.net\/pachuca\/index.php\/wp-json\/wp\/v2\/media\/102315"}],"wp:attachment":[{"href":"https:\/\/soydeaqui.ddns.net\/pachuca\/index.php\/wp-json\/wp\/v2\/media?parent=102316"}],"wp:term":[{"taxonomy":"product_brand","embeddable":true,"href":"https:\/\/soydeaqui.ddns.net\/pachuca\/index.php\/wp-json\/wp\/v2\/product_brand?post=102316"},{"taxonomy":"product_cat","embeddable":true,"href":"https:\/\/soydeaqui.ddns.net\/pachuca\/index.php\/wp-json\/wp\/v2\/product_cat?post=102316"},{"taxonomy":"product_tag","embeddable":true,"href":"https:\/\/soydeaqui.ddns.net\/pachuca\/index.php\/wp-json\/wp\/v2\/product_tag?post=102316"}],"curies":[{"name":"wp","href":"https:\/\/api.w.org\/{rel}","templated":true}]}}